
{"id":925,"date":"2020-12-04T10:28:44","date_gmt":"2020-12-04T09:28:44","guid":{"rendered":"http:\/\/gminadynow.pl\/?page_id=925"},"modified":"2021-03-15T08:42:55","modified_gmt":"2021-03-15T07:42:55","slug":"wazne-strony","status":"publish","type":"page","link":"https:\/\/gminadynow.pl\/index.php\/wazne-strony\/","title":{"rendered":"Wa\u017cne strony"},"content":{"rendered":"\n<p class=\"has-text-align-center\" style=\"font-size:30px\"><strong>Wa\u017cne strony<\/strong><\/p>\n\n\n\n<div style=\"height:70px\" aria-hidden=\"true\" id=\"organy-wladzy-panstwowej\" class=\"wp-block-spacer\"><\/div>\n\n\n\n<p><strong>Organy W\u0142adzy Pa\u0144stwowej<\/strong><\/p>\n\n\n\n<ul class=\"wp-block-list\"><li><a href=\"https:\/\/www.prezydent.pl\/\" target=\"_blank\" rel=\"noreferrer noopener\">Prezydent Rzeczypospolitej Polskiej<\/a><\/li><li><a href=\"https:\/\/www.kprm.gov.pl\/\" target=\"_blank\" rel=\"noreferrer noopener\">Kancelaria Prezesa Rady Ministr\u00f3w<\/a><\/li><li><a href=\"https:\/\/www.sejm.gov.pl\/\" target=\"_blank\" rel=\"noreferrer noopener\">Sejm<\/a><\/li><li><a href=\"https:\/\/www.senat.gov.pl\/\" target=\"_blank\" rel=\"noreferrer noopener\">Senat<\/a><\/li><\/ul>\n\n\n\n<div style=\"height:50px\" aria-hidden=\"true\" id=\"ministerstwa\" class=\"wp-block-spacer\"><\/div>\n\n\n\n<p><strong>Ministerstwa<\/strong><\/p>\n\n\n\n<ul class=\"wp-block-list\"><li><a href=\"https:\/\/www.mf.gov.pl\/\" target=\"_blank\" rel=\"noreferrer noopener\">Ministerstwo Finans\u00f3w<\/a><\/li><li><a href=\"https:\/\/www.mnisw.gov.pl\/\" target=\"_blank\" rel=\"noreferrer noopener\">Ministerstwo Nauki i Szkolnictwa Wy\u017cszego<\/a><\/li><li><a href=\"https:\/\/www.gov.pl\/web\/obrona-narodowa\" target=\"_blank\" rel=\"noreferrer noopener\">Ministerstwo Obrony Narodowej<\/a><\/li><li><a href=\"https:\/\/www.mpips.gov.pl\/\" target=\"_blank\" rel=\"noreferrer noopener\">Ministerstwo Rodziny i Polityki Spo\u0142ecznej<\/a><\/li><li><a href=\"https:\/\/www.gov.pl\/web\/rolnictwo\" target=\"_blank\" rel=\"noreferrer noopener\">Ministerstwo Rolnictwa i Rozwoju Wsi<\/a><\/li><li><a href=\"https:\/\/www.gov.pl\/web\/sport-turystyka\" target=\"_blank\" rel=\"noreferrer noopener\">Ministerstwo Sportu<\/a><\/li><li><a href=\"https:\/\/www.mswia.gov.pl\/\" target=\"_blank\" rel=\"noreferrer noopener\">Ministerstwo Spraw Wewn\u0119trznych i Administracji<\/a><\/li><li><a href=\"https:\/\/www.gov.pl\/web\/dyplomacja\" target=\"_blank\" rel=\"noreferrer noopener\">Ministerstwo Spraw Zagranicznych<\/a><\/li><li><a href=\"https:\/\/www.ms.gov.pl\/\" target=\"_blank\" rel=\"noreferrer noopener\">Ministerstwo Sprawiedliwo\u015bci<\/a><\/li><li><a href=\"https:\/\/www.mos.gov.pl\/\" target=\"_blank\" rel=\"noreferrer noopener\">Ministerstwo Klimatu i \u015arodowiska<\/a><\/li><li><a href=\"https:\/\/www.mz.gov.pl\/\" target=\"_blank\" rel=\"noreferrer noopener\">Ministerstwo Zdrowia<\/a><\/li><li><a href=\"https:\/\/www.gov.pl\/web\/infrastruktura\" target=\"_blank\" rel=\"noreferrer noopener\">Ministerstwo Infrastruktury<\/a><\/li><li><a href=\"https:\/\/www.mkidn.gov.pl\/\" target=\"_blank\" rel=\"noreferrer noopener\">Ministerstwo Kultury i Dziedzictwa Narodowego<\/a><\/li><li><a href=\"https:\/\/men.gov.pl\/\" target=\"_blank\" rel=\"noreferrer noopener\">Ministerstwo Edukacji Narodowej<\/a><\/li><li>Ministerstwo Funduszy i Polityki Regionalnej<\/li><li><a href=\"https:\/\/www.gov.pl\/web\/rozwoj-praca-technologia\">Ministerstwo Rozwoju, Pracy i Technologii<\/a><\/li><li>Ministerstwo Aktyw\u00f3w Pa\u0144stwowych<\/li><\/ul>\n\n\n\n<div style=\"height:50px\" aria-hidden=\"true\" id=\"urzedy-i-instytucje-panstwowe\" class=\"wp-block-spacer\"><\/div>\n\n\n\n<p><strong>Urz\u0119dy i Instytucje Pa\u0144stwowe<\/strong><\/p>\n\n\n\n<ul class=\"wp-block-list\"><li><a rel=\"noreferrer noopener\" href=\"https:\/\/www.arimr.gov.pl\/\" target=\"_blank\">Agencja Restrukturyzacji i Modernizacji Rolnictwa<\/a><\/li><li><a rel=\"noreferrer noopener\" href=\"https:\/\/www.arr.gov.pl\/\" target=\"_blank\">Agencja Rynku Rolnego<\/a><\/li><li><a rel=\"noreferrer noopener\" href=\"https:\/\/www.cdr.gov.pl\/\" target=\"_blank\">Centrum Doradztwa Rolniczego<\/a><\/li><li><a rel=\"noreferrer noopener\" href=\"https:\/\/www.gddkia.gov.pl\/\" target=\"_blank\">Generalna Dyrekcja Dr\u00f3g Krajowych i Autostrad<\/a><\/li><li><a rel=\"noreferrer noopener\" href=\"https:\/\/www.krus.gov.pl\/\" target=\"_blank\">Kasa Rolniczego Ubezpieczenia Spo\u0142ecznego<\/a><\/li><li><a rel=\"noreferrer noopener\" href=\"https:\/\/www.policja.pl\/\" target=\"_blank\">Komenda G\u0142\u00f3wna Policji<\/a><\/li><li><a rel=\"noreferrer noopener\" href=\"https:\/\/www.straz.gov.pl\/\" target=\"_blank\">Komenda G\u0142\u00f3wna Pa\u0144stwowej Stra\u017cy Po\u017carnej<\/a><\/li><li><a rel=\"noreferrer noopener\" href=\"https:\/\/www.kig.pl\/\" target=\"_blank\">Krajowa Izba Gospodarcza<\/a><\/li><li><a rel=\"noreferrer noopener\" href=\"https:\/\/www.nbp.pl\/\" target=\"_blank\">Narodowy Bank Polski<\/a><\/li><li><a rel=\"noreferrer noopener\" href=\"https:\/\/www.nfz.gov.pl\/\" target=\"_blank\">Narodowy Fundusz Zdrowia<\/a><\/li><li><a rel=\"noreferrer noopener\" href=\"https:\/\/www.pip.gov.pl\/\" target=\"_blank\">Pa\u0144stwowa Inspekcja Pracy<\/a><\/li><li><a rel=\"noreferrer noopener\" href=\"https:\/\/pkw.gov.pl\/\" target=\"_blank\">Pa\u0144stwowa Komisja Wyborcza<\/a><\/li><li><a rel=\"noreferrer noopener\" href=\"https:\/\/www.lp.gov.pl\/\" target=\"_blank\">Pa\u0144stwowe Gospodarstwo Le\u015bne Lasy Pa\u0144stwowe<\/a><\/li><li><a rel=\"noreferrer noopener\" href=\"https:\/\/www.pot.gov.pl\/\" target=\"_blank\">Polska Organizacja Turystyczna<\/a><\/li><li><a rel=\"noreferrer noopener\" href=\"https:\/\/www.ngo.pl\/\" target=\"_blank\">Portal Organizacji Pozarz\u0105dowych<\/a><\/li><li><a rel=\"noreferrer noopener\" href=\"https:\/\/www.brpd.gov.pl\/\" target=\"_blank\">Rzecznik Praw Dziecka<\/a><\/li><li><a rel=\"noreferrer noopener\" href=\"https:\/\/www.rpo.gov.pl\/\" target=\"_blank\">Rzecznik Praw Obywatelskich<\/a><\/li><li><a rel=\"noreferrer noopener\" href=\"https:\/\/www.uokik.gov.pl\/\" target=\"_blank\">Urz\u0105d Ochrony Konkurencji i Konsument\u00f3w<\/a><\/li><li><a rel=\"noreferrer noopener\" href=\"https:\/\/www.uzp.gov.pl\/\" target=\"_blank\">Urz\u0105d Zam\u00f3wie\u0144 Publicznych<\/a><\/li><li><a href=\"https:\/\/www.bip.wfosigw.rzeszow.pl\" target=\"_blank\" rel=\"noreferrer noopener\">Wojew\u00f3dzki Fundusz Ochrony \u015arodowiska i Gospodarki Wodnej<\/a><\/li><li><a rel=\"noreferrer noopener\" href=\"https:\/\/www.zus.pl\/\" target=\"_blank\">Zak\u0142ad Ubezpiecze\u0144\u00a0Spo\u0142ecznych<\/a><\/li><\/ul>\n\n\n\n<div class=\"wp-block-group\"><div class=\"wp-block-group__inner-container is-layout-flow wp-block-group-is-layout-flow\">\n<div style=\"height:50px\" aria-hidden=\"true\" id=\"wojewodztwo-podkarpackie\" class=\"wp-block-spacer\"><\/div>\n\n\n\n<p><strong>Wojew\u00f3dztwo Podkarpackie<\/strong><\/p>\n\n\n\n<ul class=\"wp-block-list\"><li><a href=\"https:\/\/rarr.rzeszow.pl\" data-type=\"URL\" data-id=\"https:\/\/rarr.rzeszow.pl\">Rzeszowska Agencja Rozwoju Regionalnego S.A.<\/a><\/li><li><a href=\"https:\/\/przemyska.pl\" data-type=\"URL\" data-id=\"https:\/\/przemyska.pl\" target=\"_blank\" rel=\"noreferrer noopener\">Diecezja Przemyska<\/a><\/li><li><a href=\"https:\/\/wuozprzemysl.pl\" data-type=\"URL\" data-id=\"https:\/\/wuozprzemysl.pl\">Wojew\u00f3dzki Urz\u0105d Ochrony Zabytk\u00f3w z siedzib\u0105 w Przemy\u015blu<\/a><\/li><li><a href=\"https:\/\/podrb.pl\" data-type=\"URL\" data-id=\"https:\/\/podrb.pl\" target=\"_blank\" rel=\"noreferrer noopener\">Podkarpacki O\u015brodek Doradztwa Rolniczego&nbsp;w Boguchwale<\/a><\/li><li><a href=\"https:\/\/rzeszow.uw.gov.pl\">Podkarpacki Urz\u0105d Wojew\u00f3dzki&nbsp;w Rzeszowie<\/a><\/li><li><a href=\"https:\/\/www.podkarpackie.pl\" data-type=\"URL\" data-id=\"https:\/\/www.podkarpackie.pl\" target=\"_blank\" rel=\"noreferrer noopener\">Samorz\u0105d&nbsp;Wojew\u00f3dztwa Podkarpackiego<\/a><\/li><\/ul>\n<\/div><\/div>\n\n\n\n<p><\/p>\n","protected":false},"excerpt":{"rendered":"<p>Wa\u017cne strony Organy W\u0142adzy Pa\u0144stwowej Prezydent Rzeczypospolitej Polskiej Kancelaria Prezesa Rady Ministr\u00f3w Sejm Senat Ministerstwa Ministerstwo Finans\u00f3w Ministerstwo Nauki i Szkolnictwa Wy\u017cszego Ministerstwo Obrony Narodowej Ministerstwo Rodziny i Polityki Spo\u0142ecznej Ministerstwo Rolnictwa i Rozwoju Wsi Ministerstwo Sportu Ministerstwo Spraw Wewn\u0119trznych i Administracji Ministerstwo Spraw Zagranicznych Ministerstwo Sprawiedliwo\u015bci Ministerstwo Klimatu i \u015arodowiska Ministerstwo Zdrowia Ministerstwo Infrastruktury [&hellip;]<\/p>\n","protected":false},"author":1,"featured_media":0,"parent":0,"menu_order":0,"comment_status":"closed","ping_status":"closed","template":"","meta":{"footnotes":""},"class_list":["post-925","page","type-page","status-publish","hentry"],"featured_image_urls_v2":{"full":"","thumbnail":"","medium":"","medium_large":"","large":"","1536x1536":"","2048x2048":""},"post_excerpt_stackable_v2":"<p>Wa\u017cne strony Organy W\u0142adzy Pa\u0144stwowej Prezydent Rzeczypospolitej PolskiejKancelaria Prezesa Rady Ministr\u00f3wSejmSenat Ministerstwa Ministerstwo Finans\u00f3wMinisterstwo Nauki i Szkolnictwa Wy\u017cszegoMinisterstwo Obrony NarodowejMinisterstwo Rodziny i Polityki Spo\u0142ecznejMinisterstwo Rolnictwa i Rozwoju WsiMinisterstwo SportuMinisterstwo Spraw Wewn\u0119trznych i AdministracjiMinisterstwo Spraw ZagranicznychMinisterstwo Sprawiedliwo\u015bciMinisterstwo Klimatu i \u015arodowiskaMinisterstwo ZdrowiaMinisterstwo InfrastrukturyMinisterstwo Kultury i Dziedzictwa NarodowegoMinisterstwo Edukacji NarodowejMinisterstwo Funduszy i Polityki RegionalnejMinisterstwo Rozwoju, Pracy i TechnologiiMinisterstwo Aktyw\u00f3w Pa\u0144stwowych Urz\u0119dy i Instytucje Pa\u0144stwowe Agencja Restrukturyzacji i Modernizacji RolnictwaAgencja Rynku RolnegoCentrum Doradztwa RolniczegoGeneralna Dyrekcja Dr\u00f3g Krajowych i AutostradKasa Rolniczego Ubezpieczenia Spo\u0142ecznegoKomenda G\u0142\u00f3wna PolicjiKomenda G\u0142\u00f3wna Pa\u0144stwowej Stra\u017cy Po\u017carnejKrajowa Izba GospodarczaNarodowy Bank PolskiNarodowy Fundusz ZdrowiaPa\u0144stwowa Inspekcja PracyPa\u0144stwowa Komisja WyborczaPa\u0144stwowe Gospodarstwo Le\u015bne Lasy Pa\u0144stwowePolska Organizacja TurystycznaPortal&hellip;<\/p>\n","category_list_v2":"","author_info_v2":{"name":"admin","url":"https:\/\/gminadynow.pl\/index.php\/author\/admin\/"},"comments_num_v2":"0 comments","rttpg_featured_image_url":null,"rttpg_author":{"display_name":"admin","author_link":"https:\/\/gminadynow.pl\/index.php\/author\/admin\/"},"rttpg_comment":0,"rttpg_category":null,"rttpg_excerpt":"Wa\u017cne strony Organy W\u0142adzy Pa\u0144stwowej Prezydent Rzeczypospolitej Polskiej Kancelaria Prezesa Rady Ministr\u00f3w Sejm Senat Ministerstwa Ministerstwo Finans\u00f3w Ministerstwo Nauki i Szkolnictwa Wy\u017cszego Ministerstwo Obrony Narodowej Ministerstwo Rodziny i Polityki Spo\u0142ecznej Ministerstwo Rolnictwa i Rozwoju Wsi Ministerstwo Sportu Ministerstwo Spraw Wewn\u0119trznych i Administracji Ministerstwo Spraw Zagranicznych Ministerstwo Sprawiedliwo\u015bci Ministerstwo Klimatu i \u015arodowiska Ministerstwo Zdrowia Ministerstwo Infrastruktury&hellip;","_links":{"self":[{"href":"https:\/\/gminadynow.pl\/index.php\/wp-json\/wp\/v2\/pages\/925","targetHints":{"allow":["GET"]}}],"collection":[{"href":"https:\/\/gminadynow.pl\/index.php\/wp-json\/wp\/v2\/pages"}],"about":[{"href":"https:\/\/gminadynow.pl\/index.php\/wp-json\/wp\/v2\/types\/page"}],"author":[{"embeddable":true,"href":"https:\/\/gminadynow.pl\/index.php\/wp-json\/wp\/v2\/users\/1"}],"replies":[{"embeddable":true,"href":"https:\/\/gminadynow.pl\/index.php\/wp-json\/wp\/v2\/comments?post=925"}],"version-history":[{"count":10,"href":"https:\/\/gminadynow.pl\/index.php\/wp-json\/wp\/v2\/pages\/925\/revisions"}],"predecessor-version":[{"id":1662,"href":"https:\/\/gminadynow.pl\/index.php\/wp-json\/wp\/v2\/pages\/925\/revisions\/1662"}],"wp:attachment":[{"href":"https:\/\/gminadynow.pl\/index.php\/wp-json\/wp\/v2\/media?parent=925"}],"curies":[{"name":"wp","href":"https:\/\/api.w.org\/{rel}","templated":true}]}}