
{"id":836,"date":"2020-11-24T22:06:38","date_gmt":"2020-11-24T21:06:38","guid":{"rendered":"http:\/\/gminadynow.pl\/?page_id=836"},"modified":"2020-12-14T19:49:59","modified_gmt":"2020-12-14T18:49:59","slug":"kontakt","status":"publish","type":"page","link":"https:\/\/gminadynow.pl\/index.php\/kontakt\/","title":{"rendered":"Kontakt"},"content":{"rendered":"\n<p class=\"has-text-align-center\" style=\"font-size:30px\"><strong>Kontakty<\/strong><\/p>\n\n\n\n<figure class=\"wp-block-table is-style-stripes\"><table class=\"has-fixed-layout\"><tbody><tr><td>17 230 01 14<\/td><td>Sekretariat<\/td><\/tr><tr><td>17 230 01 14<\/td><td>W\u00f3jt<\/td><\/tr><tr><td>17 230 01 26<\/td><td>Zast\u0119pca W\u00f3jta Gminy<\/td><\/tr><tr><td>17 230 01 15<\/td><td>Sekretarz Gminy<\/td><\/tr><tr><td>17 230 01 18<\/td><td>Skarbnik Gminy<\/td><\/tr><tr><td>17 230 01 02<\/td><td>Biuro Obs\u0142ugi Klienta<\/td><\/tr><tr><td>17 230 01 05<\/td><td>O\u015brodek Doradztwa Rolniczego<\/td><\/tr><tr><td>17 230 01 04<\/td><td>Gops &#8211; Kierownik<\/td><\/tr><tr><td>17 230 01 06<\/td><td>GOPS<\/td><\/tr><tr><td>17 230 01 08<\/td><td>GOPS &#8211; \u015awiadczenia rodzinne<\/td><\/tr><tr><td>17 230 01 10<\/td><td>Podatki<\/td><\/tr><tr><td>17 230 01 12<\/td><td>Kasa<\/td><\/tr><tr><td>17 230 01 13<\/td><td>Ewidencja Ludno\u015bci<\/td><\/tr><tr><td>17 230 01 07<\/td><td>Sprawy Wojskowe<\/td><\/tr><tr><td>17 230 01 17<\/td><td>Ksi\u0119gowo\u015b\u0107 podatkowa<\/td><\/tr><tr><td>17 230 01 19<\/td><td>Ksi\u0119gowo\u015b\u0107 bud\u017cetowa<\/td><\/tr><tr><td>17 230 01 20<\/td><td>Gospodarka nieruchomo\u015bciami i utrzymanie dr\u00f3g<\/td><\/tr><tr><td>17 230 01 21<\/td><td>Przewodnicz\u0105cy Rady Gminy (w ka\u017cdy czwartek w godz. 8 &#8211; 12)<\/td><\/tr><tr><td>17 230 01 22<\/td><td>Kadry<\/td><\/tr><tr><td>17 230 01 23<\/td><td>Budownictwo, Ochrona \u015brodowiska<\/td><\/tr><tr><td>17 230 01 25<\/td><td>Fundusze, Inwestycje<\/td><\/tr><tr><td>17 230 01 27<\/td><td>Informatyk<\/td><\/tr><tr><td>17 230 01 28<\/td><td>Gospodarka komunalna<\/td><\/tr><tr><td>17 230 01 01<\/td><td>O\u015bwiata &#8211; Kierownik, Stypendia szkolne<\/td><\/tr><tr><td>17 230 01 00<\/td><td>O\u015bwiata<\/td><\/tr><\/tbody><\/table><\/figure>\n","protected":false},"excerpt":{"rendered":"<p>Kontakty 17 230 01 14 Sekretariat 17 230 01 14 W\u00f3jt 17 230 01 26 Zast\u0119pca W\u00f3jta Gminy 17 230 01 15 Sekretarz Gminy 17 230 01 18 Skarbnik Gminy 17 230 01 02 Biuro Obs\u0142ugi Klienta 17 230 01 05 O\u015brodek Doradztwa Rolniczego 17 230 01 04 Gops &#8211; Kierownik 17 230 01 06 [&hellip;]<\/p>\n","protected":false},"author":1,"featured_media":0,"parent":0,"menu_order":0,"comment_status":"closed","ping_status":"closed","template":"","meta":{"footnotes":""},"class_list":["post-836","page","type-page","status-publish","hentry"],"featured_image_urls_v2":{"full":"","thumbnail":"","medium":"","medium_large":"","large":"","1536x1536":"","2048x2048":""},"post_excerpt_stackable_v2":"<p>Kontakty 17 230 01 14Sekretariat17 230 01 14W\u00f3jt17 230 01 26Zast\u0119pca W\u00f3jta Gminy17 230 01 15Sekretarz Gminy17 230 01 18Skarbnik Gminy17 230 01 02Biuro Obs\u0142ugi Klienta17 230 01 05O\u015brodek Doradztwa Rolniczego17 230 01 04Gops &#8211; Kierownik17 230 01 06GOPS17 230 01 08GOPS &#8211; \u015awiadczenia rodzinne17 230 01 10Podatki17 230 01 12Kasa17 230 01 13Ewidencja Ludno\u015bci17 230 01 07Sprawy Wojskowe17 230 01 17Ksi\u0119gowo\u015b\u0107 podatkowa17 230 01 19Ksi\u0119gowo\u015b\u0107 bud\u017cetowa17 230 01 20Gospodarka nieruchomo\u015bciami i utrzymanie dr\u00f3g17 230 01 21Przewodnicz\u0105cy Rady Gminy (w ka\u017cdy czwartek w godz. 8 &#8211; 12)17 230 01 22Kadry17 230 01 23Budownictwo, Ochrona \u015brodowiska17 230 01 25Fundusze, Inwestycje17 230&hellip;<\/p>\n","category_list_v2":"","author_info_v2":{"name":"admin","url":"https:\/\/gminadynow.pl\/index.php\/author\/admin\/"},"comments_num_v2":"0 comments","rttpg_featured_image_url":null,"rttpg_author":{"display_name":"admin","author_link":"https:\/\/gminadynow.pl\/index.php\/author\/admin\/"},"rttpg_comment":0,"rttpg_category":null,"rttpg_excerpt":"Kontakty 17 230 01 14 Sekretariat 17 230 01 14 W\u00f3jt 17 230 01 26 Zast\u0119pca W\u00f3jta Gminy 17 230 01 15 Sekretarz Gminy 17 230 01 18 Skarbnik Gminy 17 230 01 02 Biuro Obs\u0142ugi Klienta 17 230 01 05 O\u015brodek Doradztwa Rolniczego 17 230 01 04 Gops &#8211; Kierownik 17 230 01 06&hellip;","_links":{"self":[{"href":"https:\/\/gminadynow.pl\/index.php\/wp-json\/wp\/v2\/pages\/836","targetHints":{"allow":["GET"]}}],"collection":[{"href":"https:\/\/gminadynow.pl\/index.php\/wp-json\/wp\/v2\/pages"}],"about":[{"href":"https:\/\/gminadynow.pl\/index.php\/wp-json\/wp\/v2\/types\/page"}],"author":[{"embeddable":true,"href":"https:\/\/gminadynow.pl\/index.php\/wp-json\/wp\/v2\/users\/1"}],"replies":[{"embeddable":true,"href":"https:\/\/gminadynow.pl\/index.php\/wp-json\/wp\/v2\/comments?post=836"}],"version-history":[{"count":7,"href":"https:\/\/gminadynow.pl\/index.php\/wp-json\/wp\/v2\/pages\/836\/revisions"}],"predecessor-version":[{"id":861,"href":"https:\/\/gminadynow.pl\/index.php\/wp-json\/wp\/v2\/pages\/836\/revisions\/861"}],"wp:attachment":[{"href":"https:\/\/gminadynow.pl\/index.php\/wp-json\/wp\/v2\/media?parent=836"}],"curies":[{"name":"wp","href":"https:\/\/api.w.org\/{rel}","templated":true}]}}