
{"id":7766,"date":"2026-02-10T12:56:26","date_gmt":"2026-02-10T11:56:26","guid":{"rendered":"https:\/\/gminadynow.pl\/?page_id=7766"},"modified":"2026-02-17T10:31:18","modified_gmt":"2026-02-17T09:31:18","slug":"ochrona-ludnosci-i-obrona-cywilna","status":"publish","type":"page","link":"https:\/\/gminadynow.pl\/index.php\/ochrona-ludnosci-i-obrona-cywilna\/","title":{"rendered":"Ochrona ludno\u015bci i obrona cywilna"},"content":{"rendered":"\n<p class=\"has-x-large-font-size\"><strong>Ochrona ludno\u015bci i obrona cywilna<\/strong><\/p>\n\n\n\n<p><a href=\"https:\/\/www.gov.pl\/web\/obrona-cywilna\/akty-prawne2\">Akty prawne<\/a><\/p>\n\n\n\n<p><a href=\"https:\/\/www.gov.pl\/web\/obrona-cywilna\/program-ochrony-ludnosci-i-obrony-cywilnej-na-lata-2025-2026\">Program Ochrony Ludno\u015bci i Obrony Cywilnej na lata 2025-2026<\/a><\/p>\n\n\n\n<p><a href=\"https:\/\/www.gov.pl\/web\/obrona-cywilna\/poradnik-bezpieczenstwa\">Poradnik Bezpiecze\u0144stwa<\/a><\/p>\n\n\n\n<p><a href=\"https:\/\/gminadynow.pl\/index.php\/bezpieczenstwo-w-gminie\/\">Bezpiecze\u0144stwo w gminie<\/a><\/p>\n\n\n\n<p><a href=\"https:\/\/gminadynow.pl\/wp-content\/uploads\/2026\/02\/ZARZADZENIE-Nr-48_2025_wyznaczenie_podmiotow_ochrony_ludnosci_.pdf\">Podmioty ochrony ludno\u015bci na terenie Gminy Dyn\u00f3w<\/a><\/p>\n\n\n\n<p><\/p>\n","protected":false},"excerpt":{"rendered":"<p>Ochrona ludno\u015bci i obrona cywilna Akty prawne Program Ochrony Ludno\u015bci i Obrony Cywilnej na lata 2025-2026 Poradnik Bezpiecze\u0144stwa Bezpiecze\u0144stwo w gminie Podmioty ochrony ludno\u015bci na terenie Gminy Dyn\u00f3w<\/p>\n","protected":false},"author":2,"featured_media":0,"parent":0,"menu_order":0,"comment_status":"closed","ping_status":"closed","template":"","meta":{"footnotes":""},"class_list":["post-7766","page","type-page","status-publish","hentry"],"featured_image_urls_v2":{"full":"","thumbnail":"","medium":"","medium_large":"","large":"","1536x1536":"","2048x2048":""},"post_excerpt_stackable_v2":"<p>Ochrona ludno\u015bci i obrona cywilna Akty prawne Program Ochrony Ludno\u015bci i Obrony Cywilnej na lata 2025-2026 Poradnik Bezpiecze\u0144stwa Bezpiecze\u0144stwo w gminie Podmioty ochrony ludno\u015bci na terenie Gminy Dyn\u00f3w<\/p>\n","category_list_v2":"","author_info_v2":{"name":"Zofia Kalawska","url":"https:\/\/gminadynow.pl\/index.php\/author\/zofiakalawska\/"},"comments_num_v2":"0 comments","rttpg_featured_image_url":null,"rttpg_author":{"display_name":"Zofia Kalawska","author_link":"https:\/\/gminadynow.pl\/index.php\/author\/zofiakalawska\/"},"rttpg_comment":0,"rttpg_category":null,"rttpg_excerpt":"Ochrona ludno\u015bci i obrona cywilna Akty prawne Program Ochrony Ludno\u015bci i Obrony Cywilnej na lata 2025-2026 Poradnik Bezpiecze\u0144stwa Bezpiecze\u0144stwo w gminie Podmioty ochrony ludno\u015bci na terenie Gminy Dyn\u00f3w","_links":{"self":[{"href":"https:\/\/gminadynow.pl\/index.php\/wp-json\/wp\/v2\/pages\/7766","targetHints":{"allow":["GET"]}}],"collection":[{"href":"https:\/\/gminadynow.pl\/index.php\/wp-json\/wp\/v2\/pages"}],"about":[{"href":"https:\/\/gminadynow.pl\/index.php\/wp-json\/wp\/v2\/types\/page"}],"author":[{"embeddable":true,"href":"https:\/\/gminadynow.pl\/index.php\/wp-json\/wp\/v2\/users\/2"}],"replies":[{"embeddable":true,"href":"https:\/\/gminadynow.pl\/index.php\/wp-json\/wp\/v2\/comments?post=7766"}],"version-history":[{"count":10,"href":"https:\/\/gminadynow.pl\/index.php\/wp-json\/wp\/v2\/pages\/7766\/revisions"}],"predecessor-version":[{"id":7809,"href":"https:\/\/gminadynow.pl\/index.php\/wp-json\/wp\/v2\/pages\/7766\/revisions\/7809"}],"wp:attachment":[{"href":"https:\/\/gminadynow.pl\/index.php\/wp-json\/wp\/v2\/media?parent=7766"}],"curies":[{"name":"wp","href":"https:\/\/api.w.org\/{rel}","templated":true}]}}