
{"id":7764,"date":"2026-02-10T12:54:17","date_gmt":"2026-02-10T11:54:17","guid":{"rendered":"https:\/\/gminadynow.pl\/?page_id=7764"},"modified":"2026-03-19T10:29:20","modified_gmt":"2026-03-19T09:29:20","slug":"eurzad","status":"publish","type":"page","link":"https:\/\/gminadynow.pl\/index.php\/eurzad\/","title":{"rendered":"eUrz\u0105d"},"content":{"rendered":"\t\t<div data-elementor-type=\"wp-page\" data-elementor-id=\"7764\" class=\"elementor elementor-7764\">\n\t\t\t\t\t\t<section class=\"elementor-section elementor-top-section elementor-element elementor-element-35e6f5e7 elementor-section-boxed elementor-section-height-default elementor-section-height-default\" data-id=\"35e6f5e7\" data-element_type=\"section\">\n\t\t\t\t\t\t<div class=\"elementor-container elementor-column-gap-default\">\n\t\t\t\t\t<div class=\"elementor-column elementor-col-100 elementor-top-column elementor-element elementor-element-1d1fc60a\" data-id=\"1d1fc60a\" data-element_type=\"column\">\n\t\t\t<div class=\"elementor-widget-wrap elementor-element-populated\">\n\t\t\t\t\t\t<div class=\"elementor-element elementor-element-6621ca36 elementor-widget elementor-widget-text-editor\" data-id=\"6621ca36\" data-element_type=\"widget\" data-widget_type=\"text-editor.default\">\n\t\t\t\t<div class=\"elementor-widget-container\">\n\t\t\t\t\t\t\t\t\t<h1>E-URZ\u0104D<\/h1>\n<p><!-- \/wp:paragraph -->\n\n<!-- wp:paragraph --><\/p>\n<p>&nbsp;<\/p>\n<table style=\"border-collapse: collapse; width: 100%; height: 92px;\">\n<tbody>\n<tr style=\"height: 23px;\">\n<td style=\"width: 14.382%; height: 23px;\">\n<p><img decoding=\"async\" class=\"aligncenter\" style=\"border-style: hidden;\" src=\"https:\/\/gminadynow.pl\/wp-content\/uploads\/2020\/11\/cropped-gmina_logo.png\" alt=\"\" width=\"300\" height=\"92\" \/><\/p>\n<\/td>\n<td style=\"width: 85.618%; height: 23px;\">\u00a0<a style=\"background-color: #ffffff; transition-property: all;\" href=\"https:\/\/ebom.gminadynow.pl\/office\">Elektroniczne Biuro Obs\u0142ugi Mieszka\u0144ca Urz\u0105d Gminy Dyn\u00f3w<\/a><\/td>\n<\/tr>\n<tr style=\"height: 23px;\">\n<td style=\"width: 14.382%; height: 23px;\"><img decoding=\"async\" src=\"https:\/\/gminadynow.pl\/wp-content\/uploads\/2026\/03\/gison_sip1-300x111-1.png\" alt=\"\" width=\"300\" height=\"111\" \/><\/td>\n<td style=\"width: 85.618%; height: 23px;\">\u00a0<a style=\"background-color: #ffffff; transition-property: all;\" href=\"https:\/\/sip.gison.pl\/dynowgmina\">System Informacji Przestrzennej<\/a><\/td>\n<\/tr>\n<tr style=\"height: 23px;\">\n<td style=\"width: 14.382%; height: 23px;\"><img decoding=\"async\" src=\"https:\/\/gminadynow.pl\/wp-content\/uploads\/2026\/03\/gportal_sip.jpg\" \/><\/td>\n<td style=\"width: 85.618%; height: 23px;\">\u00a0<a style=\"background-color: #ffffff; transition-property: all;\" href=\"https:\/\/gportal.pl\/dynowgmina\">GISON Portal eUs\u0142ug<\/a><\/td>\n<\/tr>\n<tr style=\"height: 23px;\">\n<td style=\"width: 14.382%; height: 23px;\"><img decoding=\"async\" src=\"https:\/\/gminadynow.pl\/wp-content\/uploads\/2026\/03\/ChatGPT-Image-19-lis-2025-14_31_17.png\" \/><\/td>\n<td style=\"width: 85.618%; height: 23px;\">\u00a0<a style=\"background-color: #ffffff; transition-property: all;\" href=\"https:\/\/www.vulcan.net.pl\/gminadynow\">Portal Vulcan<\/a><\/td>\n<\/tr>\n<\/tbody>\n<\/table>\n<p><!-- Airly Widget Begin --><\/p>\n<p><strong>Jako\u015b\u0107 powietrza<\/strong><\/p>\n<p><script src=\"https:\/\/airly.org\/map\/airly.js\" type=\"text\/javascript\"><\/script> <iframe id=\"airly_939248023\" style=\"width: 260px; height: auto; border: none;\" src=\"https:\/\/airly.org\/widget\/v2\/?width=260&amp;height=380&amp;displayMeasurements=false&amp;displayCAQI=true&amp;autoHeight=true&amp;autoWidth=false&amp;language=pl&amp;indexType=AIRLY_CAQI&amp;unitSpeed=metric&amp;unitTemperature=celsius&amp;latitude=49.853939&amp;longitude=22.217234&amp;locationId=65908\"><\/iframe> <!-- Airly Widget End --><!-- Airly Widget Begin --> <script src=\"https:\/\/airly.org\/map\/airly.js\" type=\"text\/javascript\"><\/script> <iframe id=\"airly_1149594066\" style=\"width: 260px; height: auto; border: none;\" src=\"https:\/\/airly.org\/widget\/v2\/?width=260&amp;height=380&amp;displayMeasurements=false&amp;displayCAQI=true&amp;autoHeight=true&amp;autoWidth=false&amp;language=pl&amp;indexType=AIRLY_CAQI&amp;unitSpeed=metric&amp;unitTemperature=celsius&amp;latitude=49.815129&amp;longitude=22.285477&amp;locationId=65907\"><span data-mce-type=\"bookmark\" style=\"display: inline-block; width: 0px; overflow: hidden; line-height: 0;\" class=\"mce_SELRES_start\">\ufeff<\/span><\/iframe> <!-- Airly Widget End --><\/p>\n<p><!-- \/wp:paragraph -->\n\n<!-- wp:paragraph --><\/p>\n<p><!-- \/wp:paragraph -->\n\n<!-- wp:paragraph --><\/p>\n<p><!-- \/wp:paragraph --><\/p>\t\t\t\t\t\t\t\t<\/div>\n\t\t\t\t<\/div>\n\t\t\t\t\t<\/div>\n\t\t<\/div>\n\t\t\t\t\t<\/div>\n\t\t<\/section>\n\t\t\t\t<\/div>\n\t\t","protected":false},"excerpt":{"rendered":"<p>E-URZ\u0104D &nbsp; \u00a0Elektroniczne Biuro Obs\u0142ugi Mieszka\u0144ca Urz\u0105d Gminy Dyn\u00f3w \u00a0System Informacji Przestrzennej \u00a0GISON Portal eUs\u0142ug \u00a0Portal Vulcan Jako\u015b\u0107 powietrza \ufeff<\/p>\n","protected":false},"author":2,"featured_media":0,"parent":0,"menu_order":0,"comment_status":"closed","ping_status":"closed","template":"","meta":{"footnotes":""},"class_list":["post-7764","page","type-page","status-publish","hentry"],"featured_image_urls_v2":{"full":"","thumbnail":"","medium":"","medium_large":"","large":"","1536x1536":"","2048x2048":""},"post_excerpt_stackable_v2":"<p>E-URZ\u0104D &nbsp; \u00a0Elektroniczne Biuro Obs\u0142ugi Mieszka\u0144ca Urz\u0105d Gminy Dyn\u00f3w \u00a0System Informacji Przestrzennej \u00a0GISON Portal eUs\u0142ug \u00a0Portal Vulcan Jako\u015b\u0107 powietrza \ufeff<\/p>\n","category_list_v2":"","author_info_v2":{"name":"Zofia Kalawska","url":"https:\/\/gminadynow.pl\/index.php\/author\/zofiakalawska\/"},"comments_num_v2":"0 comments","rttpg_featured_image_url":null,"rttpg_author":{"display_name":"Zofia Kalawska","author_link":"https:\/\/gminadynow.pl\/index.php\/author\/zofiakalawska\/"},"rttpg_comment":0,"rttpg_category":null,"rttpg_excerpt":"E-URZ\u0104D &nbsp; \u00a0Elektroniczne Biuro Obs\u0142ugi Mieszka\u0144ca Urz\u0105d Gminy Dyn\u00f3w \u00a0System Informacji Przestrzennej \u00a0GISON Portal eUs\u0142ug \u00a0Portal Vulcan Jako\u015b\u0107 powietrza \ufeff","_links":{"self":[{"href":"https:\/\/gminadynow.pl\/index.php\/wp-json\/wp\/v2\/pages\/7764","targetHints":{"allow":["GET"]}}],"collection":[{"href":"https:\/\/gminadynow.pl\/index.php\/wp-json\/wp\/v2\/pages"}],"about":[{"href":"https:\/\/gminadynow.pl\/index.php\/wp-json\/wp\/v2\/types\/page"}],"author":[{"embeddable":true,"href":"https:\/\/gminadynow.pl\/index.php\/wp-json\/wp\/v2\/users\/2"}],"replies":[{"embeddable":true,"href":"https:\/\/gminadynow.pl\/index.php\/wp-json\/wp\/v2\/comments?post=7764"}],"version-history":[{"count":11,"href":"https:\/\/gminadynow.pl\/index.php\/wp-json\/wp\/v2\/pages\/7764\/revisions"}],"predecessor-version":[{"id":7925,"href":"https:\/\/gminadynow.pl\/index.php\/wp-json\/wp\/v2\/pages\/7764\/revisions\/7925"}],"wp:attachment":[{"href":"https:\/\/gminadynow.pl\/index.php\/wp-json\/wp\/v2\/media?parent=7764"}],"curies":[{"name":"wp","href":"https:\/\/api.w.org\/{rel}","templated":true}]}}