
{"id":7311,"date":"2025-08-14T07:39:52","date_gmt":"2025-08-14T05:39:52","guid":{"rendered":"https:\/\/gminadynow.pl\/?page_id=7311"},"modified":"2025-08-19T07:43:26","modified_gmt":"2025-08-19T05:43:26","slug":"bezdomne-zwierzeta","status":"publish","type":"page","link":"https:\/\/gminadynow.pl\/index.php\/bezdomne-zwierzeta\/","title":{"rendered":"Bezdomne zwierz\u0119ta"},"content":{"rendered":"\n<p class=\"has-text-align-center\" style=\"font-size:30px\">Jak post\u0119powa\u0107 w przypadku znalezienia bezdomnego zwierz\u0119cia<\/p>\n\n\n\n<p>Upewnij si\u0119 czy widziane przez Ciebie zwierz\u0119 jest na pewno bezpa\u0144skie lub bezdomne:&nbsp;<\/p>\n\n\n\n<p>&#8211; sprawd\u017a czy na szyi zwierz\u0119cia jest obro\u017ca,<\/p>\n\n\n\n<p>&#8211; popytaj przechodni\u00f3w lub s\u0105siad\u00f3w czy znaj\u0105 w\u0142a\u015bciciela zwierz\u0119cia,<\/p>\n\n\n\n<p>&#8211; oce\u0144 wizualnie stan fizyczny zwierz\u0119cia, sprawd\u017a&nbsp;czy nie ma obra\u017ce\u0144<\/p>\n\n\n\n<p>Pami\u0119taj, \u017ce wiele kot\u00f3w &nbsp;i ps\u00f3w jest wypuszczanych przez w\u0142a\u015bcicieli, te zwierz\u0119ta nie s\u0105 bezdomne i je\u017celi nie s\u0105 ranne,&nbsp;nie potrzebuj\u0105 naszej pomocy !<\/p>\n\n\n\n<p>Nale\u017cy jednak pami\u0119ta\u0107, \u017ce koty wolno \u017cyj\u0105ce (dzikie) nie s\u0105 zwierz\u0119tami bezdomnymi, gdy\u017c miejsca w kt\u00f3rych \u017cyj\u0105 sta\u0142y si\u0119 dla nich \u015brodowiskiem bytowania. Nie powinno si\u0119 ich wy\u0142apywa\u0107 ani gdziekolwiek wywozi\u0107 !<\/p>\n\n\n\n<p>W przypadku podejrzenia, \u017ce:&nbsp;<\/p>\n\n\n\n<p>a) znalezione zwierz\u0119 ma w\u0142a\u015bciciela, nale\u017cy zg\u0142osi\u0107 spraw\u0119 bezpo\u015brednio do funkcjonariusza policji, kt\u00f3ry ma mo\u017cliwo\u015b\u0107 ukarania w\u0142a\u015bciciela&nbsp;mandatem karnym,<\/p>\n\n\n\n<p>b) znalezione zwierz\u0119 jest bezdomne lub posiada obra\u017cenia, nale\u017cy zg\u0142osi\u0107 spraw\u0119 do Urz\u0119du Gminy (w godzinach pracy Urz\u0119du (nr tel.:&nbsp;17 23 01 14), a poza godzinami pracy bezpo\u015brednio do funkcjonariusza policji)<\/p>\n\n\n\n<p>Bezdomne zwierz\u0119ta znalezione na terenie Gminy Dyn\u00f3w, czekaj\u0105 na nowy dom w schronisku dla zwierz\u0105t domowych ,,Arka\u2019\u2019 znajduj\u0105cym si\u0119 w Nienadowej na nieruchomo\u015bci o numerze ewidencyjnym 3512\/1.<\/p>\n\n\n\n<p>Serdecznie zach\u0119camy do podj\u0119cia adopcji naszych bezdomnych czworonog\u00f3w !<\/p>\n\n\n\n<p class=\"has-text-align-center is-style-default\" style=\"font-size:30px\">APEL DO W\u0141A\u015aCICIELI PS\u00d3W<\/p>\n\n\n\n<figure class=\"wp-block-image size-full is-resized\"><img fetchpriority=\"high\" decoding=\"async\" width=\"289\" height=\"322\" src=\"https:\/\/gminadynow.pl\/wp-content\/uploads\/2025\/08\/image.png\" alt=\"\" class=\"wp-image-7312\" style=\"width:305px;height:auto\" srcset=\"https:\/\/gminadynow.pl\/wp-content\/uploads\/2025\/08\/image.png 289w, https:\/\/gminadynow.pl\/wp-content\/uploads\/2025\/08\/image-269x300.png 269w\" sizes=\"(max-width: 289px) 100vw, 289px\" \/><\/figure>\n\n\n\n<p>W zwi\u0105zku z przypadkami zg\u0142osze\u0144 przez mieszka\u0144c\u00f3w dotycz\u0105cych zagro\u017cenia jakie mog\u0105 stwarza\u0107 wa\u0142\u0119saj\u0105ce si\u0119 psy&nbsp;<strong>przypominamy<\/strong>, \u017ce na podstawie art. 10a ust. 3 Ustawy o ochronie zwierz\u0105t&nbsp;<strong>zabrania si\u0119 puszczania ps\u00f3w bez mo\u017cliwo\u015bci ich kontroli i bez oznakowania umo\u017cliwiaj\u0105cego identyfikacj\u0119 w\u0142a\u015bciciela lub opiekuna.<\/strong><\/p>\n\n\n\n<p>Zakaz, o kt\u00f3rym mowa w ust. 3, nie dotyczy terenu prywatnego, je\u017celi teren ten jest ogrodzony w spos\u00f3b uniemo\u017cliwiaj\u0105cy psu wyj\u015bcie.<\/p>\n\n\n\n<p>Ponadto Uchwa\u0142\u0105 Rady Gminy Dyn\u00f3w Nr XXVII(148)2020&nbsp;z dnia 29 grudnia&nbsp;2020&nbsp;r. zosta\u0142 uchwalony Regulamin utrzymania czysto\u015bci i porz\u0105dku na terenie Gminy Dyn\u00f3w, w kt\u00f3rym to w Rozdziale 7 zawarto&nbsp;<strong>obowi\u0105zki os\u00f3b utrzymuj\u0105cych zwierz\u0119ta domowe, maj\u0105cych na celu ochron\u0119 przed zagro\u017ceniem lub uci\u0105\u017cliwo\u015bci\u0105 dla ludzi oraz przed zanieczyszczeniem teren\u00f3w przeznaczonych do wsp\u00f3lnego u\u017cytku tj.:<\/strong><\/p>\n\n\n\n<ul class=\"wp-block-list\">\n<li>W\u0142a\u015bciciele i opiekunowie zwierz\u0105t domowych zobowi\u0105zani s\u0105 do sprawowania nad nimi w\u0142a\u015bciwej opieki, tak aby nie stwarza\u0142y i nie stanowi\u0142y zagro\u017cenia dla zdrowia i \u017cycia ludzi i zwierz\u0105t.<\/li>\n\n\n\n<li>Do obowi\u0105zk\u00f3w os\u00f3b utrzymuj\u0105cych zwierz\u0119ta domowe nale\u017cy w szczeg\u00f3lno\u015bci:<\/li>\n\n\n\n<li>psa powinno si\u0119 prowadzi\u0107 na smyczy,<\/li>\n\n\n\n<li>psy nale\u017c\u0105ce do ras uznanych za agresywne na podstawie odr\u0119bnych ustaw, musz\u0105 by\u0107 prowadzone na smyczy i w kaga\u0144cu,<\/li>\n\n\n\n<li>sta\u0142y, skuteczny doz\u00f3r nad psami i innymi zwierz\u0119tami domowymi,<\/li>\n\n\n\n<li>usuwanie zanieczyszcze\u0144 pozostawionych przez psy i inne zwierz\u0119ta domowe w obiektach i na innych terenach przeznaczonych do u\u017cytku publicznego.<\/li>\n\n\n\n<li>Zwolnienie psa ze smyczy, jest dozwolone jedynie w miejscach ma\u0142o ucz\u0119szczanych przez ludzi i tylko w sytuacji, gdy posiadacz psa ma mo\u017cliwo\u015b\u0107 sprawowania kontroli nad jego zachowaniem.<\/li>\n<\/ul>\n\n\n\n<p>Zwolnienie psa ze smyczy jest dozwolone r\u00f3wnie\u017c na terenie nieruchomo\u015bci nale\u017cycie ogrodzonej, w spos\u00f3b uniemo\u017cliwiaj\u0105cy jej opuszczenie przez psa i wykluczaj\u0105cy dost\u0119p os\u00f3b trzecich.<\/p>\n\n\n\n<p><\/p>\n\n\n\n<p><\/p>\n\n\n\n<p><\/p>\n","protected":false},"excerpt":{"rendered":"<p>Jak post\u0119powa\u0107 w przypadku znalezienia bezdomnego zwierz\u0119cia Upewnij si\u0119 czy widziane przez Ciebie zwierz\u0119 jest na pewno bezpa\u0144skie lub bezdomne:&nbsp; &#8211; sprawd\u017a czy na szyi zwierz\u0119cia jest obro\u017ca, &#8211; popytaj przechodni\u00f3w lub s\u0105siad\u00f3w czy znaj\u0105 w\u0142a\u015bciciela zwierz\u0119cia, &#8211; oce\u0144 wizualnie stan fizyczny zwierz\u0119cia, sprawd\u017a&nbsp;czy nie ma obra\u017ce\u0144 Pami\u0119taj, \u017ce wiele kot\u00f3w &nbsp;i ps\u00f3w jest wypuszczanych [&hellip;]<\/p>\n","protected":false},"author":5,"featured_media":0,"parent":0,"menu_order":0,"comment_status":"closed","ping_status":"closed","template":"","meta":{"footnotes":""},"class_list":["post-7311","page","type-page","status-publish","hentry"],"featured_image_urls_v2":{"full":"","thumbnail":"","medium":"","medium_large":"","large":"","1536x1536":"","2048x2048":""},"post_excerpt_stackable_v2":"<p>Jak post\u0119powa\u0107 w przypadku znalezienia bezdomnego zwierz\u0119cia Upewnij si\u0119 czy widziane przez Ciebie zwierz\u0119 jest na pewno bezpa\u0144skie lub bezdomne:&nbsp; &#8211; sprawd\u017a czy na szyi zwierz\u0119cia jest obro\u017ca, &#8211; popytaj przechodni\u00f3w lub s\u0105siad\u00f3w czy znaj\u0105 w\u0142a\u015bciciela zwierz\u0119cia, &#8211; oce\u0144 wizualnie stan fizyczny zwierz\u0119cia, sprawd\u017a&nbsp;czy nie ma obra\u017ce\u0144 Pami\u0119taj, \u017ce wiele kot\u00f3w &nbsp;i ps\u00f3w jest wypuszczanych przez w\u0142a\u015bcicieli, te zwierz\u0119ta nie s\u0105 bezdomne i je\u017celi nie s\u0105 ranne,&nbsp;nie potrzebuj\u0105 naszej pomocy ! Nale\u017cy jednak pami\u0119ta\u0107, \u017ce koty wolno \u017cyj\u0105ce (dzikie) nie s\u0105 zwierz\u0119tami bezdomnymi, gdy\u017c miejsca w kt\u00f3rych \u017cyj\u0105 sta\u0142y si\u0119 dla nich \u015brodowiskiem bytowania. Nie powinno si\u0119 ich wy\u0142apywa\u0107 ani&hellip;<\/p>\n","category_list_v2":"","author_info_v2":{"name":"Mariusz Kijowski","url":"https:\/\/gminadynow.pl\/index.php\/author\/marikijo\/"},"comments_num_v2":"0 comments","rttpg_featured_image_url":null,"rttpg_author":{"display_name":"Mariusz Kijowski","author_link":"https:\/\/gminadynow.pl\/index.php\/author\/marikijo\/"},"rttpg_comment":0,"rttpg_category":null,"rttpg_excerpt":"Jak post\u0119powa\u0107 w przypadku znalezienia bezdomnego zwierz\u0119cia Upewnij si\u0119 czy widziane przez Ciebie zwierz\u0119 jest na pewno bezpa\u0144skie lub bezdomne:&nbsp; &#8211; sprawd\u017a czy na szyi zwierz\u0119cia jest obro\u017ca, &#8211; popytaj przechodni\u00f3w lub s\u0105siad\u00f3w czy znaj\u0105 w\u0142a\u015bciciela zwierz\u0119cia, &#8211; oce\u0144 wizualnie stan fizyczny zwierz\u0119cia, sprawd\u017a&nbsp;czy nie ma obra\u017ce\u0144 Pami\u0119taj, \u017ce wiele kot\u00f3w &nbsp;i ps\u00f3w jest wypuszczanych&hellip;","_links":{"self":[{"href":"https:\/\/gminadynow.pl\/index.php\/wp-json\/wp\/v2\/pages\/7311","targetHints":{"allow":["GET"]}}],"collection":[{"href":"https:\/\/gminadynow.pl\/index.php\/wp-json\/wp\/v2\/pages"}],"about":[{"href":"https:\/\/gminadynow.pl\/index.php\/wp-json\/wp\/v2\/types\/page"}],"author":[{"embeddable":true,"href":"https:\/\/gminadynow.pl\/index.php\/wp-json\/wp\/v2\/users\/5"}],"replies":[{"embeddable":true,"href":"https:\/\/gminadynow.pl\/index.php\/wp-json\/wp\/v2\/comments?post=7311"}],"version-history":[{"count":2,"href":"https:\/\/gminadynow.pl\/index.php\/wp-json\/wp\/v2\/pages\/7311\/revisions"}],"predecessor-version":[{"id":7319,"href":"https:\/\/gminadynow.pl\/index.php\/wp-json\/wp\/v2\/pages\/7311\/revisions\/7319"}],"wp:attachment":[{"href":"https:\/\/gminadynow.pl\/index.php\/wp-json\/wp\/v2\/media?parent=7311"}],"curies":[{"name":"wp","href":"https:\/\/api.w.org\/{rel}","templated":true}]}}