
{"id":6751,"date":"2025-01-09T21:07:00","date_gmt":"2025-01-09T20:07:00","guid":{"rendered":"https:\/\/gminadynow.pl\/?page_id=6751"},"modified":"2026-02-17T10:54:56","modified_gmt":"2026-02-17T09:54:56","slug":"dofinansowano-ze-srodkow-panstwowego-funduszu-celowego","status":"publish","type":"page","link":"https:\/\/gminadynow.pl\/index.php\/dofinansowano-ze-srodkow-panstwowego-funduszu-celowego\/","title":{"rendered":"Dofinansowano ze \u015brodk\u00f3w pa\u0144stwowego funduszu celowego"},"content":{"rendered":"","protected":false},"excerpt":{"rendered":"","protected":false},"author":2,"featured_media":0,"parent":0,"menu_order":0,"comment_status":"closed","ping_status":"closed","template":"","meta":{"footnotes":""},"class_list":["post-6751","page","type-page","status-publish","hentry"],"featured_image_urls_v2":{"full":"","thumbnail":"","medium":"","medium_large":"","large":"","1536x1536":"","2048x2048":""},"post_excerpt_stackable_v2":"","category_list_v2":"","author_info_v2":{"name":"Zofia Kalawska","url":"https:\/\/gminadynow.pl\/index.php\/author\/zofiakalawska\/"},"comments_num_v2":"0 comments","rttpg_featured_image_url":null,"rttpg_author":{"display_name":"Zofia Kalawska","author_link":"https:\/\/gminadynow.pl\/index.php\/author\/zofiakalawska\/"},"rttpg_comment":0,"rttpg_category":null,"rttpg_excerpt":null,"_links":{"self":[{"href":"https:\/\/gminadynow.pl\/index.php\/wp-json\/wp\/v2\/pages\/6751","targetHints":{"allow":["GET"]}}],"collection":[{"href":"https:\/\/gminadynow.pl\/index.php\/wp-json\/wp\/v2\/pages"}],"about":[{"href":"https:\/\/gminadynow.pl\/index.php\/wp-json\/wp\/v2\/types\/page"}],"author":[{"embeddable":true,"href":"https:\/\/gminadynow.pl\/index.php\/wp-json\/wp\/v2\/users\/2"}],"replies":[{"embeddable":true,"href":"https:\/\/gminadynow.pl\/index.php\/wp-json\/wp\/v2\/comments?post=6751"}],"version-history":[{"count":1,"href":"https:\/\/gminadynow.pl\/index.php\/wp-json\/wp\/v2\/pages\/6751\/revisions"}],"predecessor-version":[{"id":6752,"href":"https:\/\/gminadynow.pl\/index.php\/wp-json\/wp\/v2\/pages\/6751\/revisions\/6752"}],"wp:attachment":[{"href":"https:\/\/gminadynow.pl\/index.php\/wp-json\/wp\/v2\/media?parent=6751"}],"curies":[{"name":"wp","href":"https:\/\/api.w.org\/{rel}","templated":true}]}}