
{"id":6746,"date":"2025-01-09T21:06:17","date_gmt":"2025-01-09T20:06:17","guid":{"rendered":"https:\/\/gminadynow.pl\/?page_id=6746"},"modified":"2025-01-09T21:06:17","modified_gmt":"2025-01-09T20:06:17","slug":"dofinansowano-ze-srodkow-rzadowego-funduszu-inwestycji-lokalnych","status":"publish","type":"page","link":"https:\/\/gminadynow.pl\/index.php\/dofinansowano-ze-srodkow-rzadowego-funduszu-inwestycji-lokalnych\/","title":{"rendered":"Dofinansowano ze \u015brodk\u00f3w rz\u0105dowego funduszu inwestycji lokalnych"},"content":{"rendered":"\n<p><\/p>\n\n\n\n<p><\/p>\n","protected":false},"excerpt":{"rendered":"","protected":false},"author":1,"featured_media":0,"parent":0,"menu_order":0,"comment_status":"closed","ping_status":"closed","template":"","meta":{"footnotes":""},"class_list":["post-6746","page","type-page","status-publish","hentry"],"featured_image_urls_v2":{"full":"","thumbnail":"","medium":"","medium_large":"","large":"","1536x1536":"","2048x2048":""},"post_excerpt_stackable_v2":"","category_list_v2":"","author_info_v2":{"name":"admin","url":"https:\/\/gminadynow.pl\/index.php\/author\/admin\/"},"comments_num_v2":"0 comments","rttpg_featured_image_url":null,"rttpg_author":{"display_name":"admin","author_link":"https:\/\/gminadynow.pl\/index.php\/author\/admin\/"},"rttpg_comment":0,"rttpg_category":null,"rttpg_excerpt":null,"_links":{"self":[{"href":"https:\/\/gminadynow.pl\/index.php\/wp-json\/wp\/v2\/pages\/6746","targetHints":{"allow":["GET"]}}],"collection":[{"href":"https:\/\/gminadynow.pl\/index.php\/wp-json\/wp\/v2\/pages"}],"about":[{"href":"https:\/\/gminadynow.pl\/index.php\/wp-json\/wp\/v2\/types\/page"}],"author":[{"embeddable":true,"href":"https:\/\/gminadynow.pl\/index.php\/wp-json\/wp\/v2\/users\/1"}],"replies":[{"embeddable":true,"href":"https:\/\/gminadynow.pl\/index.php\/wp-json\/wp\/v2\/comments?post=6746"}],"version-history":[{"count":1,"href":"https:\/\/gminadynow.pl\/index.php\/wp-json\/wp\/v2\/pages\/6746\/revisions"}],"predecessor-version":[{"id":6747,"href":"https:\/\/gminadynow.pl\/index.php\/wp-json\/wp\/v2\/pages\/6746\/revisions\/6747"}],"wp:attachment":[{"href":"https:\/\/gminadynow.pl\/index.php\/wp-json\/wp\/v2\/media?parent=6746"}],"curies":[{"name":"wp","href":"https:\/\/api.w.org\/{rel}","templated":true}]}}