
{"id":6730,"date":"2025-01-09T20:33:59","date_gmt":"2025-01-09T19:33:59","guid":{"rendered":"https:\/\/gminadynow.pl\/?page_id=6730"},"modified":"2026-02-17T10:39:22","modified_gmt":"2026-02-17T09:39:22","slug":"dofinansowano-ze-srodkow-budzetu-panstwa","status":"publish","type":"page","link":"https:\/\/gminadynow.pl\/index.php\/dofinansowano-ze-srodkow-budzetu-panstwa\/","title":{"rendered":"Dofinansowano ze \u015brodk\u00f3w bud\u017cetu pa\u0144stwa"},"content":{"rendered":"\n<p><strong>Nazwa zadania: Remont drogi gminnej nr ewid. 4055, 4193, 4285, 4090, 4228 w miejscowo\u015bci Harta w km: 0+000 &#8211; 0+970<\/strong><\/p>\n\n\n\n<p>W wyniku gradobicia, nawalnego deszczu i powodzi opadowej kt\u00f3re nawiedzi\u0142y nasz\u0105 gmin\u0119 w dniu 22.06.2024 r. zniszczeniu uleg\u0142o cz\u0119\u015b\u0107 dr\u00f3g z miejscowo\u015bci Harta. W ramach zada\u0144 zwi\u0105zanych z usuwaniem skutk\u00f3w o charakterze kl\u0119ski \u017cywio\u0142owej, uzyskano dofinansowanie na drog\u0119 nr ewid. 4055, 4193, 4285, 4090, 4228 na kwot\u0119 244&nbsp;691,00 z\u0142 natomiast wk\u0142ad w\u0142asny gminy wyni\u00f3s\u0142 61&nbsp;173,10 z\u0142. Prac\u0119 wykonywa\u0142a firma DavJus Firma Us\u0142ugowa Dawid Grocho\u0142a z Nieniadowej, wy\u0142oniona w przetargu.&nbsp;<\/p>\n\n\n\n<p>Dzi\u0119ki temu dofinansowaniu uda\u0142o si\u0119 wykona\u0107 nawierzchni\u0119 asfaltow\u0105 na odcinku o d\u0142ugo\u015bci 970 m&nbsp;<\/p>\n\n\n<div class=\"wp-block-image\">\n<figure class=\"aligncenter size-full\"><img fetchpriority=\"high\" decoding=\"async\" width=\"454\" height=\"305\" src=\"https:\/\/gminadynow.pl\/wp-content\/uploads\/2025\/01\/image.jpeg\" alt=\"\" class=\"wp-image-6741\" srcset=\"https:\/\/gminadynow.pl\/wp-content\/uploads\/2025\/01\/image.jpeg 454w, https:\/\/gminadynow.pl\/wp-content\/uploads\/2025\/01\/image-300x202.jpeg 300w\" sizes=\"(max-width: 454px) 100vw, 454px\" \/><\/figure><\/div>\n\n\n<p><br><br><br><br><strong>Nazwa zadania: Remont drogi gminnej nr ewid. 1599 w miejscowo\u015bci Harta w km: 1+625 &#8211; 2+185<\/strong><\/p>\n\n\n\n<p>W wyniku gradobicia, nawalnego deszczu i powodzi opadowej kt\u00f3re nawiedzi\u0142y nasz\u0105 gmin\u0119 w dniu 22.06.2024 r. zniszczeniu uleg\u0142o cz\u0119\u015b\u0107 dr\u00f3g z miejscowo\u015bci Harta. W ramach zada\u0144 zwi\u0105zanych z usuwaniem skutk\u00f3w o charakterze kl\u0119ski \u017cywio\u0142owej, uzyskano dofinansowanie na drog\u0119 nr ewid. 1599 na kwot\u0119 142&nbsp;286,00 z\u0142 natomiast wk\u0142ad w\u0142asny gminy wyni\u00f3s\u0142 35&nbsp;572,00 z\u0142. Prac\u0119 wykonywa\u0142a firma DavJus Firma Us\u0142ugowa Dawid Grocho\u0142a z Nieniadowej, wy\u0142oniona w przetargu.&nbsp;<\/p>\n\n\n\n<p>Dzi\u0119ki temu dofinansowaniu uda\u0142o si\u0119 wykona\u0107 nawierzchni\u0119 asfaltow\u0105 na odcinku o d\u0142ugo\u015bci 560 m&nbsp;<\/p>\n\n\n<div class=\"wp-block-image\">\n<figure class=\"aligncenter size-full\"><img decoding=\"async\" width=\"454\" height=\"305\" src=\"https:\/\/gminadynow.pl\/wp-content\/uploads\/2025\/01\/image-1.jpeg\" alt=\"\" class=\"wp-image-6742\" srcset=\"https:\/\/gminadynow.pl\/wp-content\/uploads\/2025\/01\/image-1.jpeg 454w, https:\/\/gminadynow.pl\/wp-content\/uploads\/2025\/01\/image-1-300x202.jpeg 300w\" sizes=\"(max-width: 454px) 100vw, 454px\" \/><\/figure><\/div>\n\n\n<p><br><br><br><strong>Nazwa zadania: Remont drogi gminnej nr ewid. 1598 w miejscowo\u015bci Harta w km: 0+000 &#8211; 0+890<\/strong><\/p>\n\n\n\n<p>W wyniku gradobicia, nawalnego deszczu i powodzi opadowej kt\u00f3re nawiedzi\u0142y nasz\u0105 gmin\u0119 w dniu 22.06.2024 r. zniszczeniu uleg\u0142o cz\u0119\u015b\u0107 dr\u00f3g z miejscowo\u015bci Harta. W ramach zada\u0144 zwi\u0105zanych z usuwaniem skutk\u00f3w o charakterze kl\u0119ski \u017cywio\u0142owej, uzyskano dofinansowanie na drog\u0119 nr ewid. 1598 na kwot\u0119 227&nbsp;299,00 z\u0142 natomiast wk\u0142ad w\u0142asny gminy wyni\u00f3s\u0142 56&nbsp;824,85 z\u0142. Prac\u0119 wykonywa\u0142a firma DavJus Firma Us\u0142ugowa Dawid Grocho\u0142a z Nieniadowej, wy\u0142oniona w przetargu.&nbsp;<\/p>\n\n\n\n<p>Dzi\u0119ki temu dofinansowaniu uda\u0142o si\u0119 wykona\u0107 nawierzchni\u0119 asfaltow\u0105 na odcinku o d\u0142ugo\u015bci 890 m&nbsp;<\/p>\n\n\n<div class=\"wp-block-image\">\n<figure class=\"aligncenter size-full\"><img decoding=\"async\" width=\"454\" height=\"305\" src=\"https:\/\/gminadynow.pl\/wp-content\/uploads\/2025\/01\/image-3.jpeg\" alt=\"\" class=\"wp-image-6744\" srcset=\"https:\/\/gminadynow.pl\/wp-content\/uploads\/2025\/01\/image-3.jpeg 454w, https:\/\/gminadynow.pl\/wp-content\/uploads\/2025\/01\/image-3-300x202.jpeg 300w\" sizes=\"(max-width: 454px) 100vw, 454px\" \/><\/figure><\/div>\n\n\n<p><br><br><br><br><br><strong>Nazwa zadania: Remont drogi gminnej nr ewid.3693 w miejscowo\u015bci Harta w km: 0+560 &#8211; 1+210 i 1+670 &#8211; 2+000<\/strong><\/p>\n\n\n\n<p>W wyniku gradobicia, nawalnego deszczu i powodzi opadowej kt\u00f3re nawiedzi\u0142y nasz\u0105 gmin\u0119 w dniu 22.06.2024 r. zniszczeniu uleg\u0142o cz\u0119\u015b\u0107 dr\u00f3g z miejscowo\u015bci Harta. W ramach zada\u0144 zwi\u0105zanych z usuwaniem skutk\u00f3w o charakterze kl\u0119ski \u017cywio\u0142owej, uzyskano dofinansowanie na drog\u0119 nr ewid. 3693 na kwot\u0119 49&nbsp;003,00 z\u0142 natomiast wk\u0142ad w\u0142asny gminy wyni\u00f3s\u0142 12&nbsp;251,00 z\u0142. Prac\u0119 wykonywa\u0142a firma DavJus Firma Us\u0142ugowa Dawid Grocho\u0142a z Nieniadowej, wy\u0142oniona w przetargu.&nbsp;<\/p>\n\n\n\n<p>Dzi\u0119ki temu dofinansowaniu uda\u0142o si\u0119 wykona\u0107 nawierzchni\u0119 z kamienia \u0142amanego na odcinku o d\u0142ugo\u015bci 980 m<\/p>\n\n\n<div class=\"wp-block-image\">\n<figure class=\"aligncenter size-full\"><img loading=\"lazy\" decoding=\"async\" width=\"454\" height=\"305\" src=\"https:\/\/gminadynow.pl\/wp-content\/uploads\/2025\/01\/image-2.jpeg\" alt=\"\" class=\"wp-image-6743\" srcset=\"https:\/\/gminadynow.pl\/wp-content\/uploads\/2025\/01\/image-2.jpeg 454w, https:\/\/gminadynow.pl\/wp-content\/uploads\/2025\/01\/image-2-300x202.jpeg 300w\" sizes=\"(max-width: 454px) 100vw, 454px\" \/><\/figure><\/div>","protected":false},"excerpt":{"rendered":"<p>Nazwa zadania: Remont drogi gminnej nr ewid. 4055, 4193, 4285, 4090, 4228 w miejscowo\u015bci Harta w km: 0+000 &#8211; 0+970 W wyniku gradobicia, nawalnego deszczu i powodzi opadowej kt\u00f3re nawiedzi\u0142y nasz\u0105 gmin\u0119 w dniu 22.06.2024 r. zniszczeniu uleg\u0142o cz\u0119\u015b\u0107 dr\u00f3g z miejscowo\u015bci Harta. W ramach zada\u0144 zwi\u0105zanych z usuwaniem skutk\u00f3w o charakterze kl\u0119ski \u017cywio\u0142owej, uzyskano [&hellip;]<\/p>\n","protected":false},"author":2,"featured_media":0,"parent":0,"menu_order":0,"comment_status":"closed","ping_status":"closed","template":"","meta":{"footnotes":""},"class_list":["post-6730","page","type-page","status-publish","hentry"],"featured_image_urls_v2":{"full":"","thumbnail":"","medium":"","medium_large":"","large":"","1536x1536":"","2048x2048":""},"post_excerpt_stackable_v2":"<p>Nazwa zadania: Remont drogi gminnej nr ewid. 4055, 4193, 4285, 4090, 4228 w miejscowo\u015bci Harta w km: 0+000 &#8211; 0+970 W wyniku gradobicia, nawalnego deszczu i powodzi opadowej kt\u00f3re nawiedzi\u0142y nasz\u0105 gmin\u0119 w dniu 22.06.2024 r. zniszczeniu uleg\u0142o cz\u0119\u015b\u0107 dr\u00f3g z miejscowo\u015bci Harta. W ramach zada\u0144 zwi\u0105zanych z usuwaniem skutk\u00f3w o charakterze kl\u0119ski \u017cywio\u0142owej, uzyskano dofinansowanie na drog\u0119 nr ewid. 4055, 4193, 4285, 4090, 4228 na kwot\u0119 244&nbsp;691,00 z\u0142 natomiast wk\u0142ad w\u0142asny gminy wyni\u00f3s\u0142 61&nbsp;173,10 z\u0142. Prac\u0119 wykonywa\u0142a firma DavJus Firma Us\u0142ugowa Dawid Grocho\u0142a z Nieniadowej, wy\u0142oniona w przetargu.&nbsp; Dzi\u0119ki temu dofinansowaniu uda\u0142o si\u0119 wykona\u0107 nawierzchni\u0119 asfaltow\u0105 na odcinku o&hellip;<\/p>\n","category_list_v2":"","author_info_v2":{"name":"Zofia Kalawska","url":"https:\/\/gminadynow.pl\/index.php\/author\/zofiakalawska\/"},"comments_num_v2":"0 comments","rttpg_featured_image_url":null,"rttpg_author":{"display_name":"Zofia Kalawska","author_link":"https:\/\/gminadynow.pl\/index.php\/author\/zofiakalawska\/"},"rttpg_comment":0,"rttpg_category":null,"rttpg_excerpt":"Nazwa zadania: Remont drogi gminnej nr ewid. 4055, 4193, 4285, 4090, 4228 w miejscowo\u015bci Harta w km: 0+000 &#8211; 0+970 W wyniku gradobicia, nawalnego deszczu i powodzi opadowej kt\u00f3re nawiedzi\u0142y nasz\u0105 gmin\u0119 w dniu 22.06.2024 r. zniszczeniu uleg\u0142o cz\u0119\u015b\u0107 dr\u00f3g z miejscowo\u015bci Harta. W ramach zada\u0144 zwi\u0105zanych z usuwaniem skutk\u00f3w o charakterze kl\u0119ski \u017cywio\u0142owej, uzyskano&hellip;","_links":{"self":[{"href":"https:\/\/gminadynow.pl\/index.php\/wp-json\/wp\/v2\/pages\/6730","targetHints":{"allow":["GET"]}}],"collection":[{"href":"https:\/\/gminadynow.pl\/index.php\/wp-json\/wp\/v2\/pages"}],"about":[{"href":"https:\/\/gminadynow.pl\/index.php\/wp-json\/wp\/v2\/types\/page"}],"author":[{"embeddable":true,"href":"https:\/\/gminadynow.pl\/index.php\/wp-json\/wp\/v2\/users\/2"}],"replies":[{"embeddable":true,"href":"https:\/\/gminadynow.pl\/index.php\/wp-json\/wp\/v2\/comments?post=6730"}],"version-history":[{"count":2,"href":"https:\/\/gminadynow.pl\/index.php\/wp-json\/wp\/v2\/pages\/6730\/revisions"}],"predecessor-version":[{"id":6745,"href":"https:\/\/gminadynow.pl\/index.php\/wp-json\/wp\/v2\/pages\/6730\/revisions\/6745"}],"wp:attachment":[{"href":"https:\/\/gminadynow.pl\/index.php\/wp-json\/wp\/v2\/media?parent=6730"}],"curies":[{"name":"wp","href":"https:\/\/api.w.org\/{rel}","templated":true}]}}