
{"id":6695,"date":"2025-01-03T08:18:45","date_gmt":"2025-01-03T07:18:45","guid":{"rendered":"https:\/\/gminadynow.pl\/?page_id=6695"},"modified":"2026-02-24T11:45:23","modified_gmt":"2026-02-24T10:45:23","slug":"honorowy-patronat-wojta-gminy-dynow","status":"publish","type":"page","link":"https:\/\/gminadynow.pl\/index.php\/honorowy-patronat-wojta-gminy-dynow\/","title":{"rendered":"Honorowy patronat W\u00f3jta Gminy Dyn\u00f3w"},"content":{"rendered":"\n<figure class=\"wp-block-image size-large\"><img fetchpriority=\"high\" decoding=\"async\" width=\"1024\" height=\"136\" src=\"https:\/\/gminadynow.pl\/wp-content\/uploads\/2025\/01\/Honorowy-patronat-Wojta-Gminy-Dynow-1024x136.png\" alt=\"\" class=\"wp-image-6697\" srcset=\"https:\/\/gminadynow.pl\/wp-content\/uploads\/2025\/01\/Honorowy-patronat-Wojta-Gminy-Dynow-1024x136.png 1024w, https:\/\/gminadynow.pl\/wp-content\/uploads\/2025\/01\/Honorowy-patronat-Wojta-Gminy-Dynow-300x40.png 300w, https:\/\/gminadynow.pl\/wp-content\/uploads\/2025\/01\/Honorowy-patronat-Wojta-Gminy-Dynow-768x102.png 768w, https:\/\/gminadynow.pl\/wp-content\/uploads\/2025\/01\/Honorowy-patronat-Wojta-Gminy-Dynow-1536x204.png 1536w, https:\/\/gminadynow.pl\/wp-content\/uploads\/2025\/01\/Honorowy-patronat-Wojta-Gminy-Dynow.png 1878w\" sizes=\"(max-width: 1024px) 100vw, 1024px\" \/><\/figure>\n\n\n\n<figure class=\"wp-block-gallery has-nested-images columns-default is-cropped wp-block-gallery-1 is-layout-flex wp-block-gallery-is-layout-flex\"><\/figure>\n\n\n\n<p>Honorowy Patronat W\u00f3jta jest wyr\u00f3\u017cnieniem podkre\u015blaj\u0105cym szczeg\u00f3lny charakter przedsi\u0119wzi\u0119cia.<\/p>\n\n\n\n<p>Wyr\u00f3\u017cnieniem tym obejmowane s\u0105 przedsi\u0119wzi\u0119cia o&nbsp;zasi\u0119gu lokalnym, regionalnym i&nbsp;og\u00f3lnopolskim, kt\u00f3rych tematyka zbie\u017cna jest z&nbsp;zadaniami Gminy b\u0105d\u017a ma istotne znaczenie dla jej promocji.<\/p>\n\n\n\n<p>Patronat nie jest przyznawany przedsi\u0119wzi\u0119ciom o&nbsp;charakterze zarobkowym oraz budz\u0105cym w\u0105tpliwo\u015bci co do zgodno\u015bci z&nbsp;zasadami etyki.<\/p>\n\n\n\n<p>Przyznanie Patronatu nie oznacza obligatoryjnie wsparcia rzeczowego lub organizacyjnego lecz o&nbsp;tak\u0105 pomoc Organizator mo\u017ce wnioskowa\u0107.<\/p>\n\n\n\n<p><span style=\"color: #0693e3;\" class=\"stk-highlight\">Do pobrania:<\/span><\/p>\n\n\n\n<p>Regulamin<\/p>\n\n\n\n<p><a href=\"https:\/\/gminadynow.pl\/wp-content\/uploads\/2025\/01\/wzor__honorowy_patronat-klauzula_3_.doc\">Wniosek<\/a><\/p>\n\n\n\n<p><a href=\"https:\/\/gminadynow.pl\/wp-content\/uploads\/2025\/01\/Honorowy-patronat-Wojta-Gminy-Dynow.png\">Logo patronatu<\/a><\/p>\n\n\n\n<p><a href=\"https:\/\/gminadynow.pl\/wp-content\/uploads\/2020\/10\/cropped-herb_1-e1735892975488.png\">Herb<\/a><\/p>\n\n\n\n<p><\/p>\n","protected":false},"excerpt":{"rendered":"<p>Honorowy Patronat W\u00f3jta jest wyr\u00f3\u017cnieniem podkre\u015blaj\u0105cym szczeg\u00f3lny charakter przedsi\u0119wzi\u0119cia. Wyr\u00f3\u017cnieniem tym obejmowane s\u0105 przedsi\u0119wzi\u0119cia o&nbsp;zasi\u0119gu lokalnym, regionalnym i&nbsp;og\u00f3lnopolskim, kt\u00f3rych tematyka zbie\u017cna jest z&nbsp;zadaniami Gminy b\u0105d\u017a ma istotne znaczenie dla jej promocji. Patronat nie jest przyznawany przedsi\u0119wzi\u0119ciom o&nbsp;charakterze zarobkowym oraz budz\u0105cym w\u0105tpliwo\u015bci co do zgodno\u015bci z&nbsp;zasadami etyki. Przyznanie Patronatu nie oznacza obligatoryjnie wsparcia rzeczowego lub organizacyjnego [&hellip;]<\/p>\n","protected":false},"author":2,"featured_media":0,"parent":0,"menu_order":0,"comment_status":"closed","ping_status":"closed","template":"","meta":{"footnotes":""},"class_list":["post-6695","page","type-page","status-publish","hentry"],"featured_image_urls_v2":{"full":"","thumbnail":"","medium":"","medium_large":"","large":"","1536x1536":"","2048x2048":""},"post_excerpt_stackable_v2":"<p>Honorowy Patronat W\u00f3jta jest wyr\u00f3\u017cnieniem podkre\u015blaj\u0105cym szczeg\u00f3lny charakter przedsi\u0119wzi\u0119cia. Wyr\u00f3\u017cnieniem tym obejmowane s\u0105 przedsi\u0119wzi\u0119cia o&nbsp;zasi\u0119gu lokalnym, regionalnym i&nbsp;og\u00f3lnopolskim, kt\u00f3rych tematyka zbie\u017cna jest z&nbsp;zadaniami Gminy b\u0105d\u017a ma istotne znaczenie dla jej promocji. Patronat nie jest przyznawany przedsi\u0119wzi\u0119ciom o&nbsp;charakterze zarobkowym oraz budz\u0105cym w\u0105tpliwo\u015bci co do zgodno\u015bci z&nbsp;zasadami etyki. Przyznanie Patronatu nie oznacza obligatoryjnie wsparcia rzeczowego lub organizacyjnego lecz o&nbsp;tak\u0105 pomoc Organizator mo\u017ce wnioskowa\u0107. Do pobrania: Regulamin Wniosek Logo patronatu Herb<\/p>\n","category_list_v2":"","author_info_v2":{"name":"Zofia Kalawska","url":"https:\/\/gminadynow.pl\/index.php\/author\/zofiakalawska\/"},"comments_num_v2":"0 comments","rttpg_featured_image_url":null,"rttpg_author":{"display_name":"Zofia Kalawska","author_link":"https:\/\/gminadynow.pl\/index.php\/author\/zofiakalawska\/"},"rttpg_comment":0,"rttpg_category":null,"rttpg_excerpt":"Honorowy Patronat W\u00f3jta jest wyr\u00f3\u017cnieniem podkre\u015blaj\u0105cym szczeg\u00f3lny charakter przedsi\u0119wzi\u0119cia. Wyr\u00f3\u017cnieniem tym obejmowane s\u0105 przedsi\u0119wzi\u0119cia o&nbsp;zasi\u0119gu lokalnym, regionalnym i&nbsp;og\u00f3lnopolskim, kt\u00f3rych tematyka zbie\u017cna jest z&nbsp;zadaniami Gminy b\u0105d\u017a ma istotne znaczenie dla jej promocji. Patronat nie jest przyznawany przedsi\u0119wzi\u0119ciom o&nbsp;charakterze zarobkowym oraz budz\u0105cym w\u0105tpliwo\u015bci co do zgodno\u015bci z&nbsp;zasadami etyki. Przyznanie Patronatu nie oznacza obligatoryjnie wsparcia rzeczowego lub organizacyjnego&hellip;","_links":{"self":[{"href":"https:\/\/gminadynow.pl\/index.php\/wp-json\/wp\/v2\/pages\/6695","targetHints":{"allow":["GET"]}}],"collection":[{"href":"https:\/\/gminadynow.pl\/index.php\/wp-json\/wp\/v2\/pages"}],"about":[{"href":"https:\/\/gminadynow.pl\/index.php\/wp-json\/wp\/v2\/types\/page"}],"author":[{"embeddable":true,"href":"https:\/\/gminadynow.pl\/index.php\/wp-json\/wp\/v2\/users\/2"}],"replies":[{"embeddable":true,"href":"https:\/\/gminadynow.pl\/index.php\/wp-json\/wp\/v2\/comments?post=6695"}],"version-history":[{"count":9,"href":"https:\/\/gminadynow.pl\/index.php\/wp-json\/wp\/v2\/pages\/6695\/revisions"}],"predecessor-version":[{"id":6825,"href":"https:\/\/gminadynow.pl\/index.php\/wp-json\/wp\/v2\/pages\/6695\/revisions\/6825"}],"wp:attachment":[{"href":"https:\/\/gminadynow.pl\/index.php\/wp-json\/wp\/v2\/media?parent=6695"}],"curies":[{"name":"wp","href":"https:\/\/api.w.org\/{rel}","templated":true}]}}