
{"id":6481,"date":"2024-05-08T08:05:00","date_gmt":"2024-05-08T06:05:00","guid":{"rendered":"https:\/\/gminadynow.pl\/?page_id=6481"},"modified":"2026-02-03T11:37:04","modified_gmt":"2026-02-03T10:37:04","slug":"projekty","status":"publish","type":"page","link":"https:\/\/gminadynow.pl\/index.php\/projekty\/","title":{"rendered":"Projekty"},"content":{"rendered":"\n<p class=\"has-text-align-center\" style=\"font-size:30px\"><strong>Projekty<\/strong><\/p>\n\n\n\n<div class=\"wp-block-ugb-accordion ugb-accordion ugb-fa6a22a ugb-accordion--v2 ugb-accordion--design-basic ugb-main-block\" aria-expanded=\"false\"><style>.ugb-fa6a22a .ugb-accordion__title{font-size:16px !important}.ugb-fa6a22a .ugb-inner-block{text-align:left}<\/style><div class=\"ugb-inner-block\"><div class=\"ugb-block-content\"><div class=\"ugb-accordion__item\"><div class=\"ugb-accordion__heading\" role=\"button\" tabindex=\"0\"><h4 class=\"ugb-accordion__title\">Projekt wsp\u00f3\u0142finansowany przez Uni\u0119 Europejsk\u0105 pn \u201ePlatforma e-us\u0142ug publicznych w Gminie Dyn\u00f3w\u201d.<\/h4><svg xmlns=\"http:\/\/www.w3.org\/2000\/svg\" viewBox=\"0 0 20 20\" class=\"ugb-accordion__arrow\" width=\"20\" height=\"20\"><path d=\"M16.7 3.3L10 10 3.3 3.4 0 6.7l10 10v-.1l10-9.9z\"><\/path><\/svg><\/div><div class=\"ugb-accordion__content\" role=\"region\"><div class=\"ugb-accordion__content-inner\">\n<div class=\"wp-block-image\"><figure class=\"aligncenter size-large is-resized\"><img decoding=\"async\" src=\"https:\/\/gminadynow.pl\/wp-content\/uploads\/2024\/10\/Picture-1-1024x87.jpg\" alt=\"\" class=\"wp-image-6486\" width=\"525\" height=\"NaN\" srcset=\"https:\/\/gminadynow.pl\/wp-content\/uploads\/2024\/10\/Picture-1-1024x87.jpg 1024w, https:\/\/gminadynow.pl\/wp-content\/uploads\/2024\/10\/Picture-1-300x25.jpg 300w, https:\/\/gminadynow.pl\/wp-content\/uploads\/2024\/10\/Picture-1-768x65.jpg 768w, https:\/\/gminadynow.pl\/wp-content\/uploads\/2024\/10\/Picture-1-1536x130.jpg 1536w, https:\/\/gminadynow.pl\/wp-content\/uploads\/2024\/10\/Picture-1.jpg 1619w\" sizes=\"(max-width: 1024px) 100vw, 1024px\" \/><\/figure><\/div>\n\n\n\n<p>Gmina Dyn\u00f3w zrealizowa\u0142a projekt wsp\u00f3\u0142finansowany przez Uni\u0119 Europejsk\u0105 pn.&nbsp;<strong>\u201ePlatforma e-us\u0142ug publicznych w Gminie Dyn\u00f3w\u201d<\/strong>.<\/p>\n\n\n\n<p>Celem g\u0142\u00f3wnym projektu by\u0142 rozw\u00f3j spo\u0142ecze\u0144stwa informacyjnego w Gminie Dyn\u00f3w poprzez dostarczenie mieszka\u0144com i podmiotom gospodarczym nowoczesnych i bezpiecznych e-us\u0142ug administracji lokalnej.\u00a0<\/p>\n\n\n\n<p>Przedsi\u0119wzi\u0119cie swoim zakresem obejmowa\u0142o budow\u0119 platformy e-us\u0142ug, cyberbezpiecze\u0144stwo&nbsp;<br>i wdra\u017canie dzia\u0142a\u0144 digitalizacyjnych. Uruchomienie tych us\u0142ug wymaga\u0142o uzupe\u0142nienia zasob\u00f3w teleinformatycznych i technologicznych oraz zastosowania bardziej nowoczesnych, kompleksowych rozwi\u0105za\u0144. Wszystkie te dzia\u0142ania zosta\u0142y zrealizowane w ramach Projektu.<\/p>\n\n\n\n<p>W uj\u0119ciu szczeg\u00f3\u0142owym w Projekcie zrealizowano nast\u0119puj\u0105ce  kluczowe zadania:<\/p>\n\n\n\n<ul class=\"wp-block-list\">\n<li>Zadanie 1. Platforma e-us\u0142ug publicznych, w ramach kt\u00f3rego&nbsp;&nbsp; uruchomiona zosta\u0142a Platforma e-us\u0142ug publicznych z wykorzystaniem Elektronicznego Biura Obs\u0142ugi Mieszka\u0144ca (eBOM);<\/li>\n\n\n\n<li>Zadanie 2. eWoda, w ramach kt\u00f3rego stworzono system pozwalaj\u0105cy m.in. na natychmiastowy dost\u0119p do informacji o odbiorcach, strukturze sieci wodoci\u0105gowej oraz parametrach rozliczania;<\/li>\n\n\n\n<li>Zadanie 3. Cyberbezpiecze\u0144stwo,  wdro\u017cono procesy proceduralno-sprz\u0119towo-programowych, kt\u00f3rych celem jest ochrona danych i system\u00f3w dziedzinowych Urz\u0119du Gminy przed zagro\u017ceniami, jakie nios\u0105 za sob\u0105 miedzy innymi cyberataki lub inne mechanizmy zwi\u0105zane z wyciekiem lub utrat\u0105 danych<\/li>\n\n\n\n<li>Zadanie 4. Digitalizacja zasob\u00f3w GIS, dotycz\u0105ce digitalizacji zasob\u00f3w Gminy, kt\u00f3re w wyniku wsparcia zosta\u0142y przetworzone, przekszta\u0142cone z formy analogowej do zapisu cyfrowego;<\/li>\n\n\n\n<li>Zadanie 5. Platforma sprz\u0119towa, kt\u00f3ra ma na celu zapewnienie sprawnej i niezawodnej komunikacji pomi\u0119dzy elementami zintegrowanego systemu informatycznego celem \u015bwiadczenia e-us\u0142ug publicznych oraz podniesienia poziomu cyberbezpiecze\u0144stwa w Urz\u0119dzie na bazie rozbudowy istniej\u0105cych rozwi\u0105za\u0144 sprz\u0119towych;<\/li>\n\n\n\n<li>Zadanie 6. Szkolenia TIK,  przeprowadzono szkolenia dla pracownik\u00f3w administracji Urz\u0119du z obs\u0142ugi nowo powsta\u0142ych lub ulepszonych w ramach projektu e-us\u0142ug oraz modyfikowanego oprogramowania dziedzinowego, a tak\u017ce szkolenia z obs\u0142ugi pozyskanej infrastruktury teleinformatycznej.<\/li>\n<\/ul>\n\n\n\n<p>W rezultacie realizacji Projektu nast\u0105pi\u0142a integracja obecnie oferowanych e-us\u0142ug, wprowadzenie do oferty Gminy nowych e-us\u0142ug i po\u0142\u0105czenie ca\u0142o\u015bci infrastruktury informatycznej i system\u00f3w dziedzinowych w jeden sp\u00f3jny organizm pozwalaj\u0105cy na efektywne za\u0142atwianie spraw.&nbsp;<\/p>\n\n\n\n<p>Projekt zosta\u0142 zrealizowany zgodnie z harmonogramem<\/p>\n\n\n\n<p>Warto\u015b\u0107 projektu wynios\u0142a 2 959 070,09 z\u0142, w tym wysoko\u015b\u0107 wk\u0142adu Funduszy Europejskich na kwot\u0119 &nbsp;2 508 936,57 z\u0142.<\/p>\n\n\n\n<p>#FunduszeUE<br>#FunduszeEuropejskie<\/p>\n<\/div><\/div><\/div><\/div><\/div><\/div>\n\n\n\n<div class=\"wp-block-ugb-accordion ugb-accordion ugb-4ba0c9a ugb-accordion--v2 ugb-accordion--design-basic ugb-main-block\" aria-expanded=\"false\"><style>.ugb-4ba0c9a .ugb-accordion__title{font-size:16px !important}.ugb-4ba0c9a .ugb-inner-block{text-align:left}<\/style><div class=\"ugb-inner-block\"><div class=\"ugb-block-content\"><div class=\"ugb-accordion__item\"><div class=\"ugb-accordion__heading\" role=\"button\" tabindex=\"0\"><h4 class=\"ugb-accordion__title\">Realizacja programu Youngster Plus w Gminie Dyn\u00f3w<br>w Szkole Podstawowej nr 1 im. Bohater\u00f3w Walk Ch\u0142opskich w Harcie<\/h4><svg xmlns=\"http:\/\/www.w3.org\/2000\/svg\" viewBox=\"0 0 20 20\" class=\"ugb-accordion__arrow\" width=\"20\" height=\"20\"><path d=\"M16.7 3.3L10 10 3.3 3.4 0 6.7l10 10v-.1l10-9.9z\"><\/path><\/svg><\/div><div class=\"ugb-accordion__content\" role=\"region\"><div class=\"ugb-accordion__content-inner\">\n<p><strong>Realizacja programu Youngster Plus w Gminie Dyn\u00f3w<br>w Szkole Podstawowej nr 1 im. Bohater\u00f3w Walk Ch\u0142opskich w Harcie<\/strong><\/p>\n\n\n\n<p>W dniu 7 sierpnia 2024r., Gmina Dyn\u00f3w zawar\u0142a umow\u0119 z Fundacj\u0105 &#8222;Europejski Fundusz Rozwoju Wsi Polskiej &#8211; Counterpart Fund&#8221;, z siedzib\u0105 w Warszawie w ramach programu YOUNGSTER PLUS.<br>Dzi\u0119ki programowi Youngster uczniowie &nbsp;klasy \u00f3smej Szko\u0142y Podstawowej nr 1 im. Bohater\u00f3w Walk Ch\u0142opskich w Harcie b\u0119d\u0105 mogli rozwija\u0107 znajomo\u015b\u0107 &nbsp;j\u0119zyka angielskiego.<strong> Okres realizacji Programu&nbsp; YOUNGSTER&nbsp; PLUS: wrzesie\u0144 2024 r. \u2013 czerwiec 2025 r.<\/strong>&nbsp;<br>Youngster to program wyr\u00f3wnywania szans edukacyjnych m\u0142odzie\u017cy z teren\u00f3w wiejskich poprzez nauk\u0119 j\u0119zyka angielskiego. Dodatkowe zaj\u0119cia j\u0119zykowe, kt\u00f3re s\u0105&nbsp;uzupe\u0142nieniem i rozwini\u0119ciem programu nauczania, s\u0105 skierowane do uczni\u00f3w&nbsp;klas VIII szk\u00f3\u0142 podstawowych.<\/p>\n\n\n\n<p>Celem programu \u201eYOUNGSTER\u201d jest podniesienie wynik\u00f3w uczni\u00f3w na egzaminie \u00f3smoklasisty z j\u0119zyka angielskiego, a tak\u017ce wzrost poczucia w\u0142asnej warto\u015bci i pewno\u015bci siebie w\u015br\u00f3d r\u00f3wie\u015bnik\u00f3w. W rezultacie u\u0142atwia im to dost\u0119p do miejskich szk\u00f3\u0142 ponadpodstawowych.<\/p>\n<\/div><\/div><\/div><\/div><\/div><\/div>\n\n\n\n<div class=\"wp-block-ugb-accordion ugb-accordion ugb-a217bdf ugb-accordion--v2 ugb-accordion--design-basic ugb-main-block\" aria-expanded=\"false\"><style>.ugb-a217bdf .ugb-accordion__title{font-size:16px !important}.ugb-a217bdf .ugb-inner-block{text-align:left}<\/style><div class=\"ugb-inner-block\"><div class=\"ugb-block-content\"><div class=\"ugb-accordion__item\"><div class=\"ugb-accordion__heading\" role=\"button\" tabindex=\"0\"><h4 class=\"ugb-accordion__title\" role=\"heading\" aria-level=\"3\">Dofinansowanie ze \u015brodk\u00f3w Funduszu Edukacji Finansowej \u201eLekcje o finansach\u201d &#8211; edycja 2024<\/h4><svg viewbox=\"0 0 20 20\" xmlns=\"http:\/\/www.w3.org\/2000\/svg\" class=\"ugb-accordion__arrow\" width=\"20\" height=\"20\"><path d=\"M16.7 3.3L10 10 3.3 3.4 0 6.7l10 10v-.1l10-9.9z\"><\/path><\/svg><\/div><div class=\"ugb-accordion__content\" role=\"region\"><div class=\"ugb-accordion__content-inner\">\n\n<p><strong>Dofinansowanie ze \u015brodk\u00f3w Funduszu Edukacji Finansowej<\/strong> <strong>\u201eLekcje o finansach\u201d &#8211; edycja 2024<\/strong><\/p>\n\n\n<figure class=\"wp-block-image size-large is-resized\"><img decoding=\"async\" src=\"https:\/\/gminadynow.pl\/wp-content\/uploads\/2024\/10\/Obraz1.jpg\" alt=\"\" class=\"wp-image-6510\" width=\"219\" height=\"97\" srcset=\"https:\/\/gminadynow.pl\/wp-content\/uploads\/2024\/10\/Obraz1.jpg 869w, https:\/\/gminadynow.pl\/wp-content\/uploads\/2024\/10\/Obraz1-300x134.jpg 300w, https:\/\/gminadynow.pl\/wp-content\/uploads\/2024\/10\/Obraz1-768x342.jpg 768w\" sizes=\"(max-width: 219px) 100vw, 219px\" \/><\/figure>\n\n\n<p><em>Dofinansowano ze \u015brodk\u00f3w Funduszu Edukacji Finansowej, kt\u00f3rego dysponentem jest Minister Finans\u00f3w<\/em><\/p>\n\n\n<p><strong>Gmina Dyn\u00f3w<\/strong> uzyska\u0142a dofinansowanie wysoko\u015bci <strong>50&nbsp;000,00 z\u0142<\/strong>&nbsp; na realizacj\u0119 zadania polegaj\u0105cego na przygotowaniu i&nbsp;przeprowadzeniu zaj\u0119\u0107 lekcyjnych oraz wycieczek edukacyjnych w&nbsp;2024 roku w&nbsp;ramach Programu <strong>&#8222;Lekcje o&nbsp;finansach&#8221; \u2013 edycja 2024, ustanowionego przez Ministra Finans\u00f3w.<\/strong><\/p>\n\n\n<p><strong>Ca\u0142kowita warto\u015b\u0107 zadania<\/strong>: <strong>62&nbsp;500,00 z\u0142<\/strong><\/p>\n\n\n<p><strong>Kwota dofinansowania ze&nbsp;\u015brodk\u00f3w Funduszu Edukacji Finansowej:<\/strong> <strong>50&nbsp;000,00 z\u0142<\/strong><\/p>\n\n\n<p><strong>Wk\u0142ad w\u0142asny (Gmina Dyn\u00f3w)<\/strong>: <strong>12 500,00 z\u0142<\/strong><\/p>\n\n\n<p><strong>Termin realizacji zadania: 15 listopada 2024 rok<\/strong><\/p>\n\n\n<p>Celem Programu jest wsparcie realizacji dzia\u0142a\u0144 z zakresu edukacji finansowej polegaj\u0105cych na przeprowadzeniu, w\u015br\u00f3d uczni\u00f3w szk\u00f3\u0142 podstawowych, zaj\u0119\u0107 lekcyjnych z zakresu szeroko rozumianych finans\u00f3w.<\/p>\n\n\n<p>W ramach dofinansowania szko\u0142y zorganizuj\u0105 zaj\u0119cia lekcyjne o&nbsp;tematyce finansowej<br>i wycieczki edukacyjne obejmuj\u0105ce w&nbsp;swoim programie tre\u015bci z&nbsp;zakresu finans\u00f3w.<\/p>\n\n\n<p>Z\u0142o\u017cono <strong>3<\/strong> <strong>wnioski<\/strong>, z&nbsp;czego <strong>3 wnioski<\/strong> uzyska\u0142y ocen\u0119 pozytywn\u0105:<\/p>\n\n\n<ol class=\"wp-block-list\" type=\"1\"><li><strong>Szko\u0142a Podstawowa w Bach\u00f3rzu <\/strong>&#8211; 2 wnioski;<\/li><\/ol>\n\n\n<p>wycieczka jednodniowa do Krakowa oraz wycieczka &nbsp;dwudniowa do Warszawy, \u0142\u0105czna kwota dofinansowania: <strong>30&nbsp;000,00 z\u0142<\/strong>,<\/p>\n\n\n<ol class=\"wp-block-list\" type=\"1\" start=\"2\"><li><strong>Szko\u0142a Podstawowa w \u0141ubnie<\/strong> \u2013 1 wniosek: wycieczka dwudniowa do Warszawy, kwota dofinansowania: <strong>20&nbsp;000,00 z\u0142<\/strong>,<\/li><\/ol>\n\n<\/div><\/div><\/div><\/div><\/div><\/div>\n\n\n\n<p><\/p>\n","protected":false},"excerpt":{"rendered":"<p>Projekty Gmina Dyn\u00f3w zrealizowa\u0142a projekt wsp\u00f3\u0142finansowany przez Uni\u0119 Europejsk\u0105 pn.&nbsp;\u201ePlatforma e-us\u0142ug publicznych w Gminie Dyn\u00f3w\u201d. Celem g\u0142\u00f3wnym projektu by\u0142 rozw\u00f3j spo\u0142ecze\u0144stwa informacyjnego w Gminie Dyn\u00f3w poprzez dostarczenie mieszka\u0144com i podmiotom gospodarczym nowoczesnych i bezpiecznych e-us\u0142ug administracji lokalnej.\u00a0 Przedsi\u0119wzi\u0119cie swoim zakresem obejmowa\u0142o budow\u0119 platformy e-us\u0142ug, cyberbezpiecze\u0144stwo&nbsp;i wdra\u017canie dzia\u0142a\u0144 digitalizacyjnych. Uruchomienie tych us\u0142ug wymaga\u0142o uzupe\u0142nienia zasob\u00f3w teleinformatycznych [&hellip;]<\/p>\n","protected":false},"author":1,"featured_media":0,"parent":0,"menu_order":0,"comment_status":"closed","ping_status":"closed","template":"","meta":{"footnotes":""},"class_list":["post-6481","page","type-page","status-publish","hentry"],"featured_image_urls_v2":{"full":"","thumbnail":"","medium":"","medium_large":"","large":"","1536x1536":"","2048x2048":""},"post_excerpt_stackable_v2":"<p>Projekty Projekt wsp\u00f3\u0142finansowany przez Uni\u0119 Europejsk\u0105 pn \u201ePlatforma e-us\u0142ug publicznych w Gminie Dyn\u00f3w\u201d. Gmina Dyn\u00f3w zrealizowa\u0142a projekt wsp\u00f3\u0142finansowany przez Uni\u0119 Europejsk\u0105 pn.&nbsp;\u201ePlatforma e-us\u0142ug publicznych w Gminie Dyn\u00f3w\u201d. Celem g\u0142\u00f3wnym projektu by\u0142 rozw\u00f3j spo\u0142ecze\u0144stwa informacyjnego w Gminie Dyn\u00f3w poprzez dostarczenie mieszka\u0144com i podmiotom gospodarczym nowoczesnych i bezpiecznych e-us\u0142ug administracji lokalnej.\u00a0 Przedsi\u0119wzi\u0119cie swoim zakresem obejmowa\u0142o budow\u0119 platformy e-us\u0142ug, cyberbezpiecze\u0144stwo&nbsp;i wdra\u017canie dzia\u0142a\u0144 digitalizacyjnych. Uruchomienie tych us\u0142ug wymaga\u0142o uzupe\u0142nienia zasob\u00f3w teleinformatycznych i technologicznych oraz zastosowania bardziej nowoczesnych, kompleksowych rozwi\u0105za\u0144. Wszystkie te dzia\u0142ania zosta\u0142y zrealizowane w ramach Projektu. W uj\u0119ciu szczeg\u00f3\u0142owym w Projekcie zrealizowano nast\u0119puj\u0105ce kluczowe zadania: Zadanie 1. Platforma e-us\u0142ug publicznych, w ramach kt\u00f3rego&nbsp;&nbsp;&hellip;<\/p>\n","category_list_v2":"","author_info_v2":{"name":"admin","url":"https:\/\/gminadynow.pl\/index.php\/author\/admin\/"},"comments_num_v2":"0 comments","rttpg_featured_image_url":null,"rttpg_author":{"display_name":"admin","author_link":"https:\/\/gminadynow.pl\/index.php\/author\/admin\/"},"rttpg_comment":0,"rttpg_category":null,"rttpg_excerpt":"Projekty Gmina Dyn\u00f3w zrealizowa\u0142a projekt wsp\u00f3\u0142finansowany przez Uni\u0119 Europejsk\u0105 pn.&nbsp;\u201ePlatforma e-us\u0142ug publicznych w Gminie Dyn\u00f3w\u201d. Celem g\u0142\u00f3wnym projektu by\u0142 rozw\u00f3j spo\u0142ecze\u0144stwa informacyjnego w Gminie Dyn\u00f3w poprzez dostarczenie mieszka\u0144com i podmiotom gospodarczym nowoczesnych i bezpiecznych e-us\u0142ug administracji lokalnej.\u00a0 Przedsi\u0119wzi\u0119cie swoim zakresem obejmowa\u0142o budow\u0119 platformy e-us\u0142ug, cyberbezpiecze\u0144stwo&nbsp;i wdra\u017canie dzia\u0142a\u0144 digitalizacyjnych. Uruchomienie tych us\u0142ug wymaga\u0142o uzupe\u0142nienia zasob\u00f3w teleinformatycznych&hellip;","_links":{"self":[{"href":"https:\/\/gminadynow.pl\/index.php\/wp-json\/wp\/v2\/pages\/6481","targetHints":{"allow":["GET"]}}],"collection":[{"href":"https:\/\/gminadynow.pl\/index.php\/wp-json\/wp\/v2\/pages"}],"about":[{"href":"https:\/\/gminadynow.pl\/index.php\/wp-json\/wp\/v2\/types\/page"}],"author":[{"embeddable":true,"href":"https:\/\/gminadynow.pl\/index.php\/wp-json\/wp\/v2\/users\/1"}],"replies":[{"embeddable":true,"href":"https:\/\/gminadynow.pl\/index.php\/wp-json\/wp\/v2\/comments?post=6481"}],"version-history":[{"count":19,"href":"https:\/\/gminadynow.pl\/index.php\/wp-json\/wp\/v2\/pages\/6481\/revisions"}],"predecessor-version":[{"id":7700,"href":"https:\/\/gminadynow.pl\/index.php\/wp-json\/wp\/v2\/pages\/6481\/revisions\/7700"}],"wp:attachment":[{"href":"https:\/\/gminadynow.pl\/index.php\/wp-json\/wp\/v2\/media?parent=6481"}],"curies":[{"name":"wp","href":"https:\/\/api.w.org\/{rel}","templated":true}]}}