
{"id":44,"date":"2020-10-17T11:50:22","date_gmt":"2020-10-17T11:50:22","guid":{"rendered":"http:\/\/gminadynow.pl\/?page_id=44"},"modified":"2021-01-04T19:20:41","modified_gmt":"2021-01-04T18:20:41","slug":"wladze-gminy","status":"publish","type":"page","link":"https:\/\/gminadynow.pl\/index.php\/wladze-gminy\/","title":{"rendered":"W\u0142adze gminy"},"content":{"rendered":"<p><strong>W\u00f3jt Gminy Dyn\u00f3w<\/strong><br \/>\nmgr Wojciech Piech<br \/>\npok. 16, tel. (17) 23 00 114<\/p>\n<p><strong>Sekretarz<\/strong><br \/>\nmgr Zofia Kalawska<br \/>\npok. 15, tel. (17) 23 00 115<\/p>\n<p><strong>Skarbnik<\/strong><br \/>\nmgr in\u017c. Wojciech Cymbalista<br \/>\npok. 18, tel. (17) 23 00 118<\/p>\n","protected":false},"excerpt":{"rendered":"<p>W\u00f3jt Gminy Dyn\u00f3w mgr Wojciech Piech pok. 16, tel. (17) 23 00 114 Sekretarz mgr Zofia Kalawska pok. 15, tel. (17) 23 00 115 Skarbnik mgr in\u017c. Wojciech Cymbalista pok. 18, tel. (17) 23 00 118<\/p>\n","protected":false},"author":1,"featured_media":0,"parent":0,"menu_order":0,"comment_status":"closed","ping_status":"closed","template":"","meta":{"footnotes":""},"class_list":["post-44","page","type-page","status-publish","hentry"],"featured_image_urls_v2":{"full":"","thumbnail":"","medium":"","medium_large":"","large":"","1536x1536":"","2048x2048":""},"post_excerpt_stackable_v2":"<p>W\u00f3jt Gminy Dyn\u00f3w mgr Wojciech Piech pok. 16, tel. (17) 23 00 114 Sekretarz mgr Zofia Kalawska pok. 15, tel. (17) 23 00 115 Skarbnik mgr in\u017c. Wojciech Cymbalista pok. 18, tel. (17) 23 00 118<\/p>\n","category_list_v2":"","author_info_v2":{"name":"admin","url":"https:\/\/gminadynow.pl\/index.php\/author\/admin\/"},"comments_num_v2":"0 comments","rttpg_featured_image_url":null,"rttpg_author":{"display_name":"admin","author_link":"https:\/\/gminadynow.pl\/index.php\/author\/admin\/"},"rttpg_comment":0,"rttpg_category":null,"rttpg_excerpt":"W\u00f3jt Gminy Dyn\u00f3w mgr Wojciech Piech pok. 16, tel. (17) 23 00 114 Sekretarz mgr Zofia Kalawska pok. 15, tel. (17) 23 00 115 Skarbnik mgr in\u017c. Wojciech Cymbalista pok. 18, tel. (17) 23 00 118","_links":{"self":[{"href":"https:\/\/gminadynow.pl\/index.php\/wp-json\/wp\/v2\/pages\/44","targetHints":{"allow":["GET"]}}],"collection":[{"href":"https:\/\/gminadynow.pl\/index.php\/wp-json\/wp\/v2\/pages"}],"about":[{"href":"https:\/\/gminadynow.pl\/index.php\/wp-json\/wp\/v2\/types\/page"}],"author":[{"embeddable":true,"href":"https:\/\/gminadynow.pl\/index.php\/wp-json\/wp\/v2\/users\/1"}],"replies":[{"embeddable":true,"href":"https:\/\/gminadynow.pl\/index.php\/wp-json\/wp\/v2\/comments?post=44"}],"version-history":[{"count":5,"href":"https:\/\/gminadynow.pl\/index.php\/wp-json\/wp\/v2\/pages\/44\/revisions"}],"predecessor-version":[{"id":1148,"href":"https:\/\/gminadynow.pl\/index.php\/wp-json\/wp\/v2\/pages\/44\/revisions\/1148"}],"wp:attachment":[{"href":"https:\/\/gminadynow.pl\/index.php\/wp-json\/wp\/v2\/media?parent=44"}],"curies":[{"name":"wp","href":"https:\/\/api.w.org\/{rel}","templated":true}]}}