
{"id":4062,"date":"2022-07-21T13:22:55","date_gmt":"2022-07-21T11:22:55","guid":{"rendered":"http:\/\/gminadynow.pl\/?page_id=4062"},"modified":"2022-09-10T17:21:27","modified_gmt":"2022-09-10T15:21:27","slug":"przeniesienie-decyzji-o-warunkach-zabudowy","status":"publish","type":"page","link":"https:\/\/gminadynow.pl\/index.php\/przeniesienie-decyzji-o-warunkach-zabudowy\/","title":{"rendered":"Przeniesienie decyzji o warunkach zabudowy"},"content":{"rendered":"\n<h2 class=\"is-style-heading-services wp-block-heading\">Miejsce za\u0142atwienia sprawy<\/h2>\n\n\n\n<p>Referat Inwestycji, Infrastruktury Komunalnej, Promocji i Funduszy<\/p>\n\n\n\n<p>Anna B\u0142o\u0144ska<br>Pok\u00f3j nr 23<br>tel.: 17&nbsp;230 01 23<br>e-mail: blonska@dynow.regiony.pl<\/p>\n\n\n\n<h2 class=\"is-style-heading-services wp-block-heading\">Wymagane dokumenty<\/h2>\n\n\n\n<p><strong>Wymagane:<\/strong><\/p>\n\n\n\n<ol class=\"wp-block-list\"><li>Wniosek,<\/li><li>Kopia wydanej decyzji o warunkach zabudowy,<\/li><li>O\u015bwiadczenia strony na rzecz, kt\u00f3rej wydana zosta\u0142a decyzja o&nbsp;warunkach zabudowy (zgoda na przeniesienie decyzji o warunkach zabudowy),<\/li><li>Potwierdzenie wniesienia op\u0142aty skarbowej za przeniesienie decyzji o warunkach zabudowy &#8211; 56 z\u0142.<\/li><\/ol>\n\n\n\n<div class=\"wp-block-group is-style-info\"><div class=\"wp-block-group__inner-container is-layout-flow wp-block-group-is-layout-flow\">\n<p class=\"is-style-default\"><strong>Dodatkowe\u00a0(nale\u017cy za\u0142\u0105czy\u0107 w razie potrzeby):<\/strong><\/p>\n\n\n\n<ol class=\"wp-block-list\"><li><em>Pe\u0142nomocnictwo\u00a0(w przypadku ustanowienia osoby do wyst\u0119powania w imieniu inwestora).<\/em><\/li><\/ol>\n<\/div><\/div>\n\n\n\n<h2 class=\"is-style-heading-services wp-block-heading\">Op\u0142aty<\/h2>\n\n\n\n<p>&#8211; op\u0142ata skarbowa:&nbsp;56 z\u0142, p\u0142atna z chwil\u0105 z\u0142o\u017cenia wniosku o&nbsp;przeniesienie decyzji;<\/p>\n\n\n\n<p>&#8211; op\u0142ata skarbowa:&nbsp;17 z\u0142,&nbsp;p\u0142atna z chwil\u0105 z\u0142o\u017cenia dokumentu stwierdzaj\u0105cego udzielenie pe\u0142nomocnictwa.<\/p>\n\n\n\n<p>Op\u0142aty mo\u017cna dokona\u0107 w kasie Urz\u0119du Gminy Dyn\u00f3w lub na rachunek Urz\u0119du w BS Dyn\u00f3w: <strong>21 9093 0007 2001 0000 2365 0030<\/strong><\/p>\n\n\n\n<h2 class=\"is-style-heading-services wp-block-heading\">Podstawa prawna<\/h2>\n\n\n\n<p>Art. 104 ustawy z dnia 14 czerwca 1960 r. \u2013 Kodeks Post\u0119powania Administracyjnego \/Dz. U. z 2020r., poz. 256 ze zm.\/ oraz art. 59, art. 60, art. 61 ustawy z dnia 27 marca 2003 roku o planowaniu i&nbsp;zagospodarowaniu przestrzennym \/Dz. U. z 2020r., poz. 293 ze zm.\/.<\/p>\n\n\n\n<h2 class=\"is-style-heading-services wp-block-heading\">Termin realizacji<\/h2>\n\n\n\n<p>Decyzj\u0119 wydaje si\u0119 bez zb\u0119dnej zw\u0142oki zgodnie z Kodeksem Post\u0119powania Administracyjnego. Termin uzale\u017cniony jest od rodzaju inwestycji (stopnia ich skomplikowania) oraz termin\u00f3w, w&nbsp;jakich dokonane zostan\u0105 uzgodnienia projektu decyzji z innymi organami wsp\u00f3\u0142dzia\u0142aj\u0105cymi.<\/p>\n\n\n\n<h2 class=\"is-style-heading-services wp-block-heading\">Tryb odwo\u0142awczy<\/h2>\n\n\n\n<p>Od decyzji o przeniesieniu decyzji o warunkach zabudowy przys\u0142uguje prawo wniesienia odwo\u0142ania do Samorz\u0105dowego Kolegium Odwo\u0142awczego w Rzeszowie za po\u015brednictwem W\u00f3jta Gminy Dyn\u00f3w, w terminie 14 dni od daty jej dor\u0119czenia.<\/p>\n\n\n\n<h2 class=\"is-style-heading-services wp-block-heading\">Informacje dodatkowe<\/h2>\n\n\n\n<p class=\"is-style-info\">W przypadku braku kompletu wymaganych dokument\u00f3w wnioskodawca zostanie wezwany do ich uzupe\u0142nienia.<\/p>\n\n\n\n<p><\/p>\n\n\n\n<p><\/p>\n","protected":false},"excerpt":{"rendered":"<p>Miejsce za\u0142atwienia sprawy Referat Inwestycji, Infrastruktury Komunalnej, Promocji i Funduszy Anna B\u0142o\u0144skaPok\u00f3j nr 23tel.: 17&nbsp;230 01 23e-mail: blonska@dynow.regiony.pl Wymagane dokumenty Wymagane: Wniosek, Kopia wydanej decyzji o warunkach zabudowy, O\u015bwiadczenia strony na rzecz, kt\u00f3rej wydana zosta\u0142a decyzja o&nbsp;warunkach zabudowy (zgoda na przeniesienie decyzji o warunkach zabudowy), Potwierdzenie wniesienia op\u0142aty skarbowej za przeniesienie decyzji o warunkach zabudowy [&hellip;]<\/p>\n","protected":false},"author":1,"featured_media":0,"parent":0,"menu_order":0,"comment_status":"closed","ping_status":"closed","template":"artykul-karty-uslug.php","meta":{"footnotes":""},"class_list":["post-4062","page","type-page","status-publish","hentry"],"featured_image_urls_v2":{"full":"","thumbnail":"","medium":"","medium_large":"","large":"","1536x1536":"","2048x2048":""},"post_excerpt_stackable_v2":"<p>Miejsce za\u0142atwienia sprawy Referat Inwestycji, Infrastruktury Komunalnej, Promocji i Funduszy Anna B\u0142o\u0144skaPok\u00f3j nr 23tel.: 17&nbsp;230 01 23e-mail: blonska@dynow.regiony.pl Wymagane dokumenty Wymagane: Wniosek,Kopia wydanej decyzji o warunkach zabudowy,O\u015bwiadczenia strony na rzecz, kt\u00f3rej wydana zosta\u0142a decyzja o&nbsp;warunkach zabudowy (zgoda na przeniesienie decyzji o warunkach zabudowy),Potwierdzenie wniesienia op\u0142aty skarbowej za przeniesienie decyzji o warunkach zabudowy &#8211; 56 z\u0142. Dodatkowe\u00a0(nale\u017cy za\u0142\u0105czy\u0107 w razie potrzeby): Pe\u0142nomocnictwo\u00a0(w przypadku ustanowienia osoby do wyst\u0119powania w imieniu inwestora). Op\u0142aty &#8211; op\u0142ata skarbowa:&nbsp;56 z\u0142, p\u0142atna z chwil\u0105 z\u0142o\u017cenia wniosku o&nbsp;przeniesienie decyzji; &#8211; op\u0142ata skarbowa:&nbsp;17 z\u0142,&nbsp;p\u0142atna z chwil\u0105 z\u0142o\u017cenia dokumentu stwierdzaj\u0105cego udzielenie pe\u0142nomocnictwa. Op\u0142aty mo\u017cna dokona\u0107 w kasie Urz\u0119du Gminy Dyn\u00f3w&hellip;<\/p>\n","category_list_v2":"","author_info_v2":{"name":"admin","url":"https:\/\/gminadynow.pl\/index.php\/author\/admin\/"},"comments_num_v2":"0 comments","rttpg_featured_image_url":null,"rttpg_author":{"display_name":"admin","author_link":"https:\/\/gminadynow.pl\/index.php\/author\/admin\/"},"rttpg_comment":0,"rttpg_category":null,"rttpg_excerpt":"Miejsce za\u0142atwienia sprawy Referat Inwestycji, Infrastruktury Komunalnej, Promocji i Funduszy Anna B\u0142o\u0144skaPok\u00f3j nr 23tel.: 17&nbsp;230 01 23e-mail: blonska@dynow.regiony.pl Wymagane dokumenty Wymagane: Wniosek, Kopia wydanej decyzji o warunkach zabudowy, O\u015bwiadczenia strony na rzecz, kt\u00f3rej wydana zosta\u0142a decyzja o&nbsp;warunkach zabudowy (zgoda na przeniesienie decyzji o warunkach zabudowy), Potwierdzenie wniesienia op\u0142aty skarbowej za przeniesienie decyzji o warunkach zabudowy&hellip;","_links":{"self":[{"href":"https:\/\/gminadynow.pl\/index.php\/wp-json\/wp\/v2\/pages\/4062","targetHints":{"allow":["GET"]}}],"collection":[{"href":"https:\/\/gminadynow.pl\/index.php\/wp-json\/wp\/v2\/pages"}],"about":[{"href":"https:\/\/gminadynow.pl\/index.php\/wp-json\/wp\/v2\/types\/page"}],"author":[{"embeddable":true,"href":"https:\/\/gminadynow.pl\/index.php\/wp-json\/wp\/v2\/users\/1"}],"replies":[{"embeddable":true,"href":"https:\/\/gminadynow.pl\/index.php\/wp-json\/wp\/v2\/comments?post=4062"}],"version-history":[{"count":13,"href":"https:\/\/gminadynow.pl\/index.php\/wp-json\/wp\/v2\/pages\/4062\/revisions"}],"predecessor-version":[{"id":4613,"href":"https:\/\/gminadynow.pl\/index.php\/wp-json\/wp\/v2\/pages\/4062\/revisions\/4613"}],"wp:attachment":[{"href":"https:\/\/gminadynow.pl\/index.php\/wp-json\/wp\/v2\/media?parent=4062"}],"curies":[{"name":"wp","href":"https:\/\/api.w.org\/{rel}","templated":true}]}}