
{"id":2959,"date":"2021-11-09T21:55:29","date_gmt":"2021-11-09T20:55:29","guid":{"rendered":"http:\/\/gminadynow.pl\/?page_id=2959"},"modified":"2021-11-16T23:16:11","modified_gmt":"2021-11-16T22:16:11","slug":"informacja-dla-mieszkancow","status":"publish","type":"page","link":"https:\/\/gminadynow.pl\/index.php\/informacja-dla-mieszkancow\/","title":{"rendered":"Informacja dla mieszka\u0144c\u00f3w"},"content":{"rendered":"\n<p class=\"has-text-align-center\" style=\"font-size:30px\"><strong>Informacja dla mieszka\u0144c\u00f3w<\/strong><\/p>\n\n\n\n<div class=\"wp-block-ugb-accordion ugb-accordion ugb-1292eae ugb-accordion--v2 ugb-accordion--design-basic ugb-main-block\" aria-expanded=\"false\" id=\"\"><div class=\"ugb-inner-block\"><div class=\"ugb-block-content\"><div class=\"ugb-accordion__item\"><div class=\"ugb-accordion__heading\" role=\"button\" tabindex=\"0\"><h4 class=\"ugb-accordion__title\" role=\"heading\" aria-level=\"3\">Potwierdzanie um\u00f3w dzier\u017caw<\/h4><svg viewbox=\"0 0 20 20\" xmlns=\"http:\/\/www.w3.org\/2000\/svg\" class=\"ugb-accordion__arrow\" width=\"20\" height=\"20\"><path d=\"M16.7 3.3L10 10 3.3 3.4 0 6.7l10 10v-.1l10-9.9z\"><\/path><\/svg><\/div><div class=\"ugb-accordion__content\" role=\"region\"><div class=\"ugb-accordion__content-inner\">\n<p>W\u00f3jt Gminy Dyn\u00f3w informuje, \u017ce&nbsp;od dnia <strong>31 lipca 2020 r<\/strong>.&nbsp;wesz\u0142y w \u017cycie przepisy nak\u0142adaj\u0105ce na w\u00f3jt\u00f3w, (burmistrz\u00f3w, prezydent\u00f3w miast)&nbsp;nowe obowi\u0105zki polegaj\u0105ce na potwierdzaniu zawartych um\u00f3w dzier\u017cawy&nbsp;w trybie przepis\u00f3w ustawy z dnia 20 grudnia 1990 r. o ubezpieczeniu spo\u0142ecznym rolnik\u00f3w (tj. Dz.U. 2020, poz.174).&nbsp;Dzia\u0142aj\u0105c na mocy tej ustawy W\u00f3jt Gminy Dyn\u00f3w, b\u0119dzie potwierdza\u0142 zawarte co najmniej na 10 lat umowy dla cel\u00f3w: <strong>spe\u0142nienia przez emeryta lub rencist\u0119 warunku zaprzestania prowadzenia produkcji rolniczej, je\u017celi jednocze\u015bnie nie chce on wyzby\u0107 si\u0119 w\u0142asno\u015bci gospodarstwa rolnego (dzier\u017cawa na 10 lat) <\/strong>\u2013 art. 28 ust.4;<em>zawarcia umowy dzier\u017cawy celem obj\u0119cia dzier\u017cawcy ubezpieczeniem w KRUS &#8211; art. 38 pkt 1.<\/em><\/p>\n\n\n\n<p><br>W celu uzyskania potwierdzenia zawarcia umowy nale\u017cy z\u0142o\u017cy\u0107 do Urz\u0119du Gminy Dyn\u00f3w pok.nr 10 wniosek wraz z podpisan\u0105 umow\u0105 dzier\u017cawy.<\/p>\n\n\n\n<ol class=\"wp-block-list\"><li>Odbioru potwierdzonej umowy dzier\u017cawy dokonuje osobi\u015bcie wnioskodawca lub osoba posiadaj\u0105ca pisemne pe\u0142nomocnictwo do odbioru.<\/li><li>Odbi\u00f3r potwierdzonej umowy dzier\u017cawy nast\u0119puje w pokoju nr 10 Urz\u0119du Gminy Dyn\u00f3w<\/li><li>Termin za\u0142atwienia sprawy do 7 dni.<\/li><li>Potwierdzenie zawarcia umowy jest zwolnione z op\u0142aty skarbowej na podstawie art. 2 ust. 1 pkt 1 ustawy z dnia 16 listopada 2006 r. o op\u0142acie skarbowej (tj. Dz.U.2019, poz. 1000 ze zm.).<\/li><\/ol>\n\n\n\n<p class=\"info\">UWAGA:<br>Na podstawie ww. przepis\u00f3w w\u00f3jtowie dokonuj\u0105 tylko potwierdzenia zawarcia umowy, zatem nie potwierdzaj\u0105 faktu rozwi\u0105zania lub wyga\u015bni\u0119cia umowy dzier\u017cawy, nie sporz\u0105dzaj\u0105 umowy dzier\u017cawy i nie po\u015bwiadczaj\u0105 w\u0142asnor\u0119czno\u015bci podpis\u00f3w na tych umowach. Ponadto organ wykonawczy danej gminy w\u0142adny jest tylko do potwierdzania umowy dzier\u017cawy grunt\u00f3w po\u0142o\u017conych na terenie w\u0142a\u015bciwo\u015bci miejscowej tej gminy. Zatem w niekt\u00f3rych przypadkach w umowie dzier\u017cawy potwierdzenia mog\u0105 by\u0107 dokonywane przez kilku w\u00f3jt\u00f3w, stosownie do ich w\u0142a\u015bciwo\u015bci.<\/p>\n\n\n\n<p class=\"info\">UWAGA:<br>Przepisy o ubezpieczeniu spo\u0142ecznym rolnik\u00f3w nie zobowi\u0105zuj\u0105 w\u00f3jta&nbsp;do prowadzenia rejestr\u00f3w obejmuj\u0105cych potwierdzenia um\u00f3w dzier\u017cawy. To strony umowy dzier\u017cawy musz\u0105 zadba\u0107 by stosowne daty zosta\u0142y ujawnione, np. organom podatkowym. Je\u017celi grunty gospodarstwa rolnego zosta\u0142y w ca\u0142o\u015bci lub w cz\u0119\u015bci wydzier\u017cawione na podstawie umowy zawartej stosownie do przepis\u00f3w o ubezpieczeniu spo\u0142ecznym rolnik\u00f3w, podatnikiem podatku rolnego jest dzier\u017cawca. Podatnicy podatku rolnego, m.in. dzier\u017cawcy s\u0105 zobowi\u0105zani z\u0142o\u017cy\u0107 organowi podatkowemu (w\u00f3jtowi) informacje o gruntach w terminie 14 dni od powstania obowi\u0105zku podatkowego \u2013 zawarcia umowy dzier\u017cawy.&nbsp;Podstawa prawna:&nbsp;ustawa z dnia 15 listopada 1984 r. o podatku rolnym (Dz.U. z 2020 poz. 333), art. 3 pkt 3 oraz art. 6a ust. 6.<\/p>\n\n\n\n<div class=\"wp-block-columns is-layout-flex wp-container-core-columns-is-layout-1 wp-block-columns-is-layout-flex\">\n<div class=\"wp-block-column is-layout-flow wp-block-column-is-layout-flow\"><\/div>\n\n\n\n<div class=\"wp-block-column is-layout-flow wp-block-column-is-layout-flow\">\n<p class=\"has-text-align-center\">W\u00f3jt Gminy Dyn\u00f3w<br><em>Wojciech Piech<\/em><\/p>\n<\/div>\n<\/div>\n<\/div><\/div><\/div><\/div><\/div><\/div>\n\n\n\n<div class=\"wp-block-ugb-accordion ugb-accordion ugb-86aaf8c ugb-accordion--v2 ugb-accordion--design-basic ugb-main-block\" aria-expanded=\"false\" id=\"\"><div class=\"ugb-inner-block\"><div class=\"ugb-block-content\"><div class=\"ugb-accordion__item\"><div class=\"ugb-accordion__heading\" role=\"button\" tabindex=\"0\"><h4 class=\"ugb-accordion__title\" role=\"heading\" aria-level=\"3\">Podpisywanie dokument\u00f3w za zgodno\u015b\u0107 z orygina\u0142em<\/h4><svg viewbox=\"0 0 20 20\" xmlns=\"http:\/\/www.w3.org\/2000\/svg\" class=\"ugb-accordion__arrow\" width=\"20\" height=\"20\"><path d=\"M16.7 3.3L10 10 3.3 3.4 0 6.7l10 10v-.1l10-9.9z\"><\/path><\/svg><\/div><div class=\"ugb-accordion__content\" role=\"region\"><div class=\"ugb-accordion__content-inner\">\n<p>Zgodnie z tre\u015bci\u0105 art.217 i 218 ustawy z dnia 14 czerwca 1960 r. Kodeks post\u0119powania administracyjnego (t.j. Dz. U. z 2018 r., poz. 2096 ze zm.)&nbsp; organ gminy, na \u017c\u0105danie osoby ubiegaj\u0105cej si\u0119 o za\u015bwiadczenie, wydaje za\u015bwiadczenie zawieraj\u0105ce potwierdzenie fakt\u00f3w albo stanu prawnego, wynikaj\u0105cych z prowadzonej przez organ ewidencji, rejestr\u00f3w b\u0105d\u017a z innych danych znajduj\u0105cych si\u0119 w jego posiadaniu.<\/p>\n\n\n\n<p>Za\u015bwiadczenie lub po\u015bwiadczenie zameldowania wydaje si\u0119 wy\u0142\u0105cznie osobie, kt\u00f3rej dane dotycz\u0105. Za\u015bwiadczeniem mo\u017ce by\u0107 wydruk komputerowy lub potwierdzenie danych na przed\u0142o\u017conym przez stron\u0119 druku.<\/p>\n\n\n\n<p>W my\u015bl art. 76 i 76a w\/w ustawy dokumenty urz\u0119dowe sporz\u0105dzone w przepisanej formie przez organ gminy stanowi\u0105 dow\u00f3d tego, co zosta\u0142o w nich urz\u0119dowo stwierdzone. Organ gminy mo\u017ce potwierdzi\u0107 zgodno\u015b\u0107 wykonanej kserokopii tego dokumentu z orygina\u0142em dokumentu je\u017celi w aktach sprawy znajduje si\u0119 orygina\u0142 dokumentu. Pozosta\u0142e kserokopie dokumentu mog\u0105 by\u0107 po\u015bwiadczone za zgodno\u015b\u0107 z orygina\u0142em przez notariusza albo przez wyst\u0119puj\u0105cego w sprawie pe\u0142nomocnika strony b\u0119d\u0105cego adwokatem, radc\u0105 prawnym, rzecznikiem patentowym lub doradc\u0105 patentowym.&nbsp; Zak\u0142ad pracy czy instytucja, kt\u00f3ra \u017c\u0105da kserokopii dokumentu mo\u017ce we w\u0142asnym zakresie potwierdzi\u0107 zgodno\u015b\u0107 z okazanym orygina\u0142em.<\/p>\n\n\n\n<p><br><strong>Organ gminy nie potwierdza kserokopii dowodu osobistego.<\/strong>&nbsp;Organ gminy w dokumentach nie posiada kopii dowodu osobistego. Dow\u00f3d osobisty jest dokumentem wykonanym w jednym egzemplarzu.&nbsp;<strong>W\u0142a\u015bciwym do stwierdzenia zgodno\u015bci kopii z orygina\u0142em jest notariusz. Notariusz po\u015bwiadcza te\u017c w\u0142asnor\u0119czno\u015b\u0107 podpisu.<\/strong><\/p>\n\n\n\n<p>Zgodnie z rozporz\u0105dzeniem Ministra Sprawiedliwo\u015bci z dnia 7 lutego 2007 r. w sprawie sporz\u0105dzania niekt\u00f3rych po\u015bwiadcze\u0144 przez organy samorz\u0105du terytorialnego&nbsp; i banki (Dz. U. Nr 27, poz.85) w miejscowo\u015bciach, w kt\u00f3rych nie ma kancelarii notarialnej,&nbsp;<strong>do po\u015bwiadczania w\u0142asnor\u0119czno\u015bci podpisu&nbsp; upowa\u017cniony jest w\u00f3jt :<\/strong><\/p>\n\n\n\n<ul class=\"wp-block-list\" type=\"a\"><li><strong>na pismach upowa\u017cniaj\u0105cych do odbioru przesy\u0142ek i sum pieni\u0119\u017cnych oraz odbioru dokument\u00f3w z urz\u0119d\u00f3w i instytucji,<\/strong><\/li><li><strong>na o\u015bwiadczeniach stwierdzaj\u0105cych stan rodzinny i maj\u0105tkowy sk\u0142adaj\u0105cego o\u015bwiadczenie;<\/strong><\/li><li><strong>do po\u015bwiadczania pozostawania osoby przy \u017cyciu lub w okre\u015blonym miejscu, w celu otrzymania emerytury, renty lub innych \u015bwiadcze\u0144 z ubezpieczenia spo\u0142ecznego.<\/strong><\/li><\/ul>\n<\/div><\/div><\/div><\/div><\/div><\/div>\n\n\n\n<div class=\"wp-block-ugb-accordion ugb-accordion ugb-a44c8b1 ugb-accordion--v2 ugb-accordion--design-basic ugb-main-block\" aria-expanded=\"false\" id=\"\"><div class=\"ugb-inner-block\"><div class=\"ugb-block-content\"><div class=\"ugb-accordion__item\"><div class=\"ugb-accordion__heading\" role=\"button\" tabindex=\"0\"><h4 class=\"ugb-accordion__title\" role=\"heading\" aria-level=\"3\">Stwierdzenie w\u0142asnor\u0119czno\u015bci podpisu przez W\u00f3jta<\/h4><svg viewbox=\"0 0 20 20\" xmlns=\"http:\/\/www.w3.org\/2000\/svg\" class=\"ugb-accordion__arrow\" width=\"20\" height=\"20\"><path d=\"M16.7 3.3L10 10 3.3 3.4 0 6.7l10 10v-.1l10-9.9z\"><\/path><\/svg><\/div><div class=\"ugb-accordion__content\" role=\"region\"><div class=\"ugb-accordion__content-inner\">\n<p><strong>Informujemy, \u017ce stwierdzenia w\u0142asnor\u0119czno\u015bci podpisu lub potwierdzenia daty zawarcia umowy dzier\u017cawy dostarczanej do&nbsp;Agencji Restrukturyzacji i&nbsp;Modernizacji Rolnictwa w&nbsp;celu uzyskania \u015brodk\u00f3w unijnych mo\u017ce dokona\u0107 tylko&nbsp;notariusz w&nbsp;kancelarii notarialnej.<\/strong><\/p>\n\n\n\n<p>Jak wynika z&nbsp;art. 96 ustawy z&nbsp;dn. 14 lutego 1991 r.&nbsp;<em>Prawo o&nbsp;notariacie<\/em>&nbsp;\u2013&nbsp;<strong>po\u015bwiadczenia m.in. w\u0142asnor\u0119czno\u015bci podpisu, daty okazania dokumentu,<\/strong>&nbsp;<strong>zgodno\u015bci odpisu, wyci\u0105gu lub kopii z okazanym dokumentem<\/strong>&nbsp;<strong>\u2013 mo\u017ce dokona\u0107 tylko&nbsp;notariusz<\/strong>&nbsp;, z&nbsp;wyj\u0105tkiem niekt\u00f3rych czynno\u015bci okre\u015blonych w&nbsp;przepisach szczeg\u00f3lnych wydanych na&nbsp;podstawie art. 101 w\/w ustawy.<\/p>\n\n\n\n<p>Natomiast zgodnie z&nbsp;&nbsp;<em>rozporz\u0105dzeniem Ministra Sprawiedliwo\u015bci z&nbsp;dnia &nbsp;7 lutego 2007 w&nbsp;sprawie sporz\u0105dzania niekt\u00f3rych po\u015bwiadcze\u0144 przez&nbsp;organy samorz\u0105du terytorialnego i&nbsp;banki<\/em>&nbsp;,&nbsp;<strong>w\u00f3jt (burmistrz, prezydent miasta) jest upowa\u017cniony do po\u015bwiadczenia w\u0142asnor\u0119czno\u015bci podpisu<\/strong>&nbsp;<strong><u>jedynie<\/u><\/strong><strong>:<\/strong><\/p>\n\n\n\n<ul class=\"wp-block-list\"><li><strong>na pismach upowa\u017cniaj\u0105cych do odbioru przesy\u0142ek i sum pieni\u0119\u017cnych oraz odbioru dokument\u00f3w z&nbsp;urz\u0119d\u00f3w i&nbsp;instytucji,<\/strong><\/li><li><strong>na&nbsp;o\u015bwiadczeniach stwierdzaj\u0105cych stan rodzinny i maj\u0105tkowy sk\u0142adaj\u0105cego o\u015bwiadczenie.<\/strong><\/li><\/ul>\n\n\n\n<p>Wy\u0142\u0105cznie w powy\u017cej opisanych przypadkach po\u015bwiadczenie w\u0142asnor\u0119czno\u015bci podpisu sporz\u0105dzone przez w\u00f3jta wywo\u0142uje takie same skutki, jak&nbsp;po\u015bwiadczenie dokumentu przez notariusza.<\/p>\n\n\n\n<p><strong>Reasumuj\u0105c, po\u015bwiadczenie przez w\u00f3jta w\u0142asnor\u0119czno\u015bci podpisu na umowie dzier\u017cawy nie zosta\u0142o uregulowane we wskazanych przepisach, dlatego nie&nbsp;ma podstaw prawnych do dokonania takiej czynno\u015bci. Powy\u017csze oznacza r\u00f3wnie\u017c, \u017ce ewentualne potwierdzenie przez w\u00f3jta w\u0142asnor\u0119czno\u015bci podpisu na&nbsp;umowie dzier\u017cawy nie&nbsp;ma&nbsp;mocy prawnej.<\/strong><\/p>\n\n\n\n<p>Podstawa prawna:<\/p>\n\n\n\n<ul class=\"wp-block-list\"><li>Ustawa z&nbsp;14 lutego 1991 r. \u2013 Prawo o&nbsp;notariacie ( Dz.&nbsp;U. z&nbsp;2019r., poz. 540 ze&nbsp;zm.)<\/li><li>Rozporz\u0105dzenie Ministra Sprawiedliwo\u015bci z&nbsp;7 lutego 2007 r. w&nbsp;sprawie sporz\u0105dzania niekt\u00f3rych po\u015bwiadcze\u0144 przez&nbsp;organy samorz\u0105du terytorialnego i&nbsp;banki ( Dz.&nbsp;U. z 2007r. Nr&nbsp;27, poz. 185).<\/li><\/ul>\n<\/div><\/div><\/div><\/div><\/div><\/div>\n\n\n\n<div class=\"wp-block-ugb-accordion ugb-accordion ugb-a73b4d1 ugb-accordion--v2 ugb-accordion--design-basic ugb-main-block\" aria-expanded=\"false\" id=\"\"><div class=\"ugb-inner-block\"><div class=\"ugb-block-content\"><div class=\"ugb-accordion__item\"><div class=\"ugb-accordion__heading\" role=\"button\" tabindex=\"0\"><h4 class=\"ugb-accordion__title\" role=\"heading\" aria-level=\"3\">Czy istnieje mo\u017cliwo\u015b\u0107 odebrania zezna\u0144 od \u015bwiadk\u00f3w potwierdzaj\u0105cych moj\u0105 prac\u0119?<\/h4><svg viewbox=\"0 0 20 20\" xmlns=\"http:\/\/www.w3.org\/2000\/svg\" class=\"ugb-accordion__arrow\" width=\"20\" height=\"20\"><path d=\"M16.7 3.3L10 10 3.3 3.4 0 6.7l10 10v-.1l10-9.9z\"><\/path><\/svg><\/div><div class=\"ugb-accordion__content\" role=\"region\"><div class=\"ugb-accordion__content-inner\">\n<p><strong>Pytanie:<\/strong><\/p>\n\n\n\n<p><strong>Czy istnieje mo\u017cliwo\u015b\u0107 odebrania zezna\u0144 (przez pracownika Gminy) od 2 \u015bwiadk\u00f3w potwierdzaj\u0105cych moj\u0105 prac\u0119 w gospodarstwie rodzic\u00f3w celem zaliczenia do sta\u017cu pracy?<\/strong><strong><\/strong><\/p>\n\n\n\n<p><strong>Odpowiedz:<\/strong><\/p>\n\n\n\n<p>Urz\u0105d Gminy Dyn\u00f3w nie mo\u017ce dokonywa\u0107 czynno\u015bci polegaj\u0105cych na odebraniu zezna\u0144 \u015bwiadk\u00f3w potwierdzaj\u0105cych prac\u0119 w gospodarstwie rolnym rodzic\u00f3w celem zaliczenia do sta\u017cu pracy. Urz\u0105d Gminy nie mo\u017ce tak\u017ce potwierdza\u0107 w\u0142asnor\u0119czno\u015bci podpisu na takich zeznaniach \u015bwiadk\u00f3w i podobnych tego typu dokumentach np. umowach dzier\u017cawy, czy te\u017c upowa\u017cnieniach. Nie pozwalaj\u0105 na to obowi\u0105zuj\u0105ce przepisy prawne, w tym Rozporz\u0105dzenie Ministra Sprawiedliwo\u015bci z dnia 7 lutego 2007 r. w sprawie sporz\u0105dzania niekt\u00f3rych po\u015bwiadcze\u0144 przez organy samorz\u0105du terytorialnego i banki (Dz. U. z 2007 r. Nr 27 , poz. 185)<\/p>\n\n\n\n<p><strong>G\u0142\u00f3wnym faktem prawnie wykluczaj\u0105cym takie czynno\u015bci <\/strong>jest to, \u017ce Urz\u0105d Gminy Dyn\u00f3w ma sw\u0105 siedzib\u0119 na terenie Miasta Dyn\u00f3w, gdzie znajduj\u0105 si\u0119 kancelarie notarialne, kt\u00f3re s\u0105 uprawnione do dokonywania po\u015bwiadczenia w\u0142asnor\u0119czno\u015bci podpisu na tego rodzaju dokumentach. W nieco innej prawnie sytuacji s\u0105 Urz\u0119dy zlokalizowane w miejscowo\u015bciach w kt\u00f3rych nie ma siedzib kancelarii notarialnych.<\/p>\n<\/div><\/div><\/div><\/div><\/div><\/div>\n\n\n\n<div class=\"wp-block-ugb-accordion ugb-accordion ugb-9e34cf6 ugb-accordion--v2 ugb-accordion--design-basic ugb-main-block\" aria-expanded=\"false\" id=\"\"><div class=\"ugb-inner-block\"><div class=\"ugb-block-content\"><div class=\"ugb-accordion__item\"><div class=\"ugb-accordion__heading\" role=\"button\" tabindex=\"0\"><h4 class=\"ugb-accordion__title\" role=\"heading\" aria-level=\"3\">Op\u0142ata skarbowa<\/h4><svg viewbox=\"0 0 20 20\" xmlns=\"http:\/\/www.w3.org\/2000\/svg\" class=\"ugb-accordion__arrow\" width=\"20\" height=\"20\"><path d=\"M16.7 3.3L10 10 3.3 3.4 0 6.7l10 10v-.1l10-9.9z\"><\/path><\/svg><\/div><div class=\"ugb-accordion__content\" role=\"region\"><div class=\"ugb-accordion__content-inner\">\n<p><strong>Zakres przedmiotowy op\u0142aty skarbowej<\/strong><\/p>\n\n\n\n<p><strong>Op\u0142acie skarbowej podlega:<\/strong><\/p>\n\n\n\n<p><em>w sprawach indywidualnych z zakresu administracji publicznej:<\/em><\/p>\n\n\n\n<ul class=\"wp-block-list\"><li>dokonanie czynno\u015bci urz\u0119dowej na podstawie zg\u0142oszenia lub na wniosek,<\/li><li>wydanie za\u015bwiadczenia na wniosek,<\/li><li>wydanie zezwolenia (pozwolenia, koncesji)<\/li><li>z\u0142o\u017cenie dokumentu stwierdzaj\u0105cego udzielenie pe\u0142nomocnictwa lub prokury albo jego odpisu, wypisu lub kopii &#8211; w sprawie z zakresu administracji publicznej lub w post\u0119powaniu s\u0105dowym.<\/li><\/ul>\n\n\n\n<p><em>z\u0142o\u017cenie dokumentu stwierdzaj\u0105cego udzielenie pe\u0142nomocnictwa lub prokury albo jego odpisu, wypisu lub kopii &#8211; w sprawie z zakresu administracji publicznej lub w post\u0119powaniu s\u0105dowym<\/em><\/p>\n\n\n\n<p><strong>Op\u0142acie skarbowej<\/strong>&nbsp;podlega r\u00f3wnie\u017c dokonanie czynno\u015bci urz\u0119dowej, wydanie za\u015bwiadczenia oraz zezwolenia (pozwolenia) przez podmiot inny ni\u017c organ administracji rz\u0105dowej i samorz\u0105dowej, w zwi\u0105zku z wykonywaniem zada\u0144 z zakresu administracji publicznej, a tak\u017ce z\u0142o\u017cenie w takim podmiocie dokumentu stwierdzaj\u0105cego udzielenie pe\u0142nomocnictwa lub prokury albo jego odpisu, wypisu lub kopii.&nbsp;<\/p>\n\n\n\n<p><strong>Zakres podmiotowy op\u0142aty skarbowej&nbsp;<\/strong><\/p>\n\n\n\n<ol class=\"wp-block-list\" type=\"1\"><li>Obowi\u0105zek zap\u0142aty op\u0142aty skarbowej ci\u0105\u017cy na osobach fizycznych, osobach prawnych i jednostkach organizacyjnych niemaj\u0105cych osobowo\u015bci prawnej, je\u017celi wskutek dokonanego przez nie zg\u0142oszenia lub na ich wniosek dokonuje si\u0119 czynno\u015bci urz\u0119dowej, albo je\u017celi na ich wniosek wydaje si\u0119 za\u015bwiadczenie lub zezwolenie (pozwolenie, koncesj\u0119), a w przypadku z\u0142o\u017cenia dokumentu, o kt\u00f3rym mowa w art. 1 ust. 1 pkt. 2 &#8211; na mocodawcy, pe\u0142nomocniku, przedsi\u0119biorcy lub prokurencie.<\/li><li>Obowi\u0105zek zap\u0142aty op\u0142aty skarbowej ci\u0105\u017cy solidarnie na osobach lub jednostkach wymienionych w ust. 1, je\u017celi w wyniku z\u0142o\u017conego wsp\u00f3lnie zg\u0142oszenia lub na ich wsp\u00f3lny wniosek dokonuje si\u0119 czynno\u015bci urz\u0119dowej lub na ich wsp\u00f3lny wniosek wydaje si\u0119 za\u015bwiadczenie lub zezwolenie (pozwolenie, koncesj\u0119) a w przypadku z\u0142o\u017cenia dokumentu, o kt\u00f3rym mowa w art. 1 ust. 1 pkt. 2 &#8211; na mocodawcy i pe\u0142nomocniku lub przedsi\u0119biorcy i prokurencie.<\/li><li>Je\u017celi jedn\u0105 ze stron czynno\u015bci, o kt\u00f3rej mowa w ust. 2, jest osoba fizyczna, osoba prawna lub jednostka organizacyjna niemaj\u0105ca osobowo\u015bci prawnej zwolniona od op\u0142aty skarbowej, obowi\u0105zek zap\u0142aty op\u0142aty skarbowej ci\u0105\u017cy solidarnie na pozosta\u0142ych stronach tej czynno\u015bci.<\/li><\/ol>\n\n\n\n<p><strong>Powstanie obowi\u0105zku zap\u0142aty op\u0142aty skarbowej&nbsp;<\/strong><\/p>\n\n\n\n<ul class=\"wp-block-list\"><li><strong>od dokonania czynno\u015bci urz\u0119dowej<\/strong>&nbsp;&#8211; z chwil\u0105 dokonania zg\u0142oszenia lub z\u0142o\u017cenia wniosku o dokonanie czynno\u015bci urz\u0119dowej,<\/li><li><strong>od wydania za\u015bwiadczenia<\/strong>&nbsp;&#8211; z chwil\u0105 z\u0142o\u017cenia wniosku o wydanie za\u015bwiadczenia,<\/li><li><strong>od wydania zezwolenia (pozwolenia, koncesji<\/strong>) &#8211; z chwil\u0105 z\u0142o\u017cenia wniosku o wydanie zezwolenia (pozwolenia, koncesji),<\/li><li><strong>od z\u0142o\u017cenia dokumentu stwierdzaj\u0105cego udzielenie pe\u0142nomocnictwa lub prokury oraz od jego odpisu, wypisu lub kopii<\/strong>&nbsp;&#8211; z chwil\u0105 z\u0142o\u017cenia dokumentu w organie&nbsp;administracji publicznej, s\u0105dzie lub podmiocie o kt\u00f3rym mowa w art. 1 ust. 2 ustawy,<\/li><li><strong>od przedmiotu op\u0142aty okre\u015blonego w art. 2 ust.<\/strong>&nbsp;<strong>2<\/strong>&nbsp;&#8211; z chwil\u0105 u\u017cycia za\u015bwiadczenia w sprawie innej ni\u017c wymieniona w art. 2 ust. 1 ustawy.&nbsp;&nbsp;<\/li><\/ul>\n\n\n\n<p> <\/p>\n\n\n\n<p><strong>Czynno\u015bci i dokumenty zwi\u0105zane z op\u0142at\u0105 skarbow\u0105<\/strong><\/p>\n\n\n\n<p>Szczeg\u00f3\u0142owe zasady dotycz\u0105ce zap\u0142aty op\u0142aty skarbowej od poszczeg\u00f3lnych jej przedmiot\u00f3w i sposobu prowadzenia rejestr\u00f3w tej op\u0142aty okre\u015bla rozporz\u0105dzenie Ministra Finans\u00f3w.<\/p>\n\n\n\n<p><strong>Stawki op\u0142aty skarbowej<\/strong><strong><br><\/strong>Szczeg\u00f3\u0142owy wykaz przedmiot\u00f3w oraz stawki op\u0142aty skarbowej okre\u015bla&nbsp;Za\u0142\u0105cznik do ustawy z dnia&nbsp;16 listopada 2006 r. &nbsp;o op\u0142acie skarbowej.<strong><\/strong><\/p>\n\n\n\n<p><strong>Terminy i spos\u00f3b zap\u0142aty op\u0142aty skarbowej<\/strong><\/p>\n\n\n\n<p>Op\u0142at\u0119 skarbow\u0105 wp\u0142aca si\u0119 z chwil\u0105 powstania obowi\u0105zku jej zap\u0142aty.<\/p>\n\n\n\n<p><strong>Zap\u0142aty op\u0142aty skarbowej dokonuje si\u0119 got\u00f3wk\u0105 w kasie organu podatkowego lub bezgot\u00f3wkowo na rachunek bankowy w BS Dyn\u00f3w Nr:\u00a021 9093 0007 2001 0000 2365 0030<\/strong><\/p>\n\n\n\n<div class=\"wp-block-group do-pobrania\"><div class=\"wp-block-group__inner-container is-layout-flow wp-block-group-is-layout-flow\">\n<div class=\"wp-block-file\"><a href=\"https:\/\/gminadynow.pl\/wp-content\/uploads\/2021\/11\/Wykaz_przedmiotow_oplaty_skarbowej__stawki_tej_oplaty_oraz_zwolnienia.pdf\">Wykaz przedmiot\u00f3w op\u0142aty skarbowej &#8211; stawki tej op\u0142aty oraz zwolnienia<\/a><a href=\"https:\/\/gminadynow.pl\/wp-content\/uploads\/2021\/11\/Wykaz_przedmiotow_oplaty_skarbowej__stawki_tej_oplaty_oraz_zwolnienia.pdf\" class=\"wp-block-file__button\" download>Pobierz<\/a><\/div>\n\n\n\n<div class=\"wp-block-file\"><a href=\"https:\/\/gminadynow.pl\/wp-content\/uploads\/2021\/11\/Ust.o_oplacie_skarbowej.pdf\">Ust. o op\u0142acie skarbowej<\/a><a href=\"https:\/\/gminadynow.pl\/wp-content\/uploads\/2021\/11\/Ust.o_oplacie_skarbowej.pdf\" class=\"wp-block-file__button\" download>Pobierz<\/a><\/div>\n<\/div><\/div>\n\n\n\n<p><\/p>\n<\/div><\/div><\/div><\/div><\/div><\/div>\n\n\n\n<p><\/p>\n","protected":false},"excerpt":{"rendered":"<p>Informacja dla mieszka\u0144c\u00f3w W\u00f3jt Gminy Dyn\u00f3w informuje, \u017ce&nbsp;od dnia 31 lipca 2020 r.&nbsp;wesz\u0142y w \u017cycie przepisy nak\u0142adaj\u0105ce na w\u00f3jt\u00f3w, (burmistrz\u00f3w, prezydent\u00f3w miast)&nbsp;nowe obowi\u0105zki polegaj\u0105ce na potwierdzaniu zawartych um\u00f3w dzier\u017cawy&nbsp;w trybie przepis\u00f3w ustawy z dnia 20 grudnia 1990 r. o ubezpieczeniu spo\u0142ecznym rolnik\u00f3w (tj. Dz.U. 2020, poz.174).&nbsp;Dzia\u0142aj\u0105c na mocy tej ustawy W\u00f3jt Gminy Dyn\u00f3w, b\u0119dzie potwierdza\u0142 [&hellip;]<\/p>\n","protected":false},"author":1,"featured_media":0,"parent":0,"menu_order":0,"comment_status":"closed","ping_status":"closed","template":"","meta":{"footnotes":""},"class_list":["post-2959","page","type-page","status-publish","hentry"],"featured_image_urls_v2":{"full":"","thumbnail":"","medium":"","medium_large":"","large":"","1536x1536":"","2048x2048":""},"post_excerpt_stackable_v2":"<p>Informacja dla mieszka\u0144c\u00f3w Potwierdzanie um\u00f3w dzier\u017caw W\u00f3jt Gminy Dyn\u00f3w informuje, \u017ce&nbsp;od dnia 31 lipca 2020 r.&nbsp;wesz\u0142y w \u017cycie przepisy nak\u0142adaj\u0105ce na w\u00f3jt\u00f3w, (burmistrz\u00f3w, prezydent\u00f3w miast)&nbsp;nowe obowi\u0105zki polegaj\u0105ce na potwierdzaniu zawartych um\u00f3w dzier\u017cawy&nbsp;w trybie przepis\u00f3w ustawy z dnia 20 grudnia 1990 r. o ubezpieczeniu spo\u0142ecznym rolnik\u00f3w (tj. Dz.U. 2020, poz.174).&nbsp;Dzia\u0142aj\u0105c na mocy tej ustawy W\u00f3jt Gminy Dyn\u00f3w, b\u0119dzie potwierdza\u0142 zawarte co najmniej na 10 lat umowy dla cel\u00f3w: spe\u0142nienia przez emeryta lub rencist\u0119 warunku zaprzestania prowadzenia produkcji rolniczej, je\u017celi jednocze\u015bnie nie chce on wyzby\u0107 si\u0119 w\u0142asno\u015bci gospodarstwa rolnego (dzier\u017cawa na 10 lat) \u2013 art. 28 ust.4;zawarcia umowy dzier\u017cawy celem obj\u0119cia dzier\u017cawcy&hellip;<\/p>\n","category_list_v2":"","author_info_v2":{"name":"admin","url":"https:\/\/gminadynow.pl\/index.php\/author\/admin\/"},"comments_num_v2":"0 comments","rttpg_featured_image_url":null,"rttpg_author":{"display_name":"admin","author_link":"https:\/\/gminadynow.pl\/index.php\/author\/admin\/"},"rttpg_comment":0,"rttpg_category":null,"rttpg_excerpt":"Informacja dla mieszka\u0144c\u00f3w W\u00f3jt Gminy Dyn\u00f3w informuje, \u017ce&nbsp;od dnia 31 lipca 2020 r.&nbsp;wesz\u0142y w \u017cycie przepisy nak\u0142adaj\u0105ce na w\u00f3jt\u00f3w, (burmistrz\u00f3w, prezydent\u00f3w miast)&nbsp;nowe obowi\u0105zki polegaj\u0105ce na potwierdzaniu zawartych um\u00f3w dzier\u017cawy&nbsp;w trybie przepis\u00f3w ustawy z dnia 20 grudnia 1990 r. o ubezpieczeniu spo\u0142ecznym rolnik\u00f3w (tj. Dz.U. 2020, poz.174).&nbsp;Dzia\u0142aj\u0105c na mocy tej ustawy W\u00f3jt Gminy Dyn\u00f3w, b\u0119dzie potwierdza\u0142&hellip;","_links":{"self":[{"href":"https:\/\/gminadynow.pl\/index.php\/wp-json\/wp\/v2\/pages\/2959","targetHints":{"allow":["GET"]}}],"collection":[{"href":"https:\/\/gminadynow.pl\/index.php\/wp-json\/wp\/v2\/pages"}],"about":[{"href":"https:\/\/gminadynow.pl\/index.php\/wp-json\/wp\/v2\/types\/page"}],"author":[{"embeddable":true,"href":"https:\/\/gminadynow.pl\/index.php\/wp-json\/wp\/v2\/users\/1"}],"replies":[{"embeddable":true,"href":"https:\/\/gminadynow.pl\/index.php\/wp-json\/wp\/v2\/comments?post=2959"}],"version-history":[{"count":7,"href":"https:\/\/gminadynow.pl\/index.php\/wp-json\/wp\/v2\/pages\/2959\/revisions"}],"predecessor-version":[{"id":2996,"href":"https:\/\/gminadynow.pl\/index.php\/wp-json\/wp\/v2\/pages\/2959\/revisions\/2996"}],"wp:attachment":[{"href":"https:\/\/gminadynow.pl\/index.php\/wp-json\/wp\/v2\/media?parent=2959"}],"curies":[{"name":"wp","href":"https:\/\/api.w.org\/{rel}","templated":true}]}}