
{"id":253,"date":"2020-10-20T14:57:22","date_gmt":"2020-10-20T12:57:22","guid":{"rendered":"http:\/\/gminadynow.pl\/?page_id=253"},"modified":"2020-12-01T13:05:13","modified_gmt":"2020-12-01T12:05:13","slug":"komunikaty-dla-rolnikow","status":"publish","type":"page","link":"https:\/\/gminadynow.pl\/index.php\/komunikaty-dla-rolnikow\/","title":{"rendered":"Komunikaty dla rolnik\u00f3w"},"content":{"rendered":"\t\t<div data-elementor-type=\"wp-page\" data-elementor-id=\"253\" class=\"elementor elementor-253\">\n\t\t\t\t\t\t<section class=\"elementor-section elementor-top-section elementor-element elementor-element-874fc74 elementor-section-boxed elementor-section-height-default elementor-section-height-default\" data-id=\"874fc74\" data-element_type=\"section\">\n\t\t\t\t\t\t<div class=\"elementor-container elementor-column-gap-default\">\n\t\t\t\t\t<div class=\"elementor-column elementor-col-100 elementor-top-column elementor-element elementor-element-357d5dd\" data-id=\"357d5dd\" data-element_type=\"column\">\n\t\t\t<div class=\"elementor-widget-wrap elementor-element-populated\">\n\t\t\t\t\t\t<div class=\"elementor-element elementor-element-c26ef87 elementor-widget elementor-widget-heading\" data-id=\"c26ef87\" data-element_type=\"widget\" data-widget_type=\"heading.default\">\n\t\t\t\t<div class=\"elementor-widget-container\">\n\t\t\t\t\t<h2 class=\"elementor-heading-title elementor-size-default\">Komunikaty dla rolnik\u00f3w<\/h2>\t\t\t\t<\/div>\n\t\t\t\t<\/div>\n\t\t\t\t\t<\/div>\n\t\t<\/div>\n\t\t\t\t\t<\/div>\n\t\t<\/section>\n\t\t\t\t<section class=\"elementor-section elementor-top-section elementor-element elementor-element-31f7afe elementor-section-boxed elementor-section-height-default elementor-section-height-default\" data-id=\"31f7afe\" data-element_type=\"section\">\n\t\t\t\t\t\t<div class=\"elementor-container elementor-column-gap-default\">\n\t\t\t\t\t<div class=\"elementor-column elementor-col-100 elementor-top-column elementor-element elementor-element-2732a3a\" data-id=\"2732a3a\" data-element_type=\"column\">\n\t\t\t<div class=\"elementor-widget-wrap elementor-element-populated\">\n\t\t\t\t\t\t<div class=\"elementor-element elementor-element-72e9f13 elementor-grid-2 elementor-grid-tablet-2 elementor-grid-mobile-1 elementor-widget elementor-widget-elementor-blog-posts\" data-id=\"72e9f13\" data-element_type=\"widget\" data-settings=\"{&quot;columns&quot;:&quot;2&quot;,&quot;columns_tablet&quot;:&quot;2&quot;,&quot;columns_mobile&quot;:&quot;1&quot;}\" data-widget_type=\"elementor-blog-posts.default\">\n\t\t\t\t<div class=\"elementor-widget-container\">\n\t\t\t\t\t\t\t<div class=\"wpcap-grid\">\n\t\t\t\t\t\t<div class=\"wpcap-grid-container elementor-grid wpcap-grid-desktop-2 wpcap-grid-tablet-2 wpcap-grid-mobile-1\">\n\n\t\t\t\t\n        <article id=\"post-7914\" class=\"wpcap-post post-7914 post type-post status-publish format-standard has-post-thumbnail hentry category-aktualnosci category-dla-rolnikow\">\n         \n            <div class=\"post-grid-inner\">\n                \n                \t\t<h3 class=\"title\">\n\t\t\t<a href=\"https:\/\/gminadynow.pl\/index.php\/2026\/03\/12\/wypelnianie-wnioskow-o-przyznanie-platnosci-bezposrednich-dla-rolnikow-od-15-marca-do-15-maja-2026r\/\">Wype\u0142nianie wniosk\u00f3w o przyznanie p\u0142atno\u015bci bezpo\u015brednich dla rolnik\u00f3w od 15 marca do 15 maja 2026r.<\/a>\n\t\t<\/h3>\n\t\t                \n                 \t\t\t<div class=\"post-grid-thumbnail\">\n\t\t\t\t<a href=\"https:\/\/gminadynow.pl\/index.php\/2026\/03\/12\/wypelnianie-wnioskow-o-przyznanie-platnosci-bezposrednich-dla-rolnikow-od-15-marca-do-15-maja-2026r\/\">\n\t\t\t\t\t<img fetchpriority=\"high\" decoding=\"async\" width=\"2048\" height=\"1536\" src=\"https:\/\/gminadynow.pl\/wp-content\/uploads\/2026\/03\/650841446_948770977492451_3065382640892149661_n.jpg\" class=\"attachment-full size-full wp-post-image\" alt=\"\" srcset=\"https:\/\/gminadynow.pl\/wp-content\/uploads\/2026\/03\/650841446_948770977492451_3065382640892149661_n.jpg 2048w, https:\/\/gminadynow.pl\/wp-content\/uploads\/2026\/03\/650841446_948770977492451_3065382640892149661_n-300x225.jpg 300w, https:\/\/gminadynow.pl\/wp-content\/uploads\/2026\/03\/650841446_948770977492451_3065382640892149661_n-1024x768.jpg 1024w, https:\/\/gminadynow.pl\/wp-content\/uploads\/2026\/03\/650841446_948770977492451_3065382640892149661_n-768x576.jpg 768w, https:\/\/gminadynow.pl\/wp-content\/uploads\/2026\/03\/650841446_948770977492451_3065382640892149661_n-1536x1152.jpg 1536w\" sizes=\"(max-width: 2048px) 100vw, 2048px\" \/>\t\t\t\t<\/a>\n\t\t\t<\/div>\n        \n                <div class=\"post-grid-text-wrap\">\n                    \t\t<div class=\"post-grid-meta\">\n\t\t\t\n\t\t\t\t<span class=\"post-date\"><time datetime=\"2026-03-12T08:36:28+01:00\">12 marca 2026<\/time><\/span>\n\n\t\t\t\t<span class=\"post-categories\"><a href=\"https:\/\/gminadynow.pl\/index.php\/category\/aktualnosci\/\" rel=\"category tag\">Aktualno\u015bci<\/a>, <a href=\"https:\/\/gminadynow.pl\/index.php\/category\/dla-rolnikow\/\" rel=\"category tag\">Dla rolnik\u00f3w<\/a><\/span>\t\t<\/div>\n\t\t                    \t\t<div class=\"post-grid-excerpt\">\n\t\t\t\t\t<\/div>\n\t\t                    \t\t<a class=\"read-more-btn\" href=\"https:\/\/gminadynow.pl\/index.php\/2026\/03\/12\/wypelnianie-wnioskow-o-przyznanie-platnosci-bezposrednich-dla-rolnikow-od-15-marca-do-15-maja-2026r\/\">Czytaj wi\u0119cej \u00bb<\/a>\n\t\t                <\/div>\n\n            <\/div><!-- .blog-inner -->\n           \n        <\/article>\n\n        \n        <article id=\"post-4901\" class=\"wpcap-post post-4901 post type-post status-publish format-standard has-post-thumbnail hentry category-aktualnosci category-dla-rolnikow\">\n         \n            <div class=\"post-grid-inner\">\n                \n                \t\t<h3 class=\"title\">\n\t\t\t<a href=\"https:\/\/gminadynow.pl\/index.php\/2023\/02\/23\/podkarpacki-wojewodzki-inspektor-ochrony-roslin-i-nasiennictwa-przypomina-obowiazkowe-badania-sprawnosci-technicznej-opryskiwaczy\/\">Podkarpacki Wojew\u00f3dzki Inspektor Ochrony Ro\u015blin i Nasiennictwa przypomina: OBOWI\u0104ZKOWE BADANIA SPRAWNO\u015aCI TECHNICZNEJ OPRYSKIWACZY<\/a>\n\t\t<\/h3>\n\t\t                \n                 \t\t\t<div class=\"post-grid-thumbnail\">\n\t\t\t\t<a href=\"https:\/\/gminadynow.pl\/index.php\/2023\/02\/23\/podkarpacki-wojewodzki-inspektor-ochrony-roslin-i-nasiennictwa-przypomina-obowiazkowe-badania-sprawnosci-technicznej-opryskiwaczy\/\">\n\t\t\t\t\t<img decoding=\"async\" width=\"680\" height=\"480\" src=\"https:\/\/gminadynow.pl\/wp-content\/uploads\/2023\/02\/oprysk4-680x480-1.jpg\" class=\"attachment-full size-full wp-post-image\" alt=\"\" srcset=\"https:\/\/gminadynow.pl\/wp-content\/uploads\/2023\/02\/oprysk4-680x480-1.jpg 680w, https:\/\/gminadynow.pl\/wp-content\/uploads\/2023\/02\/oprysk4-680x480-1-300x212.jpg 300w\" sizes=\"(max-width: 680px) 100vw, 680px\" \/>\t\t\t\t<\/a>\n\t\t\t<\/div>\n        \n                <div class=\"post-grid-text-wrap\">\n                    \t\t<div class=\"post-grid-meta\">\n\t\t\t\n\t\t\t\t<span class=\"post-date\"><time datetime=\"2023-02-23T23:35:00+01:00\">23 lutego 2023<\/time><\/span>\n\n\t\t\t\t<span class=\"post-categories\"><a href=\"https:\/\/gminadynow.pl\/index.php\/category\/aktualnosci\/\" rel=\"category tag\">Aktualno\u015bci<\/a>, <a href=\"https:\/\/gminadynow.pl\/index.php\/category\/dla-rolnikow\/\" rel=\"category tag\">Dla rolnik\u00f3w<\/a><\/span>\t\t<\/div>\n\t\t                    \t\t<div class=\"post-grid-excerpt\">\n\t\t\t\t\t<\/div>\n\t\t                    \t\t<a class=\"read-more-btn\" href=\"https:\/\/gminadynow.pl\/index.php\/2023\/02\/23\/podkarpacki-wojewodzki-inspektor-ochrony-roslin-i-nasiennictwa-przypomina-obowiazkowe-badania-sprawnosci-technicznej-opryskiwaczy\/\">Czytaj wi\u0119cej \u00bb<\/a>\n\t\t                <\/div>\n\n            <\/div><!-- .blog-inner -->\n           \n        <\/article>\n\n        \n        <article id=\"post-3006\" class=\"wpcap-post post-3006 post type-post status-publish format-standard has-post-thumbnail hentry category-aktualnosci category-dla-rolnikow\">\n         \n            <div class=\"post-grid-inner\">\n                \n                \t\t<h3 class=\"title\">\n\t\t\t<a href=\"https:\/\/gminadynow.pl\/index.php\/2021\/11\/18\/szkolenia-do-rolnikow-w-zakresie-stosowania-srodkow-ochrony\/\">Szkolenia do rolnik\u00f3w w zakresie stosowania \u015brodk\u00f3w ochrony<\/a>\n\t\t<\/h3>\n\t\t                \n                 \t\t\t<div class=\"post-grid-thumbnail\">\n\t\t\t\t<a href=\"https:\/\/gminadynow.pl\/index.php\/2021\/11\/18\/szkolenia-do-rolnikow-w-zakresie-stosowania-srodkow-ochrony\/\">\n\t\t\t\t\t<img decoding=\"async\" width=\"2339\" height=\"1654\" src=\"https:\/\/gminadynow.pl\/wp-content\/uploads\/2021\/11\/Dynow-plakat-na-strone.jpg\" class=\"attachment-full size-full wp-post-image\" alt=\"\" srcset=\"https:\/\/gminadynow.pl\/wp-content\/uploads\/2021\/11\/Dynow-plakat-na-strone.jpg 2339w, https:\/\/gminadynow.pl\/wp-content\/uploads\/2021\/11\/Dynow-plakat-na-strone-300x212.jpg 300w, https:\/\/gminadynow.pl\/wp-content\/uploads\/2021\/11\/Dynow-plakat-na-strone-1024x724.jpg 1024w, https:\/\/gminadynow.pl\/wp-content\/uploads\/2021\/11\/Dynow-plakat-na-strone-768x543.jpg 768w, https:\/\/gminadynow.pl\/wp-content\/uploads\/2021\/11\/Dynow-plakat-na-strone-1536x1086.jpg 1536w, https:\/\/gminadynow.pl\/wp-content\/uploads\/2021\/11\/Dynow-plakat-na-strone-2048x1448.jpg 2048w\" sizes=\"(max-width: 2339px) 100vw, 2339px\" \/>\t\t\t\t<\/a>\n\t\t\t<\/div>\n        \n                <div class=\"post-grid-text-wrap\">\n                    \t\t<div class=\"post-grid-meta\">\n\t\t\t\n\t\t\t\t<span class=\"post-date\"><time datetime=\"2021-11-18T08:53:26+01:00\">18 listopada 2021<\/time><\/span>\n\n\t\t\t\t<span class=\"post-categories\"><a href=\"https:\/\/gminadynow.pl\/index.php\/category\/aktualnosci\/\" rel=\"category tag\">Aktualno\u015bci<\/a>, <a href=\"https:\/\/gminadynow.pl\/index.php\/category\/dla-rolnikow\/\" rel=\"category tag\">Dla rolnik\u00f3w<\/a><\/span>\t\t<\/div>\n\t\t                    \t\t<div class=\"post-grid-excerpt\">\n\t\t\t<p>Szkolenie w zakresie stosowania \u015brodk\u00f3w ochrony odb\u0119dzie si\u0119 &nbsp;1 grudnia o godz. 11:00 w OSP Bartk\u00f3wka Dyn\u00f3w, ul. Bartk\u00f3wka 136 C. Koszt szkolenia 150z\u0142. Za\u015bwiadczenie&hellip;<\/p>\n\t\t<\/div>\n\t\t                    \t\t<a class=\"read-more-btn\" href=\"https:\/\/gminadynow.pl\/index.php\/2021\/11\/18\/szkolenia-do-rolnikow-w-zakresie-stosowania-srodkow-ochrony\/\">Czytaj wi\u0119cej \u00bb<\/a>\n\t\t                <\/div>\n\n            <\/div><!-- .blog-inner -->\n           \n        <\/article>\n\n        \n        <article id=\"post-2762\" class=\"wpcap-post post-2762 post type-post status-publish format-standard has-post-thumbnail hentry category-aktualnosci category-dla-rolnikow\">\n         \n            <div class=\"post-grid-inner\">\n                \n                \t\t<h3 class=\"title\">\n\t\t\t<a href=\"https:\/\/gminadynow.pl\/index.php\/2021\/09\/17\/czy-znasz-zasady-bezpiecznego-przebywania-w-gospodarstwie-rolnym\/\">Czy znasz zasady bezpiecznego przebywania w gospodarstwie rolnym?<\/a>\n\t\t<\/h3>\n\t\t                \n                 \t\t\t<div class=\"post-grid-thumbnail\">\n\t\t\t\t<a href=\"https:\/\/gminadynow.pl\/index.php\/2021\/09\/17\/czy-znasz-zasady-bezpiecznego-przebywania-w-gospodarstwie-rolnym\/\">\n\t\t\t\t\t<img loading=\"lazy\" decoding=\"async\" width=\"828\" height=\"584\" src=\"https:\/\/gminadynow.pl\/wp-content\/uploads\/2021\/09\/828x0.jpg\" class=\"attachment-full size-full wp-post-image\" alt=\"\" srcset=\"https:\/\/gminadynow.pl\/wp-content\/uploads\/2021\/09\/828x0.jpg 828w, https:\/\/gminadynow.pl\/wp-content\/uploads\/2021\/09\/828x0-300x212.jpg 300w, https:\/\/gminadynow.pl\/wp-content\/uploads\/2021\/09\/828x0-768x542.jpg 768w\" sizes=\"(max-width: 828px) 100vw, 828px\" \/>\t\t\t\t<\/a>\n\t\t\t<\/div>\n        \n                <div class=\"post-grid-text-wrap\">\n                    \t\t<div class=\"post-grid-meta\">\n\t\t\t\n\t\t\t\t<span class=\"post-date\"><time datetime=\"2021-09-17T07:19:00+02:00\">17 wrze\u015bnia 2021<\/time><\/span>\n\n\t\t\t\t<span class=\"post-categories\"><a href=\"https:\/\/gminadynow.pl\/index.php\/category\/aktualnosci\/\" rel=\"category tag\">Aktualno\u015bci<\/a>, <a href=\"https:\/\/gminadynow.pl\/index.php\/category\/dla-rolnikow\/\" rel=\"category tag\">Dla rolnik\u00f3w<\/a><\/span>\t\t<\/div>\n\t\t                    \t\t<div class=\"post-grid-excerpt\">\n\t\t\t<p>Czy znasz zasady bezpiecznego przebywania w gospodarstwie rolnym? Sprawd\u017a swoj\u0105 wiedz\u0119 i wygraj jedn\u0105 z 100 hulajn\u00f3g ufundowanych przez KRUS Kasa Rolniczego Ubezpieczenia Spo\u0142ecznego zaprasza&hellip;<\/p>\n\t\t<\/div>\n\t\t                    \t\t<a class=\"read-more-btn\" href=\"https:\/\/gminadynow.pl\/index.php\/2021\/09\/17\/czy-znasz-zasady-bezpiecznego-przebywania-w-gospodarstwie-rolnym\/\">Czytaj wi\u0119cej \u00bb<\/a>\n\t\t                <\/div>\n\n            <\/div><!-- .blog-inner -->\n           \n        <\/article>\n\n        \n        <article id=\"post-2355\" class=\"wpcap-post post-2355 post type-post status-publish format-standard has-post-thumbnail hentry category-aktualnosci category-dla-rolnikow\">\n         \n            <div class=\"post-grid-inner\">\n                \n                \t\t<h3 class=\"title\">\n\t\t\t<a href=\"https:\/\/gminadynow.pl\/index.php\/2021\/07\/29\/ogloszenie-wnioski-o-zwrot-podatku-akcyzowego-2\/\">OG\u0141OSZENIE-wnioski o zwrot podatku akcyzowego<\/a>\n\t\t<\/h3>\n\t\t                \n                 \t\t\t<div class=\"post-grid-thumbnail\">\n\t\t\t\t<a href=\"https:\/\/gminadynow.pl\/index.php\/2021\/07\/29\/ogloszenie-wnioski-o-zwrot-podatku-akcyzowego-2\/\">\n\t\t\t\t\t<img loading=\"lazy\" decoding=\"async\" width=\"620\" height=\"429\" src=\"https:\/\/gminadynow.pl\/wp-content\/uploads\/2021\/07\/Zwrot-Akcyzy.jpg\" class=\"attachment-full size-full wp-post-image\" alt=\"\" srcset=\"https:\/\/gminadynow.pl\/wp-content\/uploads\/2021\/07\/Zwrot-Akcyzy.jpg 620w, https:\/\/gminadynow.pl\/wp-content\/uploads\/2021\/07\/Zwrot-Akcyzy-300x208.jpg 300w\" sizes=\"(max-width: 620px) 100vw, 620px\" \/>\t\t\t\t<\/a>\n\t\t\t<\/div>\n        \n                <div class=\"post-grid-text-wrap\">\n                    \t\t<div class=\"post-grid-meta\">\n\t\t\t\n\t\t\t\t<span class=\"post-date\"><time datetime=\"2021-07-29T08:45:58+02:00\">29 lipca 2021<\/time><\/span>\n\n\t\t\t\t<span class=\"post-categories\"><a href=\"https:\/\/gminadynow.pl\/index.php\/category\/aktualnosci\/\" rel=\"category tag\">Aktualno\u015bci<\/a>, <a href=\"https:\/\/gminadynow.pl\/index.php\/category\/dla-rolnikow\/\" rel=\"category tag\">Dla rolnik\u00f3w<\/a><\/span>\t\t<\/div>\n\t\t                    \t\t<div class=\"post-grid-excerpt\">\n\t\t\t<p>Urz\u0105d Gminy w Dynowie informuje, \u017ce przez miesi\u0105c sierpie\u0144 2021r. przyjmuje wnioski o zwrot podatku akcyzowego zawartego w cenie oleju nap\u0119dowego wykorzystywanego do produkcji rolnej.&hellip;<\/p>\n\t\t<\/div>\n\t\t                    \t\t<a class=\"read-more-btn\" href=\"https:\/\/gminadynow.pl\/index.php\/2021\/07\/29\/ogloszenie-wnioski-o-zwrot-podatku-akcyzowego-2\/\">Czytaj wi\u0119cej \u00bb<\/a>\n\t\t                <\/div>\n\n            <\/div><!-- .blog-inner -->\n           \n        <\/article>\n\n        \n        <article id=\"post-2024\" class=\"wpcap-post post-2024 post type-post status-publish format-standard has-post-thumbnail hentry category-aktualnosci category-dla-rolnikow\">\n         \n            <div class=\"post-grid-inner\">\n                \n                \t\t<h3 class=\"title\">\n\t\t\t<a href=\"https:\/\/gminadynow.pl\/index.php\/2021\/06\/10\/doplaty-bezposrednie-2021-termin-skladania-wnioskow-wydluzony-do-17-czerwca\/\">Dop\u0142aty bezpo\u015brednie 2021: Termin sk\u0142adania wniosk\u00f3w wyd\u0142u\u017cony do 17 czerwca<\/a>\n\t\t<\/h3>\n\t\t                \n                 \t\t\t<div class=\"post-grid-thumbnail\">\n\t\t\t\t<a href=\"https:\/\/gminadynow.pl\/index.php\/2021\/06\/10\/doplaty-bezposrednie-2021-termin-skladania-wnioskow-wydluzony-do-17-czerwca\/\">\n\t\t\t\t\t<img loading=\"lazy\" decoding=\"async\" width=\"1460\" height=\"616\" src=\"https:\/\/gminadynow.pl\/wp-content\/uploads\/2021\/06\/1460x616.jpg\" class=\"attachment-full size-full wp-post-image\" alt=\"\" srcset=\"https:\/\/gminadynow.pl\/wp-content\/uploads\/2021\/06\/1460x616.jpg 1460w, https:\/\/gminadynow.pl\/wp-content\/uploads\/2021\/06\/1460x616-300x127.jpg 300w, https:\/\/gminadynow.pl\/wp-content\/uploads\/2021\/06\/1460x616-1024x432.jpg 1024w, https:\/\/gminadynow.pl\/wp-content\/uploads\/2021\/06\/1460x616-768x324.jpg 768w\" sizes=\"(max-width: 1460px) 100vw, 1460px\" \/>\t\t\t\t<\/a>\n\t\t\t<\/div>\n        \n                <div class=\"post-grid-text-wrap\">\n                    \t\t<div class=\"post-grid-meta\">\n\t\t\t\n\t\t\t\t<span class=\"post-date\"><time datetime=\"2021-06-10T14:17:00+02:00\">10 czerwca 2021<\/time><\/span>\n\n\t\t\t\t<span class=\"post-categories\"><a href=\"https:\/\/gminadynow.pl\/index.php\/category\/aktualnosci\/\" rel=\"category tag\">Aktualno\u015bci<\/a>, <a href=\"https:\/\/gminadynow.pl\/index.php\/category\/dla-rolnikow\/\" rel=\"category tag\">Dla rolnik\u00f3w<\/a><\/span>\t\t<\/div>\n\t\t                    \t\t<div class=\"post-grid-excerpt\">\n\t\t\t<p>Do 17 czerwca wyd\u0142u\u017cony zosta\u0142 tak\u017ce termin sk\u0142adania zmian do wniosk\u00f3w. Termin na z\u0142o\u017cenie wniosku o dop\u0142aty bezpo\u015brednie oraz niekt\u00f3re p\u0142atno\u015bci w ramach PROW tj.&hellip;<\/p>\n\t\t<\/div>\n\t\t                    \t\t<a class=\"read-more-btn\" href=\"https:\/\/gminadynow.pl\/index.php\/2021\/06\/10\/doplaty-bezposrednie-2021-termin-skladania-wnioskow-wydluzony-do-17-czerwca\/\">Czytaj wi\u0119cej \u00bb<\/a>\n\t\t                <\/div>\n\n            <\/div><!-- .blog-inner -->\n           \n        <\/article>\n\n        \n\t\t\t<\/div>\n\t\t<\/div>\n\t\t\t\t\t\t<\/div>\n\t\t\t\t<\/div>\n\t\t\t\t\t<\/div>\n\t\t<\/div>\n\t\t\t\t\t<\/div>\n\t\t<\/section>\n\t\t\t\t<\/div>\n\t\t","protected":false},"excerpt":{"rendered":"<p>Komunikaty dla rolnik\u00f3w SPIS ROLNY &#8211; zako\u0144czony 1 grudnia 2020 Aktualno\u015bci, Dla rolnik\u00f3w Czytaj wi\u0119cej \u00bb<\/p>\n","protected":false},"author":1,"featured_media":0,"parent":0,"menu_order":0,"comment_status":"closed","ping_status":"closed","template":"","meta":{"footnotes":""},"class_list":["post-253","page","type-page","status-publish","hentry"],"featured_image_urls_v2":{"full":"","thumbnail":"","medium":"","medium_large":"","large":"","1536x1536":"","2048x2048":""},"post_excerpt_stackable_v2":"<p>Komunikaty dla rolnik\u00f3w SPIS ROLNY &#8211; zako\u0144czony 1 grudnia 2020 Aktualno\u015bci, Dla rolnik\u00f3w Czytaj wi\u0119cej \u00bb<\/p>\n","category_list_v2":"","author_info_v2":{"name":"admin","url":"https:\/\/gminadynow.pl\/index.php\/author\/admin\/"},"comments_num_v2":"0 comments","rttpg_featured_image_url":null,"rttpg_author":{"display_name":"admin","author_link":"https:\/\/gminadynow.pl\/index.php\/author\/admin\/"},"rttpg_comment":0,"rttpg_category":"","rttpg_excerpt":"Komunikaty dla rolnik\u00f3w SPIS ROLNY &#8211; zako\u0144czony 1 grudnia 2020 Aktualno\u015bci, Dla rolnik\u00f3w Czytaj wi\u0119cej \u00bb","_links":{"self":[{"href":"https:\/\/gminadynow.pl\/index.php\/wp-json\/wp\/v2\/pages\/253","targetHints":{"allow":["GET"]}}],"collection":[{"href":"https:\/\/gminadynow.pl\/index.php\/wp-json\/wp\/v2\/pages"}],"about":[{"href":"https:\/\/gminadynow.pl\/index.php\/wp-json\/wp\/v2\/types\/page"}],"author":[{"embeddable":true,"href":"https:\/\/gminadynow.pl\/index.php\/wp-json\/wp\/v2\/users\/1"}],"replies":[{"embeddable":true,"href":"https:\/\/gminadynow.pl\/index.php\/wp-json\/wp\/v2\/comments?post=253"}],"version-history":[{"count":3,"href":"https:\/\/gminadynow.pl\/index.php\/wp-json\/wp\/v2\/pages\/253\/revisions"}],"predecessor-version":[{"id":894,"href":"https:\/\/gminadynow.pl\/index.php\/wp-json\/wp\/v2\/pages\/253\/revisions\/894"}],"wp:attachment":[{"href":"https:\/\/gminadynow.pl\/index.php\/wp-json\/wp\/v2\/media?parent=253"}],"curies":[{"name":"wp","href":"https:\/\/api.w.org\/{rel}","templated":true}]}}