
{"id":252,"date":"2020-10-20T14:57:22","date_gmt":"2020-10-20T12:57:22","guid":{"rendered":"http:\/\/gminadynow.pl\/?page_id=252"},"modified":"2021-09-05T21:51:56","modified_gmt":"2021-09-05T19:51:56","slug":"fundusz-solecki","status":"publish","type":"page","link":"https:\/\/gminadynow.pl\/index.php\/fundusz-solecki\/","title":{"rendered":"Fundusz So\u0142ecki"},"content":{"rendered":"\n<h2 class=\"has-text-align-center wp-block-heading\" style=\"font-size:30px\">Fundusz So\u0142ecki<\/h2>\n\n\n\n<div class=\"wp-block-ugb-accordion ugb-accordion ugb-e11bad8 ugb-accordion--v2 ugb-accordion--design-basic ugb-main-block\" aria-expanded=\"false\" id=\"\"><style>.ugb-e11bad8 .ugb-accordion__heading{border-radius:13px !important}<\/style><div class=\"ugb-inner-block\"><div class=\"ugb-block-content\"><div class=\"ugb-accordion__item\"><div class=\"ugb-accordion__heading ugb--shadow-5\" role=\"button\" tabindex=\"0\"><h4 class=\"ugb-accordion__title\" role=\"heading\" aria-level=\"3\">Fundusz So\u0142ecki w Gminie Dyn\u00f3w<\/h4><svg viewbox=\"0 0 20 20\" xmlns=\"http:\/\/www.w3.org\/2000\/svg\" class=\"ugb-accordion__arrow\" width=\"20\" height=\"20\"><path d=\"M16.7 3.3L10 10 3.3 3.4 0 6.7l10 10v-.1l10-9.9z\"><\/path><\/svg><\/div><div class=\"ugb-accordion__content\" role=\"region\"><div class=\"ugb-accordion__content-inner\">\n<p><strong>FUNDUSZ SO\u0141ECKI W&nbsp;GMINIE DYN\u00d3W<\/strong><br>W kwietniu 2009 roku wesz\u0142a w&nbsp;\u017cycie przygotowana przez rz\u0105d ustawa o&nbsp;Funduszu so\u0142eckim. G\u0142\u00f3wnym jej celem jest wzmocnienie samorz\u0105du lokalnego i&nbsp;wprowadzenie prostego oraz efektywnego systemu gospodarowania funduszami publicznymi, kt\u00f3ry przekazuje mieszka\u0144com so\u0142ectw decyduj\u0105cy g\u0142os o&nbsp;przeznaczeniu pewnych kwot z&nbsp;lokalnego bud\u017cetu.<br><br>Ustawa pozwala Radom Gmin na utworzenie fundusz\u00f3w so\u0142eckich. Dzi\u0119ki temu so\u0142ectwa b\u0119d\u0105 dysponowa\u0142y \u015brodkami na finansowanie skromnych, ale bardzo istotnych dzia\u0142a\u0144 na rzecz swoich spo\u0142eczno\u015bci.<br><br>Ustawa zak\u0142ada, \u017ce so\u0142ectwa b\u0119d\u0105 mog\u0142y pozyskiwa\u0107 za po\u015brednictwem funduszu \u015brodki na lokalne przedsi\u0119wzi\u0119cia oraz wspiera\u0107 inicjatywy swoich mieszka\u0144c\u00f3w.<br><br>Wydatkowanie \u015brodk\u00f3w w&nbsp;ramach funduszu so\u0142eckiego, w&nbsp;podstawowym trybie, mo\u017ce nast\u0105pi\u0107 wy\u0142\u0105cznie na podstawie z\u0142o\u017conego przez so\u0142ectwo wniosku, okre\u015blaj\u0105cego przedsi\u0119wzi\u0119cie, kt\u00f3re w&nbsp;ramach funduszu ma by\u0107 sfinansowane \u2013 art. 1 ust. 3 ustawy.<br><strong>S\u0105 to przedsi\u0119wzi\u0119cia zg\u0142oszone przez so\u0142ectwo we wniosku, kt\u00f3re musz\u0105 spe\u0142nia\u0107 \u0142\u0105cznie nast\u0119puj\u0105ce cechy:<\/strong><\/p>\n\n\n\n<ul class=\"wp-block-list\"><li>mie\u015bci\u0107 si\u0119 w&nbsp;katalogu zada\u0144 gminy,<\/li><li>s\u0142u\u017cy\u0107 poprawie warunk\u00f3w \u017cycia mieszka\u0144c\u00f3w,&nbsp;<\/li><li>powinny by\u0107 zgodne ze&nbsp;strategi\u0105 rozwoju gminy,<\/li><\/ul>\n\n\n\n<p><br><strong>Fundusz so\u0142ecki&nbsp;<\/strong>s\u0105 to \u015brodki finansowe wydzielone w&nbsp;bud\u017cecie gminy dla danego so\u0142ectwa na wykonanie zada\u0144, ale tylko takich, kt\u00f3re maj\u0105 si\u0119 przyczyni\u0107 do poprawy warunk\u00f3w \u017cycia mieszka\u0144c\u00f3w danego so\u0142ectwa i&nbsp; s\u0105 zgodne ze&nbsp;strategi\u0105 rozwoju gminy oraz mieszcz\u0105 si\u0119<br>w katalogu zada\u0144 w\u0142asnych gminy.<br>Mo\u017cna je przeznaczy\u0107 r\u00f3wnie\u017c na usuwanie skutk\u00f3w kl\u0119sk \u017cywio\u0142owych.<br><br><br><strong><u>Jaka jest wysoko\u015b\u0107 funduszu so\u0142eckiego?&nbsp;<\/u><\/strong><br><br>Rada Gminy&nbsp; w&nbsp;terminie&nbsp;<strong>do 31 marca<\/strong>&nbsp;(a w&nbsp;2009r. w&nbsp;terminie do 30 czerwca) ka\u017cdego roku podejmuje uchwa\u0142\u0119, w&nbsp;kt\u00f3rej<strong>&nbsp;wyra\u017ca<\/strong>&nbsp;albo&nbsp;<strong>nie wyra\u017ca<\/strong>&nbsp;zgody na wyodr\u0119bnienie funduszu so\u0142eckiego w&nbsp;nast\u0119pnym roku.&nbsp;<br>Ilo\u015b\u0107 \u015brodk\u00f3w finansowych dla danego so\u0142ectwa jest uzale\u017cniona od zamo\u017cno\u015bci gminy. W&nbsp;ustawie z&nbsp;dnia 20 lutego 2009 roku o&nbsp;funduszu so\u0142eckim zawarto wz\u00f3r, za pomoc\u0105, kt\u00f3rego oblicza si\u0119 wysoko\u015b\u0107 \u015brodk\u00f3w finansowych przypadaj\u0105cych na dane so\u0142ectwo. W\u00f3jt&nbsp; corocznie w&nbsp;terminie&nbsp;<strong>do dnia 31 lipca&nbsp;<\/strong>roku poprzedzaj\u0105cego rok bud\u017cetowy informuje so\u0142tys\u00f3w o&nbsp;wysoko\u015bci \u015brodk\u00f3w, kt\u00f3re b\u0119d\u0105 do wykorzystania przez dane so\u0142ectwo w&nbsp;nast\u0119pnym roku.<strong><u><br><br><br>Na co mo\u017cna przeznaczy\u0107 \u015brodki z&nbsp;funduszu so\u0142eckiego?<br><\/u><\/strong><br>\u015arodki funduszu mog\u0105 zosta\u0107 przeznaczone na realizacj\u0119 przedsi\u0119wzi\u0119\u0107, kt\u00f3re s\u0105 zadaniami w\u0142asnymi gminy, s\u0142u\u017c\u0105 poprawie warunk\u00f3w \u017cycia mieszka\u0144c\u00f3w so\u0142ectw i&nbsp;s\u0105 zgodne ze&nbsp;strategi\u0105 rozwoju gminy. \u015arodki funduszu mog\u0105 by\u0107 przeznaczone r\u00f3wnie\u017c na pokrycie wydatk\u00f3w na dzia\u0142ania zmierzaj\u0105ce do usuni\u0119cia skutk\u00f3w kl\u0119sk \u017cywio\u0142owych w&nbsp;rozumieniu ustawy z&nbsp;dnia 18 kwietnia 2002 r. o&nbsp;stanie kl\u0119ski \u017cywio\u0142owej (Dz. U. Nr 62,poz.558 z&nbsp;p\u00f3\u017an. zm.).<br><br><br><strong><u>Co ma zrobi\u0107 so\u0142ectwo, aby otrzyma\u0107 \u015brodki z&nbsp;funduszu so\u0142eckiego?&nbsp;<\/u><\/strong><br><br>Aby so\u0142ectwo otrzyma\u0142o \u015brodki z&nbsp;funduszu so\u0142eckiego musi zosta\u0107&nbsp;<strong>zwo\u0142ane zebranie wiejskie<\/strong>, na kt\u00f3rym zostanie uchwalony wniosek o&nbsp;przyznanie \u015brodk\u00f3w z&nbsp;funduszu so\u0142eckiego. Wniosek mo\u017ce by\u0107 uchwalony z&nbsp;inicjatywy&nbsp;<strong>so\u0142tysa<\/strong>,&nbsp;<strong>rady so\u0142eckiej<\/strong>&nbsp;lub co najmniej&nbsp;<strong>15 pe\u0142noletnich mieszka\u0144c\u00f3w&nbsp;<\/strong>so\u0142ectwa. Wniosek powinien zawiera\u0107 wskazanie przedsi\u0119wzi\u0119\u0107 przewidywanych do realizacji na obszarze so\u0142ectwa w&nbsp;ramach \u015brodk\u00f3w okre\u015blonych dla danego so\u0142ectwa, wraz z&nbsp;oszacowaniem ich koszt\u00f3w i&nbsp;uzasadnieniem. Zadanie powinno jasno okre\u015bla\u0107 realny koszt.&nbsp; Nale\u017cy pami\u0119ta\u0107 aby wysoko\u015b\u0107 koszt\u00f3w wskazanych we wniosku nie by\u0142a wy\u017csza ni\u017c ta, kt\u00f3ra zosta\u0142a okre\u015blona dla danego so\u0142ectwa.&nbsp;<br>Uchwalony wniosek so\u0142tys przekazuje W\u00f3jtowi, w&nbsp;terminie do dnia&nbsp;<strong>30 wrze\u015bnia&nbsp;<\/strong>roku poprzedzaj\u0105cego rok, w&nbsp;kt\u00f3rym so\u0142ectwo ma otrzyma\u0107 pieni\u0105dze, celem uwzgl\u0119dnienia go w&nbsp;projekcie bud\u017cetu gminy.<br><strong><br>Dokument wniosku so\u0142ectwa powinien spe\u0142nia\u0107 okre\u015blone wymagania, aby uj\u0119te w&nbsp;nim przedsi\u0119wzi\u0119cie mog\u0142o by\u0107 przyj\u0119te do realizacji. Wymagania te, zgodne z&nbsp;ustaw\u0105 dotycz\u0105 nast\u0119puj\u0105cych element\u00f3w:<\/strong><\/p>\n\n\n\n<ul class=\"wp-block-list\"><li><strong>termin z\u0142o\u017cenia wniosku&nbsp;<\/strong>(30 wrze\u015bnia r. poprzedzaj\u0105cego rok wydatkowania \u015brodk\u00f3w ),<\/li><li><strong>okre\u015blenia przedsi\u0119wzi\u0119\u0107<\/strong>&nbsp;( zg\u0142oszone we wniosku przedsi\u0119wzi\u0119cia musz\u0105 posiada\u0107 cechy wymagane przepisami art. 1 ust. 3 ustawy, tj. mie\u015bci\u0107 si\u0119 w&nbsp;katalogu zada\u0144 w\u0142asnych gminy, s\u0142u\u017cy\u0107 poprawie \u017cycia mieszka\u0144c\u00f3w oraz musz\u0105 by\u0107 zgodne ze&nbsp;strategia rozwoju gminy),<\/li><li><strong>uzasadnienia przedsi\u0119wzi\u0119\u0107 zg\u0142oszonych we wniosku<\/strong>&nbsp;( element ten powinien w&nbsp;szczeg\u00f3lno\u015bci pos\u0142u\u017cy\u0107 wskazaniu, i\u017c&nbsp;przedsi\u0119wzi\u0119cie odpowiada wymogom s\u0142u\u017c\u0105cym poprawie warunk\u00f3w \u017cycia mieszka\u0144c\u00f3w),<\/li><li><strong>oszacowania koszt\u00f3w przedsi\u0119wzi\u0119\u0107&nbsp;<\/strong>( kosz przedsi\u0119wzi\u0119\u0107 zg\u0142oszonych we wniosku ma mie\u015bci\u0107 si\u0119 w&nbsp;kwocie \u015brodk\u00f3w wynikaj\u0105cych z&nbsp;informacji przedstawionej przez W\u00f3jta, przy czym koszt ten winien by\u0107 adekwatny do planowanego przedsi\u0119wzi\u0119cia. W&nbsp;zwi\u0105zku z&nbsp;czym nie mo\u017cna uzna\u0107 za prawid\u0142owy wniosek, kt\u00f3ry tylko formalnie wykazuje zgodno\u015b\u0107 z&nbsp;wymogami \u201ezmieszczenia si\u0119 \u201e koszt\u00f3w w&nbsp;przyznanej kwocie, mimo, \u017ce przyznana kwota nie daje realnych podstaw do sfinansowania zg\u0142oszonego przedsi\u0119wzi\u0119cia).<\/li><\/ul>\n\n\n\n<p><strong><br>Opr\u00f3cz przedstawionych wymaga\u0144 ustawowych nale\u017cy jeszcze wskaza\u0107, i\u017c&nbsp;w\u0142a\u015bciwe jest,&nbsp; aby wraz z&nbsp;wnioskiem zosta\u0142 z\u0142o\u017cony, jako za\u0142\u0105cznik:&nbsp;<\/strong><\/p>\n\n\n\n<ul class=\"wp-block-list\"><li><strong>protok\u00f3\u0142 zebrania wiejskiego<\/strong>&nbsp;(na kt\u00f3rym zosta\u0142 uchwalony, jako dow\u00f3d prawid\u0142owego jego zwo\u0142ania i&nbsp;przeprowadzenia)<\/li><li><strong>uchwa\u0142a zebrania wiejskiego<\/strong>&nbsp;w&nbsp;sprawie przyj\u0119cia wniosku<\/li><li><strong>lista obecno\u015bci z&nbsp;zebrania<\/strong><\/li><\/ul>\n<\/div><\/div><\/div><\/div><\/div><\/div>\n\n\n\n<div class=\"wp-block-ugb-accordion ugb-accordion ugb-4c235ca ugb-accordion--v2 ugb-accordion--design-basic ugb-main-block\" aria-expanded=\"false\" id=\"\"><style>.ugb-4c235ca .ugb-accordion__heading{border-radius:13px !important}<\/style><div class=\"ugb-inner-block\"><div class=\"ugb-block-content\"><div class=\"ugb-accordion__item\"><div class=\"ugb-accordion__heading ugb--shadow-5\" role=\"button\" tabindex=\"0\"><h4 class=\"ugb-accordion__title\" role=\"heading\" aria-level=\"3\">Fundusz So\u0142ecki 2021<\/h4><svg viewbox=\"0 0 20 20\" xmlns=\"http:\/\/www.w3.org\/2000\/svg\" class=\"ugb-accordion__arrow\" width=\"20\" height=\"20\"><path d=\"M16.7 3.3L10 10 3.3 3.4 0 6.7l10 10v-.1l10-9.9z\"><\/path><\/svg><\/div><div class=\"ugb-accordion__content\" role=\"region\"><div class=\"ugb-accordion__content-inner\">\n<p><strong><u>Wysoko\u015bci \u015brodk\u00f3w funduszu so\u0142eckiego na 2021r.<\/u><\/strong><\/p>\n\n\n\n<p>Na podstawie art. 3 ust. 1 i&nbsp;2 ustawy z&nbsp;dnia 21 lutego 2014r. o&nbsp;funduszu so\u0142eckim (Dz. U. z&nbsp;2014r., poz. 301 ) oraz podj\u0119tej Uchwa\u0142y Nr XXIX(160)2014 Rady Gminy Dyn\u00f3w z dnia 31 marca 2014 r., dotycz\u0105cej wyodr\u0119bnienia w&nbsp;bud\u017cecie gminy Dyn\u00f3w \u015brodk\u00f3w stanowi\u0105cych fundusz so\u0142ecki, zosta\u0142a ustalona wysoko\u015b\u0107 \u015brodk\u00f3w na rok 2021, kt\u00f3ra razem wynosi&nbsp;<strong>300&nbsp;195,42z\u0142.&nbsp;<\/strong><\/p>\n\n\n\n<p><strong>Ustalona wysoko\u015b\u0107 \u015brodk\u00f3w wyodr\u0119bniona w&nbsp;bud\u017cecie gminy z&nbsp;podzia\u0142em na poszczeg\u00f3lne so\u0142ectwa:<\/strong><br><br><strong>BACH\u00d3RZ- 44&nbsp;552,60<\/strong><br><strong>D\u0104BR\u00d3WKA STARZE\u0143SKA-29&nbsp;003,74<\/strong><br><strong>DYL\u0104GOWA -34&nbsp;038,19<\/strong><br><strong>HARTA-&nbsp;&nbsp;44&nbsp;552,60<\/strong><br><strong>LASK\u00d3WKA-25&nbsp;929,61<\/strong><br><strong>\u0141UBNO- 44&nbsp;552,60<\/strong><br><strong>PAW\u0141OKOMA- 32&nbsp;746,16<\/strong><br><strong>ULANICA-26&nbsp;731,56<\/strong><br><strong>WYR\u0118BY-18&nbsp;088,36<\/strong><\/p>\n<\/div><\/div><\/div><\/div><\/div><\/div>\n\n\n\n<div class=\"wp-block-ugb-accordion ugb-accordion ugb-8ddb195 ugb-accordion--v2 ugb-accordion--design-basic ugb-main-block\" aria-expanded=\"false\" id=\"\"><style>.ugb-8ddb195 .ugb-accordion__heading{border-radius:13px !important}<\/style><div class=\"ugb-inner-block\"><div class=\"ugb-block-content\"><div class=\"ugb-accordion__item\"><div class=\"ugb-accordion__heading ugb--shadow-5\" role=\"button\" tabindex=\"0\"><h4 class=\"ugb-accordion__title\" role=\"heading\" aria-level=\"3\">Fundusz So\u0142ecki 2022<\/h4><svg viewbox=\"0 0 20 20\" xmlns=\"http:\/\/www.w3.org\/2000\/svg\" class=\"ugb-accordion__arrow\" width=\"20\" height=\"20\"><path d=\"M16.7 3.3L10 10 3.3 3.4 0 6.7l10 10v-.1l10-9.9z\"><\/path><\/svg><\/div><div class=\"ugb-accordion__content\" role=\"region\"><div class=\"ugb-accordion__content-inner\">\n<p><strong>Wysoko\u015bci \u015brodk\u00f3w funduszu so\u0142eckiego na 2022r.<\/strong><\/p>\n\n\n\n<p>Na podstawie art. 3 ust. 1 i&nbsp;2 ustawy z&nbsp;dnia 21 lutego 2014r. o&nbsp;funduszu so\u0142eckim (Dz. U. z&nbsp;2014r., poz. 301 ) oraz podj\u0119tej Uchwa\u0142y Nr XXIX(160)2014 Rady Gminy Dyn\u00f3w z dnia 31 marca 2014 r., dotycz\u0105cej wyodr\u0119bnienia w&nbsp;bud\u017cecie gminy Dyn\u00f3w \u015brodk\u00f3w stanowi\u0105cych fundusz so\u0142ecki, zosta\u0142a ustalona wysoko\u015b\u0107 \u015brodk\u00f3w na rok 2021, kt\u00f3ra razem wynosi&nbsp;<strong>345&nbsp;367,55.&nbsp;<\/strong><\/p>\n\n\n\n<p><strong>Ustalona wysoko\u015b\u0107 \u015brodk\u00f3w wyodr\u0119bniona w&nbsp;bud\u017cecie gminy z&nbsp;podzia\u0142em na poszczeg\u00f3lne so\u0142ectwa:<\/strong><br><br><strong>BACH\u00d3RZ- 51 593,60<\/strong><br><strong>D\u0104BR\u00d3WKA STARZE\u0143SKA- 32 916,72<\/strong><br><strong>DYL\u0104GOWA -38&nbsp;901,57<\/strong><br><strong>HARTA-&nbsp;&nbsp;51&nbsp;593,60<\/strong><br><strong>LASK\u00d3WKA- 29&nbsp;666,32<\/strong><br><strong>\u0141UBNO- 51&nbsp;593,60<\/strong><br><strong>PAW\u0141OKOMA- 37&nbsp;456,95<\/strong><br><strong>ULANICA- 30&nbsp;801,38<\/strong><br><strong>WYR\u0118BY- 20&nbsp;843,81<\/strong><\/p>\n<\/div><\/div><\/div><\/div><\/div><\/div>\n\n\n\n<div style=\"height:60px\" aria-hidden=\"true\" class=\"wp-block-spacer\"><\/div>\n\n\n\n<hr class=\"wp-block-separator\"\/>\n\n\n\n<p>Dokumenty do pobrania:<\/p>\n\n\n\n<p><\/p>\n\n\n\n<div class=\"wp-block-file\"><a href=\"http:\/\/gminadynow.pl\/wp-content\/uploads\/2020\/12\/fundusz-solecki-krok-po-kroku.pdf\">Fundusz So\u0142ecki &#8211; krok po kroku<\/a><a href=\"http:\/\/gminadynow.pl\/wp-content\/uploads\/2020\/12\/fundusz-solecki-krok-po-kroku.pdf\" class=\"wp-block-file__button\" download>Pobierz<\/a><\/div>\n\n\n\n<div class=\"wp-block-file\"><a href=\"http:\/\/gminadynow.pl\/wp-content\/uploads\/2020\/12\/Fundusz-Solecki-Poradnik.pdf\">Fundusz So\u0142ecki &#8211; Poradnik<\/a><a href=\"http:\/\/gminadynow.pl\/wp-content\/uploads\/2020\/12\/Fundusz-Solecki-Poradnik.pdf\" class=\"wp-block-file__button\" download>Pobierz<\/a><\/div>\n\n\n\n<div class=\"wp-block-file\"><a href=\"http:\/\/gminadynow.pl\/wp-content\/uploads\/2020\/12\/D20090420L.pdf\">Ustawa o funduszu so\u0142eckim<\/a><a href=\"http:\/\/gminadynow.pl\/wp-content\/uploads\/2020\/12\/D20090420L.pdf\" class=\"wp-block-file__button\" download>Pobierz<\/a><\/div>\n\n\n\n<div class=\"wp-block-file\"><a href=\"http:\/\/gminadynow.pl\/wp-content\/uploads\/2020\/12\/SKM_C224e16080511300-sb1.docx\">Zarz\u0105dzenie Nr 56\/2020<\/a><a href=\"http:\/\/gminadynow.pl\/wp-content\/uploads\/2020\/12\/SKM_C224e16080511300-sb1.docx\" class=\"wp-block-file__button\" download>Pobierz<\/a><\/div>\n","protected":false},"excerpt":{"rendered":"<p>Fundusz So\u0142ecki FUNDUSZ SO\u0141ECKI W&nbsp;GMINIE DYN\u00d3WW kwietniu 2009 roku wesz\u0142a w&nbsp;\u017cycie przygotowana przez rz\u0105d ustawa o&nbsp;Funduszu so\u0142eckim. G\u0142\u00f3wnym jej celem jest wzmocnienie samorz\u0105du lokalnego i&nbsp;wprowadzenie prostego oraz efektywnego systemu gospodarowania funduszami publicznymi, kt\u00f3ry przekazuje mieszka\u0144com so\u0142ectw decyduj\u0105cy g\u0142os o&nbsp;przeznaczeniu pewnych kwot z&nbsp;lokalnego bud\u017cetu. Ustawa pozwala Radom Gmin na utworzenie fundusz\u00f3w so\u0142eckich. Dzi\u0119ki temu so\u0142ectwa b\u0119d\u0105 [&hellip;]<\/p>\n","protected":false},"author":1,"featured_media":0,"parent":0,"menu_order":0,"comment_status":"closed","ping_status":"closed","template":"","meta":{"footnotes":""},"class_list":["post-252","page","type-page","status-publish","hentry"],"featured_image_urls_v2":{"full":"","thumbnail":"","medium":"","medium_large":"","large":"","1536x1536":"","2048x2048":""},"post_excerpt_stackable_v2":"<p>Fundusz So\u0142ecki Fundusz So\u0142ecki w Gminie Dyn\u00f3w FUNDUSZ SO\u0141ECKI W&nbsp;GMINIE DYN\u00d3WW kwietniu 2009 roku wesz\u0142a w&nbsp;\u017cycie przygotowana przez rz\u0105d ustawa o&nbsp;Funduszu so\u0142eckim. G\u0142\u00f3wnym jej celem jest wzmocnienie samorz\u0105du lokalnego i&nbsp;wprowadzenie prostego oraz efektywnego systemu gospodarowania funduszami publicznymi, kt\u00f3ry przekazuje mieszka\u0144com so\u0142ectw decyduj\u0105cy g\u0142os o&nbsp;przeznaczeniu pewnych kwot z&nbsp;lokalnego bud\u017cetu.Ustawa pozwala Radom Gmin na utworzenie fundusz\u00f3w so\u0142eckich. Dzi\u0119ki temu so\u0142ectwa b\u0119d\u0105 dysponowa\u0142y \u015brodkami na finansowanie skromnych, ale bardzo istotnych dzia\u0142a\u0144 na rzecz swoich spo\u0142eczno\u015bci.Ustawa zak\u0142ada, \u017ce so\u0142ectwa b\u0119d\u0105 mog\u0142y pozyskiwa\u0107 za po\u015brednictwem funduszu \u015brodki na lokalne przedsi\u0119wzi\u0119cia oraz wspiera\u0107 inicjatywy swoich mieszka\u0144c\u00f3w.Wydatkowanie \u015brodk\u00f3w w&nbsp;ramach funduszu so\u0142eckiego, w&nbsp;podstawowym trybie, mo\u017ce nast\u0105pi\u0107 wy\u0142\u0105cznie na&hellip;<\/p>\n","category_list_v2":"","author_info_v2":{"name":"admin","url":"https:\/\/gminadynow.pl\/index.php\/author\/admin\/"},"comments_num_v2":"0 comments","rttpg_featured_image_url":null,"rttpg_author":{"display_name":"admin","author_link":"https:\/\/gminadynow.pl\/index.php\/author\/admin\/"},"rttpg_comment":0,"rttpg_category":null,"rttpg_excerpt":"Fundusz So\u0142ecki FUNDUSZ SO\u0141ECKI W&nbsp;GMINIE DYN\u00d3WW kwietniu 2009 roku wesz\u0142a w&nbsp;\u017cycie przygotowana przez rz\u0105d ustawa o&nbsp;Funduszu so\u0142eckim. G\u0142\u00f3wnym jej celem jest wzmocnienie samorz\u0105du lokalnego i&nbsp;wprowadzenie prostego oraz efektywnego systemu gospodarowania funduszami publicznymi, kt\u00f3ry przekazuje mieszka\u0144com so\u0142ectw decyduj\u0105cy g\u0142os o&nbsp;przeznaczeniu pewnych kwot z&nbsp;lokalnego bud\u017cetu. Ustawa pozwala Radom Gmin na utworzenie fundusz\u00f3w so\u0142eckich. Dzi\u0119ki temu so\u0142ectwa b\u0119d\u0105&hellip;","_links":{"self":[{"href":"https:\/\/gminadynow.pl\/index.php\/wp-json\/wp\/v2\/pages\/252","targetHints":{"allow":["GET"]}}],"collection":[{"href":"https:\/\/gminadynow.pl\/index.php\/wp-json\/wp\/v2\/pages"}],"about":[{"href":"https:\/\/gminadynow.pl\/index.php\/wp-json\/wp\/v2\/types\/page"}],"author":[{"embeddable":true,"href":"https:\/\/gminadynow.pl\/index.php\/wp-json\/wp\/v2\/users\/1"}],"replies":[{"embeddable":true,"href":"https:\/\/gminadynow.pl\/index.php\/wp-json\/wp\/v2\/comments?post=252"}],"version-history":[{"count":4,"href":"https:\/\/gminadynow.pl\/index.php\/wp-json\/wp\/v2\/pages\/252\/revisions"}],"predecessor-version":[{"id":2547,"href":"https:\/\/gminadynow.pl\/index.php\/wp-json\/wp\/v2\/pages\/252\/revisions\/2547"}],"wp:attachment":[{"href":"https:\/\/gminadynow.pl\/index.php\/wp-json\/wp\/v2\/media?parent=252"}],"curies":[{"name":"wp","href":"https:\/\/api.w.org\/{rel}","templated":true}]}}