
{"id":250,"date":"2020-10-20T14:57:22","date_gmt":"2020-10-20T12:57:22","guid":{"rendered":"http:\/\/gminadynow.pl\/?page_id=250"},"modified":"2021-01-03T21:19:17","modified_gmt":"2021-01-03T20:19:17","slug":"parafie-w-gminie-dynow","status":"publish","type":"page","link":"https:\/\/gminadynow.pl\/index.php\/parafie-w-gminie-dynow\/","title":{"rendered":"Parafie w Gminie Dyn\u00f3w"},"content":{"rendered":"\n<p class=\"has-text-align-center\" style=\"font-size:30px\"><strong>Parafie w Gminie Dyn\u00f3w<\/strong><\/p>\n\n\n\n<p>W Gminie Dyn\u00f3w znajduje si\u0119 4 parafie nale\u017c\u0105ce do dekanatu dynowskiego&nbsp; oraz 1 do dekanatu dubieckiego.<\/p>\n\n\n\n<p class=\"has-medium-font-size\"><strong>Parafie&nbsp;na terenie gminy Dyn\u00f3w:<\/strong><\/p>\n\n\n\n<p><strong>Bach\u00f3rz, <\/strong><em>\u015bw. Wojciecha<\/em><br>Bach\u00f3rz 72, 36-068 BACH\u00d3RZ<br>tel. 016 652 24 00<br><br><strong>Msze \u015bwi\u0119te<\/strong><br>w niedziele i \u015bwi\u0119ta: 7.30, 9.30, 11.00<br>w dni powszednie: 18.00 (zima &#8211; 16.00)<br><br><strong>Ko\u015bci\u00f3\u0142 filialny:<\/strong><br><strong>Lask\u00f3wka<\/strong><br>Msze \u015bwi\u0119te<br>w niedziele i \u015bwi\u0119ta:\u00a0<br><\/p>\n\n\n\n<hr class=\"wp-block-separator\"\/>\n\n\n\n<p><strong>Dyl\u0105gowa, <\/strong><em>\u015bw. Zofii<\/em><br>Dyl\u0105gowa 176, 37-759 DYL\u0104GOWA<br>tel. 016 652 35 02<br><br><strong>Msze \u015bwi\u0119te<\/strong><br>w niedziele i \u015bwi\u0119ta: 7.30, 11.00<br>w dni powszednie: 19.00 (zima &#8211; 16.00)<br><br><strong>Ko\u015bci\u00f3\u0142 filialny<\/strong>:<br><strong>Paw\u0142okoma<\/strong><br><strong>Msze \u015bwi\u0119te<\/strong><br>w niedziele i \u015bwi\u0119ta: 9.00<br><\/p>\n\n\n\n<hr class=\"wp-block-separator\"\/>\n\n\n\n<p><strong>Harta, <\/strong><em>\u015bw. Miko\u0142aja Biskupa<\/em><br>Harta 431, 36-067 HARTA<br>tel. 016 652 17 65<br><br><strong>Msze \u015bwi\u0119te<\/strong><br>w niedziele i \u015bwi\u0119ta: 7.30, 11.00<br>w dni powszednie: 7.00, 18.00, (zima &#8211; 7.00, 16.00)<br><br><strong>Ko\u015bci\u00f3\u0142 filialny:<\/strong><br><strong>Harta G\u00f3rna<\/strong><br>Msze \u015bwi\u0119te<br>w niedziele i \u015bwi\u0119ta: 9.30, 12.00<\/p>\n\n\n\n<hr class=\"wp-block-separator\"\/>\n\n\n\n<p><br><strong>\u0141ubno, <\/strong><em>\u015bw. Jana Chrzciciela<\/em><br>\u0141ubno, 36-065 DYN\u00d3W<br>tel. 0016 6521034<br>DEKANAT &#8211; DYN\u00d3W <a href=\"http:\/\/www.przemyska.pl\">www.przemyska.pl<\/a><br><br><strong>Msze \u015bwi\u0119te<\/strong><br>w niedziele i \u015bwi\u0119ta: 7.30, 11.00, 16.00<br>w dni powszednie: 19.00 (zima &#8211; 16.00)<\/p>\n\n\n\n<hr class=\"wp-block-separator\"\/>\n\n\n\n<p><br><strong>Ulanica, <\/strong><em>\u015bw. J\u00f3zefa Robotnika<\/em><br>Ulanica 29, 36-065 DYN\u00d3W<br>tel. 016 652 37 65<br><br><strong>Msze \u015bwi\u0119te<\/strong><br>w niedziele i \u015bwi\u0119ta: 8.00, 10.30<br>w dni powszednie: 19.00 (zima &#8211; 17.00)<\/p>\n\n\n\n<hr class=\"wp-block-separator\"\/>\n\n\n\n<p><strong>Ko\u015bcio\u0142y filialne:<\/strong><br><strong>D\u0105br\u00f3wka Starze\u0144ska<\/strong><br>Msze \u015bwi\u0119te<br>w niedziele i \u015bwi\u0119ta: 9.30<br><br><\/p>\n","protected":false},"excerpt":{"rendered":"<p>Parafie w Gminie Dyn\u00f3w W Gminie Dyn\u00f3w znajduje si\u0119 4 parafie nale\u017c\u0105ce do dekanatu dynowskiego&nbsp; oraz 1 do dekanatu dubieckiego. Parafie&nbsp;na terenie gminy Dyn\u00f3w: Bach\u00f3rz, \u015bw. WojciechaBach\u00f3rz 72, 36-068 BACH\u00d3RZtel. 016 652 24 00 Msze \u015bwi\u0119tew niedziele i \u015bwi\u0119ta: 7.30, 9.30, 11.00w dni powszednie: 18.00 (zima &#8211; 16.00) Ko\u015bci\u00f3\u0142 filialny:Lask\u00f3wkaMsze \u015bwi\u0119tew niedziele i \u015bwi\u0119ta:\u00a0 Dyl\u0105gowa, [&hellip;]<\/p>\n","protected":false},"author":1,"featured_media":0,"parent":0,"menu_order":0,"comment_status":"closed","ping_status":"closed","template":"","meta":{"footnotes":""},"class_list":["post-250","page","type-page","status-publish","hentry"],"featured_image_urls_v2":{"full":"","thumbnail":"","medium":"","medium_large":"","large":"","1536x1536":"","2048x2048":""},"post_excerpt_stackable_v2":"<p>Parafie w Gminie Dyn\u00f3w W Gminie Dyn\u00f3w znajduje si\u0119 4 parafie nale\u017c\u0105ce do dekanatu dynowskiego&nbsp; oraz 1 do dekanatu dubieckiego. Parafie&nbsp;na terenie gminy Dyn\u00f3w: Bach\u00f3rz, \u015bw. WojciechaBach\u00f3rz 72, 36-068 BACH\u00d3RZtel. 016 652 24 00Msze \u015bwi\u0119tew niedziele i \u015bwi\u0119ta: 7.30, 9.30, 11.00w dni powszednie: 18.00 (zima &#8211; 16.00)Ko\u015bci\u00f3\u0142 filialny:Lask\u00f3wkaMsze \u015bwi\u0119tew niedziele i \u015bwi\u0119ta:\u00a0 Dyl\u0105gowa, \u015bw. ZofiiDyl\u0105gowa 176, 37-759 DYL\u0104GOWAtel. 016 652 35 02Msze \u015bwi\u0119tew niedziele i \u015bwi\u0119ta: 7.30, 11.00w dni powszednie: 19.00 (zima &#8211; 16.00)Ko\u015bci\u00f3\u0142 filialny:Paw\u0142okomaMsze \u015bwi\u0119tew niedziele i \u015bwi\u0119ta: 9.00 Harta, \u015bw. Miko\u0142aja BiskupaHarta 431, 36-067 HARTAtel. 016 652 17 65Msze \u015bwi\u0119tew niedziele i \u015bwi\u0119ta: 7.30, 11.00w dni powszednie: 7.00,&hellip;<\/p>\n","category_list_v2":"","author_info_v2":{"name":"admin","url":"https:\/\/gminadynow.pl\/index.php\/author\/admin\/"},"comments_num_v2":"0 comments","rttpg_featured_image_url":null,"rttpg_author":{"display_name":"admin","author_link":"https:\/\/gminadynow.pl\/index.php\/author\/admin\/"},"rttpg_comment":0,"rttpg_category":null,"rttpg_excerpt":"Parafie w Gminie Dyn\u00f3w W Gminie Dyn\u00f3w znajduje si\u0119 4 parafie nale\u017c\u0105ce do dekanatu dynowskiego&nbsp; oraz 1 do dekanatu dubieckiego. Parafie&nbsp;na terenie gminy Dyn\u00f3w: Bach\u00f3rz, \u015bw. WojciechaBach\u00f3rz 72, 36-068 BACH\u00d3RZtel. 016 652 24 00 Msze \u015bwi\u0119tew niedziele i \u015bwi\u0119ta: 7.30, 9.30, 11.00w dni powszednie: 18.00 (zima &#8211; 16.00) Ko\u015bci\u00f3\u0142 filialny:Lask\u00f3wkaMsze \u015bwi\u0119tew niedziele i \u015bwi\u0119ta:\u00a0 Dyl\u0105gowa,&hellip;","_links":{"self":[{"href":"https:\/\/gminadynow.pl\/index.php\/wp-json\/wp\/v2\/pages\/250","targetHints":{"allow":["GET"]}}],"collection":[{"href":"https:\/\/gminadynow.pl\/index.php\/wp-json\/wp\/v2\/pages"}],"about":[{"href":"https:\/\/gminadynow.pl\/index.php\/wp-json\/wp\/v2\/types\/page"}],"author":[{"embeddable":true,"href":"https:\/\/gminadynow.pl\/index.php\/wp-json\/wp\/v2\/users\/1"}],"replies":[{"embeddable":true,"href":"https:\/\/gminadynow.pl\/index.php\/wp-json\/wp\/v2\/comments?post=250"}],"version-history":[{"count":6,"href":"https:\/\/gminadynow.pl\/index.php\/wp-json\/wp\/v2\/pages\/250\/revisions"}],"predecessor-version":[{"id":1143,"href":"https:\/\/gminadynow.pl\/index.php\/wp-json\/wp\/v2\/pages\/250\/revisions\/1143"}],"wp:attachment":[{"href":"https:\/\/gminadynow.pl\/index.php\/wp-json\/wp\/v2\/media?parent=250"}],"curies":[{"name":"wp","href":"https:\/\/api.w.org\/{rel}","templated":true}]}}