
{"id":248,"date":"2020-10-20T14:57:22","date_gmt":"2020-10-20T12:57:22","guid":{"rendered":"http:\/\/gminadynow.pl\/?page_id=248"},"modified":"2026-02-24T11:50:21","modified_gmt":"2026-02-24T10:50:21","slug":"gminna-komisja-ds-profilaktyki-i-rozwiazywania-problemow-alkoholowych","status":"publish","type":"page","link":"https:\/\/gminadynow.pl\/index.php\/gminna-komisja-ds-profilaktyki-i-rozwiazywania-problemow-alkoholowych\/","title":{"rendered":"Gminna Komisja ds. Profilaktyki i Rozwi\u0105zywania Problem\u00f3w Alkoholowych"},"content":{"rendered":"\n<p class=\"has-text-align-center\" style=\"font-size:30px\"><strong>Gminna Komisja ds. Profilaktyki i Rozwi\u0105zywania Problem\u00f3w Alkoholowych<\/strong><\/p>\n\n\n\n<div class=\"wp-block-ugb-accordion ugb-accordion ugb-7f7a61b ugb-accordion--v2 ugb-accordion--design-basic ugb-main-block\" aria-expanded=\"false\"><style>.ugb-7f7a61b .ugb-accordion__heading{border-radius:13px !important}<\/style><div class=\"ugb-inner-block\"><div class=\"ugb-block-content\"><div class=\"ugb-accordion__item\"><div class=\"ugb-accordion__heading ugb--shadow-5\" role=\"button\" tabindex=\"0\"><h4 class=\"ugb-accordion__title\">O komisji<\/h4><svg xmlns=\"http:\/\/www.w3.org\/2000\/svg\" viewBox=\"0 0 20 20\" class=\"ugb-accordion__arrow\" width=\"20\" height=\"20\"><path d=\"M16.7 3.3L10 10 3.3 3.4 0 6.7l10 10v-.1l10-9.9z\"><\/path><\/svg><\/div><div class=\"ugb-accordion__content\" role=\"region\"><div class=\"ugb-accordion__content-inner\">\n<p>Artyku\u0142 4<sup>1<\/sup>&nbsp;w&nbsp;szczeg\u00f3lno\u015bci ust.&nbsp;3,&nbsp;4,&nbsp;5 ustawy z&nbsp;dnia 26 pa\u017adziernika o&nbsp;wychowaniu w&nbsp;trze\u017awo\u015bci i&nbsp;przeciwdzia\u0142aniu alkoholizmowi okre\u015bla zasady powo\u0142ywania i&nbsp;zadania gminnych komisji rozwi\u0105zywania problem\u00f3w alkoholowych.<\/p>\n\n\n\n<p>Podstawowym zadaniem komisji jest&nbsp;<strong>prowadzenie czynno\u015bci zmierzaj\u0105cych do orzeczenia o&nbsp;zastosowaniu wobec osoby uzale\u017cnionej od alkoholu obowi\u0105zku poddania si\u0119 leczeniu w&nbsp;zak\u0142adzie lecznictwa odwykowego<\/strong>, a&nbsp;tak\u017ce&nbsp;<strong>inicjowanie dzia\u0142a\u0144 zwi\u0105zanych z&nbsp;profilaktyk\u0105 i&nbsp;rozwi\u0105zywaniem problem\u00f3w alkoholowych.<\/strong>&nbsp;Cz\u0142onkowie Komisji&nbsp;<strong>przeprowadzaj\u0105 kontrole przestrzegania zasad sprzeda\u017cy sprzeda\u017cy napoj\u00f3w alkoholowych<\/strong>&nbsp;(Art.&nbsp;18&nbsp;ustawy&nbsp;ust.&nbsp;8),&nbsp;<strong>opiniuj\u0105 r\u00f3wnie\u017c wnioski o&nbsp;zezwolenia na ich sprzeda\u017c, pod k\u0105tem zgodno\u015bci lokalizacji punkt\u00f3w sprzeda\u017cy<\/strong>&nbsp;z&nbsp;uchwa\u0142ami rady gminy (Art.&nbsp;18&nbsp;ustawy ust.&nbsp;3a).<\/p>\n\n\n\n<p>Komisja w&nbsp;obecnym sk\u0142adzie powo\u0142ana zosta\u0142a&nbsp;Zarz\u0105dzeniem Nr 23\/2025 W\u00f3jta Gminy Dyn\u00f3w z&nbsp;dnia 12 marca 2025 roku w&nbsp;sprawie powo\u0142ania&nbsp;&nbsp;Gminnej Komisji ds. Rozwi\u0105zywania Problem\u00f3w Alkoholowych w Dynowie.<\/p>\n\n\n\n<p><strong>Sk\u0142ad GKRPA w Dynowie:<\/strong><\/p>\n\n\n\n<ol class=\"wp-block-list\">\n<li>Pani \u0141ucja Bachurska &#8211; Przewodnicz\u0105ca<\/li>\n\n\n\n<li>Pani Beata Ku\u017cniarska- Zast\u0119pca przew.<\/li>\n\n\n\n<li>Pani  Agata Pyra<\/li>\n\n\n\n<li>Pani Gra\u017cyna Py\u015b<\/li>\n\n\n\n<li>Pani Mariola Kaczor<\/li>\n\n\n\n<li>Pani Polity\u0144ska Dorota<\/li>\n\n\n\n<li>Pan Pilszak Mariusz<br>8. Ks. Tomasz W\u0119grzy\u0144ski<br><br><\/li>\n<\/ol>\n\n\n\n<p><strong><u>Osoba uzale\u017cniona od alkoholu lub poszukuj\u0105ca pomocy mo\u017ce zg\u0142osi\u0107 si\u0119 do:<\/u><\/strong><\/p>\n\n\n\n<p><strong>Gminnej Komisji ds. Rozwi\u0105zywania Problem\u00f3w Alkoholowych w Dynowie<\/strong><\/p>\n\n\n\n<p>pok. nr 14, sekretariat Urz\u0119dzu Gminy w Dynowie<br>36-065 Dyn\u00f3w, ul. Ks. J. O\u017coga 2<\/p>\n\n\n\n<p><strong>Kontakt:<\/strong><br>Z Pani\u0105 Agat\u0105 Pyra tel. 17 2300 114<br>Z-ca przew. Beata Ku\u017aniarska tel. 17 23 00 104<br><\/p>\n<\/div><\/div><\/div><\/div><\/div><\/div>\n\n\n\n<div class=\"wp-block-ugb-accordion ugb-accordion ugb-c54d157 ugb-accordion--v2 ugb-accordion--design-basic ugb-main-block\" aria-expanded=\"false\" id=\"\"><style>.ugb-c54d157 .ugb-accordion__heading{border-radius:13px !important}<\/style><div class=\"ugb-inner-block\"><div class=\"ugb-block-content\"><div class=\"ugb-accordion__item\"><div class=\"ugb-accordion__heading ugb--shadow-5\" role=\"button\" tabindex=\"0\"><h4 class=\"ugb-accordion__title\" role=\"heading\" aria-level=\"3\">Przebieg post\u0119powania o zastosowanie obowi\u0105zku leczenia odwykowego<\/h4><svg viewbox=\"0 0 20 20\" xmlns=\"http:\/\/www.w3.org\/2000\/svg\" class=\"ugb-accordion__arrow\" width=\"20\" height=\"20\"><path d=\"M16.7 3.3L10 10 3.3 3.4 0 6.7l10 10v-.1l10-9.9z\"><\/path><\/svg><\/div><div class=\"ugb-accordion__content\" role=\"region\"><div class=\"ugb-accordion__content-inner\">\n\n<p>Artyku\u0142 21.2. ustawy z dnia 26 pa\u017adziernika 1982r. o wychowaniu w trze\u017awo\u015bci i przeciwdzia\u0142aniu alkoholizmowi ustanawia zasad\u0119 dobrowolno\u015bci leczenia odwykowego os\u00f3b uzale\u017cnionych od alkoholu. Jednym z wyj\u0105tk\u00f3w od tej zasady jest instytucja zobowi\u0105zania do leczenia odwykowego uregulowana w art. 24 &#8211; 36 w\/w ustawy<em>.<\/em><\/p>\n\n\n<p>Gminna Komisja ds. Rozwi\u0105zywania Problem\u00f3w Alkoholowych w&nbsp;Dynowie&nbsp;<strong>prowadzi sprawy o&nbsp;zastosowanie obowi\u0105zku leczenia odwykowego wy\u0142\u0105cznie wobec os\u00f3b mieszkaj\u0105cych na terenie Gminy Dyn\u00f3w.<\/strong><\/p>\n\n\n<p>Komisja dzia\u0142a w oparciu o&nbsp;artyku\u0142y 24, 25 i 26 ustawy o&nbsp;wychowaniu w&nbsp;trze\u017awo\u015bci i&nbsp;przeciwdzia\u0142aniu alkoholizmowi z&nbsp;dnia 26 pa\u017adziernika 1982 roku (z&nbsp;po\u017an. zmianami).<\/p>\n\n\n<p><strong><em>Art. 24.<\/em><\/strong><em>&nbsp;Osoby, kt\u00f3re w&nbsp;zwi\u0105zku z&nbsp;nadu\u017cywaniem alkoholu powoduj\u0105 rozk\u0142ad \u017cycia rodzinnego, demoralizacj\u0119 ma\u0142oletnich, uchylaj\u0105 si\u0119 od pracy albo systematycznie zak\u0142\u00f3caj\u0105 spok\u00f3j lub porz\u0105dek publiczny, kieruje si\u0119 na badanie przez bieg\u0142ego w&nbsp;celu wydania opinii w&nbsp;przedmiocie uzale\u017cnienia od alkoholu i&nbsp;wskazania rodzaju zak\u0142adu leczniczego.<\/em><\/p>\n\n\n<p><strong><em>Art. 25<\/em><\/strong><em>. Na badanie, o&nbsp;kt\u00f3rym mowa w&nbsp;art. 24, kieruje gminna komisja rozwi\u0105zywania problem\u00f3w alkoholowych w\u0142a\u015bciwa wed\u0142ug miejsca zamieszkania lub pobytu osoby, kt\u00f3rej post\u0119powanie dotyczy, na jej wniosek lub z&nbsp;w\u0142asnej inicjatywy.<\/em><\/p>\n\n\n<p><strong><em>Art. 26<\/em><\/strong><em>. Osoby ,o&nbsp;kt\u00f3rych mowa w&nbsp;art. 24, je\u017celi uzale\u017cnione s\u0105 od alkoholu, zobowi\u0105za\u0107 mo\u017cna do poddania si\u0119 leczeniu w&nbsp;stacjonarnym lub niestacjonarnym zak\u0142adzie lecznictwa odwykowego. O&nbsp;zastosowaniu obowi\u0105zku poddania si\u0119 leczeniu w&nbsp;zak\u0142adzie lecznictwa odwykowego orzeka s\u0105d rejonowy w\u0142a\u015bciwy wed\u0142ug miejsca zamieszkania lub pobytu osoby, kt\u00f3rej post\u0119powanie dotyczy, w&nbsp;post\u0119powaniu nieprocesowym. S\u0105d wszczyna post\u0119powanie na wniosek gminnej komisji rozwi\u0105zywania problem\u00f3w alkoholowych lub prokuratora. Do wniosku do\u0142\u0105cza si\u0119 zebran\u0105 dokumentacj\u0119 wraz z&nbsp;opini\u0105 bieg\u0142ego, je\u017celi badanie przez bieg\u0142ego zosta\u0142o przeprowadzone.<\/em><\/p>\n\n<\/div><\/div><\/div><\/div><\/div><\/div>\n\n\n\n<div class=\"wp-block-ugb-accordion ugb-accordion ugb-6156d19 ugb-accordion--v2 ugb-accordion--design-basic ugb-main-block\" aria-expanded=\"false\" id=\"\"><style>.ugb-6156d19 .ugb-accordion__heading{border-radius:13px !important}<\/style><div class=\"ugb-inner-block\"><div class=\"ugb-block-content\"><div class=\"ugb-accordion__item\"><div class=\"ugb-accordion__heading ugb--shadow-5\" role=\"button\" tabindex=\"0\"><h4 class=\"ugb-accordion__title\" role=\"heading\" aria-level=\"3\">Kto mo\u017ce z\u0142o\u017cy\u0107 wniosek o leczenie odwykowe?&nbsp;<\/h4><svg viewbox=\"0 0 20 20\" xmlns=\"http:\/\/www.w3.org\/2000\/svg\" class=\"ugb-accordion__arrow\" width=\"20\" height=\"20\"><path d=\"M16.7 3.3L10 10 3.3 3.4 0 6.7l10 10v-.1l10-9.9z\"><\/path><\/svg><\/div><div class=\"ugb-accordion__content\" role=\"region\"><div class=\"ugb-accordion__content-inner\">\n\n<p><em>Wniosek mo\u017ce z\u0142o\u017cy\u0107 dowolna osoba&nbsp;<\/em>(s\u0105siad, daleki krewny, cz\u0142onek rodziny itp.) lub instytucja (zak\u0142ad pracy, pomoc spo\u0142eczna, Policja, Prokuratura), kt\u00f3ra wie o osobie nadu\u017cywaj\u0105cej alkoholu i powoduj\u0105cej rozk\u0142ad \u017cycia rodzinnego, demoralizacj\u0119 ma\u0142oletnich, uchylaj\u0105cej si\u0119 od pracy albo systematycznie zak\u0142\u00f3caj\u0105cej spok\u00f3j lub porz\u0105dek publiczny.<\/p>\n\n\n<p>Wniosek o podj\u0119cie przez Gminn\u0105 Komisj\u0119 Rozwi\u0105zywania Problem\u00f3w Alkoholowych czynno\u015bci zmierzaj\u0105cych do orzeczenia o obowi\u0105zku leczenia mo\u017cna pobra\u0107 w wersji papierowej w Urz\u0119dzie Gminy Dyn\u00f3w &#8211; w Biurze Obs\u0142ugi Klienta, b\u0105d\u017a ze&nbsp;strony internetowej.<\/p>\n\n<\/div><\/div><\/div><\/div><\/div><\/div>\n\n\n\n<div class=\"wp-block-ugb-accordion ugb-accordion ugb-e199fb7 ugb-accordion--v2 ugb-accordion--design-basic ugb-main-block\" aria-expanded=\"false\" id=\"\"><style>.ugb-e199fb7 .ugb-accordion__heading{border-radius:13px !important}<\/style><div class=\"ugb-inner-block\"><div class=\"ugb-block-content\"><div class=\"ugb-accordion__item\"><div class=\"ugb-accordion__heading ugb--shadow-5\" role=\"button\" tabindex=\"0\"><h4 class=\"ugb-accordion__title\" role=\"heading\" aria-level=\"3\">Gdzie z\u0142o\u017cy\u0107 wniosek?&nbsp;<\/h4><svg viewbox=\"0 0 20 20\" xmlns=\"http:\/\/www.w3.org\/2000\/svg\" class=\"ugb-accordion__arrow\" width=\"20\" height=\"20\"><path d=\"M16.7 3.3L10 10 3.3 3.4 0 6.7l10 10v-.1l10-9.9z\"><\/path><\/svg><\/div><div class=\"ugb-accordion__content\" role=\"region\"><div class=\"ugb-accordion__content-inner\">\n\n<p>Wniosek mo\u017cna z\u0142o\u017cy\u0107&nbsp;<strong>osobi\u015bcie w BOK&nbsp;&nbsp;Urz\u0119du Gminy w Dynowie, ul. Ks. J. O\u017coga 2 (parter)<\/strong>&nbsp;b\u0105d\u017a przes\u0142a\u0107 pod adres pocztowy:&nbsp;<strong>Gminna Komisja ds. Rozwi\u0105zywania Problem\u00f3w Alkoholowych w Dynowie, Urz\u0105d Gminy Dyn\u00f3w, ul. Ks. J. O\u017coga 2, 36-065 Dyn\u00f3w.<\/strong><\/p>\n\n\n<p>Wezwania na posiedzenia s\u0105 wysy\u0142ane drog\u0105 pocztow\u0105. Osoba, kt\u00f3rej post\u0119powanie dotyczy otrzyma wezwanie listem poleconym za potwierdzeniem odbioru, zalecane jest, aby zg\u0142aszany odebra\u0142 osobi\u015bcie t\u0119 przesy\u0142k\u0119. Wnioskodawca i&nbsp;podani przez niego \u015bwiadkowie otrzymaj\u0105 zawiadomienie zwyk\u0142ym listem. Istnieje mo\u017cliwo\u015b\u0107, na pro\u015bb\u0119 wnioskodawcy, aby \u015bwiadkowie wezwani byli na inn\u0105 godzin\u0119 ni\u017c osoba z&nbsp;problemem alkoholowym.<\/p>\n\n\n<p>Posiedzenia GKRPA odbywaj\u0105 si\u0119 w miar\u0119 potrzeby. Zawiadomienie o&nbsp;posiedzeniu do zainteresowanych przes\u0142ane zostanie drog\u0105 pocztow\u0105. Czas oczekiwania od momentu z\u0142o\u017cenia wniosku do jego rozpatrzenia zale\u017cy od ilo\u015bci sk\u0142adanych wniosk\u00f3w, zazwyczaj wynosi od czterech do o\u015bmiu tygodni.<\/p>\n\n\n<ul class=\"wp-block-list\"><li>Nie zg\u0142aszanie si\u0119 osoby nadu\u017cywaj\u0105cej alkoholu na posiedzenia Komisji nie wstrzymuje biegu sprawy.<\/li><li>Wnioskodawca zobowi\u0105zany jest do informowania Komisji o zaistnia\u0142ych zmianach dotycz\u0105cych osoby wobec, kt\u00f3rej toczy si\u0119 post\u0119powanie.<\/li><\/ul>\n\n\n<p>Komisja osobie z&nbsp;problemem alkoholowym&nbsp;<strong>proponuje podj\u0119cie dobrowolnego leczenia odwykowego<\/strong>, je\u017celi oferta zostaje przyj\u0119ta, post\u0119powanie mo\u017ce zosta\u0107 zawieszone na ustalony okres. W&nbsp;razie nie podj\u0119cia leczenia lub jego przerwania, wnioskodawca powinien jak najszybciej powiadomi\u0107 Komisj\u0119.<\/p>\n\n\n<p><strong>Je\u017celi zg\u0142oszona osoba utrzymuje, \u017ce nie ma problemu alkoholowego i&nbsp;nie wyra\u017ca ch\u0119ci podj\u0119cia leczenia odwykowego, zostaje skierowana na badania do bieg\u0142ych w&nbsp;przedmiocie uzale\u017cnienia od alkoholu,<\/strong>&nbsp;do kt\u00f3rych ma si\u0119 zg\u0142osi\u0107 w&nbsp;terminie do dw\u00f3ch tygodni od momentu otrzymania zawiadomienia (skierowanie na badanie dor\u0119czane jest listem poleconym za potwierdzeniem odbioru). Badanie przeprowadza dw\u00f3ch bieg\u0142ych specjalist\u00f3w terapii uzale\u017cnie\u0144 lekarz psychiatra i&nbsp;psycholog, kt\u00f3rzy maj\u0105 ustali\u0107, czy badana osoba jest uzale\u017cniona od alkoholu, je\u017celi tak, to jakiego wymaga leczenia, stacjonarnego (w&nbsp;szpitalu) lub niestacjonarnego (w&nbsp;przychodni).&nbsp;<strong>Komisja po otrzymaniu opinii potwierdzaj\u0105cej uzale\u017cnienie od alkoholu, kieruje wniosek o&nbsp;zastosowanie obowi\u0105zku poddania si\u0119 leczeniu odwykowemu do S\u0105du Rejonowego wraz z&nbsp;opini\u0105 bieg\u0142ych.<\/strong>&nbsp;Post\u0119powanie prowadzi w\u0142a\u015bciwy wydzia\u0142 rodzinny i&nbsp;nieletnich S\u0105du Rejonowego w Rzeszowie ul. Kustronia 4, 35-303 Rzesz\u00f3w, kt\u00f3re ko\u0144czy si\u0119 wydaniem postanowienia.&nbsp;<strong>Postanowienie s\u0105du zobowi\u0105zuj\u0105ce do podj\u0119cia leczenia odwykowego obowi\u0105zuje 2&nbsp;lata w&nbsp;niekt\u00f3rych przypadkach leczenie poddane jest nadzorowi kuratora s\u0105dowego.<\/strong><\/p>\n\n<\/div><\/div><\/div><\/div><\/div><\/div>\n\n\n\n<div class=\"wp-block-ugb-accordion ugb-accordion ugb-e1cc9f7 ugb-accordion--v2 ugb-accordion--design-basic ugb-main-block\" aria-expanded=\"false\" id=\"\"><style>.ugb-e1cc9f7 .ugb-accordion__heading{border-radius:13px !important}<\/style><div class=\"ugb-inner-block\"><div class=\"ugb-block-content\"><div class=\"ugb-accordion__item\"><div class=\"ugb-accordion__heading ugb--shadow-5\" role=\"button\" tabindex=\"0\"><h4 class=\"ugb-accordion__title\" role=\"heading\" aria-level=\"3\">Jak funkcjonuje instytucja zobowi\u0105zania do leczenia odwykowego?&nbsp;<\/h4><svg viewbox=\"0 0 20 20\" xmlns=\"http:\/\/www.w3.org\/2000\/svg\" class=\"ugb-accordion__arrow\" width=\"20\" height=\"20\"><path d=\"M16.7 3.3L10 10 3.3 3.4 0 6.7l10 10v-.1l10-9.9z\"><\/path><\/svg><\/div><div class=\"ugb-accordion__content\" role=\"region\"><div class=\"ugb-accordion__content-inner\">\n\n<p><strong><em>Zobowi\u0105zanie nie ma charakteru przymusu w sensie prawnym.<\/em><\/strong><\/p>\n\n\n<p>Funkcja spo\u0142eczna tej instytucji polega na instytucjonalnym motywowaniu do podj\u0119cia terapii odwykowej. Przymus polegaj\u0105cy na doprowadzeniu przez policj\u0119 mo\u017cna zastosowa\u0107 zgodnie z zapisami ustawy na etapie doprowadzania osoby uzale\u017cnionej od alkoholu na badanie przez bieg\u0142ych (o ile odbywa si\u0119 na zlecenie s\u0105du), na rozpraw\u0119 w s\u0105dzie i do zak\u0142adu leczniczego na podj\u0119cie kuracji za ka\u017cdym razem, gdy oddali si\u0119 ona samowolnie z zak\u0142adu. Nie ma mo\u017cliwo\u015bci (zar\u00f3wno prawnych jak i organizacyjnych) zatrzymania pacjenta w zak\u0142adzie leczniczym wbrew jego woli (plac\u00f3wki lecznictwa odwykowego nie s\u0105 aresztami).<\/p>\n\n\n<p>Podstawowym celem terapii uzale\u017cnienia od alkoholu jest uzyskanie poprawy zdrowia pacjenta (niezale\u017cnie od tego, czy pacjent zosta\u0142 zobowi\u0105zany do leczenia przez s\u0105d, czy te\u017c zg\u0142osi\u0142 si\u0119 dobrowolnie).<\/p>\n\n\n<p>Zobowi\u0105zanie do leczenia odwykowego nie jest metod\u0105 przeciwdzia\u0142ania przemocy w rodzinie. Stanowi&nbsp;<strong>jeden z wielu element\u00f3w<\/strong>&nbsp;pomagania ofiarom przemocy.<\/p>\n\n\n<p>Post\u0119powanie zobowi\u0105zuj\u0105ce do podj\u0119cia leczenia odwykowego dotyczy os\u00f3b, kt\u00f3re zgodnie z art. 24 ustawy powoduj\u0105:<\/p>\n\n\n<ul class=\"wp-block-list\"><li>rozk\u0142ad \u017cycia rodzinnego,<\/li><li>demoralizacj\u0119 ma\u0142oletnich,<\/li><li>uchylanie si\u0119 od pracy,<\/li><li>systematycznie zak\u0142\u00f3caj\u0105 spok\u00f3j lub porz\u0105dek publiczny.<\/li><\/ul>\n\n\n<p>O zastosowaniu w\/w procedury wobec osoby uzale\u017cnionej stanowi s\u0105d rejonowy, w\u0142a\u015bciwy miejscu zamieszkania lub przebywania tej osoby. &nbsp;<\/p>\n\n<\/div><\/div><\/div><\/div><\/div><\/div>\n\n\n\n<div class=\"wp-block-group do-pobrania\"><div class=\"wp-block-group__inner-container is-layout-flow wp-block-group-is-layout-flow\">\n<div class=\"wp-block-file\"><a href=\"http:\/\/gminadynow.pl\/wp-content\/uploads\/2020\/11\/e367ad8b19c8dd26234b1fb55f627acc.doc\">Wniosek<\/a><a href=\"http:\/\/gminadynow.pl\/wp-content\/uploads\/2020\/11\/e367ad8b19c8dd26234b1fb55f627acc.doc\" class=\"wp-block-file__button wp-element-button\" download>Pobierz<\/a><\/div>\n\n\n\n<div class=\"wp-block-file\"><a href=\"http:\/\/gminadynow.pl\/wp-content\/uploads\/2020\/11\/Ust.z-dn.26.10.1982r.-o-wychowaniu-w-trze....pdf\">Ustawa z dnia 26.10.1982r.<\/a><a href=\"http:\/\/gminadynow.pl\/wp-content\/uploads\/2020\/11\/Ust.z-dn.26.10.1982r.-o-wychowaniu-w-trze....pdf\" class=\"wp-block-file__button wp-element-button\" download>Pobierz<\/a><\/div>\n<\/div><\/div>\n\n\n\n<div class=\"wp-block-ugb-button ugb-button-wrapper ugb-e3f80b1 ugb-main-block\" id=\"\"><style>.ugb-e3f80b1 .ugb-block-content{justify-content:center}.ugb-e3f80b1 .ugb-inner-block{text-align:center}<\/style><div class=\"ugb-inner-block\"><div class=\"ugb-block-content\"><div class=\"ugb-button-container\"><a class=\"ugb-button1 ugb-button ugb-button--size-normal\" href=\"https:\/\/www.parpa.pl\/\" target=\"_blank\" rel=\"noopener noreferrer\" title=\"\"><span class=\"ugb-button--inner\">Warto odwiedzi\u0107!<\/span><\/a><\/div><\/div><\/div><\/div>\n\n\n\n<p><\/p>\n","protected":false},"excerpt":{"rendered":"<p>Gminna Komisja ds. Profilaktyki i Rozwi\u0105zywania Problem\u00f3w Alkoholowych Artyku\u0142 41&nbsp;w&nbsp;szczeg\u00f3lno\u015bci ust.&nbsp;3,&nbsp;4,&nbsp;5 ustawy z&nbsp;dnia 26 pa\u017adziernika o&nbsp;wychowaniu w&nbsp;trze\u017awo\u015bci i&nbsp;przeciwdzia\u0142aniu alkoholizmowi okre\u015bla zasady powo\u0142ywania i&nbsp;zadania gminnych komisji rozwi\u0105zywania problem\u00f3w alkoholowych. Podstawowym zadaniem komisji jest&nbsp;prowadzenie czynno\u015bci zmierzaj\u0105cych do orzeczenia o&nbsp;zastosowaniu wobec osoby uzale\u017cnionej od alkoholu obowi\u0105zku poddania si\u0119 leczeniu w&nbsp;zak\u0142adzie lecznictwa odwykowego, a&nbsp;tak\u017ce&nbsp;inicjowanie dzia\u0142a\u0144 zwi\u0105zanych z&nbsp;profilaktyk\u0105 i&nbsp;rozwi\u0105zywaniem problem\u00f3w [&hellip;]<\/p>\n","protected":false},"author":2,"featured_media":0,"parent":0,"menu_order":0,"comment_status":"closed","ping_status":"closed","template":"","meta":{"footnotes":""},"class_list":["post-248","page","type-page","status-publish","hentry"],"featured_image_urls_v2":{"full":"","thumbnail":"","medium":"","medium_large":"","large":"","1536x1536":"","2048x2048":""},"post_excerpt_stackable_v2":"<p>Gminna Komisja ds. Profilaktyki i Rozwi\u0105zywania Problem\u00f3w Alkoholowych O komisji Artyku\u0142 41&nbsp;w&nbsp;szczeg\u00f3lno\u015bci ust.&nbsp;3,&nbsp;4,&nbsp;5 ustawy z&nbsp;dnia 26 pa\u017adziernika o&nbsp;wychowaniu w&nbsp;trze\u017awo\u015bci i&nbsp;przeciwdzia\u0142aniu alkoholizmowi okre\u015bla zasady powo\u0142ywania i&nbsp;zadania gminnych komisji rozwi\u0105zywania problem\u00f3w alkoholowych. Podstawowym zadaniem komisji jest&nbsp;prowadzenie czynno\u015bci zmierzaj\u0105cych do orzeczenia o&nbsp;zastosowaniu wobec osoby uzale\u017cnionej od alkoholu obowi\u0105zku poddania si\u0119 leczeniu w&nbsp;zak\u0142adzie lecznictwa odwykowego, a&nbsp;tak\u017ce&nbsp;inicjowanie dzia\u0142a\u0144 zwi\u0105zanych z&nbsp;profilaktyk\u0105 i&nbsp;rozwi\u0105zywaniem problem\u00f3w alkoholowych.&nbsp;Cz\u0142onkowie Komisji&nbsp;przeprowadzaj\u0105 kontrole przestrzegania zasad sprzeda\u017cy sprzeda\u017cy napoj\u00f3w alkoholowych&nbsp;(Art.&nbsp;18&nbsp;ustawy&nbsp;ust.&nbsp;8),&nbsp;opiniuj\u0105 r\u00f3wnie\u017c wnioski o&nbsp;zezwolenia na ich sprzeda\u017c, pod k\u0105tem zgodno\u015bci lokalizacji punkt\u00f3w sprzeda\u017cy&nbsp;z&nbsp;uchwa\u0142ami rady gminy (Art.&nbsp;18&nbsp;ustawy ust.&nbsp;3a). Komisja w&nbsp;obecnym sk\u0142adzie powo\u0142ana zosta\u0142a&nbsp;Zarz\u0105dzeniem Nr 23\/2025 W\u00f3jta Gminy Dyn\u00f3w z&nbsp;dnia 12 marca 2025 roku w&nbsp;sprawie powo\u0142ania&nbsp;&nbsp;Gminnej Komisji&hellip;<\/p>\n","category_list_v2":"","author_info_v2":{"name":"Zofia Kalawska","url":"https:\/\/gminadynow.pl\/index.php\/author\/zofiakalawska\/"},"comments_num_v2":"0 comments","rttpg_featured_image_url":null,"rttpg_author":{"display_name":"Zofia Kalawska","author_link":"https:\/\/gminadynow.pl\/index.php\/author\/zofiakalawska\/"},"rttpg_comment":0,"rttpg_category":null,"rttpg_excerpt":"Gminna Komisja ds. Profilaktyki i Rozwi\u0105zywania Problem\u00f3w Alkoholowych Artyku\u0142 41&nbsp;w&nbsp;szczeg\u00f3lno\u015bci ust.&nbsp;3,&nbsp;4,&nbsp;5 ustawy z&nbsp;dnia 26 pa\u017adziernika o&nbsp;wychowaniu w&nbsp;trze\u017awo\u015bci i&nbsp;przeciwdzia\u0142aniu alkoholizmowi okre\u015bla zasady powo\u0142ywania i&nbsp;zadania gminnych komisji rozwi\u0105zywania problem\u00f3w alkoholowych. Podstawowym zadaniem komisji jest&nbsp;prowadzenie czynno\u015bci zmierzaj\u0105cych do orzeczenia o&nbsp;zastosowaniu wobec osoby uzale\u017cnionej od alkoholu obowi\u0105zku poddania si\u0119 leczeniu w&nbsp;zak\u0142adzie lecznictwa odwykowego, a&nbsp;tak\u017ce&nbsp;inicjowanie dzia\u0142a\u0144 zwi\u0105zanych z&nbsp;profilaktyk\u0105 i&nbsp;rozwi\u0105zywaniem problem\u00f3w&hellip;","_links":{"self":[{"href":"https:\/\/gminadynow.pl\/index.php\/wp-json\/wp\/v2\/pages\/248","targetHints":{"allow":["GET"]}}],"collection":[{"href":"https:\/\/gminadynow.pl\/index.php\/wp-json\/wp\/v2\/pages"}],"about":[{"href":"https:\/\/gminadynow.pl\/index.php\/wp-json\/wp\/v2\/types\/page"}],"author":[{"embeddable":true,"href":"https:\/\/gminadynow.pl\/index.php\/wp-json\/wp\/v2\/users\/2"}],"replies":[{"embeddable":true,"href":"https:\/\/gminadynow.pl\/index.php\/wp-json\/wp\/v2\/comments?post=248"}],"version-history":[{"count":16,"href":"https:\/\/gminadynow.pl\/index.php\/wp-json\/wp\/v2\/pages\/248\/revisions"}],"predecessor-version":[{"id":7240,"href":"https:\/\/gminadynow.pl\/index.php\/wp-json\/wp\/v2\/pages\/248\/revisions\/7240"}],"wp:attachment":[{"href":"https:\/\/gminadynow.pl\/index.php\/wp-json\/wp\/v2\/media?parent=248"}],"curies":[{"name":"wp","href":"https:\/\/api.w.org\/{rel}","templated":true}]}}