
{"id":245,"date":"2020-10-20T14:57:22","date_gmt":"2020-10-20T12:57:22","guid":{"rendered":"http:\/\/gminadynow.pl\/?page_id=245"},"modified":"2026-02-17T10:33:27","modified_gmt":"2026-02-17T09:33:27","slug":"azbest-dzialania-edukacyjno-informacyjne","status":"publish","type":"page","link":"https:\/\/gminadynow.pl\/index.php\/azbest-dzialania-edukacyjno-informacyjne\/","title":{"rendered":"Azbest &#8211; dzia\u0142ania edukacyjno-informacyjne"},"content":{"rendered":"\n<p class=\"has-text-align-center\" style=\"font-size:30px\"><strong>ABC o\u00a0azbe\u015bcie<\/strong><\/p>\n\n\n\n<p>Azbest jest zaliczany do dziesi\u0119ciu najgro\u017aniejszych substancji zanieczyszczaj\u0105cych na ziemi. W&nbsp;zwi\u0105zku z&nbsp;tym, azbest znajduje si\u0119 w&nbsp;wykazie opracowanym przez Ministerstwo Zdrowia i&nbsp;Opieki Spo\u0142ecznej, jako niebezpieczna substancja chemiczna&nbsp;<strong>o udowodnionym dzia\u0142aniu rakotw\u00f3rczym dla cz\u0142owieka<\/strong>. Badania naukowe udowodni\u0142y, \u017ce azbest stanowi powa\u017cne zagro\u017cenie dla zdrowia w&nbsp;nast\u0119pstwie d\u0142ugotrwa\u0142ego nara\u017cania dr\u00f3g oddechowych na wdychanie jego w\u0142\u00f3kien.<\/p>\n\n\n\n<p>Ekspozycja na py\u0142 azbestu stanowi powa\u017cne zagro\u017cenie dla zdrowia ludzi. Ze wzgl\u0119du na swoje w\u0142a\u015bciwo\u015bci i&nbsp;praktycznie niezniszczalno\u015b\u0107, azbest wprowadzany do \u015brodowiska otaczaj\u0105cego cz\u0142owieka utrzymuje si\u0119 w&nbsp;nim przez czas nieokre\u015blony.<\/p>\n\n\n\n<p>W\u0142\u00f3kna azbestu przedostaj\u0105 si\u0119 do powietrza atmosferycznego w&nbsp;wyniku korozji materia\u0142\u00f3w, jak i&nbsp;dzia\u0142alno\u015bci cz\u0142owieka. Chorobotw\u00f3rcze dzia\u0142anie azbestu jest wynikiem wdychania w\u0142\u00f3kien zawieszonych w&nbsp;powietrzu. Dzia\u0142anie chorobotw\u00f3rcze wykazuj\u0105 w\u0142\u00f3kna azbestu niewidoczne dla oka, o&nbsp;\u015brednicy &lt; 3 \u03bcm i&nbsp;d\u0142ugo\u015bci &gt; 5\u03bcm. S\u0105 to tzw. w\u0142\u00f3kna respirabilne. Biologiczna agresywno\u015b\u0107 py\u0142u azbestu jest zwi\u0105zana ze&nbsp;stopniem penetracji i&nbsp;ilo\u015bci\u0105 w\u0142\u00f3kien w&nbsp;dolnej cz\u0119\u015bci uk\u0142adu oddechowego. Dane literaturowe wskazuj\u0105, \u017ce do najwa\u017cniejszych cech determinuj\u0105cych zdolno\u015b\u0107 w\u0142\u00f3kien do wywo\u0142ania nowotwor\u00f3w nale\u017c\u0105 ich fizyczne wymiary, a&nbsp;wi\u0119c \u015brednica poni\u017cej 3 \u03bcm oraz d\u0142ugo\u015b\u0107 powy\u017cej 5 \u03bcm.<\/p>\n\n\n\n<p><strong>Mimo istnienia normatyw\u00f3w higienicznych dla st\u0119\u017cenia w\u0142\u00f3kien azbestu w&nbsp;powietrzu nie mo\u017cna okre\u015bli\u0107 dawki progowej py\u0142u dla dzia\u0142ania rakotw\u00f3rczego azbestu.<\/strong><\/p>\n\n\n\n<p>Nara\u017cenie zawodowe na py\u0142 azbestowy mo\u017ce by\u0107 przyczyn\u0105 nast\u0119puj\u0105cych chor\u00f3b uk\u0142adu oddechowego:<\/p>\n\n\n\n<ul class=\"wp-block-list\"><li>pylicy azbestowej \u2013 zw\u0142\u00f3knienia tkanki p\u0142ucnej wyst\u0119puj\u0105cej u&nbsp;os\u00f3b zawodowo nara\u017conych na py\u0142 azbestowy;<\/li><li>raka p\u0142uc \u2013 jest to najpowszechniejszy nowotw\u00f3r z\u0142o\u015bliwy, kt\u00f3rego przyczyn\u0105 jest mi\u0119dzyb\u0142oniak\u00f3w op\u0142ucnej lub otrzewnej \u2013 badania wskazuj\u0105, i\u017c&nbsp;nowotwory te pojawiaj\u0105 si\u0119 po up\u0142ywie 30 \u2013 40 lat od pierwszego kontaktu z&nbsp;azbestem.<\/li><\/ul>\n\n\n\n<p>Azbest jest uznanym czynnikiem rakotw\u00f3rczym, jednym z&nbsp;najgro\u017aniejszych zanieczyszcze\u0144 \u015brodowiska cz\u0142owieka. Szacuje si\u0119, \u017ce na \u015bwiecie rocznie na choroby azbestozale\u017cne umiera 100 tys. os\u00f3b. Py\u0142 azbestu ze&nbsp;wzgl\u0119du na w\u0142a\u015bciwo\u015bci pylicotw\u00f3rcze i&nbsp;rakotw\u00f3rcze uwa\u017cany jest za jeden z&nbsp;py\u0142\u00f3w stwarzaj\u0105cych najwi\u0119ksze zagro\u017cenie dla zdrowia ludzkiego. Pomimo niestosowania ju\u017c od d\u0142u\u017cszego czasu w&nbsp;Polsce azbestu do produkcji r\u00f3\u017cnych wyrob\u00f3w, liczba zawodowych chor\u00f3b azbestozale\u017cnych systematycznie wzrasta, co jest zwi\u0105zane ze&nbsp;specyfik\u0105 biologicznego dzia\u0142ania azbestu.Jak ju\u017c wcze\u015bniej wspomniano \u2013 chorobotw\u00f3rcze dzia\u0142anie azbestu powstaje w&nbsp;wyniku wdychania w\u0142\u00f3kien zawieszonych w&nbsp;powietrzu. Dop\u00f3ki w\u0142\u00f3kna nie s\u0105 uwalniane do powietrza i&nbsp;nie wyst\u0119puje ich wdychanie, wyroby z&nbsp;azbestem nie stanowi\u0105 zagro\u017cenia dla zdrowia. G\u0142\u00f3wnym \u017ar\u00f3d\u0142em ska\u017cenia \u015brodowiska py\u0142em azbestowym s\u0105 uszkodzone powierzchnie p\u0142yt na dachach i&nbsp;elewacjach budynk\u00f3w oraz dzikie wysypiska odpad\u00f3w azbestowych. Zachorowa\u0107 mog\u0105 nie tylko osoby, kt\u00f3re mia\u0142y kontakt z&nbsp;azbestem, ze&nbsp;wzgl\u0119du na charakter wykonywanej pracy, ale i&nbsp;te, kt\u00f3re nara\u017cone s\u0105 na d\u0142ugotrwa\u0142e wdychanie w\u0142\u00f3kien azbestowych o&nbsp;ma\u0142ym st\u0119\u017ceniu lub na kr\u00f3tkotrwa\u0142e przebywanie w&nbsp;miejscu o&nbsp;ich bardzo wysokim st\u0119\u017ceniu. Oznacza to, \u017ce wykonuj\u0105c wielokrotnie drobne naprawy w&nbsp;materiale zawieraj\u0105cym azbest, czy te\u017c mieszkaj\u0105c w&nbsp;okolicy, gdzie w&nbsp;pobli\u017cu znajduje si\u0119 nielegalne sk\u0142adowisko wyrob\u00f3w zawieraj\u0105cych azbest, jest si\u0119 nara\u017conym w&nbsp;du\u017cym stopniu na zachorowanie. Naturalne \u017ar\u00f3d\u0142a emisji w\u0142\u00f3kien azbestowych w&nbsp;praktyce maj\u0105 mniejsze znaczenie ni\u017c \u017ar\u00f3d\u0142a zwi\u0105zane z&nbsp;dzia\u0142alno\u015bci\u0105 cz\u0142owieka. Obecnie po zaprzestaniu produkcji wyrob\u00f3w zawieraj\u0105cych azbest tymi \u017ar\u00f3d\u0142ami s\u0105:<\/p>\n\n\n\n<ul class=\"wp-block-list\"><li>niew\u0142a\u015bciwie sk\u0142adowane odpady azbestowe, w&nbsp;tym tzw. dzikie wysypiska, szczeg\u00f3lnie w&nbsp;lasach i&nbsp;odkrytych wyrobiskach u\u017cytkowanie wyrob\u00f3w azbestowych, co w&nbsp;konsekwencji prowadzi do zanieczyszczenia powietrza py\u0142em azbestowym w&nbsp;wyniku: korozji i&nbsp;mechanicznych uszkodze\u0144 p\u0142yt azbestowo \u2013 cementowych, \u015bcierania tarcz sprz\u0119g\u0142owych<\/li><li>niew\u0142a\u015bciwe usuwanie z&nbsp;dach\u00f3w i&nbsp;elewacji wyrob\u00f3w zawieraj\u0105cych azbest<\/li><li>urz\u0105dzenia grzewcze, wentylacyjne, klimatyzacyjne i&nbsp;izolacje zawieraj\u0105ce azbest. S\u0105 to \u017ar\u00f3d\u0142a wyst\u0119puj\u0105ce wewn\u0105trz pomieszcze\u0144.<\/li><\/ul>\n\n\n\n<p>Stosowanie wyrob\u00f3w azbestowych, a&nbsp;w&nbsp;konsekwencji mo\u017cliwo\u015b\u0107 uwalniania w\u0142\u00f3kien azbestu do \u015brodowiska, spowodowa\u0142o wzrost zainteresowania zdrowotnymi skutkami \u015brodowiskowej Za\u0142o\u017cenia Programu Oczyszczania Kraju z&nbsp;Azbestu na lata 2009-2032 Za\u0142o\u017cenia w\/w Programu s\u0105 to\u017csame z&nbsp;przyj\u0119tym przez Rad\u0119 Ministr\u00f3w 14 maja 2002 r.<\/p>\n\n\n\n<p>Za\u0142o\u017cenia Programu Oczyszczania Kraju z&nbsp;Azbestu na lata 2009-2032<\/p>\n\n\n\n<p>Za\u0142o\u017cenia w\/w Programu s\u0105 to\u017csame z&nbsp;przyj\u0119tym przez Rad\u0119 Ministr\u00f3w 14 maja 2002 r.&nbsp;<br>Programem usuwania azbestu i&nbsp;wyrob\u00f3w zawieraj\u0105cych azbest stosowanych na terytorium Polski:<\/p>\n\n\n\n<ul class=\"wp-block-list\"><li>usuni\u0119cie i&nbsp;unieszkodliwienie wyrob\u00f3w zawieraj\u0105cych azbest;<\/li><li>minimalizacja negatywnych skutk\u00f3w zdrowotnych spowodowanych obecno\u015bci\u0105 azbestu na terytorium kraju;<\/li><li>likwidacja szkodliwego oddzia\u0142ywania azbestu na \u015brodowisko.<\/li><\/ul>\n","protected":false},"excerpt":{"rendered":"<p>ABC o\u00a0azbe\u015bcie Azbest jest zaliczany do dziesi\u0119ciu najgro\u017aniejszych substancji zanieczyszczaj\u0105cych na ziemi. W&nbsp;zwi\u0105zku z&nbsp;tym, azbest znajduje si\u0119 w&nbsp;wykazie opracowanym przez Ministerstwo Zdrowia i&nbsp;Opieki Spo\u0142ecznej, jako niebezpieczna substancja chemiczna&nbsp;o udowodnionym dzia\u0142aniu rakotw\u00f3rczym dla cz\u0142owieka. Badania naukowe udowodni\u0142y, \u017ce azbest stanowi powa\u017cne zagro\u017cenie dla zdrowia w&nbsp;nast\u0119pstwie d\u0142ugotrwa\u0142ego nara\u017cania dr\u00f3g oddechowych na wdychanie jego w\u0142\u00f3kien. Ekspozycja na py\u0142 [&hellip;]<\/p>\n","protected":false},"author":2,"featured_media":0,"parent":0,"menu_order":0,"comment_status":"closed","ping_status":"closed","template":"","meta":{"footnotes":""},"class_list":["post-245","page","type-page","status-publish","hentry"],"featured_image_urls_v2":{"full":"","thumbnail":"","medium":"","medium_large":"","large":"","1536x1536":"","2048x2048":""},"post_excerpt_stackable_v2":"<p>ABC o\u00a0azbe\u015bcie Azbest jest zaliczany do dziesi\u0119ciu najgro\u017aniejszych substancji zanieczyszczaj\u0105cych na ziemi. W&nbsp;zwi\u0105zku z&nbsp;tym, azbest znajduje si\u0119 w&nbsp;wykazie opracowanym przez Ministerstwo Zdrowia i&nbsp;Opieki Spo\u0142ecznej, jako niebezpieczna substancja chemiczna&nbsp;o udowodnionym dzia\u0142aniu rakotw\u00f3rczym dla cz\u0142owieka. Badania naukowe udowodni\u0142y, \u017ce azbest stanowi powa\u017cne zagro\u017cenie dla zdrowia w&nbsp;nast\u0119pstwie d\u0142ugotrwa\u0142ego nara\u017cania dr\u00f3g oddechowych na wdychanie jego w\u0142\u00f3kien. Ekspozycja na py\u0142 azbestu stanowi powa\u017cne zagro\u017cenie dla zdrowia ludzi. Ze wzgl\u0119du na swoje w\u0142a\u015bciwo\u015bci i&nbsp;praktycznie niezniszczalno\u015b\u0107, azbest wprowadzany do \u015brodowiska otaczaj\u0105cego cz\u0142owieka utrzymuje si\u0119 w&nbsp;nim przez czas nieokre\u015blony. W\u0142\u00f3kna azbestu przedostaj\u0105 si\u0119 do powietrza atmosferycznego w&nbsp;wyniku korozji materia\u0142\u00f3w, jak i&nbsp;dzia\u0142alno\u015bci cz\u0142owieka. Chorobotw\u00f3rcze dzia\u0142anie azbestu jest wynikiem wdychania&hellip;<\/p>\n","category_list_v2":"","author_info_v2":{"name":"Zofia Kalawska","url":"https:\/\/gminadynow.pl\/index.php\/author\/zofiakalawska\/"},"comments_num_v2":"0 comments","rttpg_featured_image_url":null,"rttpg_author":{"display_name":"Zofia Kalawska","author_link":"https:\/\/gminadynow.pl\/index.php\/author\/zofiakalawska\/"},"rttpg_comment":0,"rttpg_category":null,"rttpg_excerpt":"ABC o\u00a0azbe\u015bcie Azbest jest zaliczany do dziesi\u0119ciu najgro\u017aniejszych substancji zanieczyszczaj\u0105cych na ziemi. W&nbsp;zwi\u0105zku z&nbsp;tym, azbest znajduje si\u0119 w&nbsp;wykazie opracowanym przez Ministerstwo Zdrowia i&nbsp;Opieki Spo\u0142ecznej, jako niebezpieczna substancja chemiczna&nbsp;o udowodnionym dzia\u0142aniu rakotw\u00f3rczym dla cz\u0142owieka. Badania naukowe udowodni\u0142y, \u017ce azbest stanowi powa\u017cne zagro\u017cenie dla zdrowia w&nbsp;nast\u0119pstwie d\u0142ugotrwa\u0142ego nara\u017cania dr\u00f3g oddechowych na wdychanie jego w\u0142\u00f3kien. Ekspozycja na py\u0142&hellip;","_links":{"self":[{"href":"https:\/\/gminadynow.pl\/index.php\/wp-json\/wp\/v2\/pages\/245","targetHints":{"allow":["GET"]}}],"collection":[{"href":"https:\/\/gminadynow.pl\/index.php\/wp-json\/wp\/v2\/pages"}],"about":[{"href":"https:\/\/gminadynow.pl\/index.php\/wp-json\/wp\/v2\/types\/page"}],"author":[{"embeddable":true,"href":"https:\/\/gminadynow.pl\/index.php\/wp-json\/wp\/v2\/users\/2"}],"replies":[{"embeddable":true,"href":"https:\/\/gminadynow.pl\/index.php\/wp-json\/wp\/v2\/comments?post=245"}],"version-history":[{"count":2,"href":"https:\/\/gminadynow.pl\/index.php\/wp-json\/wp\/v2\/pages\/245\/revisions"}],"predecessor-version":[{"id":684,"href":"https:\/\/gminadynow.pl\/index.php\/wp-json\/wp\/v2\/pages\/245\/revisions\/684"}],"wp:attachment":[{"href":"https:\/\/gminadynow.pl\/index.php\/wp-json\/wp\/v2\/media?parent=245"}],"curies":[{"name":"wp","href":"https:\/\/api.w.org\/{rel}","templated":true}]}}