
{"id":243,"date":"2020-10-20T14:57:22","date_gmt":"2020-10-20T12:57:22","guid":{"rendered":"http:\/\/gminadynow.pl\/?page_id=243"},"modified":"2026-02-24T11:30:08","modified_gmt":"2026-02-24T10:30:08","slug":"gospodarowanie-odpadami","status":"publish","type":"page","link":"https:\/\/gminadynow.pl\/index.php\/gospodarowanie-odpadami\/","title":{"rendered":"Gospodarowanie odpadami"},"content":{"rendered":"\n<p class=\"has-text-align-center\" style=\"font-size:30px\"><strong>Gospodarowanie odpadami<\/strong><\/p>\n\n\n\n<p>W\u00f3jt Gminy Dyn\u00f3w zawiadamia, \u017ce od 1 stycznia 2023 r. zmianie ulegn\u0105 stawki za gospodarowanie odpadami komunalnymi, kt\u00f3re wynosi\u0107 b\u0119d\u0105 odpowiednio:<br>&#8211;&nbsp;<strong>29,00 z\u0142<\/strong>&nbsp;&#8211; miesi\u0119cznie za jedn\u0105 osob\u0119, ,<br>&#8211; <strong>zwolnienie&nbsp;1 z\u0142&nbsp;za osob\u0119<\/strong>, je\u017celi odpady komunalne zbierane s\u0105 w spos\u00f3b selektywny, a bioodpady s\u0105 kompostowane w kompostowniku przydomowym.<\/p>\n\n\n\n<p>Wi\u0119cej informacji :<\/p>\n\n\n\n<p><a href=\"http:\/\/czgekologiczni.pl\/\">http:\/\/czgekologiczni.pl\/<\/a><\/p>\n\n\n\n<p><a href=\"https:\/\/czgekologiczni.pl\/wp-content\/uploads\/2025\/05\/gm.-Dynow-2025.pdf\">Harmonogram wywozu 2025<\/a><\/p>\n\n\n\n<p><a href=\"https:\/\/gminadynow.pl\/wp-content\/uploads\/2026\/02\/635558845_875040655520899_8372342681229736381_n.jpg\">Harmonogram wywozu 2026<\/a><\/p>\n","protected":false},"excerpt":{"rendered":"<p>Gospodarowanie odpadami W\u00f3jt Gminy Dyn\u00f3w zawiadamia, \u017ce od 1 stycznia 2023 r. zmianie ulegn\u0105 stawki za gospodarowanie odpadami komunalnymi, kt\u00f3re wynosi\u0107 b\u0119d\u0105 odpowiednio:&#8211;&nbsp;29,00 z\u0142&nbsp;&#8211; miesi\u0119cznie za jedn\u0105 osob\u0119, ,&#8211; zwolnienie&nbsp;1 z\u0142&nbsp;za osob\u0119, je\u017celi odpady komunalne zbierane s\u0105 w spos\u00f3b selektywny, a bioodpady s\u0105 kompostowane w kompostowniku przydomowym. Wi\u0119cej informacji : http:\/\/czgekologiczni.pl\/ Harmonogram wywozu 2025 Harmonogram [&hellip;]<\/p>\n","protected":false},"author":1,"featured_media":0,"parent":0,"menu_order":0,"comment_status":"closed","ping_status":"closed","template":"","meta":{"footnotes":""},"class_list":["post-243","page","type-page","status-publish","hentry"],"featured_image_urls_v2":{"full":"","thumbnail":"","medium":"","medium_large":"","large":"","1536x1536":"","2048x2048":""},"post_excerpt_stackable_v2":"<p>Gospodarowanie odpadami W\u00f3jt Gminy Dyn\u00f3w zawiadamia, \u017ce od 1 stycznia 2023 r. zmianie ulegn\u0105 stawki za gospodarowanie odpadami komunalnymi, kt\u00f3re wynosi\u0107 b\u0119d\u0105 odpowiednio:&#8211;&nbsp;29,00 z\u0142&nbsp;&#8211; miesi\u0119cznie za jedn\u0105 osob\u0119, ,&#8211; zwolnienie&nbsp;1 z\u0142&nbsp;za osob\u0119, je\u017celi odpady komunalne zbierane s\u0105 w spos\u00f3b selektywny, a bioodpady s\u0105 kompostowane w kompostowniku przydomowym. Wi\u0119cej informacji : http:\/\/czgekologiczni.pl\/ Harmonogram wywozu 2025 Harmonogram wywozu 2026<\/p>\n","category_list_v2":"","author_info_v2":{"name":"admin","url":"https:\/\/gminadynow.pl\/index.php\/author\/admin\/"},"comments_num_v2":"0 comments","rttpg_featured_image_url":null,"rttpg_author":{"display_name":"admin","author_link":"https:\/\/gminadynow.pl\/index.php\/author\/admin\/"},"rttpg_comment":0,"rttpg_category":null,"rttpg_excerpt":"Gospodarowanie odpadami W\u00f3jt Gminy Dyn\u00f3w zawiadamia, \u017ce od 1 stycznia 2023 r. zmianie ulegn\u0105 stawki za gospodarowanie odpadami komunalnymi, kt\u00f3re wynosi\u0107 b\u0119d\u0105 odpowiednio:&#8211;&nbsp;29,00 z\u0142&nbsp;&#8211; miesi\u0119cznie za jedn\u0105 osob\u0119, ,&#8211; zwolnienie&nbsp;1 z\u0142&nbsp;za osob\u0119, je\u017celi odpady komunalne zbierane s\u0105 w spos\u00f3b selektywny, a bioodpady s\u0105 kompostowane w kompostowniku przydomowym. Wi\u0119cej informacji : http:\/\/czgekologiczni.pl\/ Harmonogram wywozu 2025 Harmonogram&hellip;","_links":{"self":[{"href":"https:\/\/gminadynow.pl\/index.php\/wp-json\/wp\/v2\/pages\/243","targetHints":{"allow":["GET"]}}],"collection":[{"href":"https:\/\/gminadynow.pl\/index.php\/wp-json\/wp\/v2\/pages"}],"about":[{"href":"https:\/\/gminadynow.pl\/index.php\/wp-json\/wp\/v2\/types\/page"}],"author":[{"embeddable":true,"href":"https:\/\/gminadynow.pl\/index.php\/wp-json\/wp\/v2\/users\/1"}],"replies":[{"embeddable":true,"href":"https:\/\/gminadynow.pl\/index.php\/wp-json\/wp\/v2\/comments?post=243"}],"version-history":[{"count":15,"href":"https:\/\/gminadynow.pl\/index.php\/wp-json\/wp\/v2\/pages\/243\/revisions"}],"predecessor-version":[{"id":7843,"href":"https:\/\/gminadynow.pl\/index.php\/wp-json\/wp\/v2\/pages\/243\/revisions\/7843"}],"wp:attachment":[{"href":"https:\/\/gminadynow.pl\/index.php\/wp-json\/wp\/v2\/media?parent=243"}],"curies":[{"name":"wp","href":"https:\/\/api.w.org\/{rel}","templated":true}]}}