
{"id":242,"date":"2020-10-20T14:57:22","date_gmt":"2020-10-20T12:57:22","guid":{"rendered":"http:\/\/gminadynow.pl\/?page_id=242"},"modified":"2021-01-03T12:03:32","modified_gmt":"2021-01-03T11:03:32","slug":"podatki-i-oplaty","status":"publish","type":"page","link":"https:\/\/gminadynow.pl\/index.php\/podatki-i-oplaty\/","title":{"rendered":"Podatki i op\u0142aty"},"content":{"rendered":"\n<p class=\"has-text-align-center\" style=\"font-size:30px\"><strong>Podatki i op\u0142aty w 2021r.<\/strong><\/p>\n\n\n\n<p><strong>Stawki podatk\u00f3w w 2021 r. <\/strong><\/p>\n<p><strong>Podatek rolny.<\/strong><\/p>\n<p>Wylicza si\u0119 go na podstawie \u015bredniej ceny skupu \u017cyta, kt\u00f3ra w\u00a0tym roku jest wy\u017csza ni\u017c w\u00a0roku ubieg\u0142ym. \u015arednia cena skupu \u017cyta za okres 11 kwarta\u0142\u00f3w poprzedzaj\u0105cych kwarta\u0142 poprzedzaj\u0105cy rok podatkowy 2021 wynosi <strong>58.55 z\u0142 za 1 dt<\/strong> (komunikat Prezesa G\u0142\u00f3wnego Urz\u0119du Statystycznego z\u00a0dnia 19 pa\u017adziernika 2020 r. [M. P. z\u00a02020 r. poz. 982]).<\/p>\n<p>W Gminie Dyn\u00f3w, uchwa\u0142\u0105 \u00a0Rady Gminy obni\u017cono stawk\u0119 do <strong>57.00<\/strong> z\u0142 <strong>za 1 dt.<\/strong><\/p>\n<p><strong>Oznacza to, \u017ce stawka podatku rolnego na rok 2021 b\u0119dzie wynosi\u0107:<\/strong><\/p>\n<ol>\n<li>dla grunt\u00f3w gospodarstw rolnych za 1 ha (r\u00f3wnowa\u017cnik 2,5 q \u017cyta): <strong>142,50 z\u0142<\/strong>,<\/li>\n<li>dla pozosta\u0142ych grunt\u00f3w za 1 ha (r\u00f3wnowa\u017cnik 5 q \u017cyta): <strong>285,00 z\u0142<\/strong>.<\/li>\n<\/ol>\n<p><strong>Podatek le\u015bny.<\/strong><\/p>\n<p>Zgodnie z art. 4 ustawy z dnia 30 pa\u017adziernika 2002 r. o podatku le\u015bnym (Dz.U.2019 r. poz, 888 ze zm.) podatek le\u015bny od 1 ha, za rok podatkowy wynosi r\u00f3wnowarto\u015b\u0107 pieni\u0119\u017cn\u0105 0,220 m <sup>3<\/sup> drewna, obliczan\u0105 wed\u0142ug \u015bredniej ceny sprzeda\u017cy drewna uzyskanej przez nadle\u015bnictwa za pierwsze trzy kwarta\u0142y roku poprzedzaj\u0105cego rok podatkowy.<\/p>\n<p>\u015arednia cena sprzeda\u017cy drewna za okres pierwsze trzy kwarta\u0142y zosta\u0142a og\u0142oszona w Komunikacie Prezesa G\u0142\u00f3wnego Urz\u0119du Statystycznego z dnia 20 pa\u017adziernika 2020 r. (M. P. z 2020 r., poz. 983) i wynosi <strong><u>\u00a0&#8211; 194,24z\u0142 za 1m <sup>3 <\/sup>drewna<\/u><\/strong><\/p>\n<p>Stawka podatku le\u015bnego w 2021 roku dla 1 ha fiz. wynosi<\/p>\n<p><strong>1 m <sup>3 <\/sup>drewna 194,24 z\u0142 x 0,220 m <sup>3 <\/sup>= 42,7328 z\u0142\u00a0\u00a0\u00a0 <\/strong><\/p>\n<p><strong>Podatki od nieruchomo\u015bci.<\/strong><\/p>\n<p>Stawki podatku od nieruchomo\u015bci na rok 2021 b\u0119d\u0105 wynosi\u0107:<\/p>\n<p><strong>od grunt\u00f3w:<\/strong><\/p>\n<ol>\n<li>zwi\u0105zanych z\u00a0prowadzeniem dzia\u0142alno\u015bci gospodarczej, bez wzgl\u0119du na spos\u00f3b zakwalifikowania w\u00a0ewidencji grunt\u00f3w i\u00a0budynk\u00f3w: <strong>0,92 z\u0142<\/strong> od 1 m<sup>2<\/sup> powierzchni,<\/li>\n<li>pod wodami powierzchniowymi stoj\u0105cymi lub wodami powierzchniowymi p\u0142yn\u0105cymi jezior i\u00a0zbiornik\u00f3w sztucznych: <strong>4,40 z\u0142<\/strong> od 1 ha powierzchni,<\/li>\n<li>pozosta\u0142ych, w\u00a0tym zaj\u0119tych na prowadzenie odp\u0142atnej statutowej dzia\u0142alno\u015bci po\u017cytku publicznego przez organizacje po\u017cytku publicznego: <strong>0,40 z\u0142<\/strong> od 1 m<sup>2<\/sup> powierzchni,<\/li>\n<li>niezabudowanych obj\u0119tych obszarem rewitalizacji (Dz. U. z\u00a02018 r. poz. 1398 oraz z\u00a02019 r. poz. 730) i\u00a0po\u0142o\u017conych na terenach, dla kt\u00f3rych miejscowy plan zagospodarowania przestrzennego przewiduje przeznaczenie pod zabudow\u0119 mieszkaniow\u0105, us\u0142ugow\u0105 albo zabudow\u0119 o\u00a0przeznaczeniu mieszanym obejmuj\u0105cym wy\u0142\u0105cznie te rodzaje zabudowy, je\u017celi od dnia wej\u015bcia w\u00a0\u017cycie tego planu w\u00a0odniesieniu do tych grunt\u00f3w up\u0142yn\u0105\u0142 okres 4 lat, a\u00a0w tym czasie nie zako\u0144czono budowy zgodnie z\u00a0przepisami prawa budowlanego: <strong>3,20 z\u0142<\/strong> od 1 m<sup>2<\/sup> powierzchni,<\/li>\n<\/ol>\n<p><strong>od budynk\u00f3w lub ich cz\u0119\u015bci:<\/strong><\/p>\n<ol>\n<li>mieszkalnych: <strong>0,79<\/strong> <strong>z\u0142<\/strong> od 1 m<sup>2<\/sup> powierzchni u\u017cytkowej,<\/li>\n<li>zwi\u0105zanych z\u00a0prowadzeniem dzia\u0142alno\u015bci gospodarczej oraz od budynk\u00f3w mieszkalnych lub ich cz\u0119\u015bci zaj\u0119tych na prowadzenie dzia\u0142alno\u015bci gospodarczej: <strong>21,50 z\u0142 <\/strong>od 1 m<sup>2<\/sup> powierzchni u\u017cytkowej,<\/li>\n<li>zaj\u0119tych na prowadzenie dzia\u0142alno\u015bci gospodarczej w\u00a0zakresie obrotu kwalifikowanym materia\u0142em siewnym: <strong>9,00 z\u0142 <\/strong>od 1 m<sup>2<\/sup> powierzchni u\u017cytkowej,<\/li>\n<li>zwi\u0105zanych z\u00a0udzielaniem \u015bwiadcze\u0144 zdrowotnych w\u00a0rozumieniu przepis\u00f3w o\u00a0dzia\u0142alno\u015bci leczniczej, zaj\u0119tych przez podmioty udzielaj\u0105ce tych \u015bwiadcze\u0144: <strong>4,80 z\u0142<\/strong> od 1m<sup>2<\/sup> powierzchni u\u017cytkowej,<\/li>\n<li>pozosta\u0142ych, w\u00a0tym zaj\u0119tych na prowadzenie odp\u0142atnej statutowej dzia\u0142alno\u015bci po\u017cytku publicznego przez organizacje po\u017cytku publicznego: <strong>4,10 z\u0142<\/strong> od 1 m<sup>2<\/sup> powierzchni u\u017cytkowej.<\/li>\n<\/ol>\n<p><strong>Od budowli:<\/strong><\/p>\n<p><strong>2% <\/strong>ich warto\u015bci okre\u015blonej na podstawie art. 4 ust. 1 pkt 3 i\u00a0ust. 3-7 ustawy z\u00a0dnia 12 stycznia 1991 r. o\u00a0podatkach i\u00a0op\u0142atach lokalnych.<\/p>\n<p><strong>Podatek od \u015brodk\u00f3w transportowych.<\/strong><\/p>\n<p>Stawki podatku od \u015brodk\u00f3w transportowych obowi\u0105zuj\u0105ce na terenie Gminy Dyn\u00f3w w\u00a02021 r. b\u0119d\u0105 wynosi\u0107:<\/p>\n<ul>\n<li>od samochodu ci\u0119\u017carowego, o\u00a0kt\u00f3rym mowa w\u00a0art. 8 pkt. 1 ustawy z\u00a0dnia 12 stycznia 1991 r. o\u00a0podatkach i\u00a0op\u0142atach lokalnych, o\u00a0dopuszczalnej masie ca\u0142kowitej:<\/li>\n<\/ul>\n<ol>\n<li>powy\u017cej 3,5 tony do 5,5 tony w\u0142\u0105cznie &#8211;\u00a0<strong>630,00 z\u0142<\/strong><\/li>\n<li>powy\u017cej 5,5 tony do 9 ton w\u0142\u0105cznie &#8211; <strong>740,00 z\u0142<\/strong><\/li>\n<li>powy\u017cej 9 ton a poni\u017cej 12 ton &#8211; <strong>840,00 z\u0142<\/strong><\/li>\n<\/ol>\n<ul>\n<li>od samochodu ci\u0119\u017carowego, o\u00a0kt\u00f3rym mowa w\u00a0art. 8 pkt. 2 ustawy z\u00a0dnia 12 stycznia 1991 r. o\u00a0podatkach i\u00a0op\u0142atach lokalnych, o\u00a0dopuszczalnej masie ca\u0142kowitej r\u00f3wnej lub wy\u017cszej ni\u017c 12 ton w\u00a0zale\u017cno\u015bci od liczby osi, dopuszczalnej masy ca\u0142kowitej pojazdu i\u00a0rodzaju zawieszenia wed\u0142ug stawek okre\u015blonych w\u00a0tabeli Nr 1;<\/li>\n<li>od ci\u0105gnika siod\u0142owego lub balastowego, o\u00a0kt\u00f3rych mowa w\u00a0art. 8 pkt. 3 ustawy z\u00a0dnia 12 stycznia 1991 r. o\u00a0podatkach i\u00a0op\u0142atach lokalnych o\u00a0dopuszczalnej masie ca\u0142kowitej zespo\u0142u pojazd\u00f3w od 3,5 tony i\u00a0poni\u017cej 12 ton:<\/li>\n<\/ul>\n<ol>\n<li>od 3,5 tony do 5,5 tony w\u0142\u0105cznie &#8211; <strong>630,00 z\u0142<\/strong><\/li>\n<li>powy\u017cej 5,5 tony do 9 ton w\u0142\u0105cznie &#8211; <strong>740,00 z\u0142<\/strong><\/li>\n<li>powy\u017cej 9 ton a powy\u017cej 12 ton \u2013 <strong>840,00 z\u0142<\/strong><\/li>\n<\/ol>\n<ul>\n<li>od ci\u0105gnika siod\u0142owego lub balastowego, o\u00a0kt\u00f3rych mowa w\u00a0art. 8 pkt. 4 ustawy z\u00a0dnia 12 stycznia 1991 r. o\u00a0podatkach i\u00a0op\u0142atach lokalnych, dopuszczalnej masie ca\u0142kowitej zespo\u0142u pojazd\u00f3w r\u00f3wnej lub wy\u017cszej ni\u017c 12 ton wed\u0142ug stawek okre\u015blonych w\u00a0tabeli Nr 2;<\/li>\n<li>od przyczepy lub naczepy, o\u00a0kt\u00f3rych mowa w\u00a0art. 8 pkt. 5 ustawy z\u00a0dnia 12 stycznia 1991 r. o\u00a0podatkach i\u00a0op\u0142atach lokalnych, kt\u00f3re \u0142\u0105cznie z\u00a0pojazdem silnikowym posiadaj\u0105 dopuszczaln\u0105 mas\u0119 ca\u0142kowit\u0105 od 7 ton i\u00a0poni\u017cej 12 ton (z wyj\u0105tkiem zwi\u0105zanych wy\u0142\u0105cznie z\u00a0dzia\u0142alno\u015bci\u0105 rolnicz\u0105 prowadzon\u0105 przez podatnika podatku rolnego)<\/li>\n<\/ul>\n<ol>\n<li>od 7 ton do 10 ton w\u0142\u0105cznie-<strong>370,00<\/strong> z\u0142<\/li>\n<li>powy\u017cej 10 ton a poni\u017cej 12 ton &#8211;<strong>480,00<\/strong> z\u0142<\/li>\n<\/ol>\n<p>\u00a0<\/p>\n<ul>\n<li>\u00a0od przyczepy lub naczepy, o\u00a0kt\u00f3rych mowa w\u00a0art. 8 pkt. 6 ustawy z\u00a0dnia 12 stycznia 1991 r. o\u00a0podatkach i\u00a0op\u0142atach lokalnych, kt\u00f3re \u0142\u0105cznie z\u00a0pojazdem silnikowym posiadaj\u0105 dopuszczalna mas\u0119 ca\u0142kowit\u0105 r\u00f3wn\u0105 lub wy\u017csz\u0105 ni\u017c 12 ton (z wyj\u0105tkiem zwi\u0105zanych wy\u0142\u0105cznie z\u00a0dzia\u0142alno\u015bci\u0105 rolnicz\u0105 prowadzon\u0105 przez podatnika podatku rolnego) wed\u0142ug stawek okre\u015blonych w\u00a0tabeli Nr 3;<\/li>\n<li>od autobusu, o\u00a0kt\u00f3rym mowa w\u00a0art. 8 pkt. 7 ustawy z\u00a0dnia 12 stycznia 1991 r. o\u00a0podatkach i\u00a0op\u0142atach lokalnych, w\u00a0zale\u017cno\u015bci od liczby miejsc do siedzenia poza miejscem kierowcy:<\/li>\n<\/ul>\n<ol>\n<li>mniejszej ni\u017c 22 miejsca &#8211;\u00a0\u00a0\u00a0 <strong>840,00 z\u0142<\/strong><\/li>\n<li>r\u00f3wnej lub wi\u0119kszej ni\u017c 22 miejsca &#8211; <strong>1260,00 z\u0142<\/strong><\/li>\n<\/ol>\n<p>\u00a0<\/p>\n<p>\u00a0<strong>Tabela nr 1<\/strong><\/p>\n<p><strong>Stawki podatku od samochod\u00f3w ci\u0119\u017carowych, o kt\u00f3rych mowa w art. 8 pkt 2 ustawy<\/strong><\/p>\n<table width=\"60%\">\n<tbody>\n<tr>\n<td colspan=\"2\" width=\"36%\">\n<p><strong>Dopuszczalna masa ca\u0142kowita pojazdu<\/strong><\/p>\n<p><strong>(w tonach)<\/strong><\/p>\n<\/td>\n<td colspan=\"2\" width=\"63%\">\n<p><strong>Stawka podatku (w z\u0142otych)<\/strong><\/p>\n<\/td>\n<\/tr>\n<tr>\n<td width=\"23%\">\n<p><strong>Nie mniej ni\u017c<\/strong><\/p>\n<\/td>\n<td width=\"13%\">\n<p><strong>Mniej ni\u017c<\/strong><\/p>\n<\/td>\n<td width=\"41%\">\n<p><strong>O\u015b jezdna (osie jezdne) z\u00a0zawieszeniem pneumatycznym lub zawieszeniem uznanym za r\u00f3wnowa\u017cne<\/strong><\/p>\n<\/td>\n<td width=\"22%\">\n<p><strong>Inne systemy zawieszenie osi jezdnych<\/strong><\/p>\n<\/td>\n<\/tr>\n<tr>\n<td colspan=\"4\" width=\"100%\">\n<p><strong>Dwie osie<\/strong><\/p>\n<\/td>\n<\/tr>\n<tr>\n<td width=\"23%\">\n<p>12<\/p>\n<\/td>\n<td width=\"13%\">\n<p>13<\/p>\n<\/td>\n<td width=\"41%\">\n<p>\u00a0\u00a0\u00a0 950,00<\/p>\n<\/td>\n<td width=\"22%\">\n<p>1 050,00<\/p>\n<\/td>\n<\/tr>\n<tr>\n<td width=\"23%\">\n<p>13<\/p>\n<\/td>\n<td width=\"13%\">\n<p>14<\/p>\n<\/td>\n<td width=\"41%\">\n<p>1 000,00<\/p>\n<\/td>\n<td width=\"22%\">\n<p>1 110,00<\/p>\n<\/td>\n<\/tr>\n<tr>\n<td width=\"23%\">\n<p>14<\/p>\n<\/td>\n<td width=\"13%\">\n<p>15<\/p>\n<\/td>\n<td width=\"41%\">\n<p>1 050,00<\/p>\n<\/td>\n<td width=\"22%\">\n<p>1 160,00<\/p>\n<\/td>\n<\/tr>\n<tr>\n<td width=\"23%\">\n<p>15<\/p>\n<\/td>\n<td width=\"13%\">\n<p>\u00a0<\/p>\n<\/td>\n<td width=\"41%\">\n<p>1 110,00<\/p>\n<\/td>\n<td width=\"22%\">\n<p>1 580,00<\/p>\n<\/td>\n<\/tr>\n<tr>\n<td colspan=\"4\" width=\"100%\">\n<p><strong>Trzy osie<\/strong><\/p>\n<\/td>\n<\/tr>\n<tr>\n<td width=\"23%\">\n<p>12<\/p>\n<\/td>\n<td width=\"13%\">\n<p>17<\/p>\n<\/td>\n<td width=\"41%\">\n<p>1\u00a0000,00<\/p>\n<\/td>\n<td width=\"22%\">\n<p>1 110,00<\/p>\n<\/td>\n<\/tr>\n<tr>\n<td width=\"23%\">\n<p>17<\/p>\n<\/td>\n<td width=\"13%\">\n<p>19<\/p>\n<\/td>\n<td width=\"41%\">\n<p>1 050,00<\/p>\n<\/td>\n<td width=\"22%\">\n<p>1 160,00<\/p>\n<\/td>\n<\/tr>\n<tr>\n<td width=\"23%\">\n<p>19<\/p>\n<\/td>\n<td width=\"13%\">\n<p>21<\/p>\n<\/td>\n<td width=\"41%\">\n<p>1 110,00<\/p>\n<\/td>\n<td width=\"22%\">\n<p>1.210,00<\/p>\n<\/td>\n<\/tr>\n<tr>\n<td width=\"23%\">\n<p>21<\/p>\n<\/td>\n<td width=\"13%\">\n<p>23<\/p>\n<\/td>\n<td width=\"41%\">\n<p>1 160,00<\/p>\n<\/td>\n<td width=\"22%\">\n<p>1 320,00<\/p>\n<\/td>\n<\/tr>\n<tr>\n<td width=\"23%\">\n<p>23<\/p>\n<\/td>\n<td width=\"13%\">\n<p>25<\/p>\n<\/td>\n<td width=\"41%\">\n<p>1 330,00<\/p>\n<\/td>\n<td width=\"22%\">\n<p>1 890,00<\/p>\n<\/td>\n<\/tr>\n<tr>\n<td width=\"23%\">\n<p>25<\/p>\n<\/td>\n<td width=\"13%\">\n<p>\u00a0<\/p>\n<\/td>\n<td width=\"41%\">\n<p>1 530,00<\/p>\n<\/td>\n<td width=\"22%\">\n<p>1 950,00<\/p>\n<\/td>\n<\/tr>\n<tr>\n<td colspan=\"4\" width=\"100%\">\n<p><strong>Cztery osie i\u00a0wi\u0119cej<\/strong><\/p>\n<\/td>\n<\/tr>\n<tr>\n<td width=\"23%\">\n<p>12<\/p>\n<\/td>\n<td width=\"13%\">\n<p>25<\/p>\n<\/td>\n<td width=\"41%\">\n<p>1 160,00<\/p>\n<\/td>\n<td width=\"22%\">\n<p>1 260,00<\/p>\n<\/td>\n<\/tr>\n<tr>\n<td width=\"23%\">\n<p>25<\/p>\n<\/td>\n<td width=\"13%\">\n<p>27<\/p>\n<\/td>\n<td width=\"41%\">\n<p>1 210,00<\/p>\n<\/td>\n<td width=\"22%\">\n<p>1 370,00<\/p>\n<\/td>\n<\/tr>\n<tr>\n<td width=\"23%\">\n<p>27<\/p>\n<\/td>\n<td width=\"13%\">\n<p>29<\/p>\n<\/td>\n<td width=\"41%\">\n<p>1 390,00<\/p>\n<\/td>\n<td width=\"22%\">\n<p>2 020,00<\/p>\n<\/td>\n<\/tr>\n<tr>\n<td width=\"23%\">\n<p>29<\/p>\n<\/td>\n<td width=\"13%\">\n<p>31<\/p>\n<\/td>\n<td width=\"41%\">\n<p>2 020,00<\/p>\n<\/td>\n<td width=\"22%\">\n<p>2 890,00<\/p>\n<\/td>\n<\/tr>\n<tr>\n<td width=\"23%\">\n<p>31<\/p>\n<\/td>\n<td width=\"13%\">\n<p>\u00a0<\/p>\n<\/td>\n<td width=\"41%\">\n<p>2 060,00<\/p>\n<\/td>\n<td width=\"22%\">\n<p>2 910,00<\/p>\n<\/td>\n<\/tr>\n<\/tbody>\n<\/table>\n<p>\u00a0<\/p>\n<p>\u00a0<strong>Tabela nr 2<\/strong><\/p>\n<p><strong>Stawki podatku od ci\u0105gnik\u00f3w siod\u0142owych i balastowych, o kt\u00f3rych mowa w art. 8 pkt 4 ustawy<\/strong><\/p>\n<table width=\"0\">\n<tbody>\n<tr>\n<td colspan=\"2\" width=\"208\">\n<p><strong>Dopuszczalna masa ca\u0142kowita zespo\u0142u pojazd\u00f3w: ci\u0105gnik siod\u0142owy + naczepa; ci\u0105gnik balastowy + przyczepa (w tonach)<\/strong><\/p>\n<\/td>\n<td colspan=\"2\" width=\"349\">\n<p><strong>Stawka podatku (w z\u0142otych)<\/strong><\/p>\n<\/td>\n<\/tr>\n<tr>\n<td width=\"113\">\n<p><strong>Nie mniej ni\u017c<\/strong><\/p>\n<\/td>\n<td width=\"95\">\n<p><strong>Mniej ni\u017c<\/strong><\/p>\n<\/td>\n<td width=\"251\">\n<p><strong>O\u015b jezdna (osie jezdne) z\u00a0zawieszeniem pneumatycznym lub zawieszeniem uznanym za r\u00f3wnowa\u017cne<\/strong><\/p>\n<\/td>\n<td width=\"97\">\n<p><strong>Inne systemy zawieszenie osi jezdnych<\/strong><\/p>\n<\/td>\n<\/tr>\n<tr>\n<td colspan=\"4\" width=\"557\">\n<p><strong>Dwie osie<\/strong><\/p>\n<\/td>\n<\/tr>\n<tr>\n<td width=\"113\">\n<p>12<\/p>\n<\/td>\n<td width=\"95\">\n<p>18<\/p>\n<\/td>\n<td width=\"251\">\n<p>1 050,00<\/p>\n<\/td>\n<td width=\"97\">\n<p>1 160,00<\/p>\n<\/td>\n<\/tr>\n<tr>\n<td width=\"113\">\n<p>18<\/p>\n<\/td>\n<td width=\"95\">\n<p>25<\/p>\n<\/td>\n<td width=\"251\">\n<p>1260,00<\/p>\n<\/td>\n<td width=\"97\">\n<p>1 370,00<\/p>\n<\/td>\n<\/tr>\n<tr>\n<td width=\"113\">\n<p>25<\/p>\n<\/td>\n<td width=\"95\">\n<p>31<\/p>\n<\/td>\n<td width=\"251\">\n<p>1 370,00<\/p>\n<\/td>\n<td width=\"97\">\n<p>1 580,00<\/p>\n<\/td>\n<\/tr>\n<tr>\n<td width=\"113\">\n<p>31<\/p>\n<\/td>\n<td width=\"95\">\n<p>\u00a0<\/p>\n<\/td>\n<td width=\"251\">\n<p>1 840,00<\/p>\n<\/td>\n<td width=\"97\">\n<p>2 290,00<\/p>\n<\/td>\n<\/tr>\n<tr>\n<td colspan=\"4\" width=\"557\">\n<p><strong>Trzy osie i\u00a0wi\u0119cej<\/strong><\/p>\n<\/td>\n<\/tr>\n<tr>\n<td width=\"113\">\n<p>12<\/p>\n<\/td>\n<td width=\"95\">\n<p>40<\/p>\n<\/td>\n<td width=\"251\">\n<p>1 580,00<\/p>\n<\/td>\n<td width=\"97\">\n<p>2 100,00<\/p>\n<\/td>\n<\/tr>\n<tr>\n<td width=\"113\">\n<p>40<\/p>\n<\/td>\n<td width=\"95\">\n<p>\u00a0<\/p>\n<\/td>\n<td width=\"251\">\n<p>2 080,00<\/p>\n<\/td>\n<td width=\"97\">\n<p>2 950,00<\/p>\n<\/td>\n<\/tr>\n<\/tbody>\n<\/table>\n<p>\u00a0<\/p>\n<p><strong>Tabela nr 3<\/strong><\/p>\n<p><strong>Stawki podatku dla przyczep i naczep okre\u015blonych w art. 8 pkt 6 ustawy<\/strong><\/p>\n<table width=\"0\">\n<tbody>\n<tr>\n<td colspan=\"2\" width=\"231\">\n<p><strong>Dopuszczalna masa ca\u0142kowita zespo\u0142u pojazd\u00f3w: naczepa\/przyczepa + pojazd silnikowy<\/strong><\/p>\n<p><strong>(w tonach)<\/strong><\/p>\n<\/td>\n<td colspan=\"2\">\n<p><strong>Stawka podatku (w z\u0142otych)<\/strong><\/p>\n<\/td>\n<\/tr>\n<tr>\n<td width=\"116\">\n<p><strong>Nie mniej ni\u017c<\/strong><\/p>\n<\/td>\n<td width=\"115\">\n<p><strong>Mniej ni\u017c<\/strong><\/p>\n<\/td>\n<td>\n<p><strong>O\u015b jezdna (osie jezdne) z\u00a0zawieszeniem pneumatycznym lub zawieszeniem uznanym za r\u00f3wnowa\u017cne<\/strong><\/p>\n<\/td>\n<td>\n<p><strong>Inne systemy zawieszenie osi jezdnych<\/strong><\/p>\n<\/td>\n<\/tr>\n<tr>\n<td colspan=\"4\" width=\"597\">\n<p><strong>Jedna o\u015b<\/strong><\/p>\n<\/td>\n<\/tr>\n<tr>\n<td width=\"116\">\n<p>12<\/p>\n<\/td>\n<td width=\"115\">\n<p>18<\/p>\n<\/td>\n<td>\n<p>\u00a0\u00a0 400,00<\/p>\n<\/td>\n<td>\n<p>\u00a0\u00a0 470,00<\/p>\n<\/td>\n<\/tr>\n<tr>\n<td width=\"116\">\n<p>18<\/p>\n<\/td>\n<td width=\"115\">\n<p>25<\/p>\n<\/td>\n<td>\n<p>\u00a0\u00a0 450,00<\/p>\n<\/td>\n<td>\n<p>\u00a0\u00a0 590,00<\/p>\n<\/td>\n<\/tr>\n<tr>\n<td width=\"116\">\n<p>25<\/p>\n<\/td>\n<td width=\"115\">\n<p>\u00a0<\/p>\n<\/td>\n<td>\n<p>\u00a0\u00a0 600,00<\/p>\n<\/td>\n<td>\n<p>\u00a0\u00a0 870,00<\/p>\n<\/td>\n<\/tr>\n<tr>\n<td colspan=\"4\" width=\"597\">\n<p><strong>Dwie osie<\/strong><\/p>\n<\/td>\n<\/tr>\n<tr>\n<td width=\"116\">\n<p>12<\/p>\n<\/td>\n<td width=\"115\">\n<p>28<\/p>\n<\/td>\n<td>\n<p>\u00a0\u00a0 480,00<\/p>\n<\/td>\n<td>\n<p>\u00a0\u00a0 580,00<\/p>\n<\/td>\n<\/tr>\n<tr>\n<td width=\"116\">\n<p>28<\/p>\n<\/td>\n<td width=\"115\">\n<p>33<\/p>\n<\/td>\n<td>\n<p>\u00a0\u00a0 930,00<\/p>\n<\/td>\n<td>\n<p>1 155,00<\/p>\n<\/td>\n<\/tr>\n<tr>\n<td width=\"116\">\n<p>33<\/p>\n<\/td>\n<td width=\"115\">\n<p>38<\/p>\n<\/td>\n<td>\n<p>1 160,00<\/p>\n<\/td>\n<td>\n<p>1 630,00<\/p>\n<\/td>\n<\/tr>\n<tr>\n<td width=\"116\">\n<p>38<\/p>\n<\/td>\n<td width=\"115\">\n<p>\u00a0<\/p>\n<\/td>\n<td>\n<p>1 520,00<\/p>\n<\/td>\n<td>\n<p>2 050,00<\/p>\n<\/td>\n<\/tr>\n<tr>\n<td colspan=\"4\" width=\"597\">\n<p><strong>Trzy osie i\u00a0wi\u0119cej<\/strong><\/p>\n<\/td>\n<\/tr>\n<tr>\n<td width=\"116\">\n<p>12<\/p>\n<\/td>\n<td width=\"115\">\n<p>38<\/p>\n<\/td>\n<td>\n<p>1 050,00<\/p>\n<\/td>\n<td>\n<p>1 260,00<\/p>\n<\/td>\n<\/tr>\n<tr>\n<td width=\"116\">\n<p>38<\/p>\n<\/td>\n<td width=\"115\">\n<p>\u00a0<\/p>\n<\/td>\n<td>\n<p>1 440,00<\/p>\n<\/td>\n<td>\n<p>1 630,00<\/p>\n<\/td>\n<\/tr>\n<\/tbody>\n<\/table>\n<p>\u00a0<\/p>\n\n\n\n<hr class=\"wp-block-separator\"\/>\n\n\n\n<div class=\"wp-block-file\"><a href=\"http:\/\/gminadynow.pl\/wp-content\/uploads\/2021\/01\/Stawki-podatkow-w-2021-r..docx\">Stawki podatk\u00f3w w 2021r.<\/a><a href=\"http:\/\/gminadynow.pl\/wp-content\/uploads\/2021\/01\/Stawki-podatkow-w-2021-r..docx\" class=\"wp-block-file__button\" download>Pobierz<\/a><\/div>\n","protected":false},"excerpt":{"rendered":"<p>Podatki i op\u0142aty w 2021r. Stawki podatk\u00f3w w 2021 r. Podatek rolny. Wylicza si\u0119 go na podstawie \u015bredniej ceny skupu \u017cyta, kt\u00f3ra w\u00a0tym roku jest wy\u017csza ni\u017c w\u00a0roku ubieg\u0142ym. \u015arednia cena skupu \u017cyta za okres 11 kwarta\u0142\u00f3w poprzedzaj\u0105cych kwarta\u0142 poprzedzaj\u0105cy rok podatkowy 2021 wynosi 58.55 z\u0142 za 1 dt (komunikat Prezesa G\u0142\u00f3wnego Urz\u0119du Statystycznego z\u00a0dnia [&hellip;]<\/p>\n","protected":false},"author":1,"featured_media":0,"parent":0,"menu_order":0,"comment_status":"closed","ping_status":"closed","template":"","meta":{"footnotes":""},"class_list":["post-242","page","type-page","status-publish","hentry"],"featured_image_urls_v2":{"full":"","thumbnail":"","medium":"","medium_large":"","large":"","1536x1536":"","2048x2048":""},"post_excerpt_stackable_v2":"<p>Podatki i op\u0142aty w 2021r. Stawki podatk\u00f3w w 2021 r. Podatek rolny. Wylicza si\u0119 go na podstawie \u015bredniej ceny skupu \u017cyta, kt\u00f3ra w\u00a0tym roku jest wy\u017csza ni\u017c w\u00a0roku ubieg\u0142ym. \u015arednia cena skupu \u017cyta za okres 11 kwarta\u0142\u00f3w poprzedzaj\u0105cych kwarta\u0142 poprzedzaj\u0105cy rok podatkowy 2021 wynosi 58.55 z\u0142 za 1 dt (komunikat Prezesa G\u0142\u00f3wnego Urz\u0119du Statystycznego z\u00a0dnia 19 pa\u017adziernika 2020 r. [M. P. z\u00a02020 r. poz. 982]). W Gminie Dyn\u00f3w, uchwa\u0142\u0105 \u00a0Rady Gminy obni\u017cono stawk\u0119 do 57.00 z\u0142 za 1 dt. Oznacza to, \u017ce stawka podatku rolnego na rok 2021 b\u0119dzie wynosi\u0107: dla grunt\u00f3w gospodarstw rolnych za 1 ha (r\u00f3wnowa\u017cnik 2,5 q&hellip;<\/p>\n","category_list_v2":"","author_info_v2":{"name":"admin","url":"https:\/\/gminadynow.pl\/index.php\/author\/admin\/"},"comments_num_v2":"0 comments","rttpg_featured_image_url":null,"rttpg_author":{"display_name":"admin","author_link":"https:\/\/gminadynow.pl\/index.php\/author\/admin\/"},"rttpg_comment":0,"rttpg_category":null,"rttpg_excerpt":"Podatki i op\u0142aty w 2021r. Stawki podatk\u00f3w w 2021 r. Podatek rolny. Wylicza si\u0119 go na podstawie \u015bredniej ceny skupu \u017cyta, kt\u00f3ra w\u00a0tym roku jest wy\u017csza ni\u017c w\u00a0roku ubieg\u0142ym. \u015arednia cena skupu \u017cyta za okres 11 kwarta\u0142\u00f3w poprzedzaj\u0105cych kwarta\u0142 poprzedzaj\u0105cy rok podatkowy 2021 wynosi 58.55 z\u0142 za 1 dt (komunikat Prezesa G\u0142\u00f3wnego Urz\u0119du Statystycznego z\u00a0dnia&hellip;","_links":{"self":[{"href":"https:\/\/gminadynow.pl\/index.php\/wp-json\/wp\/v2\/pages\/242","targetHints":{"allow":["GET"]}}],"collection":[{"href":"https:\/\/gminadynow.pl\/index.php\/wp-json\/wp\/v2\/pages"}],"about":[{"href":"https:\/\/gminadynow.pl\/index.php\/wp-json\/wp\/v2\/types\/page"}],"author":[{"embeddable":true,"href":"https:\/\/gminadynow.pl\/index.php\/wp-json\/wp\/v2\/users\/1"}],"replies":[{"embeddable":true,"href":"https:\/\/gminadynow.pl\/index.php\/wp-json\/wp\/v2\/comments?post=242"}],"version-history":[{"count":3,"href":"https:\/\/gminadynow.pl\/index.php\/wp-json\/wp\/v2\/pages\/242\/revisions"}],"predecessor-version":[{"id":1117,"href":"https:\/\/gminadynow.pl\/index.php\/wp-json\/wp\/v2\/pages\/242\/revisions\/1117"}],"wp:attachment":[{"href":"https:\/\/gminadynow.pl\/index.php\/wp-json\/wp\/v2\/media?parent=242"}],"curies":[{"name":"wp","href":"https:\/\/api.w.org\/{rel}","templated":true}]}}