
{"id":239,"date":"2020-10-20T14:57:22","date_gmt":"2020-10-20T12:57:22","guid":{"rendered":"http:\/\/gminadynow.pl\/?page_id=239"},"modified":"2026-04-09T11:44:20","modified_gmt":"2026-04-09T09:44:20","slug":"referaty-i-stanowiska-pracy","status":"publish","type":"page","link":"https:\/\/gminadynow.pl\/index.php\/referaty-i-stanowiska-pracy\/","title":{"rendered":"Referaty i stanowiska pracy"},"content":{"rendered":"<div class=\"tresc_tytul_kontener\">\n<div class=\"tresc_tytul_tekst\" style=\"text-align: center;\"><strong>Referaty i stanowiska<\/strong><\/div>\n<\/div>\n<div class=\"tresc_wynik_kontener\">\n<table style=\"height: 2055px; width: 96.3905%;\" border=\"1\" width=\"96.39045999237042%\" cellspacing=\"0\" cellpadding=\"10\">\n<tbody>\n<tr style=\"height: 46px;\">\n<td style=\"width: 40.1639%; height: 46px; text-align: center;\"><strong><em>Stanowisko\/<\/em><\/strong><br \/>\n<strong><em>Imi\u0119 i nazwisko<\/em><\/strong><\/td>\n<td style=\"height: 46px; text-align: center; width: 33.5786%;\"><strong><em>Nr telefonu<\/em><\/strong><\/td>\n<td style=\"width: 33.0699%; text-align: center; height: 46px;\"><strong><em>e-mail<\/em><\/strong><\/td>\n<\/tr>\n<tr style=\"height: 46px;\">\n<td style=\"width: 40.1639%; height: 46px; text-align: center;\"><strong>W\u00f3jt Gminy<\/strong><br \/>\nWojciech Piech<\/td>\n<td style=\"width: 33.5786%; height: 46px; text-align: center;\">17 23 00 114<\/td>\n<td style=\"width: 33.0699%; height: 46px; text-align: center;\">wojt@gminadynow.pl<\/td>\n<\/tr>\n<tr style=\"height: 46px;\">\n<td style=\"width: 40.1639%; height: 46px; text-align: center;\"><strong>Sekretarz<\/strong><br \/>\nZofia Kalawska<\/td>\n<td style=\"width: 33.5786%; height: 46px; text-align: center;\">17 23 00 115<\/td>\n<td style=\"width: 33.0699%; height: 46px; text-align: center;\">sekretarz@gminadynow.pl<\/td>\n<\/tr>\n<tr style=\"height: 46px;\">\n<td style=\"width: 40.1639%; height: 46px; text-align: center;\"><strong>Skarbnik<\/strong><br \/>\nWojciech Cymbalista<\/td>\n<td style=\"width: 33.5786%; height: 46px; text-align: center;\">17 23 00 118<\/td>\n<td style=\"width: 33.0699%; height: 46px; text-align: center;\">skarbnik@gminadynow.pl<\/td>\n<\/tr>\n<tr style=\"height: 134px;\">\n<td style=\"width: 106.812%; height: 10px; text-align: center;\" colspan=\"3\">\n<p style=\"text-align: center;\"><span style=\"font-size: 20px;\"><strong>Referat Finansowy<\/strong><\/span><\/p>\n<\/td>\n<\/tr>\n<tr style=\"height: 46px;\">\n<td style=\"width: 40.1639%; height: 46px; text-align: center;\"><strong>Kierownik Referatu- Skarbnik Gminy<\/strong><br \/>\nWojciech Cymbalista<\/td>\n<td style=\"width: 33.5786%; height: 46px; text-align: center;\">17 23 00 118<\/td>\n<td style=\"width: 33.0699%; height: 46px; text-align: center;\">skarbnik@gminadynow.pl<\/td>\n<\/tr>\n<tr style=\"height: 46px;\">\n<td style=\"width: 40.1639%; height: 46px; text-align: center;\"><strong>Ksi\u0119gowo\u015b\u0107 Bud\u017cetowa<\/strong><br \/>\nInspektor Bo\u017cena Borkowska<\/td>\n<td style=\"width: 33.5786%; height: 46px; text-align: center;\">17 23 00 119<\/td>\n<td style=\"width: 33.0699%; height: 46px; text-align: center;\">borkowska@gminadynow.pl<\/td>\n<\/tr>\n<tr style=\"height: 46px;\">\n<td style=\"width: 40.1639%; height: 46px; text-align: center;\"><strong>Ksi\u0119gowo\u015b\u0107 Bud\u017cetowa<\/strong><br \/>\nInspektor Agnieszka Dudek<\/td>\n<td style=\"width: 33.5786%; height: 46px; text-align: center;\">17 23 00 119<\/td>\n<td style=\"width: 33.0699%; height: 46px; text-align: center;\">dudek@gminadynow.pl<\/td>\n<\/tr>\n<tr style=\"height: 46px;\">\n<td style=\"width: 40.1639%; height: 46px; text-align: center;\"><strong>Ksi\u0119gowo\u015b\u0107 Bud\u017cetowa<\/strong><br \/>\nInspektor Danuta Wandas<\/td>\n<td style=\"width: 33.5786%; height: 46px; text-align: center;\">17 23 00 119<\/td>\n<td style=\"width: 33.0699%; height: 46px; text-align: center;\">wandas@gminadynow.pl<\/td>\n<\/tr>\n<tr style=\"height: 46px;\">\n<td style=\"width: 40.1639%; height: 46px; text-align: center;\"><strong>P\u0142ace<\/strong><br \/>\nInspektor Beata Po\u0144czocha<\/td>\n<td style=\"width: 33.5786%; height: 46px; text-align: center;\">17 23 00 117<\/td>\n<td style=\"width: 33.0699%; height: 46px; text-align: center;\">beata.dudek@gminadynow.pl<\/td>\n<\/tr>\n<tr style=\"height: 46px;\">\n<td style=\"width: 40.1639%; height: 46px; text-align: center;\"><strong>Obs\u0142uga Kasowa<\/strong><br \/>\nInspektor Joanna Lichota<\/td>\n<td style=\"width: 33.5786%; height: 46px; text-align: center;\">17 23 00 133<\/td>\n<td style=\"width: 33.0699%; height: 46px; text-align: center;\">kasa@gminadynow.pl<\/td>\n<\/tr>\n<tr style=\"height: 46px;\">\n<td style=\"width: 40.1639%; height: 46px; text-align: center;\"><strong>Podatki i Op\u0142aty Lokalne<\/strong><br \/>\nInspektor Adam Ostafi\u0144ski<\/td>\n<td style=\"width: 33.5786%; height: 46px; text-align: center;\">17 23 00 110<\/td>\n<td style=\"width: 33.0699%; height: 46px; text-align: center;\">podatki@gminadynow.pl<\/td>\n<\/tr>\n<tr style=\"height: 46px;\">\n<td style=\"width: 40.1639%; height: 46px; text-align: center;\"><strong>Podatki i Op\u0142aty Lokalne<br \/>\n<\/strong>Inspektor Grzegorz Potoczny<strong><br \/>\n<\/strong><\/td>\n<td style=\"width: 33.5786%; height: 46px; text-align: center;\">17 23 00 110<\/td>\n<td style=\"width: 33.0699%; height: 46px; text-align: center;\">grzegorz.potoczny@gminadynow.pl<\/td>\n<\/tr>\n<tr style=\"height: 46px;\">\n<td style=\"width: 40.1639%; height: 46px; text-align: center;\"><strong>Ksi\u0119gowo\u015b\u0107 Podatkowa<\/strong><br \/>\nInspektor Justyna Bie\u0144ko<\/td>\n<td style=\"width: 33.5786%; height: 46px; text-align: center;\">17 230 01 17<\/td>\n<td style=\"width: 33.0699%; height: 46px; text-align: center;\">justyna.bienko@gminadynow.pl<\/td>\n<\/tr>\n<tr style=\"height: 134px;\">\n<td style=\"width: 106.812%; height: 63px; text-align: center;\" colspan=\"3\"><strong><span style=\"font-size: 20px;\">Referat<\/span> <span style=\"font-size: 20px;\">Organizacyjny i Spraw Obywatelskich<br \/>\n<\/span><\/strong><\/td>\n<\/tr>\n<tr style=\"height: 23px;\">\n<td style=\"width: 40.1639%; height: 23px; text-align: center;\"><strong>Kierownik Referatu &#8211; Sekretarz Gminy<br \/>\nZofia Kalawska<\/strong><\/td>\n<td style=\"width: 33.5786%; height: 23px; text-align: center;\">\u00a017 23 00 115<\/td>\n<td style=\"width: 33.0699%; height: 23px; text-align: center;\">sekretarz@gminadynow.pl<\/td>\n<\/tr>\n<tr style=\"height: 46px;\">\n<td style=\"width: 40.1639%; height: 46px; text-align: center;\"><strong>Kadry <\/strong><br \/>\nInspektor El\u017cbieta Cymbalista<\/td>\n<td style=\"width: 33.5786%; height: 46px; text-align: center;\">17 23 00 122<\/td>\n<td style=\"width: 33.0699%; height: 46px; text-align: center;\">kadry@gminadynow.pl<\/td>\n<\/tr>\n<tr style=\"height: 46px;\">\n<td style=\"width: 40.1639%; height: 46px; text-align: center;\"><strong>Ewidencja Ludno\u015bci<\/strong><br \/>\nInspektor Joanna Sie\u0144ko<\/td>\n<td style=\"width: 33.5786%; height: 46px; text-align: center;\">17 23 00 113<\/td>\n<td style=\"width: 33.0699%; height: 46px; text-align: center;\">ewidencja@gminadynow.pl<\/td>\n<\/tr>\n<tr style=\"height: 70px;\">\n<td style=\"width: 40.1639%; height: 70px; text-align: center;\"><strong>Obs\u0142uga Rady Gminy, Przeciwdzia\u0142anie Uzale\u017cnieniom<br \/>\ni Obs\u0142uga Sekretariatu<\/strong><br \/>\nInspektor Agata Pyra<\/td>\n<td style=\"width: 33.5786%; height: 70px; text-align: center;\">17 23 00 114<\/td>\n<td style=\"width: 33.0699%; height: 70px; text-align: center;\">rada@gminadynow.pl<br \/>\nurzad@gminadynow.pl<\/td>\n<\/tr>\n<tr style=\"height: 70px;\">\n<td style=\"width: 40.1639%; height: 70px; text-align: center;\"><strong>Administracja System\u00f3w Informatycznych i Informacji Niejawnych<\/strong><br \/>\nInspektor Stanis\u0142aw Baran<\/td>\n<td style=\"width: 33.5786%; height: 70px; text-align: center;\">17 23 00 127<\/td>\n<td style=\"width: 33.0699%; height: 70px; text-align: center;\">baran@gminadynow.pl<\/td>\n<\/tr>\n<tr style=\"height: 46px;\">\n<td style=\"width: 40.1639%; height: 46px; text-align: center;\"><strong>Wojskowa Obrona Cywilna i Archiwum<\/strong><br \/>\nInspektor Jacek Sowa<\/td>\n<td style=\"width: 33.5786%; height: 46px; text-align: center;\">17 23 00 107<\/td>\n<td style=\"width: 33.0699%; height: 46px; text-align: center;\">sowa@gminadynow.pl<\/td>\n<\/tr>\n<tr style=\"height: 96px;\">\n<td style=\"width: 40.1639%; text-align: center; height: 96px;\"><strong>Administracyjna Obs\u0142uga Klienta<br \/>\n<\/strong>Pomoc administracyjna Anna Goleniowska<\/td>\n<td style=\"width: 33.5786%; text-align: center; height: 96px;\">17 23 00 102<\/td>\n<td style=\"width: 33.0699%; text-align: center; height: 96px;\">\u00a0 proton@gminadynow.pl<\/p>\n<p>biuro@gminadynow.pl<br \/>\nurzad@gminadynow.pl<\/td>\n<\/tr>\n<tr style=\"height: 134px;\">\n<td style=\"width: 106.812%; height: 51px; text-align: center;\" colspan=\"3\"><span style=\"font-size: 20px;\"><strong>Referat O\u015bwiaty<\/strong><\/span><\/td>\n<\/tr>\n<tr style=\"height: 46px;\">\n<td style=\"width: 40.1639%; height: 46px; text-align: center;\"><strong>Kierownik Referatu<\/strong><br \/>\nDanuta B\u0142otnicka<\/td>\n<td style=\"width: 33.5786%; height: 46px; text-align: center;\">17 23 00 129<\/td>\n<td style=\"width: 33.0699%; height: 46px; text-align: center;\">blotnicka@gminadynow.pl<\/td>\n<\/tr>\n<tr style=\"height: 46px;\">\n<td style=\"width: 40.1639%; height: 46px; text-align: center;\"><strong>G\u0142\u00f3wny Ksi\u0119gowy Szk\u00f3\u0142<\/strong><br \/>\nMaria Pyrda<\/td>\n<td style=\"width: 33.5786%; height: 46px; text-align: center;\">17 23 00 130<\/td>\n<td style=\"width: 33.0699%; height: 46px; text-align: center;\">maria.pyrda@gminadynow.pl<\/td>\n<\/tr>\n<tr style=\"height: 46px;\">\n<td style=\"width: 40.1639%; height: 46px; text-align: center;\"><strong>Ksi\u0119gowo\u015b\u0107 Szk\u00f3\u0142<br \/>\n<\/strong>Inspektor Anna Gierula<\/td>\n<td style=\"width: 33.5786%; height: 46px; text-align: center;\">17 23 00 130<\/td>\n<td style=\"width: 33.0699%; height: 46px; text-align: center;\">gierula@gminadynow.pl<\/td>\n<\/tr>\n<tr style=\"height: 46px;\">\n<td style=\"width: 40.1639%; height: 46px; text-align: center;\"><strong>Kadry O\u015bwiaty<\/strong><br \/>\nInspektor El\u017cbieta Cymbalista<\/td>\n<td style=\"width: 33.5786%; height: 46px; text-align: center;\">17 23 00 122<\/td>\n<td style=\"width: 33.0699%; height: 46px; text-align: center;\">kadry@gminadynow.pl<\/td>\n<\/tr>\n<tr style=\"height: 46px;\">\n<td style=\"width: 40.1639%; height: 46px; text-align: center;\"><strong>P\u0142ace i ZUS<\/strong><br \/>\nInspektor Marta Chrobak<\/td>\n<td style=\"width: 33.5786%; height: 46px; text-align: center;\">17 23 00 122<\/td>\n<td style=\"width: 33.0699%; height: 46px; text-align: center;\">marta.chrobak@gminadynow.pl<\/td>\n<\/tr>\n<tr style=\"height: 48px;\">\n<td style=\"width: 40.1639%; text-align: center; height: 48px;\"><strong>Obs\u0142uga O\u015bwiata<br \/>\n<\/strong>Beata Hadam<\/td>\n<td style=\"width: 33.5786%; text-align: center; height: 48px;\">17 23 00 129<\/td>\n<td style=\"width: 33.0699%; text-align: center; height: 48px;\">beata.hadam@gminadynow.pl<\/td>\n<\/tr>\n<tr style=\"height: 134px;\">\n<td style=\"width: 106.812%; height: 65px; text-align: center;\" colspan=\"3\"><strong>Referat Inwestycji\u00a0 Infrastruktury Komunalnej, Promocji i Funduszy Pomocowych<\/strong><\/td>\n<\/tr>\n<tr style=\"height: 23px;\">\n<td style=\"width: 40.1639%; height: 23px; text-align: center;\"><strong>Kierownik Referatu<\/strong><br \/>\nAdam Kie\u0142basa<\/td>\n<td style=\"width: 33.5786%; height: 23px; text-align: center;\">17 23 00 125<\/td>\n<td style=\"width: 33.0699%; height: 23px; text-align: center;\">przetargi@gminadynow.pl<\/td>\n<\/tr>\n<tr style=\"height: 46px;\">\n<td style=\"width: 40.1639%; height: 40px; text-align: center;\"><strong>Ochrona \u015arodowiska<\/strong><br \/>\nInspektor Mariola Kaszycka<\/td>\n<td style=\"width: 33.5786%; height: 40px; text-align: center;\">17 23 00 123<\/td>\n<td style=\"width: 33.0699%; height: 40px; text-align: center;\">mariola.kaszycka@gminadynow.pl<\/td>\n<\/tr>\n<tr style=\"height: 96px;\">\n<td style=\"width: 40.1639%; text-align: center; height: 96px;\"><strong>Stanowisko ds. planowania przestrzennego i inwestycji<\/strong><\/p>\n<p>Inspektor Anna B\u0142o\u0144ska<strong><br \/>\n<\/strong><\/td>\n<td style=\"width: 33.5786%; text-align: center; height: 96px;\">17 23 00 123<\/td>\n<td style=\"width: 33.0699%; text-align: center; height: 96px;\">blonska@gminadynow.pl<\/td>\n<\/tr>\n<tr style=\"height: 46px;\">\n<td style=\"width: 40.1639%; height: 46px; text-align: center;\"><strong>Drogi<\/strong><br \/>\nInspektor Dawid Kocy\u0142o<\/td>\n<td style=\"width: 33.5786%; height: 46px; text-align: center;\">17 23 00 120<\/td>\n<td style=\"width: 33.0699%; height: 46px; text-align: center;\">dawid.kocylo@gminadynow.pl<\/td>\n<\/tr>\n<tr style=\"height: 46px;\">\n<td style=\"width: 40.1639%; height: 46px; text-align: center;\"><strong>Mienie Komunalne i Gospodarka Gruntami <\/strong><br \/>\nInspektor Piotr Potoczny<\/td>\n<td style=\"width: 33.5786%; height: 46px; text-align: center;\">17 23 00 120<\/td>\n<td style=\"width: 33.0699%; height: 46px; text-align: center;\">potoczny@gminadynow.pl<\/td>\n<\/tr>\n<tr style=\"height: 48px;\">\n<td style=\"width: 40.1639%; text-align: center; height: 48px;\"><strong>Fundusze i Promocja Gminy<br \/>\n<\/strong>Inspektor Katarzyna B\u0142o\u0144ska-Mnich<\/td>\n<td style=\"width: 33.5786%; text-align: center; height: 48px;\">17 23 00 125<\/td>\n<td style=\"width: 33.0699%; text-align: center; height: 48px;\">fundusze@gminadynow.pl<\/td>\n<\/tr>\n<tr style=\"height: 46px;\">\n<td style=\"width: 40.1639%; height: 46px; text-align: center;\"><strong>Remonty i Zam\u00f3wienia Publiczne<\/strong><br \/>\nInspektor Adam Kie\u0142basa<\/td>\n<td style=\"width: 33.5786%; height: 46px; text-align: center;\">17 23 00 125<\/td>\n<td style=\"width: 33.0699%; height: 46px; text-align: center;\">przetargi@gminadynow.pl<\/td>\n<\/tr>\n<tr style=\"height: 23px;\">\n<td style=\"width: 106.812%; height: 54px; text-align: center;\" colspan=\"3\"><span style=\"font-size: 20px;\"><strong>Gospodarka Komunalna<\/strong><\/span><\/td>\n<\/tr>\n<tr style=\"height: 46px;\">\n<td style=\"width: 40.1639%; height: 46px; text-align: center;\"><strong>Kierownik Dzia\u0142y Obs\u0142ugi Technicznej<\/strong><\/p>\n<p>Witold Bubenko<\/td>\n<td style=\"width: 33.5786%; height: 46px; text-align: center;\">17 23 00 128<\/td>\n<td style=\"width: 33.0699%; height: 46px; text-align: center;\">bubenko@gminadynow.pl<\/td>\n<\/tr>\n<tr style=\"height: 48px;\">\n<td style=\"width: 40.1639%; text-align: center; height: 48px;\"><strong>Obs\u0142uga Techniczna i Gospodarcza<br \/>\n<\/strong>Karolina Chromiak<strong><br \/>\n<\/strong><\/td>\n<td style=\"width: 33.5786%; text-align: center; height: 48px;\">17 23 00 128<\/td>\n<td style=\"width: 33.0699%; text-align: center; height: 48px;\">karolina.chromiak@gminadynow.pl<br \/>\nzgk@gminadynow.pl<\/td>\n<\/tr>\n<tr style=\"height: 23px;\">\n<td style=\"width: 106.812%; height: 54px; text-align: center;\" colspan=\"3\"><strong>Gminna Biblioteka Publiczna<\/strong><\/td>\n<\/tr>\n<tr style=\"height: 46px;\">\n<td style=\"width: 40.1639%; height: 46px; text-align: center;\"><strong>Dyrektor <\/strong><br \/>\nMariola Kaczor<\/td>\n<td style=\"width: 33.5786%; height: 46px; text-align: center;\">17 23 00 111<\/td>\n<td style=\"width: 33.0699%; height: 46px; text-align: center;\">gbp@gminadynow.pl<\/td>\n<\/tr>\n<\/tbody>\n<\/table>\n<\/div>\n","protected":false},"excerpt":{"rendered":"<p>Referaty i stanowiska Stanowisko\/ Imi\u0119 i nazwisko Nr telefonu e-mail W\u00f3jt Gminy Wojciech Piech 17 23 00 114 wojt@gminadynow.pl Sekretarz Zofia Kalawska 17 23 00 115 sekretarz@gminadynow.pl Skarbnik Wojciech Cymbalista 17 23 00 118 skarbnik@gminadynow.pl Referat Finansowy Kierownik Referatu- Skarbnik Gminy Wojciech Cymbalista 17 23 00 118 skarbnik@gminadynow.pl Ksi\u0119gowo\u015b\u0107 Bud\u017cetowa Inspektor Bo\u017cena Borkowska 17 23 [&hellip;]<\/p>\n","protected":false},"author":1,"featured_media":0,"parent":0,"menu_order":0,"comment_status":"closed","ping_status":"closed","template":"","meta":{"footnotes":""},"class_list":["post-239","page","type-page","status-publish","hentry"],"featured_image_urls_v2":{"full":"","thumbnail":"","medium":"","medium_large":"","large":"","1536x1536":"","2048x2048":""},"post_excerpt_stackable_v2":"<p>Referaty i stanowiska Stanowisko\/ Imi\u0119 i nazwisko Nr telefonu e-mail W\u00f3jt Gminy Wojciech Piech 17 23 00 114 wojt@gminadynow.pl Sekretarz Zofia Kalawska 17 23 00 115 sekretarz@gminadynow.pl Skarbnik Wojciech Cymbalista 17 23 00 118 skarbnik@gminadynow.pl Referat Finansowy Kierownik Referatu- Skarbnik Gminy Wojciech Cymbalista 17 23 00 118 skarbnik@gminadynow.pl Ksi\u0119gowo\u015b\u0107 Bud\u017cetowa Inspektor Bo\u017cena Borkowska 17 23 00 119 borkowska@gminadynow.pl Ksi\u0119gowo\u015b\u0107 Bud\u017cetowa Inspektor Agnieszka Dudek 17 23 00 119 dudek@gminadynow.pl Ksi\u0119gowo\u015b\u0107 Bud\u017cetowa Inspektor Danuta Wandas 17 23 00 119 wandas@gminadynow.pl P\u0142ace Inspektor Beata Po\u0144czocha 17 23 00 117 beata.dudek@gminadynow.pl Obs\u0142uga Kasowa Inspektor Joanna Lichota 17 23 00 133 kasa@gminadynow.pl Podatki i Op\u0142aty&hellip;<\/p>\n","category_list_v2":"","author_info_v2":{"name":"admin","url":"https:\/\/gminadynow.pl\/index.php\/author\/admin\/"},"comments_num_v2":"0 comments","rttpg_featured_image_url":null,"rttpg_author":{"display_name":"admin","author_link":"https:\/\/gminadynow.pl\/index.php\/author\/admin\/"},"rttpg_comment":0,"rttpg_category":null,"rttpg_excerpt":"Referaty i stanowiska Stanowisko\/ Imi\u0119 i nazwisko Nr telefonu e-mail W\u00f3jt Gminy Wojciech Piech 17 23 00 114 wojt@gminadynow.pl Sekretarz Zofia Kalawska 17 23 00 115 sekretarz@gminadynow.pl Skarbnik Wojciech Cymbalista 17 23 00 118 skarbnik@gminadynow.pl Referat Finansowy Kierownik Referatu- Skarbnik Gminy Wojciech Cymbalista 17 23 00 118 skarbnik@gminadynow.pl Ksi\u0119gowo\u015b\u0107 Bud\u017cetowa Inspektor Bo\u017cena Borkowska 17 23&hellip;","_links":{"self":[{"href":"https:\/\/gminadynow.pl\/index.php\/wp-json\/wp\/v2\/pages\/239","targetHints":{"allow":["GET"]}}],"collection":[{"href":"https:\/\/gminadynow.pl\/index.php\/wp-json\/wp\/v2\/pages"}],"about":[{"href":"https:\/\/gminadynow.pl\/index.php\/wp-json\/wp\/v2\/types\/page"}],"author":[{"embeddable":true,"href":"https:\/\/gminadynow.pl\/index.php\/wp-json\/wp\/v2\/users\/1"}],"replies":[{"embeddable":true,"href":"https:\/\/gminadynow.pl\/index.php\/wp-json\/wp\/v2\/comments?post=239"}],"version-history":[{"count":44,"href":"https:\/\/gminadynow.pl\/index.php\/wp-json\/wp\/v2\/pages\/239\/revisions"}],"predecessor-version":[{"id":7970,"href":"https:\/\/gminadynow.pl\/index.php\/wp-json\/wp\/v2\/pages\/239\/revisions\/7970"}],"wp:attachment":[{"href":"https:\/\/gminadynow.pl\/index.php\/wp-json\/wp\/v2\/media?parent=239"}],"curies":[{"name":"wp","href":"https:\/\/api.w.org\/{rel}","templated":true}]}}