
{"id":237,"date":"2020-10-20T14:57:22","date_gmt":"2020-10-20T12:57:22","guid":{"rendered":"http:\/\/gminadynow.pl\/?page_id=237"},"modified":"2026-02-24T12:52:23","modified_gmt":"2026-02-24T11:52:23","slug":"urzad-gminy-dynow","status":"publish","type":"page","link":"https:\/\/gminadynow.pl\/index.php\/urzad-gminy-dynow\/","title":{"rendered":"Urz\u0105d Gminy Dyn\u00f3w"},"content":{"rendered":"\n<div class=\"wp-block-columns is-layout-flex wp-container-core-columns-is-layout-1 wp-block-columns-is-layout-flex\">\n<div class=\"wp-block-column is-layout-flow wp-block-column-is-layout-flow\">\n<p><strong><u>Urz\u0105d Gminy Dyn\u00f3w&nbsp;<\/u><\/strong><\/p>\n\n\n\n<p>ul. Ks. J\u00f3zefa O\u017coga 2, 36-065 Dyn\u00f3w<br>tel.:17 230 01 14<br>e-mail: urzad@gminadynow.pl<br>ESP <strong>(\/5qkr5ty79m\/skrytka)<\/strong><br>AE:PL-87613-31828-EJVTH-22<\/p>\n\n\n\n<p><strong>NIP<\/strong> Urz\u0119du Gminy Dyn\u00f3w 7951565372<br><strong>REGON<\/strong> Urz\u0119du Gminy Dyn\u00f3w 650011470<\/p>\n\n\n\n<p>Nr rachunku Urz\u0119du w BS Dyn\u00f3w:<br><strong>21 9093 0007 2001 0000 2365 0030<\/strong><\/p>\n\n\n\n<p><strong><u>Gmina Dyn\u00f3w&nbsp;<\/u><\/strong><\/p>\n\n\n\n<p>ul. Ks. J\u00f3zefa O\u017coga 2, 36-065 Dyn\u00f3w<\/p>\n\n\n\n<p><strong>NIP<\/strong> Gminy Dyn\u00f3w <strong>8133303318<\/strong><strong><br>REGON<\/strong> Gminy Dyn\u00f3w <strong>650900275<\/strong><br><strong>Nr Statystyczny<\/strong> Gminy <strong>1816052<\/strong><\/p>\n\n\n\n<p><strong>Godziny pracy urz\u0119du:<\/strong><\/p>\n\n\n\n<p>od poniedzia\u0142ku- pi\u0105tek &nbsp;&#8211; 7.00- 15.00<\/p>\n\n\n\n<p><strong><br>Kasa Urz\u0119du Gminy jest czynna:<\/strong><\/p>\n\n\n\n<p>od poniedzia\u0142ku do pi\u0105tku w godzinach 8:00-12:00<\/p>\n\n\n\n<p><strong>&nbsp;&nbsp; Dane do faktur VAT: &nbsp;<\/strong><\/p>\n\n\n\n<p>Nabywca:<br>Gmina Dyn\u00f3w<br>ul. Ks. J. O\u017coga 2<br>36-065 Dyn\u00f3w<br>NIP: <strong>8133303318<\/strong><\/p>\n\n\n\n<p>Odbiorca\/P\u0142atnik<br>Urz\u0105d Gminy w Dynowie<br>ul. Ks. J. O\u017coga 2<br>36-065 Dyn\u00f3w<br>NIP: <strong>7951565372<\/strong><\/p>\n<\/div>\n\n\n\n<div class=\"wp-block-column is-layout-flow wp-block-column-is-layout-flow\">\n<div class=\"wp-block-image is-style-default\"><figure class=\"aligncenter size-large is-resized\"><img decoding=\"async\" src=\"http:\/\/gminadynow.pl\/wp-content\/uploads\/2021\/01\/120293260.jpg\" alt=\"\" class=\"wp-image-1161\" width=\"275\" height=\"NaN\" srcset=\"https:\/\/gminadynow.pl\/wp-content\/uploads\/2021\/01\/120293260.jpg 1024w, https:\/\/gminadynow.pl\/wp-content\/uploads\/2021\/01\/120293260-300x169.jpg 300w, https:\/\/gminadynow.pl\/wp-content\/uploads\/2021\/01\/120293260-768x432.jpg 768w\" sizes=\"(max-width: 1024px) 100vw, 1024px\" \/><\/figure><\/div>\n\n\n\n<figure class=\"wp-block-image size-large is-resized\"><img fetchpriority=\"high\" decoding=\"async\" width=\"1024\" height=\"632\" src=\"http:\/\/gminadynow.pl\/wp-content\/uploads\/2021\/01\/130087863.jpg\" alt=\"\" class=\"wp-image-1163\" style=\"width:275px\" srcset=\"https:\/\/gminadynow.pl\/wp-content\/uploads\/2021\/01\/130087863.jpg 1024w, https:\/\/gminadynow.pl\/wp-content\/uploads\/2021\/01\/130087863-300x185.jpg 300w, https:\/\/gminadynow.pl\/wp-content\/uploads\/2021\/01\/130087863-768x474.jpg 768w\" sizes=\"(max-width: 1024px) 100vw, 1024px\" \/><\/figure>\n<\/div>\n<\/div>\n\n\n\n<p><\/p>\n","protected":false},"excerpt":{"rendered":"<p>Urz\u0105d Gminy Dyn\u00f3w&nbsp; ul. Ks. J\u00f3zefa O\u017coga 2, 36-065 Dyn\u00f3wtel.:17 230 01 14e-mail: urzad@gminadynow.plESP (\/5qkr5ty79m\/skrytka)AE:PL-87613-31828-EJVTH-22 NIP Urz\u0119du Gminy Dyn\u00f3w 7951565372REGON Urz\u0119du Gminy Dyn\u00f3w 650011470 Nr rachunku Urz\u0119du w BS Dyn\u00f3w:21 9093 0007 2001 0000 2365 0030 Gmina Dyn\u00f3w&nbsp; ul. Ks. J\u00f3zefa O\u017coga 2, 36-065 Dyn\u00f3w NIP Gminy Dyn\u00f3w 8133303318REGON Gminy Dyn\u00f3w 650900275Nr Statystyczny Gminy 1816052 [&hellip;]<\/p>\n","protected":false},"author":2,"featured_media":0,"parent":0,"menu_order":0,"comment_status":"closed","ping_status":"closed","template":"","meta":{"footnotes":""},"class_list":["post-237","page","type-page","status-publish","hentry"],"featured_image_urls_v2":{"full":"","thumbnail":"","medium":"","medium_large":"","large":"","1536x1536":"","2048x2048":""},"post_excerpt_stackable_v2":"<p>Urz\u0105d Gminy Dyn\u00f3w&nbsp; ul. Ks. J\u00f3zefa O\u017coga 2, 36-065 Dyn\u00f3wtel.:17 230 01 14e-mail: urzad@gminadynow.plESP (\/5qkr5ty79m\/skrytka)AE:PL-87613-31828-EJVTH-22 NIP Urz\u0119du Gminy Dyn\u00f3w 7951565372REGON Urz\u0119du Gminy Dyn\u00f3w 650011470 Nr rachunku Urz\u0119du w BS Dyn\u00f3w:21 9093 0007 2001 0000 2365 0030 Gmina Dyn\u00f3w&nbsp; ul. Ks. J\u00f3zefa O\u017coga 2, 36-065 Dyn\u00f3w NIP Gminy Dyn\u00f3w 8133303318REGON Gminy Dyn\u00f3w 650900275Nr Statystyczny Gminy 1816052 Godziny pracy urz\u0119du: od poniedzia\u0142ku- pi\u0105tek &nbsp;&#8211; 7.00- 15.00 Kasa Urz\u0119du Gminy jest czynna: od poniedzia\u0142ku do pi\u0105tku w godzinach 8:00-12:00 &nbsp;&nbsp; Dane do faktur VAT: &nbsp; Nabywca:Gmina Dyn\u00f3wul. Ks. J. O\u017coga 236-065 Dyn\u00f3wNIP: 8133303318 Odbiorca\/P\u0142atnikUrz\u0105d Gminy w Dynowieul. Ks. J. O\u017coga 236-065 Dyn\u00f3wNIP: 7951565372<\/p>\n","category_list_v2":"","author_info_v2":{"name":"Zofia Kalawska","url":"https:\/\/gminadynow.pl\/index.php\/author\/zofiakalawska\/"},"comments_num_v2":"0 comments","rttpg_featured_image_url":null,"rttpg_author":{"display_name":"Zofia Kalawska","author_link":"https:\/\/gminadynow.pl\/index.php\/author\/zofiakalawska\/"},"rttpg_comment":0,"rttpg_category":null,"rttpg_excerpt":"Urz\u0105d Gminy Dyn\u00f3w&nbsp; ul. Ks. J\u00f3zefa O\u017coga 2, 36-065 Dyn\u00f3wtel.:17 230 01 14e-mail: urzad@gminadynow.plESP (\/5qkr5ty79m\/skrytka)AE:PL-87613-31828-EJVTH-22 NIP Urz\u0119du Gminy Dyn\u00f3w 7951565372REGON Urz\u0119du Gminy Dyn\u00f3w 650011470 Nr rachunku Urz\u0119du w BS Dyn\u00f3w:21 9093 0007 2001 0000 2365 0030 Gmina Dyn\u00f3w&nbsp; ul. Ks. J\u00f3zefa O\u017coga 2, 36-065 Dyn\u00f3w NIP Gminy Dyn\u00f3w 8133303318REGON Gminy Dyn\u00f3w 650900275Nr Statystyczny Gminy 1816052&hellip;","_links":{"self":[{"href":"https:\/\/gminadynow.pl\/index.php\/wp-json\/wp\/v2\/pages\/237","targetHints":{"allow":["GET"]}}],"collection":[{"href":"https:\/\/gminadynow.pl\/index.php\/wp-json\/wp\/v2\/pages"}],"about":[{"href":"https:\/\/gminadynow.pl\/index.php\/wp-json\/wp\/v2\/types\/page"}],"author":[{"embeddable":true,"href":"https:\/\/gminadynow.pl\/index.php\/wp-json\/wp\/v2\/users\/2"}],"replies":[{"embeddable":true,"href":"https:\/\/gminadynow.pl\/index.php\/wp-json\/wp\/v2\/comments?post=237"}],"version-history":[{"count":16,"href":"https:\/\/gminadynow.pl\/index.php\/wp-json\/wp\/v2\/pages\/237\/revisions"}],"predecessor-version":[{"id":7869,"href":"https:\/\/gminadynow.pl\/index.php\/wp-json\/wp\/v2\/pages\/237\/revisions\/7869"}],"wp:attachment":[{"href":"https:\/\/gminadynow.pl\/index.php\/wp-json\/wp\/v2\/media?parent=237"}],"curies":[{"name":"wp","href":"https:\/\/api.w.org\/{rel}","templated":true}]}}