
{"id":215,"date":"2020-10-20T14:37:55","date_gmt":"2020-10-20T12:37:55","guid":{"rendered":"http:\/\/gminadynow.pl\/?page_id=215"},"modified":"2020-11-08T21:05:31","modified_gmt":"2020-11-08T20:05:31","slug":"demografia","status":"publish","type":"page","link":"https:\/\/gminadynow.pl\/index.php\/demografia\/","title":{"rendered":"Demografia"},"content":{"rendered":"<p><strong>LICZBA\u00a0\u00a0 MIESZKA\u0143C\u00d3W\u00a0\u00a0\u00a0 ZAMELDOWANYCH\u00a0\u00a0\u00a0 NA\u00a0\u00a0 POBYT\u00a0 STA\u0141Y I\u00a0CZASOWY<br \/>\nW\u00a0\u00a0POSZCZEG\u00d3LNYCH\u00a0\u00a0 SO\u0141ECTWACH\u00a0 GMINY\u00a0 DYN\u00d3W WED\u0141UG\u00a0\u00a0\u00a0 STANU\u00a0\u00a0\u00a0NA\u00a0\u00a0 DZIE\u0143 31.12.2019r. <\/strong><\/p>\n<p>&nbsp;<\/p>\n<table>\n<tbody>\n<tr>\n<td rowspan=\"2\">LP<\/td>\n<td rowspan=\"2\">Nazwa\u00a0\u00a0 miejscowo\u015bci<\/td>\n<td colspan=\"2\">Liczba\u00a0 mieszka\u0144c\u00f3w<\/p>\n<p>(pobyt \u00a0 sta\u0142y)<\/p>\n<p>&nbsp;<\/td>\n<td colspan=\"2\">Liczba\u00a0 mieszka\u0144c\u00f3w<\/p>\n<p>(pobyt \u00a0 czasowy)<\/p>\n<p>&nbsp;<\/td>\n<td colspan=\"2\">Liczba\u00a0 mieszka\u0144c\u00f3w<\/p>\n<p>og\u00f3\u0142em<\/td>\n<\/tr>\n<tr>\n<td width=\"64\">kobiety<\/td>\n<td width=\"76\">m\u0119\u017cczy\u017ani<\/td>\n<td width=\"69\">kobiety<\/td>\n<td width=\"71\">m\u0119\u017cczy\u017ani<\/td>\n<td width=\"68\">kobiety<\/td>\n<td width=\"72\">m\u0119\u017cczy\u017ani<\/td>\n<\/tr>\n<tr>\n<td>1<\/td>\n<td>Bach\u00f3rz<\/td>\n<td width=\"64\">565<\/td>\n<td width=\"76\">580<\/td>\n<td width=\"69\">7<\/td>\n<td width=\"71\">4<\/td>\n<td width=\"68\">572<\/td>\n<td width=\"72\">584<\/td>\n<\/tr>\n<tr>\n<td>2<\/td>\n<td>D\u0105br\u00f3wka Starze\u0144ska<\/td>\n<td width=\"64\">227<\/td>\n<td width=\"76\">221<\/td>\n<td width=\"69\">4<\/td>\n<td width=\"71\">3<\/td>\n<td width=\"68\">231<\/td>\n<td width=\"72\">224<\/td>\n<\/tr>\n<tr>\n<td>3<\/td>\n<td>Dyl\u0105gowa<\/td>\n<td width=\"64\">272<\/td>\n<td width=\"76\">289<\/td>\n<td width=\"69\">3<\/td>\n<td width=\"71\">3<\/td>\n<td width=\"68\">275<\/td>\n<td width=\"72\">292<\/td>\n<\/tr>\n<tr>\n<td>4<\/td>\n<td>Harta<\/td>\n<td width=\"64\">1022<\/td>\n<td width=\"76\">1060<\/td>\n<td width=\"69\">6<\/td>\n<td width=\"71\">7<\/td>\n<td width=\"68\">1028<\/td>\n<td width=\"72\">1067<\/td>\n<\/tr>\n<tr>\n<td>5<\/td>\n<td>Lask\u00f3wka<\/td>\n<td width=\"64\">180<\/td>\n<td width=\"76\">201<\/td>\n<td width=\"69\">4<\/td>\n<td width=\"71\">4<\/td>\n<td width=\"68\">184<\/td>\n<td width=\"72\">205<\/td>\n<\/tr>\n<tr>\n<td>6<\/td>\n<td>\u0141ubno<\/td>\n<td width=\"64\">596<\/td>\n<td width=\"76\">648<\/td>\n<td width=\"69\">1<\/td>\n<td width=\"71\">12<\/td>\n<td width=\"68\">597<\/td>\n<td width=\"72\">660<\/td>\n<\/tr>\n<tr>\n<td>7<\/td>\n<td>Paw\u0142okoma<\/td>\n<td width=\"64\">261<\/td>\n<td width=\"76\">271<\/td>\n<td width=\"69\">4<\/td>\n<td width=\"71\">3<\/td>\n<td width=\"68\">265<\/td>\n<td width=\"72\">274<\/td>\n<\/tr>\n<tr>\n<td>8<\/td>\n<td>Ulanica<\/td>\n<td width=\"64\">212<\/td>\n<td width=\"76\">190<\/td>\n<td width=\"69\">3<\/td>\n<td width=\"71\">1<\/td>\n<td width=\"68\">215<\/td>\n<td width=\"72\">191<\/td>\n<\/tr>\n<tr>\n<td>9<\/td>\n<td>Wyr\u0119by<\/td>\n<td width=\"64\">104<\/td>\n<td width=\"76\">101<\/td>\n<td width=\"69\">0<\/td>\n<td width=\"71\">0<\/td>\n<td width=\"68\">104<\/td>\n<td width=\"72\">101<\/td>\n<\/tr>\n<tr>\n<td>&nbsp;<\/td>\n<td>OG\u00d3\u0141EM<\/td>\n<td width=\"64\">3439<\/td>\n<td width=\"76\">3561<\/td>\n<td width=\"69\">32<\/td>\n<td width=\"71\">37<\/td>\n<td width=\"68\">3471<\/td>\n<td width=\"72\">3598<\/td>\n<\/tr>\n<\/tbody>\n<\/table>\n<p>&nbsp;<\/p>\n<p><strong>STATYSTYKA URODZE\u0143\u00a0I\u00a0ZGON\u00d3W W\u00a0POSZCZEG\u00d3LNYCH SO\u0141ECTWACH<br \/>\nGMINY\u00a0DYN\u00d3W\u00a0WED\u0141UG STANU NA DZIE\u0143 31.12.2019 r.<\/strong><\/p>\n<table width=\"90%\">\n<tbody>\n<tr>\n<td width=\"46\"><strong><em>L.p.<\/em><\/strong><\/td>\n<td width=\"177\"><strong>Nazwa\u00a0\u00a0 miejscowo\u015bci<\/strong><\/td>\n<td width=\"108\"><strong>Liczba urodze\u0144<\/strong><\/td>\n<td width=\"109\"><strong>Liczba\u00a0 zgon\u00f3w<\/strong><\/td>\n<td width=\"129\"><strong>Liczba mieszka\u0144c\u00f3w<\/strong><\/td>\n<\/tr>\n<tr>\n<td width=\"46\">1.<\/td>\n<td width=\"177\">Bach\u00f3rz<\/td>\n<td width=\"108\">8<\/td>\n<td width=\"109\">8<\/td>\n<td width=\"129\">1145<\/td>\n<\/tr>\n<tr>\n<td width=\"46\">2.<\/td>\n<td width=\"177\">D\u0105br\u00f3wka Starze\u0144ska<\/td>\n<td width=\"108\">4<\/td>\n<td width=\"109\">3<\/td>\n<td width=\"129\">448<\/td>\n<\/tr>\n<tr>\n<td width=\"46\">3.<\/td>\n<td width=\"177\">Dyl\u0105gowa<\/td>\n<td width=\"108\">6<\/td>\n<td width=\"109\">8<\/td>\n<td width=\"129\">561<\/td>\n<\/tr>\n<tr>\n<td width=\"46\">4.<\/td>\n<td width=\"177\">Harta<\/td>\n<td width=\"108\">19<\/td>\n<td width=\"109\">26<\/td>\n<td width=\"129\">2082<\/td>\n<\/tr>\n<tr>\n<td width=\"46\">5.<\/td>\n<td width=\"177\">Lask\u00f3wka<\/td>\n<td width=\"108\">4<\/td>\n<td width=\"109\">4<\/td>\n<td width=\"129\">381<\/td>\n<\/tr>\n<tr>\n<td width=\"46\">6.<\/td>\n<td width=\"177\">\u0141ubno<\/td>\n<td width=\"108\">5<\/td>\n<td width=\"109\">17<\/td>\n<td width=\"129\">1244<\/td>\n<\/tr>\n<tr>\n<td width=\"46\">7.<\/td>\n<td width=\"177\">Paw\u0142okoma<\/td>\n<td width=\"108\">7<\/td>\n<td width=\"109\">4<\/td>\n<td width=\"129\">532<\/td>\n<\/tr>\n<tr>\n<td width=\"46\">8.<\/td>\n<td width=\"177\">Ulanica<\/td>\n<td width=\"108\">6<\/td>\n<td width=\"109\">8<\/td>\n<td width=\"129\">402<\/td>\n<\/tr>\n<tr>\n<td width=\"46\">9.<\/td>\n<td width=\"177\">Wyr\u0119by<\/td>\n<td width=\"108\">1<\/td>\n<td width=\"109\">1<\/td>\n<td width=\"129\">205<\/td>\n<\/tr>\n<tr>\n<td width=\"46\">&nbsp;<\/td>\n<td width=\"177\">OG\u00d3\u0141EM<\/td>\n<td width=\"108\">60<\/td>\n<td width=\"109\">79<\/td>\n<td width=\"129\">7000<\/td>\n<\/tr>\n<\/tbody>\n<\/table>\n<p>&nbsp;<\/p>\n<p>&nbsp;<\/p>\n<p><strong>STRUKTURA\u00a0\u00a0 LUDNO\u015aCI\u00a0\u00a0 GMINY\u00a0\u00a0 DYN\u00d3W\u00a0\u00a0 WED\u0141UG\u00a0\u00a0\u00a0 P\u0141CI\u00a0\u00a0 I\u00a0\u00a0 WIEKU\u00a0\u00a0 &#8211;\u00a0 STAN\u00a0\u00a0 NA\u00a0\u00a0 31.12.2019 r.<\/strong><\/p>\n<table width=\"100%\">\n<tbody>\n<tr>\n<td width=\"35\">&nbsp;<\/p>\n<p>L.p.<\/td>\n<td width=\"201\"><strong>\u00a0\u00a0\u00a0\u00a0\u00a0\u00a0\u00a0\u00a0\u00a0\u00a0\u00a0\u00a0\u00a0\u00a0\u00a0\u00a0\u00a0\u00a0\u00a0\u00a0\u00a0\u00a0\u00a0\u00a0\u00a0\u00a0\u00a0\u00a0\u00a0\u00a0\u00a0\u00a0\u00a0\u00a0\u00a0 \u00a0\u00a0 P\u0142e\u0107<\/strong><\/p>\n<p><strong>\u00a0Wiek<\/strong><\/td>\n<td width=\"124\"><strong>\u00a0\u00a0\u00a0\u00a0\u00a0\u00a0 M\u0119\u017cczy\u017ani<\/strong><\/td>\n<td width=\"134\"><strong>\u00a0\u00a0\u00a0\u00a0\u00a0\u00a0\u00a0\u00a0\u00a0\u00a0 Kobiety<\/strong><\/td>\n<td width=\"110\"><strong>\u00a0\u00a0\u00a0\u00a0\u00a0\u00a0\u00a0 Razem<\/strong><\/td>\n<\/tr>\n<tr>\n<td width=\"35\">1.<\/td>\n<td width=\"201\">Przedprodukcyjny<\/p>\n<p>(0-18)<\/td>\n<td width=\"124\">733<\/td>\n<td width=\"134\">628<\/td>\n<td width=\"110\">1361<\/td>\n<\/tr>\n<tr>\n<td width=\"35\">2.<\/td>\n<td width=\"201\">Produkcyjny<\/p>\n<p>(18-64)m\u0119\u017cczy\u017ani<\/p>\n<p>(18-59)kobiety<\/td>\n<td width=\"124\">2345<\/td>\n<td width=\"134\">1889<\/td>\n<td width=\"110\">4234<\/td>\n<\/tr>\n<tr>\n<td width=\"35\">3.<\/td>\n<td width=\"201\">Poprodukcyjny<\/p>\n<p>(65 i wi\u0119cej)m\u0119\u017cczy\u017ani<\/p>\n<p>(60 i wi\u0119cej )kobiety<\/td>\n<td width=\"124\">484<\/td>\n<td width=\"134\">921<\/td>\n<td width=\"110\">1405<\/td>\n<\/tr>\n<tr>\n<td colspan=\"2\" width=\"236\"><strong>OG\u00d3\u0141EM<\/strong><\/td>\n<td width=\"124\">3562<\/td>\n<td width=\"134\">3438<\/td>\n<td width=\"110\">7000<\/td>\n<\/tr>\n<\/tbody>\n<\/table>\n<p>&nbsp;<\/p>\n<p>&nbsp;<\/p>\n<p>&nbsp;<\/p>\n<p><strong><em>\u00a0<\/em>LICZBA MIESZKA\u0143C\u00d3W \u00a0NA PRZESTRZENI LAT 2012-2019<\/strong><\/p>\n<table width=\"100%\">\n<tbody>\n<tr>\n<td width=\"37\">\u00a0<strong>L.p.<\/strong><\/td>\n<td width=\"123\"><strong>Nazwa miejscowo\u015bci<\/strong><\/td>\n<td width=\"47\"><strong>2012<\/strong><\/td>\n<td width=\"47\"><strong>2013<\/strong><\/td>\n<td width=\"42\"><strong>2014<\/strong><\/td>\n<td width=\"43\"><strong>2015<\/strong><\/td>\n<td width=\"47\"><strong>2016 <\/strong><\/td>\n<td width=\"47\"><strong>2017<\/strong><\/td>\n<td width=\"46\"><strong>2018<\/strong><\/td>\n<td width=\"44\"><strong>2019<\/strong><\/td>\n<td width=\"79\"><strong>\u00a02020<\/strong><\/p>\n<p><strong>na 30.06.2020<\/strong><\/td>\n<\/tr>\n<tr>\n<td width=\"37\">1<\/td>\n<td width=\"123\">Bach\u00f3rz<\/td>\n<td width=\"47\">1172<\/td>\n<td width=\"47\">1161<\/td>\n<td width=\"42\">1159<\/td>\n<td width=\"43\">1156<\/td>\n<td width=\"47\">1158<\/td>\n<td width=\"47\">1152<\/td>\n<td width=\"46\">1151<\/td>\n<td width=\"44\">1145<\/td>\n<td width=\"79\">1141<\/td>\n<\/tr>\n<tr>\n<td width=\"37\">2<\/td>\n<td width=\"123\">D\u0105br\u00f3wka Starze\u0144ska<\/td>\n<td width=\"47\">455<\/td>\n<td width=\"47\">450<\/td>\n<td width=\"42\">455<\/td>\n<td width=\"43\">457<\/td>\n<td width=\"47\">442<\/td>\n<td width=\"47\">436<\/td>\n<td width=\"46\">447<\/td>\n<td width=\"44\">448<\/td>\n<td width=\"79\">445<\/td>\n<\/tr>\n<tr>\n<td width=\"37\">3<\/td>\n<td width=\"123\">Dyl\u0105gowa<\/td>\n<td width=\"47\">615<\/td>\n<td width=\"47\">608<\/td>\n<td width=\"42\">599<\/td>\n<td width=\"43\">598<\/td>\n<td width=\"47\">585<\/td>\n<td width=\"47\">573<\/td>\n<td width=\"46\">566<\/td>\n<td width=\"44\">561<\/td>\n<td width=\"79\">557<\/td>\n<\/tr>\n<tr>\n<td width=\"37\">4<\/td>\n<td width=\"123\">Harta<\/td>\n<td width=\"47\">2112<\/td>\n<td width=\"47\">2110<\/td>\n<td width=\"42\">2103<\/td>\n<td width=\"43\">2100<\/td>\n<td width=\"47\">2104<\/td>\n<td width=\"47\">2107<\/td>\n<td width=\"46\">2082<\/td>\n<td width=\"44\">2082<\/td>\n<td width=\"79\">2069<\/td>\n<\/tr>\n<tr>\n<td width=\"37\">5<\/td>\n<td width=\"123\">Lask\u00f3wka<\/td>\n<td width=\"47\">429<\/td>\n<td width=\"47\">425<\/td>\n<td width=\"42\">416<\/td>\n<td width=\"43\">404<\/td>\n<td width=\"47\">404<\/td>\n<td width=\"47\">398<\/td>\n<td width=\"46\">393<\/td>\n<td width=\"44\">381<\/td>\n<td width=\"79\">376<\/td>\n<\/tr>\n<tr>\n<td width=\"37\">6<\/td>\n<td width=\"123\">\u0141ubno<\/td>\n<td width=\"47\">1270<\/td>\n<td width=\"47\">1277<\/td>\n<td width=\"42\">1273<\/td>\n<td width=\"43\">1262<\/td>\n<td width=\"47\">1249<\/td>\n<td width=\"47\">1253<\/td>\n<td width=\"46\">1269<\/td>\n<td width=\"44\">1244<\/td>\n<td width=\"79\">1235<\/td>\n<\/tr>\n<tr>\n<td width=\"37\">7<\/td>\n<td width=\"123\">Paw\u0142okoma<\/td>\n<td width=\"47\">529<\/td>\n<td width=\"47\">536<\/td>\n<td width=\"42\">539<\/td>\n<td width=\"43\">537<\/td>\n<td width=\"47\">535<\/td>\n<td width=\"47\">535<\/td>\n<td width=\"46\">538<\/td>\n<td width=\"44\">532<\/td>\n<td width=\"79\">530<\/td>\n<\/tr>\n<tr>\n<td width=\"37\">8<\/td>\n<td width=\"123\">Ulanica<\/td>\n<td width=\"47\">423<\/td>\n<td width=\"47\">421<\/td>\n<td width=\"42\">420<\/td>\n<td width=\"43\">413<\/td>\n<td width=\"47\">413<\/td>\n<td width=\"47\">410<\/td>\n<td width=\"46\">413<\/td>\n<td width=\"44\">402<\/td>\n<td width=\"79\">396<\/td>\n<\/tr>\n<tr>\n<td width=\"37\">9<\/td>\n<td width=\"123\">Wyr\u0119by<\/td>\n<td width=\"47\">198<\/td>\n<td width=\"47\">195<\/td>\n<td width=\"42\">195<\/td>\n<td width=\"43\">202<\/td>\n<td width=\"47\">204<\/td>\n<td width=\"47\">207<\/td>\n<td width=\"46\">208<\/td>\n<td width=\"44\">205<\/td>\n<td width=\"79\">206<\/td>\n<\/tr>\n<tr>\n<td colspan=\"2\" width=\"160\">Liczba mieszka\u0144c\u00f3w og\u00f3\u0142em<\/td>\n<td width=\"47\">7203<\/td>\n<td width=\"47\">7183<\/td>\n<td width=\"42\">7159<\/td>\n<td width=\"43\">7129<\/td>\n<td width=\"47\">7094<\/td>\n<td width=\"47\">7071<\/td>\n<td width=\"46\">7067<\/td>\n<td width=\"44\">7000<\/td>\n<td width=\"79\">6955<\/td>\n<\/tr>\n<\/tbody>\n<\/table>\n<p>&nbsp;<\/p>\n","protected":false},"excerpt":{"rendered":"<p>LICZBA\u00a0\u00a0 MIESZKA\u0143C\u00d3W\u00a0\u00a0\u00a0 ZAMELDOWANYCH\u00a0\u00a0\u00a0 NA\u00a0\u00a0 POBYT\u00a0 STA\u0141Y I\u00a0CZASOWY W\u00a0\u00a0POSZCZEG\u00d3LNYCH\u00a0\u00a0 SO\u0141ECTWACH\u00a0 GMINY\u00a0 DYN\u00d3W WED\u0141UG\u00a0\u00a0\u00a0 STANU\u00a0\u00a0\u00a0NA\u00a0\u00a0 DZIE\u0143 31.12.2019r. &nbsp; LP Nazwa\u00a0\u00a0 miejscowo\u015bci Liczba\u00a0 mieszka\u0144c\u00f3w (pobyt \u00a0 sta\u0142y) &nbsp; Liczba\u00a0 mieszka\u0144c\u00f3w (pobyt \u00a0 czasowy) &nbsp; Liczba\u00a0 mieszka\u0144c\u00f3w og\u00f3\u0142em kobiety m\u0119\u017cczy\u017ani kobiety m\u0119\u017cczy\u017ani kobiety m\u0119\u017cczy\u017ani 1 Bach\u00f3rz 565 580 7 4 572 584 2 D\u0105br\u00f3wka Starze\u0144ska 227 221 4 3 [&hellip;]<\/p>\n","protected":false},"author":1,"featured_media":0,"parent":0,"menu_order":0,"comment_status":"closed","ping_status":"closed","template":"","meta":{"footnotes":""},"class_list":["post-215","page","type-page","status-publish","hentry"],"featured_image_urls_v2":{"full":"","thumbnail":"","medium":"","medium_large":"","large":"","1536x1536":"","2048x2048":""},"post_excerpt_stackable_v2":"<p>LICZBA\u00a0\u00a0 MIESZKA\u0143C\u00d3W\u00a0\u00a0\u00a0 ZAMELDOWANYCH\u00a0\u00a0\u00a0 NA\u00a0\u00a0 POBYT\u00a0 STA\u0141Y I\u00a0CZASOWY W\u00a0\u00a0POSZCZEG\u00d3LNYCH\u00a0\u00a0 SO\u0141ECTWACH\u00a0 GMINY\u00a0 DYN\u00d3W WED\u0141UG\u00a0\u00a0\u00a0 STANU\u00a0\u00a0\u00a0NA\u00a0\u00a0 DZIE\u0143 31.12.2019r. &nbsp; LP Nazwa\u00a0\u00a0 miejscowo\u015bci Liczba\u00a0 mieszka\u0144c\u00f3w (pobyt \u00a0 sta\u0142y) &nbsp; Liczba\u00a0 mieszka\u0144c\u00f3w (pobyt \u00a0 czasowy) &nbsp; Liczba\u00a0 mieszka\u0144c\u00f3w og\u00f3\u0142em kobiety m\u0119\u017cczy\u017ani kobiety m\u0119\u017cczy\u017ani kobiety m\u0119\u017cczy\u017ani 1 Bach\u00f3rz 565 580 7 4 572 584 2 D\u0105br\u00f3wka Starze\u0144ska 227 221 4 3 231 224 3 Dyl\u0105gowa 272 289 3 3 275 292 4 Harta 1022 1060 6 7 1028 1067 5 Lask\u00f3wka 180 201 4 4 184 205 6 \u0141ubno 596 648 1 12 597 660 7 Paw\u0142okoma 261 271 4 3 265 274 8 Ulanica 212&hellip;<\/p>\n","category_list_v2":"","author_info_v2":{"name":"admin","url":"https:\/\/gminadynow.pl\/index.php\/author\/admin\/"},"comments_num_v2":"0 comments","rttpg_featured_image_url":null,"rttpg_author":{"display_name":"admin","author_link":"https:\/\/gminadynow.pl\/index.php\/author\/admin\/"},"rttpg_comment":0,"rttpg_category":null,"rttpg_excerpt":"LICZBA\u00a0\u00a0 MIESZKA\u0143C\u00d3W\u00a0\u00a0\u00a0 ZAMELDOWANYCH\u00a0\u00a0\u00a0 NA\u00a0\u00a0 POBYT\u00a0 STA\u0141Y I\u00a0CZASOWY W\u00a0\u00a0POSZCZEG\u00d3LNYCH\u00a0\u00a0 SO\u0141ECTWACH\u00a0 GMINY\u00a0 DYN\u00d3W WED\u0141UG\u00a0\u00a0\u00a0 STANU\u00a0\u00a0\u00a0NA\u00a0\u00a0 DZIE\u0143 31.12.2019r. &nbsp; LP Nazwa\u00a0\u00a0 miejscowo\u015bci Liczba\u00a0 mieszka\u0144c\u00f3w (pobyt \u00a0 sta\u0142y) &nbsp; Liczba\u00a0 mieszka\u0144c\u00f3w (pobyt \u00a0 czasowy) &nbsp; Liczba\u00a0 mieszka\u0144c\u00f3w og\u00f3\u0142em kobiety m\u0119\u017cczy\u017ani kobiety m\u0119\u017cczy\u017ani kobiety m\u0119\u017cczy\u017ani 1 Bach\u00f3rz 565 580 7 4 572 584 2 D\u0105br\u00f3wka Starze\u0144ska 227 221 4 3&hellip;","_links":{"self":[{"href":"https:\/\/gminadynow.pl\/index.php\/wp-json\/wp\/v2\/pages\/215","targetHints":{"allow":["GET"]}}],"collection":[{"href":"https:\/\/gminadynow.pl\/index.php\/wp-json\/wp\/v2\/pages"}],"about":[{"href":"https:\/\/gminadynow.pl\/index.php\/wp-json\/wp\/v2\/types\/page"}],"author":[{"embeddable":true,"href":"https:\/\/gminadynow.pl\/index.php\/wp-json\/wp\/v2\/users\/1"}],"replies":[{"embeddable":true,"href":"https:\/\/gminadynow.pl\/index.php\/wp-json\/wp\/v2\/comments?post=215"}],"version-history":[{"count":17,"href":"https:\/\/gminadynow.pl\/index.php\/wp-json\/wp\/v2\/pages\/215\/revisions"}],"predecessor-version":[{"id":447,"href":"https:\/\/gminadynow.pl\/index.php\/wp-json\/wp\/v2\/pages\/215\/revisions\/447"}],"wp:attachment":[{"href":"https:\/\/gminadynow.pl\/index.php\/wp-json\/wp\/v2\/media?parent=215"}],"curies":[{"name":"wp","href":"https:\/\/api.w.org\/{rel}","templated":true}]}}