
{"id":214,"date":"2020-10-20T14:37:55","date_gmt":"2020-10-20T12:37:55","guid":{"rendered":"http:\/\/gminadynow.pl\/?page_id=214"},"modified":"2026-02-24T11:39:59","modified_gmt":"2026-02-24T10:39:59","slug":"strategie-i-plany-gminy","status":"publish","type":"page","link":"https:\/\/gminadynow.pl\/index.php\/strategie-i-plany-gminy\/","title":{"rendered":"Strategie i plany gminy"},"content":{"rendered":"\n<p class=\"has-text-align-center\" style=\"font-size:30px\"><strong>Strategia Rozwoju Gminy&nbsp;Dyn\u00f3w na lata 2016-2026<\/strong><\/p>\n\n\n\n<div style=\"height:100px\" aria-hidden=\"true\" class=\"wp-block-spacer\"><\/div>\n\n\n\n<p>Dokument mo\u017cna pobra\u0107 klikaj\u0105c w przycisk poni\u017cej lub wy\u015bwietli\u0107 klikaj\u0105c w tekst obok przycisku.<\/p>\n\n\n\n<div class=\"wp-block-group do-pobrania\"><div class=\"wp-block-group__inner-container is-layout-flow wp-block-group-is-layout-flow\">\n<div class=\"wp-block-file\"><a href=\"http:\/\/gminadynow.pl\/wp-content\/uploads\/2020\/11\/s21nr113r2016-1.pdf\">Strategia Rozwoju Gminy&nbsp;Dyn\u00f3w na lata 2016-2026<\/a><a href=\"http:\/\/gminadynow.pl\/wp-content\/uploads\/2020\/11\/s21nr113r2016-1.pdf\" class=\"wp-block-file__button\" download>Pobierz<\/a><\/div>\n\n\n\n<div class=\"wp-block-file\"><a href=\"https:\/\/gminadynow.pl\/wp-content\/uploads\/2021\/08\/Unknown-Name_1.pdf\">Strategia Rozwi\u0105zywania Problem\u00f3w Spo\u0142ecznych w Gminie Dyn\u00f3w na lata 2016-2026<\/a><a href=\"https:\/\/gminadynow.pl\/wp-content\/uploads\/2021\/08\/Unknown-Name_1.pdf\" class=\"wp-block-file__button\" download>Pobierz<\/a><\/div>\n\n\n\n<div class=\"wp-block-file\"><a href=\"https:\/\/gminadynow.pl\/wp-content\/uploads\/2021\/08\/Plan-Odnowy-Miejscowozci-Pawlokoma-na-lata-2016-2023.pdf\">Plan odnowy miejscowo\u015bci Paw\u0142okoma na lata 2016-2023<\/a><a href=\"https:\/\/gminadynow.pl\/wp-content\/uploads\/2021\/08\/Plan-Odnowy-Miejscowozci-Pawlokoma-na-lata-2016-2023.pdf\" class=\"wp-block-file__button\" download>Pobierz<\/a><\/div>\n\n\n\n<p><\/p>\n<\/div><\/div>\n","protected":false},"excerpt":{"rendered":"<p>Strategia Rozwoju Gminy&nbsp;Dyn\u00f3w na lata 2016-2026 Dokument mo\u017cna pobra\u0107 klikaj\u0105c w przycisk poni\u017cej lub wy\u015bwietli\u0107 klikaj\u0105c w tekst obok przycisku.<\/p>\n","protected":false},"author":2,"featured_media":0,"parent":0,"menu_order":0,"comment_status":"closed","ping_status":"closed","template":"","meta":{"footnotes":""},"class_list":["post-214","page","type-page","status-publish","hentry"],"featured_image_urls_v2":{"full":"","thumbnail":"","medium":"","medium_large":"","large":"","1536x1536":"","2048x2048":""},"post_excerpt_stackable_v2":"<p>Strategia Rozwoju Gminy&nbsp;Dyn\u00f3w na lata 2016-2026 Dokument mo\u017cna pobra\u0107 klikaj\u0105c w przycisk poni\u017cej lub wy\u015bwietli\u0107 klikaj\u0105c w tekst obok przycisku. Strategia Rozwoju Gminy&nbsp;Dyn\u00f3w na lata 2016-2026Pobierz Strategia Rozwi\u0105zywania Problem\u00f3w Spo\u0142ecznych w Gminie Dyn\u00f3w na lata 2016-2026Pobierz Plan odnowy miejscowo\u015bci Paw\u0142okoma na lata 2016-2023Pobierz<\/p>\n","category_list_v2":"","author_info_v2":{"name":"Zofia Kalawska","url":"https:\/\/gminadynow.pl\/index.php\/author\/zofiakalawska\/"},"comments_num_v2":"0 comments","rttpg_featured_image_url":null,"rttpg_author":{"display_name":"Zofia Kalawska","author_link":"https:\/\/gminadynow.pl\/index.php\/author\/zofiakalawska\/"},"rttpg_comment":0,"rttpg_category":null,"rttpg_excerpt":"Strategia Rozwoju Gminy&nbsp;Dyn\u00f3w na lata 2016-2026 Dokument mo\u017cna pobra\u0107 klikaj\u0105c w przycisk poni\u017cej lub wy\u015bwietli\u0107 klikaj\u0105c w tekst obok przycisku.","_links":{"self":[{"href":"https:\/\/gminadynow.pl\/index.php\/wp-json\/wp\/v2\/pages\/214","targetHints":{"allow":["GET"]}}],"collection":[{"href":"https:\/\/gminadynow.pl\/index.php\/wp-json\/wp\/v2\/pages"}],"about":[{"href":"https:\/\/gminadynow.pl\/index.php\/wp-json\/wp\/v2\/types\/page"}],"author":[{"embeddable":true,"href":"https:\/\/gminadynow.pl\/index.php\/wp-json\/wp\/v2\/users\/2"}],"replies":[{"embeddable":true,"href":"https:\/\/gminadynow.pl\/index.php\/wp-json\/wp\/v2\/comments?post=214"}],"version-history":[{"count":8,"href":"https:\/\/gminadynow.pl\/index.php\/wp-json\/wp\/v2\/pages\/214\/revisions"}],"predecessor-version":[{"id":2475,"href":"https:\/\/gminadynow.pl\/index.php\/wp-json\/wp\/v2\/pages\/214\/revisions\/2475"}],"wp:attachment":[{"href":"https:\/\/gminadynow.pl\/index.php\/wp-json\/wp\/v2\/media?parent=214"}],"curies":[{"name":"wp","href":"https:\/\/api.w.org\/{rel}","templated":true}]}}