
{"id":211,"date":"2020-10-20T14:37:55","date_gmt":"2020-10-20T12:37:55","guid":{"rendered":"http:\/\/gminadynow.pl\/?page_id=211"},"modified":"2026-01-15T14:48:12","modified_gmt":"2026-01-15T13:48:12","slug":"symbole-gminy","status":"publish","type":"page","link":"https:\/\/gminadynow.pl\/index.php\/symbole-gminy\/","title":{"rendered":"Symbole gminy"},"content":{"rendered":"\t\t<div data-elementor-type=\"wp-page\" data-elementor-id=\"211\" class=\"elementor elementor-211\">\n\t\t\t\t\t\t<section class=\"elementor-section elementor-top-section elementor-element elementor-element-0baf7c3 elementor-section-boxed elementor-section-height-default elementor-section-height-default\" data-id=\"0baf7c3\" data-element_type=\"section\">\n\t\t\t\t\t\t<div class=\"elementor-container elementor-column-gap-default\">\n\t\t\t\t\t<div class=\"elementor-column elementor-col-100 elementor-top-column elementor-element elementor-element-43616df\" data-id=\"43616df\" data-element_type=\"column\">\n\t\t\t<div class=\"elementor-widget-wrap\">\n\t\t\t\t\t\t\t<\/div>\n\t\t<\/div>\n\t\t\t\t\t<\/div>\n\t\t<\/section>\n\t\t\t\t<section class=\"elementor-section elementor-top-section elementor-element elementor-element-217b30f elementor-section-boxed elementor-section-height-default elementor-section-height-default\" data-id=\"217b30f\" data-element_type=\"section\">\n\t\t\t\t\t\t<div class=\"elementor-container elementor-column-gap-default\">\n\t\t\t\t\t<div class=\"elementor-column elementor-col-100 elementor-top-column elementor-element elementor-element-a464082\" data-id=\"a464082\" data-element_type=\"column\">\n\t\t\t<div class=\"elementor-widget-wrap elementor-element-populated\">\n\t\t\t\t\t\t<div class=\"elementor-element elementor-element-d5b1775 elementor-widget elementor-widget-text-editor\" data-id=\"d5b1775\" data-element_type=\"widget\" data-widget_type=\"text-editor.default\">\n\t\t\t\t<div class=\"elementor-widget-container\">\n\t\t\t\t\t\t\t\t\t<p><span style=\"color: #000000;\">Herb\u00a0i pozosta\u0142e symbole samorz\u0105dowe Gminy Dyn\u00f3w ustanowione zosta\u0142y przez Rad\u0119 Gminy Uchwa\u0142\u0105 Nr VI(36)2019 w dniu 05 czerwca 2019 roku. Mog\u0105 by\u0107 u\u017cywane wy\u0142\u0105cznie w spos\u00f3b zapewniaj\u0105cy im nale\u017cyt\u0105 cze\u015b\u0107 i szacunek oraz presti\u017c i powag\u0119 przewidzian\u0105 prawem dla insygni\u00f3w w\u0142adzy.<\/span><\/p><p><span style=\"color: #000000;\">Herb gminy Dyn\u00f3w przedstawia w polu czerwonym nad rzek\u0105 srebrn\u0105 taki\u017c dw\u00f3r z dachem z\u0142otym, z ostro\u0142ukow\u0105 bram\u0105 wjazdow\u0105 i dwiema wie\u017cami na flankach, ka\u017cda z dwoma ostro\u0142ukowymi oknami jedno nad drugim, nakryta trapezoidalnym he\u0142mem z\u0142otym; w bramie god\u0142o\u00a0herbu\u00a0Szreniawa w formie \u015bredniowiecznej.<\/span><\/p><p><span style=\"color: #000000;\">Uchwa\u0142a Nr VI(36)2019 Rady Gminy Dyn\u00f3w z dnia 5 czerwca 2019r. w sprawie ustanowienia herbu, flagi, baneru, piecz\u0119ci.<\/span><\/p>\t\t\t\t\t\t\t\t<\/div>\n\t\t\t\t<\/div>\n\t\t\t\t<div class=\"elementor-element elementor-element-c16200b elementor-widget elementor-widget-toggle\" data-id=\"c16200b\" data-element_type=\"widget\" data-widget_type=\"toggle.default\">\n\t\t\t\t<div class=\"elementor-widget-container\">\n\t\t\t\t\t\t\t<div class=\"elementor-toggle\">\n\t\t\t\t\t\t\t<div class=\"elementor-toggle-item\">\n\t\t\t\t\t<div id=\"elementor-tab-title-2021\" class=\"elementor-tab-title\" data-tab=\"1\" role=\"button\" aria-controls=\"elementor-tab-content-2021\" aria-expanded=\"false\">\n\t\t\t\t\t\t\t\t\t\t\t\t<span class=\"elementor-toggle-icon elementor-toggle-icon-left\" aria-hidden=\"true\">\n\t\t\t\t\t\t\t\t\t\t\t\t\t\t\t<span class=\"elementor-toggle-icon-closed\"><i class=\"fas fa-caret-right\"><\/i><\/span>\n\t\t\t\t\t\t\t\t<span class=\"elementor-toggle-icon-opened\"><i class=\"elementor-toggle-icon-opened fas fa-caret-up\"><\/i><\/span>\n\t\t\t\t\t\t\t\t\t\t\t\t\t<\/span>\n\t\t\t\t\t\t\t\t\t\t\t\t<a class=\"elementor-toggle-title\" tabindex=\"0\">HERB GMINY DYN\u00d3W wz\u00f3r graficzny<\/a>\n\t\t\t\t\t<\/div>\n\n\t\t\t\t\t<div id=\"elementor-tab-content-2021\" class=\"elementor-tab-content elementor-clearfix\" data-tab=\"1\" role=\"region\" aria-labelledby=\"elementor-tab-title-2021\"><p><img fetchpriority=\"high\" decoding=\"async\" class=\"aligncenter wp-image-429 size-medium\" src=\"http:\/\/gminadynow.pl\/wp-content\/uploads\/2020\/10\/herb_gminy_dynow-272x300.png\" alt=\"\" width=\"272\" height=\"300\" srcset=\"https:\/\/gminadynow.pl\/wp-content\/uploads\/2020\/10\/herb_gminy_dynow-272x300.png 272w, https:\/\/gminadynow.pl\/wp-content\/uploads\/2020\/10\/herb_gminy_dynow-928x1024.png 928w, https:\/\/gminadynow.pl\/wp-content\/uploads\/2020\/10\/herb_gminy_dynow-768x848.png 768w, https:\/\/gminadynow.pl\/wp-content\/uploads\/2020\/10\/herb_gminy_dynow.png 1002w\" sizes=\"(max-width: 272px) 100vw, 272px\" \/><\/p><\/div>\n\t\t\t\t<\/div>\n\t\t\t\t\t\t\t<div class=\"elementor-toggle-item\">\n\t\t\t\t\t<div id=\"elementor-tab-title-2022\" class=\"elementor-tab-title\" data-tab=\"2\" role=\"button\" aria-controls=\"elementor-tab-content-2022\" aria-expanded=\"false\">\n\t\t\t\t\t\t\t\t\t\t\t\t<span class=\"elementor-toggle-icon elementor-toggle-icon-left\" aria-hidden=\"true\">\n\t\t\t\t\t\t\t\t\t\t\t\t\t\t\t<span class=\"elementor-toggle-icon-closed\"><i class=\"fas fa-caret-right\"><\/i><\/span>\n\t\t\t\t\t\t\t\t<span class=\"elementor-toggle-icon-opened\"><i class=\"elementor-toggle-icon-opened fas fa-caret-up\"><\/i><\/span>\n\t\t\t\t\t\t\t\t\t\t\t\t\t<\/span>\n\t\t\t\t\t\t\t\t\t\t\t\t<a class=\"elementor-toggle-title\" tabindex=\"0\">FLAGA GMINY DYN\u00d3W wz\u00f3r graficzny<\/a>\n\t\t\t\t\t<\/div>\n\n\t\t\t\t\t<div id=\"elementor-tab-content-2022\" class=\"elementor-tab-content elementor-clearfix\" data-tab=\"2\" role=\"region\" aria-labelledby=\"elementor-tab-title-2022\"><p><img decoding=\"async\" class=\"aligncenter wp-image-430 size-medium\" src=\"http:\/\/gminadynow.pl\/wp-content\/uploads\/2020\/10\/flaga_gminy_dynow-300x194.png\" alt=\"\" width=\"300\" height=\"194\" srcset=\"https:\/\/gminadynow.pl\/wp-content\/uploads\/2020\/10\/flaga_gminy_dynow-300x194.png 300w, https:\/\/gminadynow.pl\/wp-content\/uploads\/2020\/10\/flaga_gminy_dynow-1024x663.png 1024w, https:\/\/gminadynow.pl\/wp-content\/uploads\/2020\/10\/flaga_gminy_dynow-768x497.png 768w, https:\/\/gminadynow.pl\/wp-content\/uploads\/2020\/10\/flaga_gminy_dynow-1536x995.png 1536w, https:\/\/gminadynow.pl\/wp-content\/uploads\/2020\/10\/flaga_gminy_dynow.png 1700w\" sizes=\"(max-width: 300px) 100vw, 300px\" \/><\/p><\/div>\n\t\t\t\t<\/div>\n\t\t\t\t\t\t\t<div class=\"elementor-toggle-item\">\n\t\t\t\t\t<div id=\"elementor-tab-title-2023\" class=\"elementor-tab-title\" data-tab=\"3\" role=\"button\" aria-controls=\"elementor-tab-content-2023\" aria-expanded=\"false\">\n\t\t\t\t\t\t\t\t\t\t\t\t<span class=\"elementor-toggle-icon elementor-toggle-icon-left\" aria-hidden=\"true\">\n\t\t\t\t\t\t\t\t\t\t\t\t\t\t\t<span class=\"elementor-toggle-icon-closed\"><i class=\"fas fa-caret-right\"><\/i><\/span>\n\t\t\t\t\t\t\t\t<span class=\"elementor-toggle-icon-opened\"><i class=\"elementor-toggle-icon-opened fas fa-caret-up\"><\/i><\/span>\n\t\t\t\t\t\t\t\t\t\t\t\t\t<\/span>\n\t\t\t\t\t\t\t\t\t\t\t\t<a class=\"elementor-toggle-title\" tabindex=\"0\">BANER GMINY DYN\u00d3W wz\u00f3r graficzny<\/a>\n\t\t\t\t\t<\/div>\n\n\t\t\t\t\t<div id=\"elementor-tab-content-2023\" class=\"elementor-tab-content elementor-clearfix\" data-tab=\"3\" role=\"region\" aria-labelledby=\"elementor-tab-title-2023\"><p><img decoding=\"async\" class=\"aligncenter wp-image-431 \" src=\"http:\/\/gminadynow.pl\/wp-content\/uploads\/2020\/10\/baner_gminy_dynow-81x300.png\" alt=\"\" width=\"169\" height=\"626\" srcset=\"https:\/\/gminadynow.pl\/wp-content\/uploads\/2020\/10\/baner_gminy_dynow-81x300.png 81w, https:\/\/gminadynow.pl\/wp-content\/uploads\/2020\/10\/baner_gminy_dynow-276x1024.png 276w, https:\/\/gminadynow.pl\/wp-content\/uploads\/2020\/10\/baner_gminy_dynow-414x1536.png 414w, https:\/\/gminadynow.pl\/wp-content\/uploads\/2020\/10\/baner_gminy_dynow.png 425w\" sizes=\"(max-width: 169px) 100vw, 169px\" \/><\/p><\/div>\n\t\t\t\t<\/div>\n\t\t\t\t\t\t\t<div class=\"elementor-toggle-item\">\n\t\t\t\t\t<div id=\"elementor-tab-title-2024\" class=\"elementor-tab-title\" data-tab=\"4\" role=\"button\" aria-controls=\"elementor-tab-content-2024\" aria-expanded=\"false\">\n\t\t\t\t\t\t\t\t\t\t\t\t<span class=\"elementor-toggle-icon elementor-toggle-icon-left\" aria-hidden=\"true\">\n\t\t\t\t\t\t\t\t\t\t\t\t\t\t\t<span class=\"elementor-toggle-icon-closed\"><i class=\"fas fa-caret-right\"><\/i><\/span>\n\t\t\t\t\t\t\t\t<span class=\"elementor-toggle-icon-opened\"><i class=\"elementor-toggle-icon-opened fas fa-caret-up\"><\/i><\/span>\n\t\t\t\t\t\t\t\t\t\t\t\t\t<\/span>\n\t\t\t\t\t\t\t\t\t\t\t\t<a class=\"elementor-toggle-title\" tabindex=\"0\">FLAGA STOLIKOWA GMINY DYN\u00d3W wz\u00f3r graficzny<\/a>\n\t\t\t\t\t<\/div>\n\n\t\t\t\t\t<div id=\"elementor-tab-content-2024\" class=\"elementor-tab-content elementor-clearfix\" data-tab=\"4\" role=\"region\" aria-labelledby=\"elementor-tab-title-2024\"><p><img loading=\"lazy\" decoding=\"async\" class=\"aligncenter wp-image-432 \" src=\"http:\/\/gminadynow.pl\/wp-content\/uploads\/2020\/10\/flaga_stolikowa_gminy_dynow-437x1024.png\" alt=\"\" width=\"262\" height=\"614\" srcset=\"https:\/\/gminadynow.pl\/wp-content\/uploads\/2020\/10\/flaga_stolikowa_gminy_dynow-437x1024.png 437w, https:\/\/gminadynow.pl\/wp-content\/uploads\/2020\/10\/flaga_stolikowa_gminy_dynow-128x300.png 128w, https:\/\/gminadynow.pl\/wp-content\/uploads\/2020\/10\/flaga_stolikowa_gminy_dynow-655x1536.png 655w, https:\/\/gminadynow.pl\/wp-content\/uploads\/2020\/10\/flaga_stolikowa_gminy_dynow.png 672w\" sizes=\"(max-width: 262px) 100vw, 262px\" \/><\/p><\/div>\n\t\t\t\t<\/div>\n\t\t\t\t\t\t\t<div class=\"elementor-toggle-item\">\n\t\t\t\t\t<div id=\"elementor-tab-title-2025\" class=\"elementor-tab-title\" data-tab=\"5\" role=\"button\" aria-controls=\"elementor-tab-content-2025\" aria-expanded=\"false\">\n\t\t\t\t\t\t\t\t\t\t\t\t<span class=\"elementor-toggle-icon elementor-toggle-icon-left\" aria-hidden=\"true\">\n\t\t\t\t\t\t\t\t\t\t\t\t\t\t\t<span class=\"elementor-toggle-icon-closed\"><i class=\"fas fa-caret-right\"><\/i><\/span>\n\t\t\t\t\t\t\t\t<span class=\"elementor-toggle-icon-opened\"><i class=\"elementor-toggle-icon-opened fas fa-caret-up\"><\/i><\/span>\n\t\t\t\t\t\t\t\t\t\t\t\t\t<\/span>\n\t\t\t\t\t\t\t\t\t\t\t\t<a class=\"elementor-toggle-title\" tabindex=\"0\">PIECZ\u0118\u0106 GMINY DYN\u00d3W wz\u00f3r graficzny<\/a>\n\t\t\t\t\t<\/div>\n\n\t\t\t\t\t<div id=\"elementor-tab-content-2025\" class=\"elementor-tab-content elementor-clearfix\" data-tab=\"5\" role=\"region\" aria-labelledby=\"elementor-tab-title-2025\"><p><img loading=\"lazy\" decoding=\"async\" class=\"aligncenter wp-image-433 size-medium\" src=\"http:\/\/gminadynow.pl\/wp-content\/uploads\/2020\/10\/pieczec_gminy_dynow-300x300.png\" alt=\"\" width=\"300\" height=\"300\" srcset=\"https:\/\/gminadynow.pl\/wp-content\/uploads\/2020\/10\/pieczec_gminy_dynow-300x300.png 300w, https:\/\/gminadynow.pl\/wp-content\/uploads\/2020\/10\/pieczec_gminy_dynow-1024x1024.png 1024w, https:\/\/gminadynow.pl\/wp-content\/uploads\/2020\/10\/pieczec_gminy_dynow-150x150.png 150w, https:\/\/gminadynow.pl\/wp-content\/uploads\/2020\/10\/pieczec_gminy_dynow-768x768.png 768w, https:\/\/gminadynow.pl\/wp-content\/uploads\/2020\/10\/pieczec_gminy_dynow-1536x1536.png 1536w, https:\/\/gminadynow.pl\/wp-content\/uploads\/2020\/10\/pieczec_gminy_dynow.png 1639w\" sizes=\"(max-width: 300px) 100vw, 300px\" \/><\/p><\/div>\n\t\t\t\t<\/div>\n\t\t\t\t\t\t\t<div class=\"elementor-toggle-item\">\n\t\t\t\t\t<div id=\"elementor-tab-title-2026\" class=\"elementor-tab-title\" data-tab=\"6\" role=\"button\" aria-controls=\"elementor-tab-content-2026\" aria-expanded=\"false\">\n\t\t\t\t\t\t\t\t\t\t\t\t<span class=\"elementor-toggle-icon elementor-toggle-icon-left\" aria-hidden=\"true\">\n\t\t\t\t\t\t\t\t\t\t\t\t\t\t\t<span class=\"elementor-toggle-icon-closed\"><i class=\"fas fa-caret-right\"><\/i><\/span>\n\t\t\t\t\t\t\t\t<span class=\"elementor-toggle-icon-opened\"><i class=\"elementor-toggle-icon-opened fas fa-caret-up\"><\/i><\/span>\n\t\t\t\t\t\t\t\t\t\t\t\t\t<\/span>\n\t\t\t\t\t\t\t\t\t\t\t\t<a class=\"elementor-toggle-title\" tabindex=\"0\">PIECZ\u0118\u0106 RADY GMINY DYN\u00d3W wz\u00f3r graficzny<\/a>\n\t\t\t\t\t<\/div>\n\n\t\t\t\t\t<div id=\"elementor-tab-content-2026\" class=\"elementor-tab-content elementor-clearfix\" data-tab=\"6\" role=\"region\" aria-labelledby=\"elementor-tab-title-2026\"><p><img loading=\"lazy\" decoding=\"async\" class=\"aligncenter wp-image-434 size-medium\" src=\"http:\/\/gminadynow.pl\/wp-content\/uploads\/2020\/10\/pieczec_rady_gminy_dynow-300x300.png\" alt=\"\" width=\"300\" height=\"300\" srcset=\"https:\/\/gminadynow.pl\/wp-content\/uploads\/2020\/10\/pieczec_rady_gminy_dynow-300x300.png 300w, https:\/\/gminadynow.pl\/wp-content\/uploads\/2020\/10\/pieczec_rady_gminy_dynow-1024x1024.png 1024w, https:\/\/gminadynow.pl\/wp-content\/uploads\/2020\/10\/pieczec_rady_gminy_dynow-150x150.png 150w, https:\/\/gminadynow.pl\/wp-content\/uploads\/2020\/10\/pieczec_rady_gminy_dynow-768x768.png 768w, https:\/\/gminadynow.pl\/wp-content\/uploads\/2020\/10\/pieczec_rady_gminy_dynow-1536x1536.png 1536w, https:\/\/gminadynow.pl\/wp-content\/uploads\/2020\/10\/pieczec_rady_gminy_dynow.png 1639w\" sizes=\"(max-width: 300px) 100vw, 300px\" \/><\/p><\/div>\n\t\t\t\t<\/div>\n\t\t\t\t\t\t\t<div class=\"elementor-toggle-item\">\n\t\t\t\t\t<div id=\"elementor-tab-title-2027\" class=\"elementor-tab-title\" data-tab=\"7\" role=\"button\" aria-controls=\"elementor-tab-content-2027\" aria-expanded=\"false\">\n\t\t\t\t\t\t\t\t\t\t\t\t<span class=\"elementor-toggle-icon elementor-toggle-icon-left\" aria-hidden=\"true\">\n\t\t\t\t\t\t\t\t\t\t\t\t\t\t\t<span class=\"elementor-toggle-icon-closed\"><i class=\"fas fa-caret-right\"><\/i><\/span>\n\t\t\t\t\t\t\t\t<span class=\"elementor-toggle-icon-opened\"><i class=\"elementor-toggle-icon-opened fas fa-caret-up\"><\/i><\/span>\n\t\t\t\t\t\t\t\t\t\t\t\t\t<\/span>\n\t\t\t\t\t\t\t\t\t\t\t\t<a class=\"elementor-toggle-title\" tabindex=\"0\">PIECZ\u0118\u0106 W\u00d3JTA GMINY DYN\u00d3W wz\u00f3r graficzny<\/a>\n\t\t\t\t\t<\/div>\n\n\t\t\t\t\t<div id=\"elementor-tab-content-2027\" class=\"elementor-tab-content elementor-clearfix\" data-tab=\"7\" role=\"region\" aria-labelledby=\"elementor-tab-title-2027\"><p><img loading=\"lazy\" decoding=\"async\" class=\"aligncenter wp-image-435 size-medium\" src=\"http:\/\/gminadynow.pl\/wp-content\/uploads\/2020\/10\/pieczec_wojta_gminy_dynow-300x300.png\" alt=\"\" width=\"300\" height=\"300\" srcset=\"https:\/\/gminadynow.pl\/wp-content\/uploads\/2020\/10\/pieczec_wojta_gminy_dynow-300x300.png 300w, https:\/\/gminadynow.pl\/wp-content\/uploads\/2020\/10\/pieczec_wojta_gminy_dynow-1024x1024.png 1024w, https:\/\/gminadynow.pl\/wp-content\/uploads\/2020\/10\/pieczec_wojta_gminy_dynow-150x150.png 150w, https:\/\/gminadynow.pl\/wp-content\/uploads\/2020\/10\/pieczec_wojta_gminy_dynow-768x768.png 768w, https:\/\/gminadynow.pl\/wp-content\/uploads\/2020\/10\/pieczec_wojta_gminy_dynow-1536x1536.png 1536w, https:\/\/gminadynow.pl\/wp-content\/uploads\/2020\/10\/pieczec_wojta_gminy_dynow.png 1639w\" sizes=\"(max-width: 300px) 100vw, 300px\" \/><\/p><\/div>\n\t\t\t\t<\/div>\n\t\t\t\t\t\t\t\t\t\t<script type=\"application\/ld+json\">{\"@context\":\"https:\\\/\\\/schema.org\",\"@type\":\"FAQPage\",\"mainEntity\":[{\"@type\":\"Question\",\"name\":\"HERB GMINY DYN\\u00d3W wz\\u00f3r graficzny\",\"acceptedAnswer\":{\"@type\":\"Answer\",\"text\":\"<p><img class=\\\"aligncenter wp-image-429 size-medium\\\" src=\\\"http:\\\/\\\/gminadynow.pl\\\/wp-content\\\/uploads\\\/2020\\\/10\\\/herb_gminy_dynow-272x300.png\\\" alt=\\\"\\\" width=\\\"272\\\" height=\\\"300\\\" \\\/><\\\/p>\"}},{\"@type\":\"Question\",\"name\":\"FLAGA GMINY DYN\\u00d3W wz\\u00f3r graficzny\",\"acceptedAnswer\":{\"@type\":\"Answer\",\"text\":\"<p><img class=\\\"aligncenter wp-image-430 size-medium\\\" src=\\\"http:\\\/\\\/gminadynow.pl\\\/wp-content\\\/uploads\\\/2020\\\/10\\\/flaga_gminy_dynow-300x194.png\\\" alt=\\\"\\\" width=\\\"300\\\" height=\\\"194\\\" \\\/><\\\/p>\"}},{\"@type\":\"Question\",\"name\":\"BANER GMINY DYN\\u00d3W wz\\u00f3r graficzny\",\"acceptedAnswer\":{\"@type\":\"Answer\",\"text\":\"<p><img class=\\\"aligncenter wp-image-431 \\\" src=\\\"http:\\\/\\\/gminadynow.pl\\\/wp-content\\\/uploads\\\/2020\\\/10\\\/baner_gminy_dynow-81x300.png\\\" alt=\\\"\\\" width=\\\"169\\\" height=\\\"626\\\" \\\/><\\\/p>\"}},{\"@type\":\"Question\",\"name\":\"FLAGA STOLIKOWA GMINY DYN\\u00d3W wz\\u00f3r graficzny\",\"acceptedAnswer\":{\"@type\":\"Answer\",\"text\":\"<p><img class=\\\"aligncenter wp-image-432 \\\" src=\\\"http:\\\/\\\/gminadynow.pl\\\/wp-content\\\/uploads\\\/2020\\\/10\\\/flaga_stolikowa_gminy_dynow-437x1024.png\\\" alt=\\\"\\\" width=\\\"262\\\" height=\\\"614\\\" \\\/><\\\/p>\"}},{\"@type\":\"Question\",\"name\":\"PIECZ\\u0118\\u0106 GMINY DYN\\u00d3W wz\\u00f3r graficzny\",\"acceptedAnswer\":{\"@type\":\"Answer\",\"text\":\"<p><img class=\\\"aligncenter wp-image-433 size-medium\\\" src=\\\"http:\\\/\\\/gminadynow.pl\\\/wp-content\\\/uploads\\\/2020\\\/10\\\/pieczec_gminy_dynow-300x300.png\\\" alt=\\\"\\\" width=\\\"300\\\" height=\\\"300\\\" \\\/><\\\/p>\"}},{\"@type\":\"Question\",\"name\":\"PIECZ\\u0118\\u0106 RADY GMINY DYN\\u00d3W wz\\u00f3r graficzny\",\"acceptedAnswer\":{\"@type\":\"Answer\",\"text\":\"<p><img class=\\\"aligncenter wp-image-434 size-medium\\\" src=\\\"http:\\\/\\\/gminadynow.pl\\\/wp-content\\\/uploads\\\/2020\\\/10\\\/pieczec_rady_gminy_dynow-300x300.png\\\" alt=\\\"\\\" width=\\\"300\\\" height=\\\"300\\\" \\\/><\\\/p>\"}},{\"@type\":\"Question\",\"name\":\"PIECZ\\u0118\\u0106 W\\u00d3JTA GMINY DYN\\u00d3W wz\\u00f3r graficzny\",\"acceptedAnswer\":{\"@type\":\"Answer\",\"text\":\"<p><img class=\\\"aligncenter wp-image-435 size-medium\\\" src=\\\"http:\\\/\\\/gminadynow.pl\\\/wp-content\\\/uploads\\\/2020\\\/10\\\/pieczec_wojta_gminy_dynow-300x300.png\\\" alt=\\\"\\\" width=\\\"300\\\" height=\\\"300\\\" \\\/><\\\/p>\"}}]}<\/script>\n\t\t\t\t\t<\/div>\n\t\t\t\t\t\t<\/div>\n\t\t\t\t<\/div>\n\t\t\t\t\t<\/div>\n\t\t<\/div>\n\t\t\t\t\t<\/div>\n\t\t<\/section>\n\t\t\t\t<\/div>\n\t\t","protected":false},"excerpt":{"rendered":"<p>Herb\u00a0i pozosta\u0142e symbole samorz\u0105dowe Gminy Dyn\u00f3w ustanowione zosta\u0142y przez Rad\u0119 Gminy Uchwa\u0142\u0105 Nr VI(36)2019 w dniu 05 czerwca 2019 roku. Mog\u0105 by\u0107 u\u017cywane wy\u0142\u0105cznie w spos\u00f3b zapewniaj\u0105cy im nale\u017cyt\u0105 cze\u015b\u0107 i szacunek oraz presti\u017c i powag\u0119 przewidzian\u0105 prawem dla insygni\u00f3w w\u0142adzy. Herb gminy Dyn\u00f3w przedstawia w polu czerwonym nad rzek\u0105 srebrn\u0105 taki\u017c dw\u00f3r z dachem [&hellip;]<\/p>\n","protected":false},"author":1,"featured_media":0,"parent":0,"menu_order":0,"comment_status":"closed","ping_status":"closed","template":"","meta":{"footnotes":""},"class_list":["post-211","page","type-page","status-publish","hentry"],"featured_image_urls_v2":{"full":"","thumbnail":"","medium":"","medium_large":"","large":"","1536x1536":"","2048x2048":""},"post_excerpt_stackable_v2":"<p>Herb\u00a0i pozosta\u0142e symbole samorz\u0105dowe Gminy Dyn\u00f3w ustanowione zosta\u0142y przez Rad\u0119 Gminy Uchwa\u0142\u0105 Nr VI(36)2019 w dniu 05 czerwca 2019 roku. Mog\u0105 by\u0107 u\u017cywane wy\u0142\u0105cznie w spos\u00f3b zapewniaj\u0105cy im nale\u017cyt\u0105 cze\u015b\u0107 i szacunek oraz presti\u017c i powag\u0119 przewidzian\u0105 prawem dla insygni\u00f3w w\u0142adzy.Herb gminy Dyn\u00f3w przedstawia w polu czerwonym nad rzek\u0105 srebrn\u0105 taki\u017c dw\u00f3r z dachem z\u0142otym, z ostro\u0142ukow\u0105 bram\u0105 wjazdow\u0105 i dwiema wie\u017cami na flankach, ka\u017cda z dwoma ostro\u0142ukowymi oknami jedno nad drugim, nakryta trapezoidalnym he\u0142mem z\u0142otym; w bramie god\u0142o\u00a0herbu\u00a0Szreniawa w formie \u015bredniowiecznej.Uchwa\u0142a Nr VI(36)2019 Rady Gminy Dyn\u00f3w z dnia 5 czerwca 2019r. w sprawie ustanowienia herbu, flagi, baneru, piecz\u0119ci. HERB&hellip;<\/p>\n","category_list_v2":"","author_info_v2":{"name":"admin","url":"https:\/\/gminadynow.pl\/index.php\/author\/admin\/"},"comments_num_v2":"0 comments","rttpg_featured_image_url":null,"rttpg_author":{"display_name":"admin","author_link":"https:\/\/gminadynow.pl\/index.php\/author\/admin\/"},"rttpg_comment":0,"rttpg_category":null,"rttpg_excerpt":"Herb\u00a0i pozosta\u0142e symbole samorz\u0105dowe Gminy Dyn\u00f3w ustanowione zosta\u0142y przez Rad\u0119 Gminy Uchwa\u0142\u0105 Nr VI(36)2019 w dniu 05 czerwca 2019 roku. Mog\u0105 by\u0107 u\u017cywane wy\u0142\u0105cznie w spos\u00f3b zapewniaj\u0105cy im nale\u017cyt\u0105 cze\u015b\u0107 i szacunek oraz presti\u017c i powag\u0119 przewidzian\u0105 prawem dla insygni\u00f3w w\u0142adzy. Herb gminy Dyn\u00f3w przedstawia w polu czerwonym nad rzek\u0105 srebrn\u0105 taki\u017c dw\u00f3r z dachem&hellip;","_links":{"self":[{"href":"https:\/\/gminadynow.pl\/index.php\/wp-json\/wp\/v2\/pages\/211","targetHints":{"allow":["GET"]}}],"collection":[{"href":"https:\/\/gminadynow.pl\/index.php\/wp-json\/wp\/v2\/pages"}],"about":[{"href":"https:\/\/gminadynow.pl\/index.php\/wp-json\/wp\/v2\/types\/page"}],"author":[{"embeddable":true,"href":"https:\/\/gminadynow.pl\/index.php\/wp-json\/wp\/v2\/users\/1"}],"replies":[{"embeddable":true,"href":"https:\/\/gminadynow.pl\/index.php\/wp-json\/wp\/v2\/comments?post=211"}],"version-history":[{"count":28,"href":"https:\/\/gminadynow.pl\/index.php\/wp-json\/wp\/v2\/pages\/211\/revisions"}],"predecessor-version":[{"id":7643,"href":"https:\/\/gminadynow.pl\/index.php\/wp-json\/wp\/v2\/pages\/211\/revisions\/7643"}],"wp:attachment":[{"href":"https:\/\/gminadynow.pl\/index.php\/wp-json\/wp\/v2\/media?parent=211"}],"curies":[{"name":"wp","href":"https:\/\/api.w.org\/{rel}","templated":true}]}}