
{"id":210,"date":"2020-10-20T14:37:55","date_gmt":"2020-10-20T12:37:55","guid":{"rendered":"http:\/\/gminadynow.pl\/?page_id=210"},"modified":"2026-02-24T11:38:10","modified_gmt":"2026-02-24T10:38:10","slug":"polozenie-gminy","status":"publish","type":"page","link":"https:\/\/gminadynow.pl\/index.php\/polozenie-gminy\/","title":{"rendered":"Po\u0142o\u017cenie gminy"},"content":{"rendered":"\n<p class=\"has-text-align-center\" style=\"font-size:30px\"><strong>PO\u0141O\u017bENIE GMINY DYN\u00d3W<\/strong><\/p>\n\n\n\n<p>Gmina Dyn\u00f3w administracyjnie po\u0142o\u017cona jest w powiecie rzeszowskim wojew\u00f3dztwa podkarpackiego. Zajmuje obszar 119&nbsp;km\u00b2&nbsp;&nbsp;i zamieszkuje j\u0105 ponad 7000 os\u00f3b.<\/p>\n\n\n\n<p>W jej sk\u0142ad wchodzi dziewi\u0119\u0107 wsi so\u0142eckich. S\u0105 to:<\/p>\n\n\n\n<p>&#8211; Bach\u00f3rz<br>&#8211; D\u0105br\u00f3wka Starze\u0144ska<br>&#8211; Dyl\u0105gowa<br>&#8211; Harta<br>&#8211; Lask\u00f3wka<br>&#8211; \u0141ubno<br>&#8211; Paw\u0142okoma<br>&#8211; Ulanica<br>&#8211; Wyr\u0119by<\/p>\n\n\n\n<p>Graniczy z nast\u0119puj\u0105cymi gminami: Hy\u017cne, B\u0142a\u017cowa, Bircza, Jawornik Polski, Nozdrzec i Dubiecko. Obszar gminy po\u0142o\u017cony w karpackiej cz\u0119\u015bci Dorzecza Sanu, na pograniczu Pog\u00f3rzy Dynowskiego i Przemyskiego charakteryzuje bardzo urozmaicona rze\u017aba terenu. Wzg\u00f3rza osi\u0105gaj\u0105 wysoko\u015b\u0107 330- 335m n.p.m., a najwy\u017cszy punkt, znajduj\u0105cy si\u0119 na po\u0142udniowy \u2013 wsch\u00f3d od Bartk\u00f3wki, wznosi si\u0119 ok. 415 m n.p.m. Nachylenie stok\u00f3w waha si\u0119 w granicach 8-12% i powy\u017cej 12%. Pomi\u0119dzy wzg\u00f3rzami ci\u0105gn\u0105 si\u0119 d\u0142ugie doliny, w kt\u00f3rych po\u0142o\u017cone s\u0105 wsie pog\u00f3rza\u0144skie.&nbsp;<\/p>\n\n\n\n<p>Przez teren gminy Dyn\u00f3w przep\u0142ywa rzeka San maj\u0105ca charakter g\u00f3rski. Wraz ze swoimi licznymi dop\u0142ywami, z kt\u00f3rych najwi\u0119ksze to: Magier\u00f3wka, Baryczka, Ulenka, Harta, stanowi on wa\u017cny i nadaj\u0105cy wiele uroku i pi\u0119kna element krajobrazu.<\/p>\n\n\n\n<p>Obecnie na terenach gminy Dyn\u00f3w nie ma du\u017cych kompleks\u00f3w le\u015bnych. Niedu\u017ce lasy i zagajniki znajduj\u0105 si\u0119 na p\u00f3\u0142noc od Bach\u00f3rza i Harty, na zachodzie gminy, w okolicy \u0141ubna i Wyr\u0119b\u00f3w oraz pomi\u0119dzy Paw\u0142okom\u0105 i D\u0105br\u00f3wk\u0105 Starze\u0144sk\u0105. Siedliska le\u015bne reprezentowane s\u0105 przez las \u015bwie\u017cy wy\u017cyny. Drzewostan sk\u0142ada si\u0119 g\u0142\u00f3wnie z buka, modrzewia, jod\u0142y i d\u0119bu. Lokalnie wyst\u0119puje las jesionowy. Lasy obfituj\u0105 w grzyby. Opisuj\u0105c \u015bwiat ro\u015blinny nie spos\u00f3b zapomnie\u0107 o ro\u015blinach charakterystycznych dla tych teren\u00f3w. Stoki \u017burawca upodoba\u0142 sobie przebi\u015bnieg \u2013 zwiastun wiosny. W lasach dynowskich, i na niekt\u00f3rych \u0142\u0105kach, ro\u015bnie cebulica dwulistna, kt\u00f3ra nadaje miejscom gdzie wyst\u0119puje pi\u0119kny niebieski kolor. W gradach i buczynach wyst\u0119puje lilia z\u0142otog\u0142owa. Spotka\u0107 j\u0105 mo\u017cna na \u017burawcu i w okolicach Sielnicy. Bia\u0142e p\u0142aty na r\u00f3\u017cnokolorowych kobiercach \u0142\u0105k tworzy czosnek nied\u017awiedzi, maj\u0105cy w\u0142a\u015bciwo\u015bci lecznicze. Kolorystyk\u0119 runa le\u015bnego wzbogacaj\u0105 r\u00f3\u017cowe kwiaty wawrzynka wilcze\u0142yko, kt\u00f3re po przekwitni\u0119ciu s\u0105 czerwonymi jagodami.&nbsp;<\/p>\n\n\n\n<p>Te wszystkie elementy tworz\u0105 krajobraz niezwykle urozmaicony i pi\u0119kny. Naturalnie wymieszany drzewostan tworzy pi\u0119kne kompozycje, zw\u0142aszcza jesieni\u0105, kiedy nast\u0119puje przebarwienie li\u015bci oraz wiosn\u0105, kiedy kwitn\u0105 trze\u015bnie. Tereny rolnicze, to barwna mozaika p\u00f3l uprawnych, \u0142\u0105k, pastwisk i zadrzewie\u0144 \u015br\u00f3dpolnych. W niekt\u00f3rych miejscowo\u015bciach, na terenach podworskich park\u00f3w i obok ko\u015bcio\u0142\u00f3w, wyst\u0119puj\u0105 liczne starodrzewy b\u0119d\u0105ce pomnikami przyrody. Tworz\u0105 je najcz\u0119\u015bciej d\u0119by, lipy i jesiony. Bogaty jest \u015bwiat zwierz\u0119cy. Reprezentuj\u0105 go sarny, lisy, kuny, tch\u00f3rze, borsuki, zaj\u0105ce popielice, kosztaki i wiewi\u00f3rki. W wi\u0119kszych kompleksach le\u015bnych, na po\u0142udniu gminy, \u017cyj\u0105 jelenie i dziki. Przedstawicielami ptak\u00f3w s\u0105 jastrz\u0119bie, soko\u0142y \u2013 pustu\u0142ki i sowy. W\u015br\u00f3d p\u00f3l i \u0142\u0105k \u017cyj\u0105 ba\u017canty, kuropatwy, przepi\u00f3rki i jarz\u0105bki. Nad Sanem spotyka si\u0119 dzikie kaczki, czaple i czarne bociany. Z gad\u00f3w na terenach tych wyst\u0119puj\u0105: \u017cmije, zaskro\u0144ce, jaszczurki \u017cywor\u00f3dki, zwinki i padalce. San i niekt\u00f3re jego dop\u0142ywy to raj dla w\u0119dkarzy. Mo\u017cna tu z\u0142owi\u0107 klenie, leszcze, okonie, jelce, p\u0142ocie, brzany , szczupaki, w\u0119gorze, \u015bwinki, kie\u0142bie i ukleje. Niestety coraz rzadziej wyst\u0119puje pstr\u0105g, a ca\u0142kowicie wygin\u0119\u0142y raki.<\/p>\n\n\n\n<p>Najbardziej warto\u015bciowe elementy przyrody wyst\u0119puj\u0105ce na terenie gminy Dyn\u00f3w obj\u0119te zosta\u0142y ochron\u0105. Cz\u0119\u015b\u0107 obszaru wchodzi w sk\u0142ad Przemysko \u2013 Dynowskiego Obszaru Chronionego Krajobrazu oraz Parku Krajobrazowego Pog\u00f3rza Przemyskiego. Podnosi to w znacznym stopniu turystyczn\u0105 atrakcyjno\u015b\u0107 gminy.<\/p>\n\n\n\n<p>Klimat gminy Dyn\u00f3w zalicza si\u0119 do pi\u0119tra klimatu podg\u00f3rskiego, umiarkowanie ciep\u0142ego o cechach kontynentalnych, ze \u015bredni\u0105 temperatur\u0105 roczn\u0105 5-7\u00b0C. Najwy\u017csze temperatury notuje si\u0119 w lipcu ze \u015bredni\u0105 17-18\u00b0C. \u015arednie temperatury zimowe wynosz\u0105 -3-5\u00b0C.<\/p>\n\n\n\n<p>W okresie letnim przewa\u017caj\u0105 wiatry zachodnie i po\u0142udniowo- zachodnie, natomiast w czasie jesieni i zimy wschodnie i p\u00f3\u0142nocno-wschodnie. Du\u017c\u0105 rol\u0119 odgrywaj\u0105 wiatry fenowe wiej\u0105ce z du\u017c\u0105 pr\u0119dko\u015bci\u0105 z po\u0142udnia. Du\u017c\u0105 rol\u0119 w sterowaniu wiatrami odgrywa dolina Sanu. Przeci\u0119tna roczna liczba opad\u00f3w wynosi 750-800 mm. Pokrywa \u015bnie\u017cna utrzymuje si\u0119 od 60 do 150 dni. Pierwsze przymrozki notowane s\u0105 w pa\u017adzierniku, ostatnie w maju. W po\u0142udniowym rejonie Pog\u00f3rza Dynowskiego wyst\u0119puj\u0105 z\u0142o\u017ca \u0142upk\u00f3w bitumicznych. W r\u00f3\u017cnych miejscowo\u015bciach gminy wyst\u0119puj\u0105 wody s\u0142abo zmineralizowane, tzw. wody swoiste, kt\u00f3re mog\u0105 by\u0107 u\u017cywane jako wody sto\u0142owe. Nie s\u0105 one jednak eksploatowane.<\/p>\n\n\n\n<p>Na terenie gminy eksploatuje si\u0119 gliny wykorzystywane niegdy\u015b w cegielniach w Dynowie i w Harcie.<\/p>\n\n\n\n<p>W dolinie Sanu wyst\u0119puj\u0105 udokumentowane z\u0142o\u017ca \u017cwir\u00f3w, z kt\u00f3rych najwi\u0119ksze znajduj\u0105 si\u0119 w miejscowo\u015bciach Bach\u00f3rz i Paw\u0142okoma.<\/p>\n","protected":false},"excerpt":{"rendered":"<p>PO\u0141O\u017bENIE GMINY DYN\u00d3W Gmina Dyn\u00f3w administracyjnie po\u0142o\u017cona jest w powiecie rzeszowskim wojew\u00f3dztwa podkarpackiego. Zajmuje obszar 119&nbsp;km\u00b2&nbsp;&nbsp;i zamieszkuje j\u0105 ponad 7000 os\u00f3b. W jej sk\u0142ad wchodzi dziewi\u0119\u0107 wsi so\u0142eckich. S\u0105 to: &#8211; Bach\u00f3rz&#8211; D\u0105br\u00f3wka Starze\u0144ska&#8211; Dyl\u0105gowa&#8211; Harta&#8211; Lask\u00f3wka&#8211; \u0141ubno&#8211; Paw\u0142okoma&#8211; Ulanica&#8211; Wyr\u0119by Graniczy z nast\u0119puj\u0105cymi gminami: Hy\u017cne, B\u0142a\u017cowa, Bircza, Jawornik Polski, Nozdrzec i Dubiecko. Obszar gminy [&hellip;]<\/p>\n","protected":false},"author":2,"featured_media":0,"parent":0,"menu_order":0,"comment_status":"closed","ping_status":"closed","template":"","meta":{"footnotes":""},"class_list":["post-210","page","type-page","status-publish","hentry"],"featured_image_urls_v2":{"full":"","thumbnail":"","medium":"","medium_large":"","large":"","1536x1536":"","2048x2048":""},"post_excerpt_stackable_v2":"<p>PO\u0141O\u017bENIE GMINY DYN\u00d3W Gmina Dyn\u00f3w administracyjnie po\u0142o\u017cona jest w powiecie rzeszowskim wojew\u00f3dztwa podkarpackiego. Zajmuje obszar 119&nbsp;km\u00b2&nbsp;&nbsp;i zamieszkuje j\u0105 ponad 7000 os\u00f3b. W jej sk\u0142ad wchodzi dziewi\u0119\u0107 wsi so\u0142eckich. S\u0105 to: &#8211; Bach\u00f3rz&#8211; D\u0105br\u00f3wka Starze\u0144ska&#8211; Dyl\u0105gowa&#8211; Harta&#8211; Lask\u00f3wka&#8211; \u0141ubno&#8211; Paw\u0142okoma&#8211; Ulanica&#8211; Wyr\u0119by Graniczy z nast\u0119puj\u0105cymi gminami: Hy\u017cne, B\u0142a\u017cowa, Bircza, Jawornik Polski, Nozdrzec i Dubiecko. Obszar gminy po\u0142o\u017cony w karpackiej cz\u0119\u015bci Dorzecza Sanu, na pograniczu Pog\u00f3rzy Dynowskiego i Przemyskiego charakteryzuje bardzo urozmaicona rze\u017aba terenu. Wzg\u00f3rza osi\u0105gaj\u0105 wysoko\u015b\u0107 330- 335m n.p.m., a najwy\u017cszy punkt, znajduj\u0105cy si\u0119 na po\u0142udniowy \u2013 wsch\u00f3d od Bartk\u00f3wki, wznosi si\u0119 ok. 415 m n.p.m. Nachylenie stok\u00f3w waha si\u0119 w&hellip;<\/p>\n","category_list_v2":"","author_info_v2":{"name":"Zofia Kalawska","url":"https:\/\/gminadynow.pl\/index.php\/author\/zofiakalawska\/"},"comments_num_v2":"0 comments","rttpg_featured_image_url":null,"rttpg_author":{"display_name":"Zofia Kalawska","author_link":"https:\/\/gminadynow.pl\/index.php\/author\/zofiakalawska\/"},"rttpg_comment":0,"rttpg_category":null,"rttpg_excerpt":"PO\u0141O\u017bENIE GMINY DYN\u00d3W Gmina Dyn\u00f3w administracyjnie po\u0142o\u017cona jest w powiecie rzeszowskim wojew\u00f3dztwa podkarpackiego. Zajmuje obszar 119&nbsp;km\u00b2&nbsp;&nbsp;i zamieszkuje j\u0105 ponad 7000 os\u00f3b. W jej sk\u0142ad wchodzi dziewi\u0119\u0107 wsi so\u0142eckich. S\u0105 to: &#8211; Bach\u00f3rz&#8211; D\u0105br\u00f3wka Starze\u0144ska&#8211; Dyl\u0105gowa&#8211; Harta&#8211; Lask\u00f3wka&#8211; \u0141ubno&#8211; Paw\u0142okoma&#8211; Ulanica&#8211; Wyr\u0119by Graniczy z nast\u0119puj\u0105cymi gminami: Hy\u017cne, B\u0142a\u017cowa, Bircza, Jawornik Polski, Nozdrzec i Dubiecko. Obszar gminy&hellip;","_links":{"self":[{"href":"https:\/\/gminadynow.pl\/index.php\/wp-json\/wp\/v2\/pages\/210","targetHints":{"allow":["GET"]}}],"collection":[{"href":"https:\/\/gminadynow.pl\/index.php\/wp-json\/wp\/v2\/pages"}],"about":[{"href":"https:\/\/gminadynow.pl\/index.php\/wp-json\/wp\/v2\/types\/page"}],"author":[{"embeddable":true,"href":"https:\/\/gminadynow.pl\/index.php\/wp-json\/wp\/v2\/users\/2"}],"replies":[{"embeddable":true,"href":"https:\/\/gminadynow.pl\/index.php\/wp-json\/wp\/v2\/comments?post=210"}],"version-history":[{"count":2,"href":"https:\/\/gminadynow.pl\/index.php\/wp-json\/wp\/v2\/pages\/210\/revisions"}],"predecessor-version":[{"id":686,"href":"https:\/\/gminadynow.pl\/index.php\/wp-json\/wp\/v2\/pages\/210\/revisions\/686"}],"wp:attachment":[{"href":"https:\/\/gminadynow.pl\/index.php\/wp-json\/wp\/v2\/media?parent=210"}],"curies":[{"name":"wp","href":"https:\/\/api.w.org\/{rel}","templated":true}]}}