
{"id":209,"date":"2020-10-20T14:37:55","date_gmt":"2020-10-20T12:37:55","guid":{"rendered":"http:\/\/gminadynow.pl\/?page_id=209"},"modified":"2026-02-24T11:37:05","modified_gmt":"2026-02-24T10:37:05","slug":"rodo-klauzula-informacyjna","status":"publish","type":"page","link":"https:\/\/gminadynow.pl\/index.php\/rodo-klauzula-informacyjna\/","title":{"rendered":"RODO"},"content":{"rendered":"\n<p><\/p>\n\n\n\n<p class=\"has-text-align-center\" style=\"font-size:30px\"><strong>RODO<\/strong><\/p>\n\n\n\n<p><a href=\"https:\/\/gminadynow.pl\/wp-content\/uploads\/2025\/07\/GD_Ogolna-polityka-informacyjna-na-strone.pdf\" target=\"_blank\" rel=\"noreferrer noopener\">Og\u00f3lna polityka informacyjna RODO [PDF]<\/a><\/p>\n\n\n\n<p><a href=\"https:\/\/gminadynow.pl\/wp-content\/uploads\/2025\/07\/UGD_Polityka_Prywatnosci_ogolna.pdf\" target=\"_blank\" rel=\"noreferrer noopener\">Polityka prywatno\u015bci og\u00f3lna [PDF]<\/a><\/p>\n\n\n\n<p><a href=\"https:\/\/gminadynow.pl\/wp-content\/uploads\/2025\/07\/Gmina_Dynow_podrecznik-klauzule-informacyjne_W2-004.pdf\" target=\"_blank\" rel=\"noreferrer noopener\">Gmina Dyn\u00f3w- podr\u0119cznik klauzul informacyjnych [PDF]<\/a><\/p>\n\n\n\n<p><a href=\"https:\/\/gminadynow.pl\/wp-content\/uploads\/2025\/07\/IOD-Kontakt.pdf\">Inspektor RODO [PDF]<\/a><\/p>\n\n\n\n<p><\/p>\n","protected":false},"excerpt":{"rendered":"<p>RODO Og\u00f3lna polityka informacyjna RODO [PDF] Polityka prywatno\u015bci og\u00f3lna [PDF] Gmina Dyn\u00f3w- podr\u0119cznik klauzul informacyjnych [PDF] Inspektor RODO [PDF]<\/p>\n","protected":false},"author":2,"featured_media":0,"parent":0,"menu_order":0,"comment_status":"closed","ping_status":"closed","template":"","meta":{"footnotes":""},"class_list":["post-209","page","type-page","status-publish","hentry"],"featured_image_urls_v2":{"full":"","thumbnail":"","medium":"","medium_large":"","large":"","1536x1536":"","2048x2048":""},"post_excerpt_stackable_v2":"<p>RODO Og\u00f3lna polityka informacyjna RODO [PDF] Polityka prywatno\u015bci og\u00f3lna [PDF] Gmina Dyn\u00f3w- podr\u0119cznik klauzul informacyjnych [PDF] Inspektor RODO [PDF]<\/p>\n","category_list_v2":"","author_info_v2":{"name":"Zofia Kalawska","url":"https:\/\/gminadynow.pl\/index.php\/author\/zofiakalawska\/"},"comments_num_v2":"0 comments","rttpg_featured_image_url":null,"rttpg_author":{"display_name":"Zofia Kalawska","author_link":"https:\/\/gminadynow.pl\/index.php\/author\/zofiakalawska\/"},"rttpg_comment":0,"rttpg_category":null,"rttpg_excerpt":"RODO Og\u00f3lna polityka informacyjna RODO [PDF] Polityka prywatno\u015bci og\u00f3lna [PDF] Gmina Dyn\u00f3w- podr\u0119cznik klauzul informacyjnych [PDF] Inspektor RODO [PDF]","_links":{"self":[{"href":"https:\/\/gminadynow.pl\/index.php\/wp-json\/wp\/v2\/pages\/209","targetHints":{"allow":["GET"]}}],"collection":[{"href":"https:\/\/gminadynow.pl\/index.php\/wp-json\/wp\/v2\/pages"}],"about":[{"href":"https:\/\/gminadynow.pl\/index.php\/wp-json\/wp\/v2\/types\/page"}],"author":[{"embeddable":true,"href":"https:\/\/gminadynow.pl\/index.php\/wp-json\/wp\/v2\/users\/2"}],"replies":[{"embeddable":true,"href":"https:\/\/gminadynow.pl\/index.php\/wp-json\/wp\/v2\/comments?post=209"}],"version-history":[{"count":38,"href":"https:\/\/gminadynow.pl\/index.php\/wp-json\/wp\/v2\/pages\/209\/revisions"}],"predecessor-version":[{"id":7194,"href":"https:\/\/gminadynow.pl\/index.php\/wp-json\/wp\/v2\/pages\/209\/revisions\/7194"}],"wp:attachment":[{"href":"https:\/\/gminadynow.pl\/index.php\/wp-json\/wp\/v2\/media?parent=209"}],"curies":[{"name":"wp","href":"https:\/\/api.w.org\/{rel}","templated":true}]}}