
{"id":205,"date":"2020-10-20T11:55:44","date_gmt":"2020-10-20T09:55:44","guid":{"rendered":"http:\/\/gminadynow.pl\/?page_id=205"},"modified":"2026-02-24T11:46:25","modified_gmt":"2026-02-24T10:46:25","slug":"solectwa","status":"publish","type":"page","link":"https:\/\/gminadynow.pl\/index.php\/solectwa\/","title":{"rendered":"So\u0142ectwa"},"content":{"rendered":"\n<h2 class=\"wp-block-heading has-text-align-center\" style=\"font-size:30px\">So\u0142ectwa<\/h2>\n\n\n\n<div class=\"wp-block-ugb-accordion ugb-accordion ugb-198fb99 ugb-accordion--v2 ugb-accordion--design-basic ugb-main-block\" aria-expanded=\"false\"><style>.ugb-198fb99 .ugb-accordion__heading{border-radius:13px !important}<\/style><div class=\"ugb-inner-block\"><div class=\"ugb-block-content\"><div class=\"ugb-accordion__item\"><div class=\"ugb-accordion__heading ugb--shadow-5\" role=\"button\" tabindex=\"0\"><h4 class=\"ugb-accordion__title\" role=\"heading\" aria-level=\"3\">Wykaz so\u0142ectw<\/h4><svg viewbox=\"0 0 20 20\" xmlns=\"http:\/\/www.w3.org\/2000\/svg\" class=\"ugb-accordion__arrow\" width=\"20\" height=\"20\"><path d=\"M16.7 3.3L10 10 3.3 3.4 0 6.7l10 10v-.1l10-9.9z\"><\/path><\/svg><\/div><div class=\"ugb-accordion__content\" role=\"region\"><div class=\"ugb-accordion__content-inner\">\n\n<p><strong>Wykaz so\u0142ectw&nbsp;<\/strong><\/p>\n\n\n<p>Gmina tworzy jednostki pomocnicze:&nbsp;<strong>so\u0142ectwa<\/strong>. S\u0105 one bardzo wa\u017cnym ogniwem w strukturach samorz\u0105dowych. Do zada\u0144 so\u0142ectwa nale\u017cy udzia\u0142 w rozpatrywaniu spraw socjalno-bytowych, kulturalnych, sportu i wypoczynku i innych zwi\u0105zanych z miejscem zamieszkania, wsp\u00f3\u0142uczestnictwo w organizowaniu i przeprowadzaniu przez rad\u0119 Gminy konsultacji spo\u0142ecznych projekt\u00f3w uchwa\u0142 w sprawach o podstawowym znaczeniu dla mieszka\u0144c\u00f3w so\u0142ectwa, organizowanie wsp\u00f3lnych prac na rzecz miejsca zamieszkania, tworzenie pomocy s\u0105siedzkiej, sprawowanie kontroli spo\u0142ecznej nad dzia\u0142alno\u015bci\u0105 jednostek organizacyjnych zwi\u0105zanych z warunkami \u017cycia na wsi, wsp\u00f3\u0142praca z radnymi z terenu so\u0142ectwa. Szczeg\u00f3\u0142ow\u0105 organizacj\u0119 i tryb dzia\u0142ania so\u0142tysa i rady so\u0142eckiej okre\u015bla statut so\u0142ectwa.<\/p>\n\n\n<p><strong>W sk\u0142ad Gminy Dyn\u00f3w wchodzi&nbsp;&nbsp;9 so\u0142ectw:<\/strong><a href=\"https:\/\/www.gminaskawina.pl\/data\/images\/aktualnosci\/so%C5%82ectwa%20zarys.JPG\"><\/a><\/p>\n\n\n<ol class=\"wp-block-list\" type=\"1\"><li>Bach\u00f3rz<\/li><li>D\u0105br\u00f3wka Starze\u0144ska<\/li><li>Dyl\u0105gowa<\/li><li>Harta<\/li><li>Lask\u00f3wka<\/li><li>\u0141ubno<\/li><li>Paw\u0142okoma<\/li><li>Ulanica<\/li><li>Wyr\u0119by<\/li><\/ol>\n\n<\/div><\/div><\/div><\/div><\/div><\/div>\n\n\n\n<div class=\"wp-block-ugb-accordion ugb-accordion ugb-0dccbe5 ugb-accordion--v2 ugb-accordion--design-basic ugb-main-block\" aria-expanded=\"false\"><style>.ugb-0dccbe5 .ugb-accordion__heading{border-radius:13px !important}<\/style><div class=\"ugb-inner-block\"><div class=\"ugb-block-content\"><div class=\"ugb-accordion__item\"><div class=\"ugb-accordion__heading ugb--shadow-5\" role=\"button\" tabindex=\"0\"><h4 class=\"ugb-accordion__title\">Wykaz so\u0142tys\u00f3w 2024-2029<\/h4><svg xmlns=\"http:\/\/www.w3.org\/2000\/svg\" viewBox=\"0 0 20 20\" class=\"ugb-accordion__arrow\" width=\"20\" height=\"20\"><path d=\"M16.7 3.3L10 10 3.3 3.4 0 6.7l10 10v-.1l10-9.9z\"><\/path><\/svg><\/div><div class=\"ugb-accordion__content\" role=\"region\"><div class=\"ugb-accordion__content-inner\">\n<figure class=\"wp-block-table is-style-regular\"><table><tbody><tr><td>LP<\/td><td>IMI\u0118<\/td><td>NAZWISKO<\/td><td>DATA WYBOR\u00d3W<\/td><td>MIEJSCOWO\u015a\u0106&nbsp;<\/td><td>NR<\/td><td>telefon<\/td><td>KOD POCZTOWY&nbsp;<\/td><td>ADRES MAILOWY<\/td><td>Statuty<\/td><\/tr><tr><td>1<\/td><td><strong>Stanis\u0142aw<\/strong><\/td><td><strong>Hadam<\/strong><\/td><td>07.07.2024r.<\/td><td><strong>Bach\u00f3rz<\/strong><\/td><td>104<\/td><td>788196655<\/td><td>36-068 Bach\u00f3rz<\/td><td>soltys.bachorz@gminadynow.pl<\/td><td>&nbsp;<\/td><\/tr><tr><td>2<\/td><td><strong>Bernadetta<\/strong><\/td><td><strong>Kara\u015b<\/strong><\/td><td>07.07.2024r.<\/td><td><strong>D\u0105br\u00f3wka Starze\u0144ska<\/strong><\/td><td>135<\/td><td>660634085<\/td><td>36-065 Dyn\u00f3w<\/td><td>soltys.dabrowka@gminadynow.pl<\/td><td>&nbsp;<\/td><\/tr><tr><td>3<\/td><td><strong>Dariusz&nbsp;<\/strong><\/td><td><strong>Rado\u0144<\/strong><\/td><td>04.08.2024r.<\/td><td><strong>Dyl\u0105gowa<\/strong><\/td><td>154<\/td><td>&nbsp;692221705<\/td><td>36-069 Dyl\u0105gowa<\/td><td>soltys.dylagowa@gminadynow.pl<\/td><td>&nbsp;<\/td><\/tr><tr><td>4<\/td><td><strong>Piotr <\/strong><\/td><td><strong>Ko\u015bmider<\/strong><\/td><td>21.07.2024r.<\/td><td><strong>Harta<\/strong><\/td><td>34<\/td><td>886279639<\/td><td>36-067&nbsp;Harta<\/td><td>soltys.harta@gminadynow.pl<\/td><td>&nbsp;<\/td><\/tr><tr><td>5<\/td><td><strong>Pawe\u0142 <\/strong><\/td><td><strong>\u017bak<\/strong><\/td><td>14.07.2024r.<\/td><td><strong>Lask\u00f3wka<\/strong><\/td><td>102<\/td><td><\/td><td>36-068 Bach\u00f3rz<\/td><td>soltys.laskowka@gminadynow.pl<\/td><td>&nbsp;<\/td><\/tr><tr><td>6<\/td><td><strong>Iwona<\/strong><\/td><td><strong>Jab\u0142o\u0144ska-Gierula<\/strong><\/td><td>28.07.2024r.<\/td><td><strong>\u0141ubno<\/strong><\/td><td>293<\/td><td>&nbsp;<\/td><td>36-065 Dyn\u00f3w<\/td><td>soltys.lubno@gminadynow.pl<\/td><td>&nbsp;<\/td><\/tr><tr><td>7<\/td><td><strong>Wies\u0142aw <\/strong><\/td><td><strong>Siry<\/strong><\/td><td>04.08.2024r.<\/td><td><strong>Paw\u0142okoma<\/strong><\/td><td><\/td><td>660988131<\/td><td>36-065 Dyn\u00f3w<\/td><td>soltys.pawlokoma@gminadynow.pl<\/td><td>&nbsp;<\/td><\/tr><tr><td>8<\/td><td><strong>Agnieszka<\/strong><\/td><td><strong>Karnas<\/strong><\/td><td>21.07.2024r.<\/td><td><strong>Ulanica<\/strong><\/td><td>34<\/td><td>&nbsp;<\/td><td>36-065 Dyn\u00f3w<\/td><td>soltys.ulanica@gminadynow.pl<\/td><td>&nbsp;<\/td><\/tr><tr><td>9<\/td><td><strong>Agnieszka&nbsp;<\/strong><\/td><td><strong>Wr\u00f3bel<\/strong><\/td><td>14.07.2024r.<\/td><td><strong>Wyr\u0119by<\/strong><\/td><td>19A<\/td><td>&nbsp;<\/td><td>36-065 Dyn\u00f3w<\/td><td>soltys.wyreby@gminadynow.pl<\/td><td>&nbsp;<\/td><\/tr><\/tbody><\/table><figcaption class=\"wp-element-caption\">Z.Kalawska-Sekretarz Gminy<\/figcaption><\/figure>\n<\/div><\/div><\/div><\/div><\/div><\/div>\n","protected":false},"excerpt":{"rendered":"<p>So\u0142ectwa Wykaz so\u0142ectw&nbsp; Gmina tworzy jednostki pomocnicze:&nbsp;so\u0142ectwa. S\u0105 one bardzo wa\u017cnym ogniwem w strukturach samorz\u0105dowych. Do zada\u0144 so\u0142ectwa nale\u017cy udzia\u0142 w rozpatrywaniu spraw socjalno-bytowych, kulturalnych, sportu i wypoczynku i innych zwi\u0105zanych z miejscem zamieszkania, wsp\u00f3\u0142uczestnictwo w organizowaniu i przeprowadzaniu przez rad\u0119 Gminy konsultacji spo\u0142ecznych projekt\u00f3w uchwa\u0142 w sprawach o podstawowym znaczeniu dla mieszka\u0144c\u00f3w so\u0142ectwa, organizowanie [&hellip;]<\/p>\n","protected":false},"author":2,"featured_media":0,"parent":0,"menu_order":0,"comment_status":"closed","ping_status":"closed","template":"","meta":{"footnotes":""},"class_list":["post-205","page","type-page","status-publish","hentry"],"featured_image_urls_v2":{"full":"","thumbnail":"","medium":"","medium_large":"","large":"","1536x1536":"","2048x2048":""},"post_excerpt_stackable_v2":"<p>So\u0142ectwa Wykaz so\u0142ectw Wykaz so\u0142ectw&nbsp; Gmina tworzy jednostki pomocnicze:&nbsp;so\u0142ectwa. S\u0105 one bardzo wa\u017cnym ogniwem w strukturach samorz\u0105dowych. Do zada\u0144 so\u0142ectwa nale\u017cy udzia\u0142 w rozpatrywaniu spraw socjalno-bytowych, kulturalnych, sportu i wypoczynku i innych zwi\u0105zanych z miejscem zamieszkania, wsp\u00f3\u0142uczestnictwo w organizowaniu i przeprowadzaniu przez rad\u0119 Gminy konsultacji spo\u0142ecznych projekt\u00f3w uchwa\u0142 w sprawach o podstawowym znaczeniu dla mieszka\u0144c\u00f3w so\u0142ectwa, organizowanie wsp\u00f3lnych prac na rzecz miejsca zamieszkania, tworzenie pomocy s\u0105siedzkiej, sprawowanie kontroli spo\u0142ecznej nad dzia\u0142alno\u015bci\u0105 jednostek organizacyjnych zwi\u0105zanych z warunkami \u017cycia na wsi, wsp\u00f3\u0142praca z radnymi z terenu so\u0142ectwa. Szczeg\u00f3\u0142ow\u0105 organizacj\u0119 i tryb dzia\u0142ania so\u0142tysa i rady so\u0142eckiej okre\u015bla statut so\u0142ectwa. W sk\u0142ad Gminy&hellip;<\/p>\n","category_list_v2":"","author_info_v2":{"name":"Zofia Kalawska","url":"https:\/\/gminadynow.pl\/index.php\/author\/zofiakalawska\/"},"comments_num_v2":"0 comments","rttpg_featured_image_url":null,"rttpg_author":{"display_name":"Zofia Kalawska","author_link":"https:\/\/gminadynow.pl\/index.php\/author\/zofiakalawska\/"},"rttpg_comment":0,"rttpg_category":null,"rttpg_excerpt":"So\u0142ectwa Wykaz so\u0142ectw&nbsp; Gmina tworzy jednostki pomocnicze:&nbsp;so\u0142ectwa. S\u0105 one bardzo wa\u017cnym ogniwem w strukturach samorz\u0105dowych. Do zada\u0144 so\u0142ectwa nale\u017cy udzia\u0142 w rozpatrywaniu spraw socjalno-bytowych, kulturalnych, sportu i wypoczynku i innych zwi\u0105zanych z miejscem zamieszkania, wsp\u00f3\u0142uczestnictwo w organizowaniu i przeprowadzaniu przez rad\u0119 Gminy konsultacji spo\u0142ecznych projekt\u00f3w uchwa\u0142 w sprawach o podstawowym znaczeniu dla mieszka\u0144c\u00f3w so\u0142ectwa, organizowanie&hellip;","_links":{"self":[{"href":"https:\/\/gminadynow.pl\/index.php\/wp-json\/wp\/v2\/pages\/205","targetHints":{"allow":["GET"]}}],"collection":[{"href":"https:\/\/gminadynow.pl\/index.php\/wp-json\/wp\/v2\/pages"}],"about":[{"href":"https:\/\/gminadynow.pl\/index.php\/wp-json\/wp\/v2\/types\/page"}],"author":[{"embeddable":true,"href":"https:\/\/gminadynow.pl\/index.php\/wp-json\/wp\/v2\/users\/2"}],"replies":[{"embeddable":true,"href":"https:\/\/gminadynow.pl\/index.php\/wp-json\/wp\/v2\/comments?post=205"}],"version-history":[{"count":10,"href":"https:\/\/gminadynow.pl\/index.php\/wp-json\/wp\/v2\/pages\/205\/revisions"}],"predecessor-version":[{"id":7252,"href":"https:\/\/gminadynow.pl\/index.php\/wp-json\/wp\/v2\/pages\/205\/revisions\/7252"}],"wp:attachment":[{"href":"https:\/\/gminadynow.pl\/index.php\/wp-json\/wp\/v2\/media?parent=205"}],"curies":[{"name":"wp","href":"https:\/\/api.w.org\/{rel}","templated":true}]}}