
{"id":152,"date":"2020-10-18T21:30:56","date_gmt":"2020-10-18T19:30:56","guid":{"rendered":"http:\/\/gminadynow.pl\/?page_id=152"},"modified":"2026-02-25T09:25:09","modified_gmt":"2026-02-25T08:25:09","slug":"jednostki-organizacyjne","status":"publish","type":"page","link":"https:\/\/gminadynow.pl\/index.php\/jednostki-organizacyjne\/","title":{"rendered":"Jednostki organizacyjne"},"content":{"rendered":"\r\n<p class=\"has-text-align-center\" style=\"font-size: 30px;\"><strong>Jednostki organizacyjne<\/strong><\/p>\r\n\r\n\r\n\r\n<div class=\"wp-block-ugb-accordion ugb-accordion ugb-6a7de8c ugb-accordion--v2 ugb-accordion--design-basic ugb-main-block\" aria-expanded=\"false\"><style>.ugb-6a7de8c .ugb-accordion__heading{border-radius:13px !important}<\/style>\r\n<div class=\"ugb-inner-block\">\r\n<div class=\"ugb-block-content\">\r\n<div class=\"ugb-accordion__item\">\r\n<div class=\"ugb-accordion__heading ugb--shadow-5\" tabindex=\"0\" role=\"button\">\r\n<h4 class=\"ugb-accordion__title\" role=\"heading\" aria-level=\"3\">Co to s\u0105 jednostki organizacyjne gminy?<\/h4>\r\n<\/div>\r\n<div class=\"ugb-accordion__content\" role=\"region\">\r\n<div class=\"ugb-accordion__content-inner\">\r\n<p><strong>Jednostki organizacyjne Gminy Dyn\u00f3w<\/strong>\u00a0to jednostki utworzone do realizacji zada\u0144 Gminy, kt\u00f3rej celem jest zaspokajanie zbiorowych potrzeb wsp\u00f3lnoty samorz\u0105dowej, tworzenie warunk\u00f3w do racjonalnego i harmonijnego rozwoju Gminy oraz warunk\u00f3w pe\u0142nego uczestnictwa mieszka\u0144c\u00f3w w \u017cyciu wsp\u00f3lnoty.<\/p>\r\n\r\n\r\n\r\n<p>Zgodnie z Ustaw\u0105 o samorz\u0105dzie gminnym (art. 9) w celu wykonywania zada\u0144 gmina mo\u017ce tworzy\u0107 jednostki organizacyjne, a tak\u017ce zawiera\u0107 umowy z innymi podmiotami, w tym z organizacjami pozarz\u0105dowymi. Gmina oraz inna gminna osoba prawna mo\u017ce prowadzi\u0107 dzia\u0142alno\u015b\u0107 gospodarcz\u0105 wykraczaj\u0105c\u0105 poza zadania o charakterze u\u017cyteczno\u015bci publicznej wy\u0142\u0105cznie w przypadkach okre\u015blonych w odr\u0119bnej ustawie. Formy prowadzenia gospodarki gminnej, w tym wykonywania przez gmin\u0119 zada\u0144 o charakterze u\u017cyteczno\u015bci publicznej, okre\u015bla odr\u0119bna ustawa.<br \/><br \/>Zadaniami u\u017cyteczno\u015bci publicznej, w rozumieniu ustawy, s\u0105 zadania w\u0142asne gminy, okre\u015blone w art. 7 ust. 1, kt\u00f3rych celem jest bie\u017c\u0105ce i nieprzerwane zaspokajanie zbiorowych potrzeb ludno\u015bci w drodze \u015bwiadczenia us\u0142ug powszechnie dost\u0119pnych.<br \/>Wg art. 10 wykonywanie zada\u0144 publicznych mo\u017ce by\u0107 realizowane w drodze wsp\u00f3\u0142dzia\u0142ania mi\u0119dzy jednostkami samorz\u0105du terytorialnego. Gminy, zwi\u0105zki mi\u0119dzygminne oraz stowarzyszenia jednostek samorz\u0105du terytorialnego mog\u0105 sobie wzajemnie b\u0105d\u017a innym jednostkom samorz\u0105du terytorialnego udziela\u0107 pomocy, w tym pomocy finansowej.<\/p>\r\n<\/div>\r\n<\/div>\r\n<\/div>\r\n<\/div>\r\n<\/div>\r\n<\/div>\r\n\r\n\r\n\r\n<div class=\"wp-block-ugb-accordion ugb-accordion ugb-96e27f5 ugb-accordion--v2 ugb-accordion--design-basic ugb-main-block\" aria-expanded=\"false\"><style>.ugb-96e27f5 .ugb-accordion__heading{border-radius:13px !important}<\/style>\r\n<div class=\"ugb-inner-block\">\r\n<div class=\"ugb-block-content\">\r\n<div class=\"ugb-accordion__item\">\r\n<div class=\"ugb-accordion__heading ugb--shadow-5\" tabindex=\"0\" role=\"button\">\r\n<h4 class=\"ugb-accordion__title\" role=\"heading\" aria-level=\"3\">Wykazy jednostek organizacyjnych Gminy Dyn\u00f3w<\/h4>\r\n<\/div>\r\n<div class=\"ugb-accordion__content\" role=\"region\">\r\n<div class=\"ugb-accordion__content-inner\">\r\n<p>Gmina posiada nast\u0119puj\u0105ce jednostki organizacyjne:<\/p>\r\n\r\n\r\n\r\n<ul class=\"wp-block-list\">\r\n<li>Jednostki bud\u017cetowe;<\/li>\r\n<li>Zak\u0142ady bud\u017cetowe;<\/li>\r\n<li>Instytucje kultury<\/li>\r\n<\/ul>\r\n\r\n\r\n\r\n<h3 class=\"has-text-align-center wp-block-heading\"><strong>Jednostki bud\u017cetowe Gminy Dyn\u00f3w:<\/strong><\/h3>\r\n\r\n\r\n\r\n<ol class=\"wp-block-list\" start=\"1\" type=\"1\">\r\n<li><strong>Gminny O\u015brodek Pomocy Spo\u0142ecznej w Dynowie<\/strong><\/li>\r\n<\/ol>\r\n\r\n\r\n\r\n<p>36-065 Dyn\u00f3w,\u00a0\u00a0ul. Ks. J. O\u017coga 2<br \/>Kierownik Jednostki<strong>:\u00a0<\/strong>p.o. Beata Ku\u017cniarska<br \/>tel.17 2300 104<br \/>NIP 8133108568<br \/>REGON 650900275<br \/>nr konta: 42 9093 0007 2001 0020 6813 0001<\/p>\r\n\r\n\r\n\r\n<ol class=\"wp-block-list\" start=\"2\">\r\n<li><strong>SZKO\u0141A PODSTAWOWA\u00a0\u00a0W BACH\u00d3RZU\u00a0\u00a0<\/strong><\/li>\r\n<\/ol>\r\n\r\n\r\n\r\n<p>36-068 Bach\u00f3rz 187<br \/>Kierownik Jednostki<strong>:\u00a0<\/strong>J\u00f3zef Stolarczyk<br \/>tel. 16 6523011<br \/>NIP 8133754311<br \/>REGON 691678824<br \/>RSPO 49097<br \/>e-mail: <a href=\"mailto:spbachorz@gminadynow.pl\">spbachorz@gminadynow.pl<\/a><br \/><a href=\"http:\/\/www.bachorz-szkola.pl\/\" data-type=\"URL\" data-id=\"http:\/\/www.bachorz-szkola.pl\/\">www.bachorz-szkola.pl<\/a><br \/>nr konta: 25 9093 0007 2001 0020 6944 0001<\/p>\r\n\r\n\r\n\r\n<p>3. <strong>SZKO\u0141A PODSTAWOWA W\u00a0\u00a0DYL\u0104GOWEJ\u00a0<\/strong><\/p>\r\n\r\n\r\n\r\n<p>36-069 Dyl\u0105gowa 44<br \/>Kierownik Jednostki: J\u00f3zef Sarnicki<br \/>tel. 16 6522850<br \/>NIP 8133147976<br \/>REGON 001206979<br \/>RSPO 72296<br \/>e-mail:\u00a0<a href=\"mailto:spdylagowa@gminadynow.pl\">spdylagowa@gminadynow.pl<\/a><br \/><a href=\"https:\/\/www.spdylagowa.szkolna.net\/\">www.spdylagowa.szkolna.net<\/a><br \/>nr konta: 24 9093 0007 2001 0020 6946 0001<br \/>4. <strong>SZKO\u0141A PODSTAWOWA\u00a0\u00a0Nr 1 im. Bohater\u00f3w Walk Ch\u0142opskich W HARCIE\u00a0<\/strong><\/p>\r\n\r\n\r\n\r\n<p>36-067 Harta 106<br \/>Kierownik Jednostki:<strong>\u00a0<\/strong>Krzysztof K\u0119dzierski<br \/>tel. 16 6521766<br \/>NIP 8133754305<br \/>REGON 691678830<br \/>RSPO 49098<br \/>e-mail:\u00a0<a href=\"mailto:spharta@gminadynow.pl\">spharta@gminadynow.pl<\/a><br \/><a href=\"https:\/\/www.zsharta.superszkolna.pl\/\">www.zsharta.superszkolna.pl<\/a><br \/>nr konta: 72 9093 0007 2001 0020 6947 0001<\/p>\r\n\r\n\r\n\r\n<p>5. <strong>SZKO\u0141A PODSTAWOWA\u00a0\u00a0W \u0141UBNIE<\/strong><\/p>\r\n\r\n\r\n\r\n<p>36-065 Dyn\u00f3w, \u0141ubno 82<br \/>Kierownik Jednostki:<strong>\u00a0<\/strong>Roman Mryczko<br \/>tel. 16 6521039<br \/>NIP 8133754423<br \/>REGON 691678847<br \/>RSPO 49138<br \/>e-mail:\u00a0<a href=\"mailto:splubno@gminadynow.pl\">splubno@gminadynow.pl<\/a><br \/><a href=\"http:\/\/www.splubno.eu\/\">www.splubno.eu<\/a><br \/>nr konta: 22 9093 0007 2001 0020 6950 0001<\/p>\r\n\r\n\r\n\r\n<p><br \/>6. <strong>SZKO\u0141A PODSTAWOWA\u00a0\u00a0W PAW\u0141OKOMIE<\/strong><\/p>\r\n\r\n\r\n\r\n<p>36-065 Dyn\u00f3w, Paw\u0142okoma 24<br \/>Kierownik Jednostki:<strong>\u00a0<\/strong>Marek Mo\u0142o\u0144<br \/>tel. 16 6522030, 31<br \/>NIP 8133754280<br \/>REGON 691678860<br \/>RSPO 49238<br \/>e-mail:\u00a0<a href=\"mailto:sppawlokoma@gminadynow.pl\">sppawlokoma@gminadynow.pl<\/a><br \/><a href=\"https:\/\/www.szkola-pawlokoma.pl\/\">www.szkola-pawlokoma.pl<\/a><br \/>nr konta: 70 9093 0007 2001 0020 6951 0001<\/p>\r\n\r\n\r\n\r\n<p>&nbsp;<\/p>\r\n\r\n\r\n\r\n<div class=\"wp-block-group\">\r\n<div class=\"wp-block-group__inner-container is-layout-flow wp-block-group-is-layout-flow\">\r\n<h3 class=\"has-text-align-center wp-block-heading\"><strong>\u00a0Zak\u0142ady bud\u017cetowe Gminy Dyn\u00f3w:<\/strong><\/h3>\r\n\r\n\r\n\r\n<ol class=\"wp-block-list\" type=\"1\">\r\n<li><strong>ZAK\u0141AD WODOCI\u0104GOWO-KANALIZACYJNY i GOSPODARKI MIESZKANIOWEJ Z SIEDZIB\u0104 W DYNOWIE<\/strong><\/li>\r\n<\/ol>\r\n\r\n\r\n\r\n<p>36-065 Dyn\u00f3w, ul. Ks. J. O\u017coga 2<br \/>Kierownik Jednostki:<strong>\u00a0<\/strong>Adam Kie\u0142basa<br \/>tel. 17 2300125<br \/>NIP 8133334359<br \/>REGON 691765457\u00a0<br \/>nr konta: 82\u00a0\u00a09093 0007 2001 0020 6733 0001<\/p>\r\n\r\n\r\n\r\n<h3 class=\"has-text-align-center wp-block-heading\"><strong>\u00a0\u00a0\u00a0\u00a0\u00a0\u00a0\u00a0\u00a0\u00a0Instytucje kultury Gminy Dyn\u00f3w:<\/strong><\/h3>\r\n\r\n\r\n\r\n<ol class=\"wp-block-list\" type=\"1\">\r\n<li><strong>GMINNA BIBLIOTEKA PUBLICZNA W DYNOWIE Z\/S w BACH\u00d3RZU<\/strong><\/li>\r\n<\/ol>\r\n\r\n\r\n\r\n<p>36-068 Bach\u00f3rz 85B<br \/>Dyrektor Jednostki:<strong>\u00a0<\/strong>Mariola Kaczor<br \/>Bibliotekarz:\u00a0 Katarzyna Sokolik<br \/>tel. 17 22 942 49<br \/>NIP 8133451094<br \/>REGON 180118934<\/p>\r\n<p><a href=\"mailto:gbp@gminadynow.pl\">gbp@gminadynow.pl<\/a><\/p>\r\n<p><a href=\"https:\/\/dynow.naszabiblioteka.com\" data-type=\"URL\" data-id=\"https:\/\/dynow.naszabiblioteka.com\">www.dynow.naszabiblioteka.com<\/a><br \/>nr konta: 19\u00a0\u00a09093 0007 2001 0020 0055 0001<\/p>\r\n\r\n\r\n\r\n<ul class=\"wp-block-list\">\r\n<li><strong>Filia 1 D\u0105br\u00f3wka Starze\u0144ska<\/strong><\/li>\r\n<\/ul>\r\n\r\n\r\n\r\n<p>Lokalizacja:\u00a0 Szko\u0142a Podstawowa<br \/>Bibliotekarz:<strong>\u00a0\u00a0<\/strong>\u00a0Agnieszka Karnas<\/p>\r\n\r\n\r\n\r\n<ul class=\"wp-block-list\">\r\n<li><strong>Filia 2 Dyl\u0105gowa<\/strong><\/li>\r\n<\/ul>\r\n\r\n\r\n\r\n<p>Lokalizacja:\u00a0\u00a0\u00a0Zesp\u00f3\u0142 Szk\u00f3\u0142 nr 5 w Dyl\u0105gowej<br \/>Bibliotekarz:\u00a0 Ewelina Potoczny<\/p>\r\n\r\n\r\n\r\n<ul class=\"wp-block-list\">\r\n<li><strong>Filia 3\u00a0 Harta<\/strong><\/li>\r\n<\/ul>\r\n\r\n\r\n\r\n<p>Lokalizacja: Dom Ludowy w Harcie<br \/>Adres: Harta 225, 36-067 Harta<br \/>tel. 17 230 14 66<br \/>kom. 668 822\u00a0189<br \/>Bibliotekarz: Maria Pa\u0142ac<\/p>\r\n\r\n\r\n\r\n\r\n\r\n<ul class=\"wp-block-list\">\r\n<li><strong>Filia 6 \u0141ubno<\/strong><\/li>\r\n<\/ul>\r\n\r\n\r\n\r\n<p>Lokalizacja:\u00a0Dom Ludowy w \u0141ubnie<br \/>Bibliotekarz:\u00a0 Krystyna Sie\u0144ko<\/p>\r\n\r\n\r\n\r\n<ul class=\"wp-block-list\">\r\n<li><strong>Filia 7 Ulanica<\/strong><\/li>\r\n<\/ul>\r\n\r\n\r\n\r\n<p>Lokalizacja: Szko\u0142a Podstawowa<br \/>Bibliotekarz: Agnieszka Karnas<\/p>\r\n<\/div>\r\n<\/div>\r\n\r\n\r\n\r\n<p>&nbsp;<\/p>\r\n<\/div>\r\n<\/div>\r\n<\/div>\r\n<\/div>\r\n<\/div>\r\n<\/div>\r\n","protected":false},"excerpt":{"rendered":"<p>Jednostki organizacyjne Jednostki organizacyjne Gminy Dyn\u00f3w\u00a0to jednostki utworzone do realizacji zada\u0144 Gminy, kt\u00f3rej celem jest zaspokajanie zbiorowych potrzeb wsp\u00f3lnoty samorz\u0105dowej, tworzenie warunk\u00f3w do racjonalnego i harmonijnego rozwoju Gminy oraz warunk\u00f3w pe\u0142nego uczestnictwa mieszka\u0144c\u00f3w w \u017cyciu wsp\u00f3lnoty. Zgodnie z Ustaw\u0105 o samorz\u0105dzie gminnym (art. 9) w celu wykonywania zada\u0144 gmina mo\u017ce tworzy\u0107 jednostki organizacyjne, a tak\u017ce [&hellip;]<\/p>\n","protected":false},"author":1,"featured_media":0,"parent":0,"menu_order":0,"comment_status":"closed","ping_status":"closed","template":"","meta":{"footnotes":""},"class_list":["post-152","page","type-page","status-publish","hentry"],"featured_image_urls_v2":{"full":"","thumbnail":"","medium":"","medium_large":"","large":"","1536x1536":"","2048x2048":""},"post_excerpt_stackable_v2":"<p>Jednostki organizacyjne Co to s\u0105 jednostki organizacyjne gminy? Jednostki organizacyjne Gminy Dyn\u00f3w\u00a0to jednostki utworzone do realizacji zada\u0144 Gminy, kt\u00f3rej celem jest zaspokajanie zbiorowych potrzeb wsp\u00f3lnoty samorz\u0105dowej, tworzenie warunk\u00f3w do racjonalnego i harmonijnego rozwoju Gminy oraz warunk\u00f3w pe\u0142nego uczestnictwa mieszka\u0144c\u00f3w w \u017cyciu wsp\u00f3lnoty. Zgodnie z Ustaw\u0105 o samorz\u0105dzie gminnym (art. 9) w celu wykonywania zada\u0144 gmina mo\u017ce tworzy\u0107 jednostki organizacyjne, a tak\u017ce zawiera\u0107 umowy z innymi podmiotami, w tym z organizacjami pozarz\u0105dowymi. Gmina oraz inna gminna osoba prawna mo\u017ce prowadzi\u0107 dzia\u0142alno\u015b\u0107 gospodarcz\u0105 wykraczaj\u0105c\u0105 poza zadania o charakterze u\u017cyteczno\u015bci publicznej wy\u0142\u0105cznie w przypadkach okre\u015blonych w odr\u0119bnej ustawie. Formy prowadzenia gospodarki gminnej, w&hellip;<\/p>\n","category_list_v2":"","author_info_v2":{"name":"admin","url":"https:\/\/gminadynow.pl\/index.php\/author\/admin\/"},"comments_num_v2":"0 comments","rttpg_featured_image_url":null,"rttpg_author":{"display_name":"admin","author_link":"https:\/\/gminadynow.pl\/index.php\/author\/admin\/"},"rttpg_comment":0,"rttpg_category":null,"rttpg_excerpt":"Jednostki organizacyjne Jednostki organizacyjne Gminy Dyn\u00f3w\u00a0to jednostki utworzone do realizacji zada\u0144 Gminy, kt\u00f3rej celem jest zaspokajanie zbiorowych potrzeb wsp\u00f3lnoty samorz\u0105dowej, tworzenie warunk\u00f3w do racjonalnego i harmonijnego rozwoju Gminy oraz warunk\u00f3w pe\u0142nego uczestnictwa mieszka\u0144c\u00f3w w \u017cyciu wsp\u00f3lnoty. Zgodnie z Ustaw\u0105 o samorz\u0105dzie gminnym (art. 9) w celu wykonywania zada\u0144 gmina mo\u017ce tworzy\u0107 jednostki organizacyjne, a tak\u017ce&hellip;","_links":{"self":[{"href":"https:\/\/gminadynow.pl\/index.php\/wp-json\/wp\/v2\/pages\/152","targetHints":{"allow":["GET"]}}],"collection":[{"href":"https:\/\/gminadynow.pl\/index.php\/wp-json\/wp\/v2\/pages"}],"about":[{"href":"https:\/\/gminadynow.pl\/index.php\/wp-json\/wp\/v2\/types\/page"}],"author":[{"embeddable":true,"href":"https:\/\/gminadynow.pl\/index.php\/wp-json\/wp\/v2\/users\/1"}],"replies":[{"embeddable":true,"href":"https:\/\/gminadynow.pl\/index.php\/wp-json\/wp\/v2\/comments?post=152"}],"version-history":[{"count":26,"href":"https:\/\/gminadynow.pl\/index.php\/wp-json\/wp\/v2\/pages\/152\/revisions"}],"predecessor-version":[{"id":7893,"href":"https:\/\/gminadynow.pl\/index.php\/wp-json\/wp\/v2\/pages\/152\/revisions\/7893"}],"wp:attachment":[{"href":"https:\/\/gminadynow.pl\/index.php\/wp-json\/wp\/v2\/media?parent=152"}],"curies":[{"name":"wp","href":"https:\/\/api.w.org\/{rel}","templated":true}]}}