
{"id":1513,"date":"2021-03-02T18:40:01","date_gmt":"2021-03-02T17:40:01","guid":{"rendered":"http:\/\/gminadynow.pl\/?page_id=1513"},"modified":"2022-07-21T18:21:18","modified_gmt":"2022-07-21T16:21:18","slug":"karty-uslug","status":"publish","type":"page","link":"https:\/\/gminadynow.pl\/index.php\/karty-uslug\/","title":{"rendered":"Karty us\u0142ug"},"content":{"rendered":"\t\t<div data-elementor-type=\"wp-page\" data-elementor-id=\"1513\" class=\"elementor elementor-1513\">\n\t\t\t\t\t\t<section class=\"elementor-section elementor-top-section elementor-element elementor-element-1d7c75f elementor-section-boxed elementor-section-height-default elementor-section-height-default\" data-id=\"1d7c75f\" data-element_type=\"section\">\n\t\t\t\t\t\t<div class=\"elementor-container elementor-column-gap-default\">\n\t\t\t\t\t<div class=\"elementor-column elementor-col-100 elementor-top-column elementor-element elementor-element-fc4c592\" data-id=\"fc4c592\" data-element_type=\"column\">\n\t\t\t<div class=\"elementor-widget-wrap elementor-element-populated\">\n\t\t\t\t\t\t<div class=\"elementor-element elementor-element-d7be243 elementor-widget elementor-widget-text-editor\" data-id=\"d7be243\" data-element_type=\"widget\" data-widget_type=\"text-editor.default\">\n\t\t\t\t<div class=\"elementor-widget-container\">\n\t\t\t\t\t\t\t\t\t<p style=\"text-align: center;\">Wybierz poni\u017cej jak\u0105 spraw\u0119 chcesz za\u0142atwi\u0107 z Urz\u0119dzie Gminy<\/p>\t\t\t\t\t\t\t\t<\/div>\n\t\t\t\t<\/div>\n\t\t\t\t\t<\/div>\n\t\t<\/div>\n\t\t\t\t\t<\/div>\n\t\t<\/section>\n\t\t\t\t<section class=\"elementor-section elementor-top-section elementor-element elementor-element-faf066c elementor-section-full_width elementor-section-height-default elementor-section-height-default\" data-id=\"faf066c\" data-element_type=\"section\">\n\t\t\t\t\t\t<div class=\"elementor-container elementor-column-gap-default\">\n\t\t\t\t\t<div class=\"elementor-column elementor-col-100 elementor-top-column elementor-element elementor-element-40555ac\" data-id=\"40555ac\" data-element_type=\"column\">\n\t\t\t<div class=\"elementor-widget-wrap elementor-element-populated\">\n\t\t\t\t\t\t<section class=\"elementor-section elementor-inner-section elementor-element elementor-element-32e817e elementor-section-full_width elementor-section-height-default elementor-section-height-default\" data-id=\"32e817e\" data-element_type=\"section\">\n\t\t\t\t\t\t<div class=\"elementor-container elementor-column-gap-default\">\n\t\t\t\t\t<div class=\"make-column-clickable-elementor elementor-column elementor-col-33 elementor-inner-column elementor-element elementor-element-90844c2\" style=\"cursor: pointer;\" data-column-clickable=\"https:\/\/gminadynow.pl\/index.php\/dowody-osobiste\/\" data-column-clickable-blank=\"_self\" data-id=\"90844c2\" data-element_type=\"column\">\n\t\t\t<div class=\"elementor-widget-wrap elementor-element-populated\">\n\t\t\t\t\t\t<div class=\"elementor-element elementor-element-f7e8251 elementor-view-default elementor-position-block-start elementor-mobile-position-block-start elementor-widget elementor-widget-icon-box\" data-id=\"f7e8251\" data-element_type=\"widget\" data-widget_type=\"icon-box.default\">\n\t\t\t\t<div class=\"elementor-widget-container\">\n\t\t\t\t\t\t\t<div class=\"elementor-icon-box-wrapper\">\n\n\t\t\t\t\t\t<div class=\"elementor-icon-box-icon\">\n\t\t\t\t<span  class=\"elementor-icon\">\n\t\t\t\t<i aria-hidden=\"true\" class=\"far fa-id-card\"><\/i>\t\t\t\t<\/span>\n\t\t\t<\/div>\n\t\t\t\n\t\t\t\t\t\t<div class=\"elementor-icon-box-content\">\n\n\t\t\t\t\t\t\t\t\t<h3 class=\"elementor-icon-box-title\">\n\t\t\t\t\t\t<span  >\n\t\t\t\t\t\t\tDowody osobiste\t\t\t\t\t\t<\/span>\n\t\t\t\t\t<\/h3>\n\t\t\t\t\n\t\t\t\t\n\t\t\t<\/div>\n\t\t\t\n\t\t<\/div>\n\t\t\t\t\t\t<\/div>\n\t\t\t\t<\/div>\n\t\t\t\t<div class=\"elementor-element elementor-element-264fe94 elementor-widget elementor-widget-text-editor\" data-id=\"264fe94\" data-element_type=\"widget\" data-widget_type=\"text-editor.default\">\n\t\t\t\t<div class=\"elementor-widget-container\">\n\t\t\t\t\t\t\t\t\t<p>Ko\u0144czy si\u0119 wa\u017cno\u015b\u0107 twojego dowodu osobistego? A mo\u017ce tw\u00f3j zwyk\u0142y dow\u00f3d jest jeszcze wa\u017cny, a chcesz mie\u0107 e-dow\u00f3d? Sprawd\u017a, jak uzyska\u0107 dow\u00f3d osobisty.<\/p>\t\t\t\t\t\t\t\t<\/div>\n\t\t\t\t<\/div>\n\t\t\t\t\t<\/div>\n\t\t<\/div>\n\t\t\t\t<div class=\"make-column-clickable-elementor elementor-column elementor-col-33 elementor-inner-column elementor-element elementor-element-330ca6a\" style=\"cursor: pointer;\" data-column-clickable=\"https:\/\/gminadynow.pl\/index.php\/ewidencja-ludnosci\/\" data-column-clickable-blank=\"_self\" data-id=\"330ca6a\" data-element_type=\"column\">\n\t\t\t<div class=\"elementor-widget-wrap elementor-element-populated\">\n\t\t\t\t\t\t<div class=\"elementor-element elementor-element-b133f98 elementor-view-default elementor-position-block-start elementor-mobile-position-block-start elementor-widget elementor-widget-icon-box\" data-id=\"b133f98\" data-element_type=\"widget\" data-widget_type=\"icon-box.default\">\n\t\t\t\t<div class=\"elementor-widget-container\">\n\t\t\t\t\t\t\t<div class=\"elementor-icon-box-wrapper\">\n\n\t\t\t\t\t\t<div class=\"elementor-icon-box-icon\">\n\t\t\t\t<span  class=\"elementor-icon\">\n\t\t\t\t<i aria-hidden=\"true\" class=\"far fa-user\"><\/i>\t\t\t\t<\/span>\n\t\t\t<\/div>\n\t\t\t\n\t\t\t\t\t\t<div class=\"elementor-icon-box-content\">\n\n\t\t\t\t\t\t\t\t\t<h3 class=\"elementor-icon-box-title\">\n\t\t\t\t\t\t<span  >\n\t\t\t\t\t\t\tEwidencja ludno\u015bci\t\t\t\t\t\t<\/span>\n\t\t\t\t\t<\/h3>\n\t\t\t\t\n\t\t\t\t\n\t\t\t<\/div>\n\t\t\t\n\t\t<\/div>\n\t\t\t\t\t\t<\/div>\n\t\t\t\t<\/div>\n\t\t\t\t<div class=\"elementor-element elementor-element-667fe2a elementor-widget elementor-widget-text-editor\" data-id=\"667fe2a\" data-element_type=\"widget\" data-widget_type=\"text-editor.default\">\n\t\t\t\t<div class=\"elementor-widget-container\">\n\t\t\t\t\t\t\t\t\t<p>Ko\u0144czy si\u0119 wa\u017cno\u015b\u0107 twojego dowodu osobistego? A mo\u017ce tw\u00f3j zwyk\u0142y dow\u00f3d jest jeszcze wa\u017cny, a chcesz mie\u0107 e-dow\u00f3d? Sprawd\u017a, jak uzyska\u0107 dow\u00f3d osobisty.<\/p>\t\t\t\t\t\t\t\t<\/div>\n\t\t\t\t<\/div>\n\t\t\t\t\t<\/div>\n\t\t<\/div>\n\t\t\t\t<div class=\"make-column-clickable-elementor elementor-column elementor-col-33 elementor-inner-column elementor-element elementor-element-1d164a0\" style=\"cursor: pointer;\" data-column-clickable=\"https:\/\/gminadynow.pl\/index.php\/gospodarka-mieszkaniowa\/\" data-column-clickable-blank=\"_self\" data-id=\"1d164a0\" data-element_type=\"column\">\n\t\t\t<div class=\"elementor-widget-wrap elementor-element-populated\">\n\t\t\t\t\t\t<div class=\"elementor-element elementor-element-446b018 elementor-view-default elementor-position-block-start elementor-mobile-position-block-start elementor-widget elementor-widget-icon-box\" data-id=\"446b018\" data-element_type=\"widget\" data-widget_type=\"icon-box.default\">\n\t\t\t\t<div class=\"elementor-widget-container\">\n\t\t\t\t\t\t\t<div class=\"elementor-icon-box-wrapper\">\n\n\t\t\t\t\t\t<div class=\"elementor-icon-box-icon\">\n\t\t\t\t<span  class=\"elementor-icon\">\n\t\t\t\t<i aria-hidden=\"true\" class=\"fas fa-home\"><\/i>\t\t\t\t<\/span>\n\t\t\t<\/div>\n\t\t\t\n\t\t\t\t\t\t<div class=\"elementor-icon-box-content\">\n\n\t\t\t\t\t\t\t\t\t<h3 class=\"elementor-icon-box-title\">\n\t\t\t\t\t\t<span  >\n\t\t\t\t\t\t\tGospodarka mieszkaniowa\t\t\t\t\t\t<\/span>\n\t\t\t\t\t<\/h3>\n\t\t\t\t\n\t\t\t\t\n\t\t\t<\/div>\n\t\t\t\n\t\t<\/div>\n\t\t\t\t\t\t<\/div>\n\t\t\t\t<\/div>\n\t\t\t\t<div class=\"elementor-element elementor-element-6ce8ee6 elementor-widget elementor-widget-text-editor\" data-id=\"6ce8ee6\" data-element_type=\"widget\" data-widget_type=\"text-editor.default\">\n\t\t\t\t<div class=\"elementor-widget-container\">\n\t\t\t\t\t\t\t\t\t<p>Ko\u0144czy si\u0119 wa\u017cno\u015b\u0107 twojego dowodu osobistego? A mo\u017ce tw\u00f3j zwyk\u0142y dow\u00f3d jest jeszcze wa\u017cny, a chcesz mie\u0107 e-dow\u00f3d? Sprawd\u017a, jak uzyska\u0107 dow\u00f3d osobisty.<\/p>\t\t\t\t\t\t\t\t<\/div>\n\t\t\t\t<\/div>\n\t\t\t\t\t<\/div>\n\t\t<\/div>\n\t\t\t\t\t<\/div>\n\t\t<\/section>\n\t\t\t\t<section class=\"elementor-section elementor-inner-section elementor-element elementor-element-9931c3d elementor-section-full_width elementor-section-height-default elementor-section-height-default\" data-id=\"9931c3d\" data-element_type=\"section\">\n\t\t\t\t\t\t<div class=\"elementor-container elementor-column-gap-default\">\n\t\t\t\t\t<div class=\"make-column-clickable-elementor elementor-column elementor-col-33 elementor-inner-column elementor-element elementor-element-3a939b7\" style=\"cursor: pointer;\" data-column-clickable=\"https:\/\/gminadynow.pl\/index.php\/gospodarka-nieruchomosciami\/\" data-column-clickable-blank=\"_self\" data-id=\"3a939b7\" data-element_type=\"column\">\n\t\t\t<div class=\"elementor-widget-wrap elementor-element-populated\">\n\t\t\t\t\t\t<div class=\"elementor-element elementor-element-5d6b682 elementor-view-default elementor-position-block-start elementor-mobile-position-block-start elementor-widget elementor-widget-icon-box\" data-id=\"5d6b682\" data-element_type=\"widget\" data-widget_type=\"icon-box.default\">\n\t\t\t\t<div class=\"elementor-widget-container\">\n\t\t\t\t\t\t\t<div class=\"elementor-icon-box-wrapper\">\n\n\t\t\t\t\t\t<div class=\"elementor-icon-box-icon\">\n\t\t\t\t<span  class=\"elementor-icon\">\n\t\t\t\t<i aria-hidden=\"true\" class=\"far fa-building\"><\/i>\t\t\t\t<\/span>\n\t\t\t<\/div>\n\t\t\t\n\t\t\t\t\t\t<div class=\"elementor-icon-box-content\">\n\n\t\t\t\t\t\t\t\t\t<h3 class=\"elementor-icon-box-title\">\n\t\t\t\t\t\t<span  >\n\t\t\t\t\t\t\tGospodarka nieruchomo\u015bciami\t\t\t\t\t\t<\/span>\n\t\t\t\t\t<\/h3>\n\t\t\t\t\n\t\t\t\t\n\t\t\t<\/div>\n\t\t\t\n\t\t<\/div>\n\t\t\t\t\t\t<\/div>\n\t\t\t\t<\/div>\n\t\t\t\t<div class=\"elementor-element elementor-element-d7b93cc elementor-widget elementor-widget-text-editor\" data-id=\"d7b93cc\" data-element_type=\"widget\" data-widget_type=\"text-editor.default\">\n\t\t\t\t<div class=\"elementor-widget-container\">\n\t\t\t\t\t\t\t\t\t<p>Ko\u0144czy si\u0119 wa\u017cno\u015b\u0107 twojego dowodu osobistego? A mo\u017ce tw\u00f3j zwyk\u0142y dow\u00f3d jest jeszcze wa\u017cny, a chcesz mie\u0107 e-dow\u00f3d? Sprawd\u017a, jak uzyska\u0107 dow\u00f3d osobisty.<\/p>\t\t\t\t\t\t\t\t<\/div>\n\t\t\t\t<\/div>\n\t\t\t\t\t<\/div>\n\t\t<\/div>\n\t\t\t\t<div class=\"make-column-clickable-elementor elementor-column elementor-col-33 elementor-inner-column elementor-element elementor-element-4a7e267\" style=\"cursor: pointer;\" data-column-clickable=\"https:\/\/gminadynow.pl\/index.php\/gospodarka-przestrzenna\/\" data-column-clickable-blank=\"_self\" data-id=\"4a7e267\" data-element_type=\"column\">\n\t\t\t<div class=\"elementor-widget-wrap elementor-element-populated\">\n\t\t\t\t\t\t<div class=\"elementor-element elementor-element-9c40eef elementor-view-default elementor-position-block-start elementor-mobile-position-block-start elementor-widget elementor-widget-icon-box\" data-id=\"9c40eef\" data-element_type=\"widget\" data-widget_type=\"icon-box.default\">\n\t\t\t\t<div class=\"elementor-widget-container\">\n\t\t\t\t\t\t\t<div class=\"elementor-icon-box-wrapper\">\n\n\t\t\t\t\t\t<div class=\"elementor-icon-box-icon\">\n\t\t\t\t<span  class=\"elementor-icon\">\n\t\t\t\t<i aria-hidden=\"true\" class=\"far fa-map\"><\/i>\t\t\t\t<\/span>\n\t\t\t<\/div>\n\t\t\t\n\t\t\t\t\t\t<div class=\"elementor-icon-box-content\">\n\n\t\t\t\t\t\t\t\t\t<h3 class=\"elementor-icon-box-title\">\n\t\t\t\t\t\t<span  >\n\t\t\t\t\t\t\tGospodarka przestrzenna\t\t\t\t\t\t<\/span>\n\t\t\t\t\t<\/h3>\n\t\t\t\t\n\t\t\t\t\n\t\t\t<\/div>\n\t\t\t\n\t\t<\/div>\n\t\t\t\t\t\t<\/div>\n\t\t\t\t<\/div>\n\t\t\t\t<div class=\"elementor-element elementor-element-0c0a209 elementor-widget elementor-widget-text-editor\" data-id=\"0c0a209\" data-element_type=\"widget\" data-widget_type=\"text-editor.default\">\n\t\t\t\t<div class=\"elementor-widget-container\">\n\t\t\t\t\t\t\t\t\t<p>Ko\u0144czy si\u0119 wa\u017cno\u015b\u0107 twojego dowodu osobistego? A mo\u017ce tw\u00f3j zwyk\u0142y dow\u00f3d jest jeszcze wa\u017cny, a chcesz mie\u0107 e-dow\u00f3d? Sprawd\u017a, jak uzyska\u0107 dow\u00f3d osobisty.<\/p>\t\t\t\t\t\t\t\t<\/div>\n\t\t\t\t<\/div>\n\t\t\t\t\t<\/div>\n\t\t<\/div>\n\t\t\t\t<div class=\"make-column-clickable-elementor elementor-column elementor-col-33 elementor-inner-column elementor-element elementor-element-8b31bbb\" style=\"cursor: pointer;\" data-column-clickable=\"https:\/\/gminadynow.pl\/index.php\/podatki-i-oplaty-lokalne\/\" data-column-clickable-blank=\"_self\" data-id=\"8b31bbb\" data-element_type=\"column\">\n\t\t\t<div class=\"elementor-widget-wrap elementor-element-populated\">\n\t\t\t\t\t\t<div class=\"elementor-element elementor-element-474d0af elementor-view-default elementor-position-block-start elementor-mobile-position-block-start elementor-widget elementor-widget-icon-box\" data-id=\"474d0af\" data-element_type=\"widget\" data-widget_type=\"icon-box.default\">\n\t\t\t\t<div class=\"elementor-widget-container\">\n\t\t\t\t\t\t\t<div class=\"elementor-icon-box-wrapper\">\n\n\t\t\t\t\t\t<div class=\"elementor-icon-box-icon\">\n\t\t\t\t<span  class=\"elementor-icon\">\n\t\t\t\t<i aria-hidden=\"true\" class=\"fas fa-coins\"><\/i>\t\t\t\t<\/span>\n\t\t\t<\/div>\n\t\t\t\n\t\t\t\t\t\t<div class=\"elementor-icon-box-content\">\n\n\t\t\t\t\t\t\t\t\t<h3 class=\"elementor-icon-box-title\">\n\t\t\t\t\t\t<span  >\n\t\t\t\t\t\t\tPodatki i op\u0142aty lokalne\t\t\t\t\t\t<\/span>\n\t\t\t\t\t<\/h3>\n\t\t\t\t\n\t\t\t\t\n\t\t\t<\/div>\n\t\t\t\n\t\t<\/div>\n\t\t\t\t\t\t<\/div>\n\t\t\t\t<\/div>\n\t\t\t\t<div class=\"elementor-element elementor-element-fdd737c elementor-widget elementor-widget-text-editor\" data-id=\"fdd737c\" data-element_type=\"widget\" data-widget_type=\"text-editor.default\">\n\t\t\t\t<div class=\"elementor-widget-container\">\n\t\t\t\t\t\t\t\t\t<p>Ko\u0144czy si\u0119 wa\u017cno\u015b\u0107 twojego dowodu osobistego? A mo\u017ce tw\u00f3j zwyk\u0142y dow\u00f3d jest jeszcze wa\u017cny, a chcesz mie\u0107 e-dow\u00f3d? Sprawd\u017a, jak uzyska\u0107 dow\u00f3d osobisty.<\/p>\t\t\t\t\t\t\t\t<\/div>\n\t\t\t\t<\/div>\n\t\t\t\t\t<\/div>\n\t\t<\/div>\n\t\t\t\t\t<\/div>\n\t\t<\/section>\n\t\t\t\t<section class=\"elementor-section elementor-inner-section elementor-element elementor-element-0cd2928 elementor-section-full_width elementor-section-height-default elementor-section-height-default\" data-id=\"0cd2928\" data-element_type=\"section\">\n\t\t\t\t\t\t<div class=\"elementor-container elementor-column-gap-default\">\n\t\t\t\t\t<div class=\"make-column-clickable-elementor elementor-column elementor-col-50 elementor-inner-column elementor-element elementor-element-0ae6fc0\" style=\"cursor: pointer;\" data-column-clickable=\"https:\/\/gminadynow.pl\/index.php\/sprawy-wojskowe-imprezy-masowe-zgromadzenia\/\" data-column-clickable-blank=\"_self\" data-id=\"0ae6fc0\" data-element_type=\"column\">\n\t\t\t<div class=\"elementor-widget-wrap elementor-element-populated\">\n\t\t\t\t\t\t<div class=\"elementor-element elementor-element-1085798 elementor-view-default elementor-position-block-start elementor-mobile-position-block-start elementor-widget elementor-widget-icon-box\" data-id=\"1085798\" data-element_type=\"widget\" data-widget_type=\"icon-box.default\">\n\t\t\t\t<div class=\"elementor-widget-container\">\n\t\t\t\t\t\t\t<div class=\"elementor-icon-box-wrapper\">\n\n\t\t\t\t\t\t<div class=\"elementor-icon-box-icon\">\n\t\t\t\t<span  class=\"elementor-icon\">\n\t\t\t\t<i aria-hidden=\"true\" class=\"fas fa-users\"><\/i>\t\t\t\t<\/span>\n\t\t\t<\/div>\n\t\t\t\n\t\t\t\t\t\t<div class=\"elementor-icon-box-content\">\n\n\t\t\t\t\t\t\t\t\t<h3 class=\"elementor-icon-box-title\">\n\t\t\t\t\t\t<span  >\n\t\t\t\t\t\t\tSprawy wojskowe, imprezy masowe, zgromadzenia\t\t\t\t\t\t<\/span>\n\t\t\t\t\t<\/h3>\n\t\t\t\t\n\t\t\t\t\n\t\t\t<\/div>\n\t\t\t\n\t\t<\/div>\n\t\t\t\t\t\t<\/div>\n\t\t\t\t<\/div>\n\t\t\t\t<div class=\"elementor-element elementor-element-06b585b elementor-widget elementor-widget-text-editor\" data-id=\"06b585b\" data-element_type=\"widget\" data-widget_type=\"text-editor.default\">\n\t\t\t\t<div class=\"elementor-widget-container\">\n\t\t\t\t\t\t\t\t\t<p>Ko\u0144czy si\u0119 wa\u017cno\u015b\u0107 twojego dowodu osobistego? A mo\u017ce tw\u00f3j zwyk\u0142y dow\u00f3d jest jeszcze wa\u017cny, a chcesz mie\u0107 e-dow\u00f3d? Sprawd\u017a, jak uzyska\u0107 dow\u00f3d osobisty.<\/p>\t\t\t\t\t\t\t\t<\/div>\n\t\t\t\t<\/div>\n\t\t\t\t\t<\/div>\n\t\t<\/div>\n\t\t\t\t<div class=\"make-column-clickable-elementor elementor-column elementor-col-50 elementor-inner-column elementor-element elementor-element-1dd2b43\" style=\"cursor: pointer;\" data-column-clickable=\"https:\/\/gminadynow.pl\/index.php\/zezwolenia-na-sprzedaz\/\" data-column-clickable-blank=\"_self\" data-id=\"1dd2b43\" data-element_type=\"column\">\n\t\t\t<div class=\"elementor-widget-wrap elementor-element-populated\">\n\t\t\t\t\t\t<div class=\"elementor-element elementor-element-f7d92fd elementor-view-default elementor-position-block-start elementor-mobile-position-block-start elementor-widget elementor-widget-icon-box\" data-id=\"f7d92fd\" data-element_type=\"widget\" data-widget_type=\"icon-box.default\">\n\t\t\t\t<div class=\"elementor-widget-container\">\n\t\t\t\t\t\t\t<div class=\"elementor-icon-box-wrapper\">\n\n\t\t\t\t\t\t<div class=\"elementor-icon-box-icon\">\n\t\t\t\t<span  class=\"elementor-icon\">\n\t\t\t\t<i aria-hidden=\"true\" class=\"fas fa-shopping-basket\"><\/i>\t\t\t\t<\/span>\n\t\t\t<\/div>\n\t\t\t\n\t\t\t\t\t\t<div class=\"elementor-icon-box-content\">\n\n\t\t\t\t\t\t\t\t\t<h3 class=\"elementor-icon-box-title\">\n\t\t\t\t\t\t<span  >\n\t\t\t\t\t\t\tZezwolenia na sprzeda\u017c\t\t\t\t\t\t<\/span>\n\t\t\t\t\t<\/h3>\n\t\t\t\t\n\t\t\t\t\n\t\t\t<\/div>\n\t\t\t\n\t\t<\/div>\n\t\t\t\t\t\t<\/div>\n\t\t\t\t<\/div>\n\t\t\t\t<div class=\"elementor-element elementor-element-d374398 elementor-widget elementor-widget-text-editor\" data-id=\"d374398\" data-element_type=\"widget\" data-widget_type=\"text-editor.default\">\n\t\t\t\t<div class=\"elementor-widget-container\">\n\t\t\t\t\t\t\t\t\t<p>Ko\u0144czy si\u0119 wa\u017cno\u015b\u0107 twojego dowodu osobistego? A mo\u017ce tw\u00f3j zwyk\u0142y dow\u00f3d jest jeszcze wa\u017cny, a chcesz mie\u0107 e-dow\u00f3d? Sprawd\u017a, jak uzyska\u0107 dow\u00f3d osobisty.<\/p>\t\t\t\t\t\t\t\t<\/div>\n\t\t\t\t<\/div>\n\t\t\t\t\t<\/div>\n\t\t<\/div>\n\t\t\t\t\t<\/div>\n\t\t<\/section>\n\t\t\t\t\t<\/div>\n\t\t<\/div>\n\t\t\t\t\t<\/div>\n\t\t<\/section>\n\t\t\t\t<section class=\"elementor-section elementor-top-section elementor-element elementor-element-bac2c09 elementor-section-boxed elementor-section-height-default elementor-section-height-default\" data-id=\"bac2c09\" data-element_type=\"section\">\n\t\t\t\t\t\t<div class=\"elementor-container elementor-column-gap-default\">\n\t\t\t\t\t<div class=\"elementor-column elementor-col-100 elementor-top-column elementor-element elementor-element-b9e5492\" data-id=\"b9e5492\" data-element_type=\"column\">\n\t\t\t<div class=\"elementor-widget-wrap elementor-element-populated\">\n\t\t\t\t\t\t<div class=\"elementor-element elementor-element-2b0a880 elementor-widget elementor-widget-spacer\" data-id=\"2b0a880\" data-element_type=\"widget\" data-widget_type=\"spacer.default\">\n\t\t\t\t<div class=\"elementor-widget-container\">\n\t\t\t\t\t\t\t<div class=\"elementor-spacer\">\n\t\t\t<div class=\"elementor-spacer-inner\"><\/div>\n\t\t<\/div>\n\t\t\t\t\t\t<\/div>\n\t\t\t\t<\/div>\n\t\t\t\t\t<\/div>\n\t\t<\/div>\n\t\t\t\t\t<\/div>\n\t\t<\/section>\n\t\t\t\t<\/div>\n\t\t","protected":false},"excerpt":{"rendered":"<p>Wybierz poni\u017cej jak\u0105 spraw\u0119 chcesz za\u0142atwi\u0107 z Urz\u0119dzie Gminy Dowody osobiste Ko\u0144czy si\u0119 wa\u017cno\u015b\u0107 twojego dowodu osobistego? A mo\u017ce tw\u00f3j zwyk\u0142y dow\u00f3d jest jeszcze wa\u017cny, a chcesz mie\u0107 e-dow\u00f3d? Sprawd\u017a, jak uzyska\u0107 dow\u00f3d osobisty. Ewidencja ludno\u015bci Ko\u0144czy si\u0119 wa\u017cno\u015b\u0107 twojego dowodu osobistego? A mo\u017ce tw\u00f3j zwyk\u0142y dow\u00f3d jest jeszcze wa\u017cny, a chcesz mie\u0107 e-dow\u00f3d? Sprawd\u017a, [&hellip;]<\/p>\n","protected":false},"author":1,"featured_media":0,"parent":0,"menu_order":0,"comment_status":"closed","ping_status":"closed","template":"strona-karty-uslug.php","meta":{"footnotes":""},"class_list":["post-1513","page","type-page","status-publish","hentry"],"featured_image_urls_v2":{"full":"","thumbnail":"","medium":"","medium_large":"","large":"","1536x1536":"","2048x2048":""},"post_excerpt_stackable_v2":"<p>Wybierz poni\u017cej jak\u0105 spraw\u0119 chcesz za\u0142atwi\u0107 z Urz\u0119dzie Gminy Dowody osobiste Ko\u0144czy si\u0119 wa\u017cno\u015b\u0107 twojego dowodu osobistego? A mo\u017ce tw\u00f3j zwyk\u0142y dow\u00f3d jest jeszcze wa\u017cny, a chcesz mie\u0107 e-dow\u00f3d? Sprawd\u017a, jak uzyska\u0107 dow\u00f3d osobisty. Ewidencja ludno\u015bci Ko\u0144czy si\u0119 wa\u017cno\u015b\u0107 twojego dowodu osobistego? A mo\u017ce tw\u00f3j zwyk\u0142y dow\u00f3d jest jeszcze wa\u017cny, a chcesz mie\u0107 e-dow\u00f3d? Sprawd\u017a, jak uzyska\u0107 dow\u00f3d osobisty. Gospodarka mieszkaniowa Ko\u0144czy si\u0119 wa\u017cno\u015b\u0107 twojego dowodu osobistego? A mo\u017ce tw\u00f3j zwyk\u0142y dow\u00f3d jest jeszcze wa\u017cny, a chcesz mie\u0107 e-dow\u00f3d? Sprawd\u017a, jak uzyska\u0107 dow\u00f3d osobisty. Gospodarka nieruchomo\u015bciami Ko\u0144czy si\u0119 wa\u017cno\u015b\u0107 twojego dowodu osobistego? A mo\u017ce tw\u00f3j zwyk\u0142y dow\u00f3d jest jeszcze wa\u017cny,&hellip;<\/p>\n","category_list_v2":"","author_info_v2":{"name":"admin","url":"https:\/\/gminadynow.pl\/index.php\/author\/admin\/"},"comments_num_v2":"0 comments","rttpg_featured_image_url":null,"rttpg_author":{"display_name":"admin","author_link":"https:\/\/gminadynow.pl\/index.php\/author\/admin\/"},"rttpg_comment":0,"rttpg_category":null,"rttpg_excerpt":"Wybierz poni\u017cej jak\u0105 spraw\u0119 chcesz za\u0142atwi\u0107 z Urz\u0119dzie Gminy Dowody osobiste Ko\u0144czy si\u0119 wa\u017cno\u015b\u0107 twojego dowodu osobistego? A mo\u017ce tw\u00f3j zwyk\u0142y dow\u00f3d jest jeszcze wa\u017cny, a chcesz mie\u0107 e-dow\u00f3d? Sprawd\u017a, jak uzyska\u0107 dow\u00f3d osobisty. Ewidencja ludno\u015bci Ko\u0144czy si\u0119 wa\u017cno\u015b\u0107 twojego dowodu osobistego? A mo\u017ce tw\u00f3j zwyk\u0142y dow\u00f3d jest jeszcze wa\u017cny, a chcesz mie\u0107 e-dow\u00f3d? Sprawd\u017a,&hellip;","_links":{"self":[{"href":"https:\/\/gminadynow.pl\/index.php\/wp-json\/wp\/v2\/pages\/1513","targetHints":{"allow":["GET"]}}],"collection":[{"href":"https:\/\/gminadynow.pl\/index.php\/wp-json\/wp\/v2\/pages"}],"about":[{"href":"https:\/\/gminadynow.pl\/index.php\/wp-json\/wp\/v2\/types\/page"}],"author":[{"embeddable":true,"href":"https:\/\/gminadynow.pl\/index.php\/wp-json\/wp\/v2\/users\/1"}],"replies":[{"embeddable":true,"href":"https:\/\/gminadynow.pl\/index.php\/wp-json\/wp\/v2\/comments?post=1513"}],"version-history":[{"count":75,"href":"https:\/\/gminadynow.pl\/index.php\/wp-json\/wp\/v2\/pages\/1513\/revisions"}],"predecessor-version":[{"id":4143,"href":"https:\/\/gminadynow.pl\/index.php\/wp-json\/wp\/v2\/pages\/1513\/revisions\/4143"}],"wp:attachment":[{"href":"https:\/\/gminadynow.pl\/index.php\/wp-json\/wp\/v2\/media?parent=1513"}],"curies":[{"name":"wp","href":"https:\/\/api.w.org\/{rel}","templated":true}]}}