
{"id":151,"date":"2020-10-18T21:30:56","date_gmt":"2020-10-18T19:30:56","guid":{"rendered":"http:\/\/gminadynow.pl\/?page_id=151"},"modified":"2021-03-31T13:58:14","modified_gmt":"2021-03-31T11:58:14","slug":"komunikaty-i-ogloszenia","status":"publish","type":"page","link":"https:\/\/gminadynow.pl\/index.php\/komunikaty-i-ogloszenia\/","title":{"rendered":"Komunikaty i og\u0142oszenia"},"content":{"rendered":"\n<p class=\"has-text-align-center\" style=\"font-size:30px\"><strong>Komunikaty i og\u0142oszenia<\/strong><\/p>\n\n\n\n<div class=\"wp-block-ugb-accordion ugb-accordion ugb-39f8474 ugb-accordion--v2 ugb-accordion--design-basic ugb-main-block\" aria-expanded=\"false\" id=\"\"><div class=\"ugb-inner-block\"><div class=\"ugb-block-content\"><div class=\"ugb-accordion__item\"><div class=\"ugb-accordion__heading\" role=\"button\" tabindex=\"0\"><h4 class=\"ugb-accordion__title\" role=\"heading\" aria-level=\"3\"><strong>Wyniki otwartego konkursu ofert\u00a0na realizacj\u0119 zada\u0144 publicznych\u00a0w zakresie upowszechniania<\/strong> <strong>kultury fizycznej i sportu na\u00a0terenie Gminy Dyn\u00f3w w 2021 roku.<\/strong><\/h4><svg viewbox=\"0 0 20 20\" xmlns=\"http:\/\/www.w3.org\/2000\/svg\" class=\"ugb-accordion__arrow\" width=\"20\" height=\"20\"><path d=\"M16.7 3.3L10 10 3.3 3.4 0 6.7l10 10v-.1l10-9.9z\"><\/path><\/svg><\/div><div class=\"ugb-accordion__content\" role=\"region\"><div class=\"ugb-accordion__content-inner\">\n<p class=\"has-text-align-center\"><strong>Wyniki otwartego konkursu ofert\u00a0na realizacj\u0119 zada\u0144 publicznych\u00a0w zakresie upowszechniania<\/strong> <strong>kultury fizycznej i sportu na\u00a0terenie Gminy Dyn\u00f3w w 2021 roku.<\/strong><\/p>\n\n\n\n<p>Dzia\u0142aj\u0105c na podstawie\u00a0art.15 ust 2h ustawy z dnia 24 kwietnia 2003 r. o\u00a0dzia\u0142alno\u015bci po\u017cytku publicznego i wolontariacie\u00a0(tj. Dz. U. z 2020r. poz. 1057\u00a0z p\u00f3\u017an. zm.)\u00a0oraz rozdz. 10 pkt 5\u00a0za\u0142\u0105cznika do uchwa\u0142y Rady Gminy Dyn\u00f3w nr\u00a0XXVI(142)2020 w sprawie\u00a0w sprawie wsp\u00f3\u0142pracy Gminy Dyn\u00f3w z organizacjami pozarz\u0105dowymi oraz podmiotami wymienionymi\u00a0w art. 3 ust. 3\u00a0ustawy o dzia\u0142alno\u015bci po\u017cytku publicznego i wolontariacie na\u00a0rok 2021,\u00a0og\u0142aszam wyniki otwartego konkursu ofert\u00a0na realizacj\u0119 zada\u0144 publicznych w zakresie upowszechniania kultury fizycznej i sportu na terenie Gminy Dyn\u00f3w w\u00a02021 roku:<\/p>\n\n\n\n<figure class=\"wp-block-table\"><table><tbody><tr><td>Lp<\/td><td>Oznaczenie podmiotu&nbsp;sk\u0142adaj\u0105cego ofert\u0119<\/td><td class=\"has-text-align-left\" data-align=\"left\">Tytu\u0142&nbsp;zadania publicznego<\/td><td>Wynik konkursu<\/td><\/tr><tr><td>1<\/td><td>LUDOWY KLUB SPORTOWY&nbsp;POG\u00d3RZE BACH\u00d3RZ<br>36-068 Bach\u00f3rz 14<br>NIP 8133490059 Regon 691548205<\/td><td class=\"has-text-align-left\" data-align=\"left\">Upowszechnianie kultury fizycznej i sportu&nbsp;na terenie Gminy Dyn\u00f3w \u2013&nbsp;0bszar I<\/td><td>wysoko\u015b\u0107 przyznanych \u015brodk\u00f3w na realizacj\u0119 zadania-&nbsp;14.000,00 z\u0142<\/td><\/tr><tr><td>2<\/td><td>KLUB SPORTOWY ZaSanie<br>D\u0105br\u00f3wka Starze\u0144ska 20, 36-065 Dyn\u00f3w&nbsp;NIP 8133425814 Regon 180076934<\/td><td class=\"has-text-align-left\" data-align=\"left\">Upowszechnianie kultury fizycznej i sportu&nbsp;na terenie Gminy Dyn\u00f3w w 2021 roku (obszar II &#8211;&nbsp;D\u0105br\u00f3wka Starze\u0144ska)<\/td><td>wysoko\u015b\u0107 przyznanych \u015brodk\u00f3w na realizacj\u0119 zadania- 7.000,00 z\u0142<\/td><\/tr><tr><td>3<\/td><td>UCZNIOWSKI KLUB SPORTOWY JEDNO\u015a\u0106&nbsp;36-069 Dyl\u0105gowa&nbsp;44<br>NIP 8133717741 Regon 363813408<\/td><td class=\"has-text-align-left\" data-align=\"left\">Upowszechnianie kultury fizycznej i sportu&nbsp;w obszarze III Dyl\u0105gowa<\/td><td>wysoko\u015b\u0107 przyznanych \u015brodk\u00f3w na realizacj\u0119 zadania- 7.000,00 z\u0142<\/td><\/tr><tr><td>4<\/td><td>KLUB SPORTOWY \u201eORZE\u0141\u201d<br>Harta 376, 36-067 Harta<br>NIP 8133468798 Regon 180061460<\/td><td class=\"has-text-align-left\" data-align=\"left\">Upowszechnianie kultury fizycznej i sportu&nbsp;na terenie Gminy Dyn\u00f3w w 2021 roku&nbsp;(Obszar IV)<\/td><td>wysoko\u015b\u0107 przyznanych \u015brodk\u00f3w na realizacj\u0119 zadania-&nbsp;14.000,00 z\u0142<\/td><\/tr><tr><td>5<\/td><td>KLUB SPORTOWY PAW\u0141OKOMA&nbsp;36-065 Dyn\u00f3w, Paw\u0142okoma 20<br>NIP 813-361-19-36 Regon 180527294<\/td><td class=\"has-text-align-left\" data-align=\"left\">Upowszechnianie kultury fizycznej i sportu w obszarze V &#8211;&nbsp;Paw\u0142okoma<\/td><td>wysoko\u015b\u0107 przyznanych \u015brodk\u00f3w na realizacj\u0119 zadania- 7.000,00 z\u0142<\/td><\/tr><tr><td>6<\/td><td>UCZNIOWSKI KLUB SPORTOWY&nbsp;\u201e\u0141UBIENKA\u201d w \u0141UBNIE<br>36-065 Dyn\u00f3w, \u0141ubno 82<br>NIP 8133768885 Regon 369253956<\/td><td class=\"has-text-align-left\" data-align=\"left\">\u201eSport Kluczem do zdrowia\u201d<\/td><td>wysoko\u015b\u0107 przyznanych \u015brodk\u00f3w na realizacj\u0119 zadania- 7.000,00 z\u0142<\/td><\/tr><\/tbody><\/table><\/figure>\n\n\n\n<div class=\"wp-block-columns is-layout-flex wp-container-core-columns-is-layout-1 wp-block-columns-is-layout-flex\">\n<div class=\"wp-block-column is-layout-flow wp-block-column-is-layout-flow\"><\/div>\n\n\n\n<div class=\"wp-block-column is-layout-flow wp-block-column-is-layout-flow\">\n<p class=\"has-text-align-center\">W\u00f3jt Gminy Dyn\u00f3w<br><em>Wojciech Piech<\/em><\/p>\n<\/div>\n<\/div>\n<\/div><\/div><\/div><\/div><\/div><\/div>\n\n\n\n<div class=\"wp-block-ugb-accordion ugb-accordion ugb-724c0da ugb-accordion--v2 ugb-accordion--design-basic ugb-main-block\" aria-expanded=\"false\" id=\"\"><div class=\"ugb-inner-block\"><div class=\"ugb-block-content\"><div class=\"ugb-accordion__item\"><div class=\"ugb-accordion__heading\" role=\"button\" tabindex=\"0\"><h4 class=\"ugb-accordion__title\" role=\"heading\" aria-level=\"3\"><strong>OG\u0141OSZENIE\u00a0NR 1\/2021 W\u00d3JTA GMINY DYN\u00d3W<\/strong><\/h4><svg viewbox=\"0 0 20 20\" xmlns=\"http:\/\/www.w3.org\/2000\/svg\" class=\"ugb-accordion__arrow\" width=\"20\" height=\"20\"><path d=\"M16.7 3.3L10 10 3.3 3.4 0 6.7l10 10v-.1l10-9.9z\"><\/path><\/svg><\/div><div class=\"ugb-accordion__content\" role=\"region\"><div class=\"ugb-accordion__content-inner\">\n<p><strong>OG\u0141OSZENIE&nbsp;<\/strong><strong>NR 1\/2021 W\u00d3JTA GMINY DYN\u00d3W<\/strong><\/p>\n\n\n\n<p>z dnia 31 marca 2021 r.<\/p>\n\n\n\n<p><strong>w sprawie I aktualizacji podstawowej kwoty dotacji na 2021 rok.<\/strong><\/p>\n\n\n\n<p>Na podstawie art.46 ust.1 ustawy z dnia 27&nbsp;pa\u017adziernika&nbsp;2017 r. o finansowaniu&nbsp;zada\u0144 o\u015bwiatowych&nbsp;(Dz.U z 2020 r. poz. 2029 ze zm.) W\u00f3jt Gminy Dyn\u00f3w&nbsp;og\u0142asza,&nbsp;co&nbsp;nast\u0119puje:<\/p>\n\n\n\n<ol class=\"wp-block-list\"><li>Wysoko\u015b\u0107\u00a0podstawowej kwoty dotacji, o kt\u00f3rej mowa w art. 12 ust.2 w\/w ustawy, dla\u00a0oddzia\u0142\u00f3w\u00a0przedszkolnych w\u00a0szko\u0142ach\u00a0podstawowych,\u00a0obowi\u0105zuj\u0105cej\u00a0od 1 stycznia 2021 roku, wynosi:\u00a0<strong>13 614,75\u00a0z\u0142\u00a0\/ na 1 dziecko rocznie<\/strong><\/li><li>Statystyczna liczba dzieci w\u00a0oddzia\u0142ach\u00a0przedszkolnych w\u00a0szko\u0142ach\u00a0podstawowych pomniejszona o\u00a0statystyczn\u0105 liczb\u0119\u00a0uczni\u00f3w\u00a0niepe\u0142nosprawnych\u00a0w 2021 r. wynosi:\u00a0<strong>138<\/strong><\/li><li>Wysoko\u015b\u0107\u00a0podstawowej kwoty dotacji, o kt\u00f3rej mowa w art. 12 ust 1 w\/w ustawy, dla przedszkoli,\u00a0obowi\u0105zuj\u0105cej\u00a0od 1 stycznia 2021 roku, na podstawie art. 17 ust. 2 w\/w ustawy -gminy\u00a0granicz\u0105cej\u00a0Jawornik Polski wynosi:\u00a0<strong>7 175,85\u00a0z\u0142\u00a0(75%) \/ na 1 dziecko rocznie<\/strong><\/li><li>Statystyczna liczba dzieci w przedszkolu prowadzonym przez\u00a0gmin\u0119\u00a0Jawornik Polski, pomniejszona o\u00a0statystyczn\u0105 liczb\u0119\u00a0dzieci\u00a0niepe\u0142nosprawnych\u00a0w 2021 r. wynosi:\u00a0<strong>14<\/strong><br><\/li><\/ol>\n\n\n\n<div class=\"wp-block-columns is-layout-flex wp-container-core-columns-is-layout-2 wp-block-columns-is-layout-flex\">\n<div class=\"wp-block-column is-layout-flow wp-block-column-is-layout-flow\"><\/div>\n\n\n\n<div class=\"wp-block-column is-layout-flow wp-block-column-is-layout-flow\">\n<p class=\"has-text-align-center\">W\u00f3jt Gminy Dyn\u00f3w<br><em>Wojciech Piech<\/em><\/p>\n<\/div>\n<\/div>\n<\/div><\/div><\/div><\/div><\/div><\/div>\n\n\n\n<p class=\"has-text-align-center\"><\/p>\n\n\n\n<hr class=\"wp-block-separator\"\/>\n\n\n\n<div class=\"wp-block-file\"><a href=\"https:\/\/gminadynow.pl\/wp-content\/uploads\/2021\/03\/WYNIKI-2021.pdf\">WYNIKI-2021.pdf<\/a><a href=\"https:\/\/gminadynow.pl\/wp-content\/uploads\/2021\/03\/WYNIKI-2021.pdf\" class=\"wp-block-file__button\" download>Pobierz<\/a><\/div>\n\n\n\n<div class=\"wp-block-file\"><a href=\"https:\/\/gminadynow.pl\/wp-content\/uploads\/2021\/03\/ogloszenie_I_aktualizacja_2021.pdf\">ogloszenie_I_aktualizacja_2021<\/a><a href=\"https:\/\/gminadynow.pl\/wp-content\/uploads\/2021\/03\/ogloszenie_I_aktualizacja_2021.pdf\" class=\"wp-block-file__button\" download>Pobierz<\/a><\/div>\n","protected":false},"excerpt":{"rendered":"<p>Komunikaty i og\u0142oszenia Wyniki otwartego konkursu ofert\u00a0na realizacj\u0119 zada\u0144 publicznych\u00a0w zakresie upowszechniania kultury fizycznej i sportu na\u00a0terenie Gminy Dyn\u00f3w w 2021 roku. Dzia\u0142aj\u0105c na podstawie\u00a0art.15 ust 2h ustawy z dnia 24 kwietnia 2003 r. o\u00a0dzia\u0142alno\u015bci po\u017cytku publicznego i wolontariacie\u00a0(tj. Dz. U. z 2020r. poz. 1057\u00a0z p\u00f3\u017an. zm.)\u00a0oraz rozdz. 10 pkt 5\u00a0za\u0142\u0105cznika do uchwa\u0142y Rady Gminy [&hellip;]<\/p>\n","protected":false},"author":1,"featured_media":0,"parent":0,"menu_order":0,"comment_status":"closed","ping_status":"closed","template":"","meta":{"footnotes":""},"class_list":["post-151","page","type-page","status-publish","hentry"],"featured_image_urls_v2":{"full":"","thumbnail":"","medium":"","medium_large":"","large":"","1536x1536":"","2048x2048":""},"post_excerpt_stackable_v2":"<p>Komunikaty i og\u0142oszenia Wyniki otwartego konkursu ofert\u00a0na realizacj\u0119 zada\u0144 publicznych\u00a0w zakresie upowszechniania kultury fizycznej i sportu na\u00a0terenie Gminy Dyn\u00f3w w 2021 roku. Wyniki otwartego konkursu ofert\u00a0na realizacj\u0119 zada\u0144 publicznych\u00a0w zakresie upowszechniania kultury fizycznej i sportu na\u00a0terenie Gminy Dyn\u00f3w w 2021 roku. Dzia\u0142aj\u0105c na podstawie\u00a0art.15 ust 2h ustawy z dnia 24 kwietnia 2003 r. o\u00a0dzia\u0142alno\u015bci po\u017cytku publicznego i wolontariacie\u00a0(tj. Dz. U. z 2020r. poz. 1057\u00a0z p\u00f3\u017an. zm.)\u00a0oraz rozdz. 10 pkt 5\u00a0za\u0142\u0105cznika do uchwa\u0142y Rady Gminy Dyn\u00f3w nr\u00a0XXVI(142)2020 w sprawie\u00a0w sprawie wsp\u00f3\u0142pracy Gminy Dyn\u00f3w z organizacjami pozarz\u0105dowymi oraz podmiotami wymienionymi\u00a0w art. 3 ust. 3\u00a0ustawy o dzia\u0142alno\u015bci po\u017cytku publicznego i wolontariacie na\u00a0rok 2021,\u00a0og\u0142aszam&hellip;<\/p>\n","category_list_v2":"","author_info_v2":{"name":"admin","url":"https:\/\/gminadynow.pl\/index.php\/author\/admin\/"},"comments_num_v2":"0 comments","rttpg_featured_image_url":null,"rttpg_author":{"display_name":"admin","author_link":"https:\/\/gminadynow.pl\/index.php\/author\/admin\/"},"rttpg_comment":0,"rttpg_category":null,"rttpg_excerpt":"Komunikaty i og\u0142oszenia Wyniki otwartego konkursu ofert\u00a0na realizacj\u0119 zada\u0144 publicznych\u00a0w zakresie upowszechniania kultury fizycznej i sportu na\u00a0terenie Gminy Dyn\u00f3w w 2021 roku. Dzia\u0142aj\u0105c na podstawie\u00a0art.15 ust 2h ustawy z dnia 24 kwietnia 2003 r. o\u00a0dzia\u0142alno\u015bci po\u017cytku publicznego i wolontariacie\u00a0(tj. Dz. U. z 2020r. poz. 1057\u00a0z p\u00f3\u017an. zm.)\u00a0oraz rozdz. 10 pkt 5\u00a0za\u0142\u0105cznika do uchwa\u0142y Rady Gminy&hellip;","_links":{"self":[{"href":"https:\/\/gminadynow.pl\/index.php\/wp-json\/wp\/v2\/pages\/151","targetHints":{"allow":["GET"]}}],"collection":[{"href":"https:\/\/gminadynow.pl\/index.php\/wp-json\/wp\/v2\/pages"}],"about":[{"href":"https:\/\/gminadynow.pl\/index.php\/wp-json\/wp\/v2\/types\/page"}],"author":[{"embeddable":true,"href":"https:\/\/gminadynow.pl\/index.php\/wp-json\/wp\/v2\/users\/1"}],"replies":[{"embeddable":true,"href":"https:\/\/gminadynow.pl\/index.php\/wp-json\/wp\/v2\/comments?post=151"}],"version-history":[{"count":5,"href":"https:\/\/gminadynow.pl\/index.php\/wp-json\/wp\/v2\/pages\/151\/revisions"}],"predecessor-version":[{"id":1751,"href":"https:\/\/gminadynow.pl\/index.php\/wp-json\/wp\/v2\/pages\/151\/revisions\/1751"}],"wp:attachment":[{"href":"https:\/\/gminadynow.pl\/index.php\/wp-json\/wp\/v2\/media?parent=151"}],"curies":[{"name":"wp","href":"https:\/\/api.w.org\/{rel}","templated":true}]}}