
{"id":1335,"date":"2020-09-23T17:32:00","date_gmt":"2020-09-23T15:32:00","guid":{"rendered":"http:\/\/gminadynow.pl\/?page_id=1335"},"modified":"2026-02-17T10:36:37","modified_gmt":"2026-02-17T09:36:37","slug":"deklaracja-dostepnosci","status":"publish","type":"page","link":"https:\/\/gminadynow.pl\/index.php\/deklaracja-dostepnosci\/","title":{"rendered":"Deklaracja dost\u0119pno\u015bci"},"content":{"rendered":"\n<p class=\"has-text-align-center\" style=\"font-size:30px\"><strong>Deklaracja dost\u0119pno\u015bci<\/strong><\/p>\n\n\n\n<p>Urz\u0105d Gminy w Dynowie zobowi\u0105zuje si\u0119 zapewni\u0107 dost\u0119pno\u015b\u0107 swojej strony internetowej zgodnie z przepisami ustawy z dnia 4 kwietnia 2019 r. o dost\u0119pno\u015bci cyfrowej stron internetowych i aplikacji mobilnych podmiot\u00f3w publicznych. O\u015bwiadczenie w sprawie dost\u0119pno\u015bci ma zastosowanie do strony internetowej <a href=\"https:\/\/www.gminadynow.pl\/\" target=\"_blank\" rel=\"noreferrer noopener\">Urz\u0119du Gminy w Dynowie <\/a>.<\/p>\n\n\n\n<ul class=\"wp-block-list\"><li>Data publikacji strony internetowej: 2020-09-23<\/li><li>Data ostatniej istotnej aktualizacji: 2020-09-23<\/li><\/ul>\n\n\n\n<p><strong>Status pod wzgl\u0119dem zgodno\u015bci z ustaw\u0105<\/strong><\/p>\n\n\n\n<p>Strona internetowa Urz\u0119du Gminy Dyn\u00f3w jest cz\u0119\u015bciowo zgodna z ustaw\u0105 z dnia 4 kwietnia 2019 r. o dost\u0119pno\u015bci cyfrowej stron internetowych i aplikacji mobilnych podmiot\u00f3w publicznych z powodu niezgodno\u015bci lub wy\u0142\u0105cze\u0144 wymienionych poni\u017cej.<\/p>\n\n\n\n<h3 class=\"wp-block-heading\"><\/h3>\n\n\n\n<ul class=\"wp-block-list\"><li>Zamieszczone na stronie aktualno\u015bci w formie plik\u00f3w PDF mog\u0105 nie by\u0107 dost\u0119pne cyfrowo w ca\u0142o\u015bci gdy\u017c by\u0142y skanowane.<\/li><li>Zamieszczone na stronie aktualno\u015bci w formie plik\u00f3w PDF mog\u0105 nie by\u0107 dost\u0119pne cyfrowo w ca\u0142o\u015bci gdy\u017c zosta\u0142y przes\u0142ane&nbsp;przez podmiot zewn\u0119trzny.<\/li><li>Cz\u0119\u015b\u0107 z opublikowanych zdj\u0119\u0107 nie posiada opisu alternatywnego, maj\u0105 one charakter promocyjny i nie s\u0105 wykorzystywane do realizacji bie\u017c\u0105cych zada\u0144.<\/li><li>Nie wszelkie elementy nietekstowe, umieszczone na stronie internetowej, takie jak: zdj\u0119cia, obrazki ozdobne, ikony, itp., posiadaj\u0105 szczeg\u00f3\u0142owy opis.<\/li><li>Umieszczone w serwisie filmy pochodz\u0105 z serwisu You Tube i nie maj\u0105 do\u0142\u0105czonych napis\u00f3w dla os\u00f3b g\u0142uchych.<\/li><\/ul>\n\n\n\n<p><strong>U\u0142atwienia na stronie<\/strong><\/p>\n\n\n\n<p>Strona internetowa Urz\u0119du Gminy w Dynowie posiada u\u0142atwienia dla os\u00f3b z niepe\u0142nosprawno\u015bciami:<\/p>\n\n\n\n<ul class=\"wp-block-list\"><li>podwy\u017cszony kontrast;<\/li><li>mo\u017cliwo\u015b\u0107 powi\u0119kszenia wielko\u015bci liter na stronie;<\/li><li>mapa strony;<\/li><\/ul>\n\n\n\n<p><strong>Data sporz\u0105dzenia deklaracji<\/strong><\/p>\n\n\n\n<ul class=\"wp-block-list\"><li>Deklaracj\u0119 sporz\u0105dzono dnia: 2020-09-23<\/li><\/ul>\n\n\n\n<p>Deklaracj\u0119 sporz\u0105dzono na podstawie samooceny przeprowadzonej przez pracownika Urz\u0119du Gminy w Dynowie.<\/p>\n\n\n\n<p><strong>Informacje zwrotne i dane kontaktowe<\/strong><\/p>\n\n\n\n<p>W przypadku problem\u00f3w z dost\u0119pno\u015bci\u0105 prosimy o kontakt. Osob\u0105 odpowiedzialn\u0105 jest Urz\u0105d Gminy w Dynowie, adres poczty elektronicznej sekretarz@dynow.regiony.pl. T\u0105 sam\u0105 drog\u0105 mo\u017cna sk\u0142ada\u0107 wnioski o udost\u0119pnienie informacji niedost\u0119pnej oraz sk\u0142ada\u0107 skargi na brak zapewnienia dost\u0119pno\u015bci.<\/p>\n\n\n\n<p>Ka\u017cdy ma prawo do wyst\u0105pienia z \u017c\u0105daniem zapewnienia dost\u0119pno\u015bci cyfrowej strony internetowej, aplikacji mobilnej lub jakiego\u015b ich elementu. Mo\u017cna tak\u017ce za\u017c\u0105da\u0107 udost\u0119pnienia informacji w formach alternatywnych, na przyk\u0142ad odczytanie niedost\u0119pnego cyfrowo dokumentu, opisania zawarto\u015bci filmu bez audiodeskrypcji itp. \u017b\u0105danie powinno zawiera\u0107 dane osoby zg\u0142aszaj\u0105cej \u017c\u0105danie, wskazanie, o kt\u00f3r\u0105 stron\u0119 internetow\u0105 lub aplikacj\u0119 mobiln\u0105 chodzi oraz spos\u00f3b kontaktu. Je\u017celi osoba \u017c\u0105daj\u0105ca zg\u0142asza potrzeb\u0119 otrzymania informacji w formie alternatywnej, powinna tak\u017ce okre\u015bli\u0107 form\u0119 tej informacji.<\/p>\n\n\n\n<p>Podmiot publiczny powinien zrealizowa\u0107 \u017c\u0105danie niezw\u0142ocznie i nie p\u00f3\u017aniej, ni\u017c w ci\u0105gu 7 dni. Je\u017celi dotrzymanie tego terminu nie jest mo\u017cliwe, podmiot publiczny niezw\u0142ocznie informuje o tym, kiedy realizacja \u017c\u0105dania b\u0119dzie mo\u017cliwa, przy czym termin ten nie mo\u017ce by\u0107 d\u0142u\u017cszy ni\u017c 2 miesi\u0105ce. Je\u017celi zapewnienie dost\u0119pno\u015bci nie jest mo\u017cliwe, podmiot publiczny mo\u017ce zaproponowa\u0107 alternatywny spos\u00f3b dost\u0119pu do informacji.<\/p>\n\n\n\n<p><strong>Procedura wnioskowo-skargowa<\/strong><\/p>\n\n\n\n<p>Uprzejmie Informujemy, \u017ce zgodnie z ustaw\u0105 z dnia 4 kwietnia 2019 r. o dost\u0119pno\u015bci cyfrowej stron internetowych i aplikacji mobilnych podmiot w publicznych ka\u017cdy ma prawo wyst\u0105pi\u0107 do podmiotu publicznego z \u017c\u0105daniem udost\u0119pnienia cyfrowego wskazanej strony internetowej, aplikacji mobilnej lub ich element w, ewentualnie zapewnienia dost\u0119pu alternatywnego, na warunkach okre\u015blonych w ustawie. W przypadku odmowy wnosz\u0105cy \u017c\u0105danie mo\u017cne z\u0142o\u017cy\u0107 skarg\u0119 z zastosowaniem przepis w ustawy z dnia 14 czerwca 1960 r. Kodeks post\u0119powania administracyjnego, a tak\u017ce powiadomi\u0107 Rzecznika Praw Obywatelskich: <a href=\"http:\/\/www.rpo.gov.pl\" target=\"_blank\" rel=\"noreferrer noopener\">www.rpo.gov.pl<\/a><\/p>\n\n\n\n<p><strong>Dost\u0119pno\u015b\u0107 architektoniczna<\/strong><\/p>\n\n\n\n<p>Urz\u0105d Gminy Dyn\u00f3w mie\u015bci si\u0119 w jednym dwupi\u0119trowym &nbsp;budynku. Na drugim pi\u0119trze znajduje si\u0119 Zak\u0142ad Gospodarki Komunalnej&nbsp; a na parterze Gminny O\u015brodek Pomocy Spo\u0142ecznej. Na chwil\u0119 obecn\u0105 budynek nie jest w pe\u0142ni przystosowany do obs\u0142ugi os\u00f3b, kt\u00f3re maj\u0105 trudno\u015bci w poruszaniu si\u0119. Wewn\u0105trz nie ma windy . Obok wej\u015bcia g\u0142\u00f3wnego znajduje si\u0119 podjazd wraz z por\u0119cz\u0105, kt\u00f3ry umo\u017cliwia wej\u015bcie do budynku. Podjazd jak i drzwi przystosowane s\u0105 do korzystania przez osoby poruszaj\u0105ce si\u0119 na w\u00f3zkach inwalidzkich. Przed wej\u015bciem zamontowane s\u0105 domofony do Urz\u0119du Gminy oraz do GOPS. &nbsp;Przed budynkiem Urz\u0119du Gminy Dyn\u00f3w nie zosta\u0142o wydzielone i oznakowane miejsce parkingowe dla os\u00f3b z niepe\u0142nosprawno\u015bci\u0105- nawierzchnia jest nier\u00f3wna i wymaga poprawy. Osoby, kt\u00f3re chc\u0105 za\u0142atwi\u0107 spraw\u0119 na I i II &nbsp;pi\u0119trze powinny zg\u0142osi\u0107 si\u0119 do Punktu Obs\u0142ugi Klienta znajduj\u0105cego si\u0119 na parterze pok.2 , do kt\u00f3rego zostanie skierowany pracownik w\u0142a\u015bciwego dla danej sprawy referatu czy jednostki. Brak toalet dla os\u00f3b niepe\u0142nosprawnych. Do budynku i wszystkich jego pomieszcze\u0144 mo\u017cna wej\u015b\u0107 z psem asystuj\u0105cym i psem przewodnikiem. W Urz\u0119dzie Gminy Dyn\u00f3w nie ma p\u0119tli indukcyjnych. W budynku nie ma oznacze\u0144 w alfabecie brajla ani oznacze\u0144 kontrastowych lub w druku powi\u0119kszonym dla os\u00f3b niewidomych i s\u0142abo widz\u0105cych.<\/p>\n\n\n\n<p><strong>Aplikacje mobilne<\/strong><\/p>\n\n\n\n<p>Serwis zosta\u0142 zbudowany w oparciu o metod\u0119 \u201eResponsive Web Design\u201d, w skr\u00f3cie RWD. Metoda ta sprawia, \u017ce serwis automatycznie dostosowuje wy\u015bwietlanie do rozdzielczo\u015bci oraz wielko\u015bci ekranu.<\/p>\n\n\n\n<p>Nie wymaga powi\u0119kszania, ani przewijania w kierunku poziomym.<\/p>\n\n\n\n<p>W urz\u0105dzeniach takich jak tablety, smartfony, telefony kom\u00f3rkowe serwis jest znacznie bardziej czytelny i przyjazny w obs\u0142udze.<\/p>\n\n\n\n<p>W zwi\u0105zku z warunkami technicznym i niemo\u017cno\u015bci\u0105 zapewnienia pe\u0142nej dost\u0119pno\u015bci urz\u0119du osobom ze szczeg\u00f3lnymi potrzebami, przewidziany zostaje dost\u0119p alternatywny.<\/p>\n\n\n\n<p>Korzystanie z us\u0142ug t\u0142umacza j\u0119zyka migowego w Urz\u0119dzie Gminy w Dynowie<\/p>\n\n\n\n<h2 class=\"wp-block-heading\"><\/h2>\n\n\n\n<p>Zgodnie z przepisami, osoba uprawniona, kt\u00f3ra wyra\u017ca ch\u0119\u0107 skorzystania z t\u0142umacza j\u0119zyka migowego w&nbsp; komunikowaniu si\u0119 w Urz\u0119dzie Gminy Dyn\u00f3w, proszona jest o zg\u0142oszenie<strong> <\/strong>(e-mailem, &nbsp;listownie lub poprzez inn\u0105 osob\u0119 telefonicznie) tego faktu co najmniej na 3 dni robocze przed dniem skorzystania ze \u015bwiadczenia do:<\/p>\n\n\n\n<p>Pani Zofii Kalawskiej \u2013 Sekretarza Gminy Dyn\u00f3w, telefonicznie: <\/p>\n\n\n\n<p>nr tel. 17 23 00 115, email:<a href=\"mailto:sekretarz@dynow.regiony.pl,\">sekretarz@dynow.regiony.pl,<\/a><br>lub listownie: Urz\u0105d Gminy w Dynowie, ul. Ks. J. O\u017coga 2, 36-065 Dyn\u00f3w.<\/p>\n\n\n\n<p>Koordynatorem do spraw dost\u0119pno\u015bci jest &nbsp;Pani Zofia Kalawska&nbsp; e-mail: sekretarz@dynow.regiony.pl, tel. (17) 23 00 115, kt\u00f3rej zadaniem jest organizowanie wsparcia os\u00f3b ze szczeg\u00f3lnymi potrzebami w dost\u0119pie do us\u0142ug \u015bwiadczonych przez Urz\u0105d Gminy Dyn\u00f3w.<\/p>\n\n\n\n<p><a href=\"http:\/\/checkers.eiii.eu\/en\/pagecheck2.0\/?uuid=080a5194-01cf-410d-bf2a-3ee51a4e53ae\">Wynik walidatora&nbsp;<\/a><\/p>\n\n\n\n<p> Niniejszy Certyfikat potwierdza, \u017ce aplikacja (strona internetowa) jest zgodna ze standardem WCAG 2.1 (na poziomie minimum AA). Nie uwzgl\u0119dnia poziomu dost\u0119pno\u015bci wszystkich publikowanych tre\u015bci.<\/p>\n\n\n\n<div class=\"wp-block-group is-style-download-files\"><div class=\"wp-block-group__inner-container is-layout-flow wp-block-group-is-layout-flow\">\n<div class=\"wp-block-file\"><a href=\"https:\/\/gminadynow.pl\/wp-content\/uploads\/2022\/07\/Plan-dzialania-2022-2024-1.pdf\">Plan dzia\u0142ania 2022-2024<\/a><a href=\"https:\/\/gminadynow.pl\/wp-content\/uploads\/2022\/07\/Plan-dzialania-2022-2024-1.pdf\" class=\"wp-block-file__button\" download>Pobierz<\/a><\/div>\n\n\n\n<div class=\"wp-block-file\"><a href=\"https:\/\/gminadynow.pl\/wp-content\/uploads\/2021\/02\/Plan-dzialania-2020_2021-1.docx\">Plan dzia\u0142ania 2020-2021<\/a><a href=\"https:\/\/gminadynow.pl\/wp-content\/uploads\/2021\/02\/Plan-dzialania-2020_2021-1.docx\" class=\"wp-block-file__button\" download>Pobierz<\/a><\/div>\n\n\n\n<div class=\"wp-block-file\"><a href=\"https:\/\/gminadynow.pl\/wp-content\/uploads\/2021\/03\/Raport-o-stanie-zapewnienia-dostepnosci-podmiotu-publicznego1.pdf\">Raport o stanie zapewnienia dost\u0119pno\u015bci podmiotu publicznego<\/a><a href=\"https:\/\/gminadynow.pl\/wp-content\/uploads\/2021\/03\/Raport-o-stanie-zapewnienia-dostepnosci-podmiotu-publicznego1.pdf\" class=\"wp-block-file__button\" download>Pobierz<\/a><\/div>\n\n\n\n<div class=\"wp-block-file\"><a href=\"https:\/\/gminadynow.pl\/wp-content\/uploads\/2021\/03\/W.0050.56.2020-Koordynator-dostepnosci.docx\">W.0050.56.2020-Koordynator dost\u0119pno\u015bci<\/a><a href=\"https:\/\/gminadynow.pl\/wp-content\/uploads\/2021\/03\/W.0050.56.2020-Koordynator-dostepnosci.docx\" class=\"wp-block-file__button\" download>Pobierz<\/a><\/div>\n<\/div><\/div>\n\n\n\n<p><\/p>\n","protected":false},"excerpt":{"rendered":"<p>Deklaracja dost\u0119pno\u015bci Urz\u0105d Gminy w Dynowie zobowi\u0105zuje si\u0119 zapewni\u0107 dost\u0119pno\u015b\u0107 swojej strony internetowej zgodnie z przepisami ustawy z dnia 4 kwietnia 2019 r. o dost\u0119pno\u015bci cyfrowej stron internetowych i aplikacji mobilnych podmiot\u00f3w publicznych. O\u015bwiadczenie w sprawie dost\u0119pno\u015bci ma zastosowanie do strony internetowej Urz\u0119du Gminy w Dynowie . Data publikacji strony internetowej: 2020-09-23 Data ostatniej istotnej [&hellip;]<\/p>\n","protected":false},"author":2,"featured_media":0,"parent":0,"menu_order":0,"comment_status":"closed","ping_status":"closed","template":"","meta":{"footnotes":""},"class_list":["post-1335","page","type-page","status-publish","hentry"],"featured_image_urls_v2":{"full":"","thumbnail":"","medium":"","medium_large":"","large":"","1536x1536":"","2048x2048":""},"post_excerpt_stackable_v2":"<p>Deklaracja dost\u0119pno\u015bci Urz\u0105d Gminy w Dynowie zobowi\u0105zuje si\u0119 zapewni\u0107 dost\u0119pno\u015b\u0107 swojej strony internetowej zgodnie z przepisami ustawy z dnia 4 kwietnia 2019 r. o dost\u0119pno\u015bci cyfrowej stron internetowych i aplikacji mobilnych podmiot\u00f3w publicznych. O\u015bwiadczenie w sprawie dost\u0119pno\u015bci ma zastosowanie do strony internetowej Urz\u0119du Gminy w Dynowie . Data publikacji strony internetowej: 2020-09-23Data ostatniej istotnej aktualizacji: 2020-09-23 Status pod wzgl\u0119dem zgodno\u015bci z ustaw\u0105 Strona internetowa Urz\u0119du Gminy Dyn\u00f3w jest cz\u0119\u015bciowo zgodna z ustaw\u0105 z dnia 4 kwietnia 2019 r. o dost\u0119pno\u015bci cyfrowej stron internetowych i aplikacji mobilnych podmiot\u00f3w publicznych z powodu niezgodno\u015bci lub wy\u0142\u0105cze\u0144 wymienionych poni\u017cej. Zamieszczone na stronie aktualno\u015bci w&hellip;<\/p>\n","category_list_v2":"","author_info_v2":{"name":"Zofia Kalawska","url":"https:\/\/gminadynow.pl\/index.php\/author\/zofiakalawska\/"},"comments_num_v2":"0 comments","rttpg_featured_image_url":null,"rttpg_author":{"display_name":"Zofia Kalawska","author_link":"https:\/\/gminadynow.pl\/index.php\/author\/zofiakalawska\/"},"rttpg_comment":0,"rttpg_category":null,"rttpg_excerpt":"Deklaracja dost\u0119pno\u015bci Urz\u0105d Gminy w Dynowie zobowi\u0105zuje si\u0119 zapewni\u0107 dost\u0119pno\u015b\u0107 swojej strony internetowej zgodnie z przepisami ustawy z dnia 4 kwietnia 2019 r. o dost\u0119pno\u015bci cyfrowej stron internetowych i aplikacji mobilnych podmiot\u00f3w publicznych. O\u015bwiadczenie w sprawie dost\u0119pno\u015bci ma zastosowanie do strony internetowej Urz\u0119du Gminy w Dynowie . Data publikacji strony internetowej: 2020-09-23 Data ostatniej istotnej&hellip;","_links":{"self":[{"href":"https:\/\/gminadynow.pl\/index.php\/wp-json\/wp\/v2\/pages\/1335","targetHints":{"allow":["GET"]}}],"collection":[{"href":"https:\/\/gminadynow.pl\/index.php\/wp-json\/wp\/v2\/pages"}],"about":[{"href":"https:\/\/gminadynow.pl\/index.php\/wp-json\/wp\/v2\/types\/page"}],"author":[{"embeddable":true,"href":"https:\/\/gminadynow.pl\/index.php\/wp-json\/wp\/v2\/users\/2"}],"replies":[{"embeddable":true,"href":"https:\/\/gminadynow.pl\/index.php\/wp-json\/wp\/v2\/comments?post=1335"}],"version-history":[{"count":14,"href":"https:\/\/gminadynow.pl\/index.php\/wp-json\/wp\/v2\/pages\/1335\/revisions"}],"predecessor-version":[{"id":4186,"href":"https:\/\/gminadynow.pl\/index.php\/wp-json\/wp\/v2\/pages\/1335\/revisions\/4186"}],"wp:attachment":[{"href":"https:\/\/gminadynow.pl\/index.php\/wp-json\/wp\/v2\/media?parent=1335"}],"curies":[{"name":"wp","href":"https:\/\/api.w.org\/{rel}","templated":true}]}}