
{"id":1211,"date":"2021-01-31T12:21:29","date_gmt":"2021-01-31T11:21:29","guid":{"rendered":"http:\/\/gminadynow.pl\/?page_id=1211"},"modified":"2026-02-17T10:40:50","modified_gmt":"2026-02-17T09:40:50","slug":"dotacje-z-budzetu-panstwa","status":"publish","type":"page","link":"https:\/\/gminadynow.pl\/index.php\/dotacje-z-budzetu-panstwa\/","title":{"rendered":"Dotacje z Bud\u017cetu Pa\u0144stwa"},"content":{"rendered":"\n<p class=\"has-text-align-center\" style=\"font-size:30px\"><strong>Dotacje z Bud\u017cetu Pa\u0144stwa<\/strong><\/p>\n\n\n\n<h2 class=\"has-medium-font-size wp-block-heading\"><br><strong>\u201eRemont drogi gminnej Nr 108339R Dyl\u0105gowa ko\u0142o Starej Szko\u0142y w km 2+200-2+545 oraz w km 2+555-2+600 w miejscowo\u015bci Dyl\u0105gowa&#8221;<\/strong><\/h2>\n\n\n\n<p>W ramach dotacji z rezerwy celowej bud\u017cetu Pa\u0144stwa na usuwanie skutk\u00f3w kl\u0119sk \u017cywio\u0142owych, kt\u00f3re wyst\u0105pi\u0142y w 2020 roku, przeprowadzone zosta\u0142y \u00a0na terenie Gminy Dyn\u00f3w w ramach um\u00f3w podpisanych z Wojewod\u0105 Podkarpackim w ramach dotacji:<br>\u201eRemont drogi gminnej Nr 108339R Dyl\u0105gowa ko\u0142o Starej Szko\u0142y w km 2+200-2+545 oraz w\u00a0km 2+555-2+600 w miejscowo\u015bci Dyl\u0105gowa&#8221; &#8211; \u0142\u0105czny odcinek 390 m. \u00a0\u0141\u0105czny koszt wykonanych rob\u00f3t wyni\u00f3s\u0142 89\u00a0504,09 z\u0142, dotacja z bud\u017cetu Pa\u0144stwa\u00a0\u00a0<strong>71\u00a0603,00 z\u0142.<\/strong><br>Wykonane prace pozwoli\u0142y na zabezpieczenie cz\u0119\u015bci gminnej infrastruktury drogowej kt\u00f3ra uleg\u0142a stratom podczas powodzi w czerwcu 2020 roku. Przeprowadzone prace optymalnie pozwol\u0105 zabezpieczy\u0107 drogi przed ewentualnymi skutkami \u00a0ewentualnych intensywnych opad\u00f3w deszczu i powodzi w przysz\u0142o\u015bci. Przeprowadzona przebudowa i remonty wp\u0142yn\u0105 na popraw\u0119 bezpiecze\u0144stwa korzystaj\u0105cych z drogi jak i okolicznych mieszka\u0144c\u00f3w.<\/p>\n\n\n\n<figure class=\"wp-block-image size-large is-resized\"><img fetchpriority=\"high\" decoding=\"async\" src=\"http:\/\/gminadynow.pl\/wp-content\/uploads\/2021\/01\/download-1024x682.jpg\" alt=\"\" class=\"wp-image-1212\" width=\"768\" height=\"512\" srcset=\"https:\/\/gminadynow.pl\/wp-content\/uploads\/2021\/01\/download-1024x682.jpg 1024w, https:\/\/gminadynow.pl\/wp-content\/uploads\/2021\/01\/download-300x200.jpg 300w, https:\/\/gminadynow.pl\/wp-content\/uploads\/2021\/01\/download-768x512.jpg 768w, https:\/\/gminadynow.pl\/wp-content\/uploads\/2021\/01\/download-1536x1024.jpg 1536w, https:\/\/gminadynow.pl\/wp-content\/uploads\/2021\/01\/download-2048x1365.jpg 2048w\" sizes=\"(max-width: 768px) 100vw, 768px\" \/><\/figure>\n\n\n\n<p><\/p>\n\n\n\n<hr class=\"wp-block-separator\"\/>\n\n\n\n<p><\/p>\n\n\n\n<h2 class=\"has-medium-font-size wp-block-heading\"><br><strong><strong>\u201eRemont drogi gminnej Nr 108340R D\u0105br\u00f3wka Starze\u0144ska Przez Wie\u015b w km 0+650-1+310 w miejscowo\u015bci D\u0105br\u00f3wka Starze\u0144ska\u201d<\/strong><\/strong><\/h2>\n\n\n\n<p>W ramach dotacji z rezerwy celowej bud\u017cetu Pa\u0144stwa na usuwanie skutk\u00f3w kl\u0119sk \u017cywio\u0142owych, kt\u00f3re wyst\u0105pi\u0142y w 2020 roku, przeprowadzone zosta\u0142y \u00a0na terenie Gminy Dyn\u00f3w w ramach um\u00f3w podpisanych z Wojewod\u0105 Podkarpackim w ramach dotacji:<br>\u201eRemont drogi gminnej Nr 108340R D\u0105br\u00f3wka Starze\u0144ska Przez Wie\u015b w km 0+650-1+310 w\u00a0miejscowo\u015bci D\u0105br\u00f3wka Starze\u0144ska\u201d &#8211; \u0142\u0105czny odcinek remontu 660 m. \u0141\u0105czny koszt wykonanych rob\u00f3t wynosi 186\u00a0141,68 z\u0142, dotacja z bud\u017cetu Pa\u0144stwa<strong>\u00a0148\u00a0913,00 z\u0142.<\/strong><br>Wykonane prace pozwoli\u0142y na zabezpieczenie cz\u0119\u015bci gminnej infrastruktury drogowej kt\u00f3ra uleg\u0142a stratom podczas powodzi w czerwcu 2020 roku. Przeprowadzone prace optymalnie pozwol\u0105 zabezpieczy\u0107 drogi przed ewentualnymi skutkami \u00a0ewentualnych intensywnych opad\u00f3w deszczu i powodzi w przysz\u0142o\u015bci.\u00a0\u00a0 Przeprowadzona przebudowa i remonty wp\u0142yn\u0105 na popraw\u0119 bezpiecze\u0144stwa korzystaj\u0105cych z drogi jak i okolicznych mieszka\u0144c\u00f3w.<\/p>\n\n\n\n<figure class=\"wp-block-image size-large is-resized\"><img decoding=\"async\" src=\"http:\/\/gminadynow.pl\/wp-content\/uploads\/2021\/01\/download-1-1024x682.jpg\" alt=\"\" class=\"wp-image-1213\" width=\"768\" height=\"512\" srcset=\"https:\/\/gminadynow.pl\/wp-content\/uploads\/2021\/01\/download-1-1024x682.jpg 1024w, https:\/\/gminadynow.pl\/wp-content\/uploads\/2021\/01\/download-1-300x200.jpg 300w, https:\/\/gminadynow.pl\/wp-content\/uploads\/2021\/01\/download-1-768x512.jpg 768w, https:\/\/gminadynow.pl\/wp-content\/uploads\/2021\/01\/download-1-1536x1024.jpg 1536w, https:\/\/gminadynow.pl\/wp-content\/uploads\/2021\/01\/download-1-2048x1365.jpg 2048w\" sizes=\"(max-width: 768px) 100vw, 768px\" \/><\/figure>\n\n\n\n<p><\/p>\n\n\n\n<hr class=\"wp-block-separator\"\/>\n\n\n\n<p><\/p>\n\n\n\n<p><strong>\u201ePrzebudowa drogi dz. nr ewid. 3886 w km 0+136-0+380 w miejscowo\u015bci Harta\u201d<\/strong><\/p>\n\n\n\n<p>W ramach dotacji z rezerwy celowej bud\u017cetu Pa\u0144stwa na usuwanie skutk\u00f3w kl\u0119sk \u017cywio\u0142owych, kt\u00f3re wyst\u0105pi\u0142y w 2020 roku, przeprowadzone zosta\u0142y \u00a0na terenie Gminy Dyn\u00f3w w ramach um\u00f3w podpisanych z Wojewod\u0105 Podkarpackim w ramach dotacji:<br>\u201ePrzebudowa drogi dz. nr ewid. 3886 w km 0+136-0+380 w miejscowo\u015bci Harta\u201d &#8211; \u0142\u0105czny odcinek przebudowy 244 metry. \u0141\u0105czny koszt wykonanych rob\u00f3t wynosi 59\u00a0690,27 z\u0142, dotacja z bud\u017cetu Pa\u0144stwa\u00a0<strong>47\u00a0752,00 z\u0142.<\/strong><br>Wykonane prace pozwoli\u0142y na zabezpieczenie cz\u0119\u015bci gminnej infrastruktury drogowej kt\u00f3ra uleg\u0142a stratom podczas powodzi w czerwcu 2020 roku. Przeprowadzone prace optymalnie pozwol\u0105 zabezpieczy\u0107 drogi przed ewentualnymi skutkami \u00a0ewentualnych intensywnych opad\u00f3w deszczu i powodzi w przysz\u0142o\u015bci. Przeprowadzona przebudowa i remonty wp\u0142yn\u0105 na popraw\u0119 bezpiecze\u0144stwa korzystaj\u0105cych z drogi jak i okolicznych mieszka\u0144c\u00f3w.<\/p>\n\n\n\n<figure class=\"wp-block-image size-large is-resized\"><img decoding=\"async\" src=\"http:\/\/gminadynow.pl\/wp-content\/uploads\/2021\/01\/download-2-1024x682.jpg\" alt=\"\" class=\"wp-image-1214\" width=\"768\" height=\"512\" srcset=\"https:\/\/gminadynow.pl\/wp-content\/uploads\/2021\/01\/download-2-1024x682.jpg 1024w, https:\/\/gminadynow.pl\/wp-content\/uploads\/2021\/01\/download-2-300x200.jpg 300w, https:\/\/gminadynow.pl\/wp-content\/uploads\/2021\/01\/download-2-768x512.jpg 768w, https:\/\/gminadynow.pl\/wp-content\/uploads\/2021\/01\/download-2-1536x1024.jpg 1536w, https:\/\/gminadynow.pl\/wp-content\/uploads\/2021\/01\/download-2-2048x1365.jpg 2048w\" sizes=\"(max-width: 768px) 100vw, 768px\" \/><\/figure>\n","protected":false},"excerpt":{"rendered":"<p>Dotacje z Bud\u017cetu Pa\u0144stwa \u201eRemont drogi gminnej Nr 108339R Dyl\u0105gowa ko\u0142o Starej Szko\u0142y w km 2+200-2+545 oraz w km 2+555-2+600 w miejscowo\u015bci Dyl\u0105gowa&#8221; W ramach dotacji z rezerwy celowej bud\u017cetu Pa\u0144stwa na usuwanie skutk\u00f3w kl\u0119sk \u017cywio\u0142owych, kt\u00f3re wyst\u0105pi\u0142y w 2020 roku, przeprowadzone zosta\u0142y \u00a0na terenie Gminy Dyn\u00f3w w ramach um\u00f3w podpisanych z Wojewod\u0105 Podkarpackim w [&hellip;]<\/p>\n","protected":false},"author":2,"featured_media":0,"parent":0,"menu_order":0,"comment_status":"closed","ping_status":"closed","template":"","meta":{"footnotes":""},"class_list":["post-1211","page","type-page","status-publish","hentry"],"featured_image_urls_v2":{"full":"","thumbnail":"","medium":"","medium_large":"","large":"","1536x1536":"","2048x2048":""},"post_excerpt_stackable_v2":"<p>Dotacje z Bud\u017cetu Pa\u0144stwa \u201eRemont drogi gminnej Nr 108339R Dyl\u0105gowa ko\u0142o Starej Szko\u0142y w km 2+200-2+545 oraz w km 2+555-2+600 w miejscowo\u015bci Dyl\u0105gowa&#8221; W ramach dotacji z rezerwy celowej bud\u017cetu Pa\u0144stwa na usuwanie skutk\u00f3w kl\u0119sk \u017cywio\u0142owych, kt\u00f3re wyst\u0105pi\u0142y w 2020 roku, przeprowadzone zosta\u0142y \u00a0na terenie Gminy Dyn\u00f3w w ramach um\u00f3w podpisanych z Wojewod\u0105 Podkarpackim w ramach dotacji:\u201eRemont drogi gminnej Nr 108339R Dyl\u0105gowa ko\u0142o Starej Szko\u0142y w km 2+200-2+545 oraz w\u00a0km 2+555-2+600 w miejscowo\u015bci Dyl\u0105gowa&#8221; &#8211; \u0142\u0105czny odcinek 390 m. \u00a0\u0141\u0105czny koszt wykonanych rob\u00f3t wyni\u00f3s\u0142 89\u00a0504,09 z\u0142, dotacja z bud\u017cetu Pa\u0144stwa\u00a0\u00a071\u00a0603,00 z\u0142.Wykonane prace pozwoli\u0142y na zabezpieczenie cz\u0119\u015bci gminnej infrastruktury drogowej kt\u00f3ra&hellip;<\/p>\n","category_list_v2":"","author_info_v2":{"name":"Zofia Kalawska","url":"https:\/\/gminadynow.pl\/index.php\/author\/zofiakalawska\/"},"comments_num_v2":"0 comments","rttpg_featured_image_url":null,"rttpg_author":{"display_name":"Zofia Kalawska","author_link":"https:\/\/gminadynow.pl\/index.php\/author\/zofiakalawska\/"},"rttpg_comment":0,"rttpg_category":null,"rttpg_excerpt":"Dotacje z Bud\u017cetu Pa\u0144stwa \u201eRemont drogi gminnej Nr 108339R Dyl\u0105gowa ko\u0142o Starej Szko\u0142y w km 2+200-2+545 oraz w km 2+555-2+600 w miejscowo\u015bci Dyl\u0105gowa&#8221; W ramach dotacji z rezerwy celowej bud\u017cetu Pa\u0144stwa na usuwanie skutk\u00f3w kl\u0119sk \u017cywio\u0142owych, kt\u00f3re wyst\u0105pi\u0142y w 2020 roku, przeprowadzone zosta\u0142y \u00a0na terenie Gminy Dyn\u00f3w w ramach um\u00f3w podpisanych z Wojewod\u0105 Podkarpackim w&hellip;","_links":{"self":[{"href":"https:\/\/gminadynow.pl\/index.php\/wp-json\/wp\/v2\/pages\/1211","targetHints":{"allow":["GET"]}}],"collection":[{"href":"https:\/\/gminadynow.pl\/index.php\/wp-json\/wp\/v2\/pages"}],"about":[{"href":"https:\/\/gminadynow.pl\/index.php\/wp-json\/wp\/v2\/types\/page"}],"author":[{"embeddable":true,"href":"https:\/\/gminadynow.pl\/index.php\/wp-json\/wp\/v2\/users\/2"}],"replies":[{"embeddable":true,"href":"https:\/\/gminadynow.pl\/index.php\/wp-json\/wp\/v2\/comments?post=1211"}],"version-history":[{"count":8,"href":"https:\/\/gminadynow.pl\/index.php\/wp-json\/wp\/v2\/pages\/1211\/revisions"}],"predecessor-version":[{"id":1222,"href":"https:\/\/gminadynow.pl\/index.php\/wp-json\/wp\/v2\/pages\/1211\/revisions\/1222"}],"wp:attachment":[{"href":"https:\/\/gminadynow.pl\/index.php\/wp-json\/wp\/v2\/media?parent=1211"}],"curies":[{"name":"wp","href":"https:\/\/api.w.org\/{rel}","templated":true}]}}