
{"id":1199,"date":"2021-01-30T20:21:27","date_gmt":"2021-01-30T19:21:27","guid":{"rendered":"http:\/\/gminadynow.pl\/?page_id=1199"},"modified":"2021-02-09T21:04:47","modified_gmt":"2021-02-09T20:04:47","slug":"spis-powszechny-ludnosci-i-mieszkan-2021","status":"publish","type":"page","link":"https:\/\/gminadynow.pl\/index.php\/spis-powszechny-ludnosci-i-mieszkan-2021\/","title":{"rendered":"Spis Powszechny Ludno\u015bci i Mieszka\u0144 2021"},"content":{"rendered":"\n<p class=\"has-text-align-center\" style=\"font-size:30px\"><strong><strong>Nab\u00f3r kandydat\u00f3w na rachmistrz\u00f3w spisowych &#8211; Narodowy Spis Powszechny Ludno\u015bci i Mieszka\u0144 2021<\/strong><\/strong><\/p>\n\n\n\n<p><\/p>\n\n\n\n<p><strong>Dnia&nbsp; 27 stycznia 2021 r.,<\/strong>&nbsp;na podstawie art. 24 ust. 1 pkt. 6 ustawy z dnia 9 sierpnia 2019 r. o narodowym spisie powszechnym ludno\u015bci i mieszka\u0144 w 2021 r. (Dz.U. poz.1775, z p\u00f3\u017an.zm.) &#8211; zwany dalej NSP 2021,&nbsp;<strong>Pan Wojciech Piech &#8211; Gminny Komisarz Spisowy w Dynowie og\u0142asza otwarty i konkurencyjny nab\u00f3r kandydat\u00f3w na rachmistrz\u00f3w spisowych&nbsp;<\/strong>wykonuj\u0105cych czynno\u015bci w ramach prac spisowych zwi\u0105zanych z przeprowadzeniem na terytorium Rzeczpospolitej Polskiej w 2021 r. spisu powszechnego NSP 2021.<\/p>\n\n\n\n<p>NSP 2021 jest przeprowadzany w terminie od&nbsp;dnia&nbsp;1&nbsp;kwietnia do dnia 30 czerwca 2021 r. (wed\u0142ug stanu na&nbsp;dzie\u0144 31&nbsp;marca 2021 r., godz. 24.00).<\/p>\n\n\n\n<p><strong>Termin sk\u0142adania ofert<\/strong>:\u00a0<strong>od 1 lutego do 16 lutego 2021 r.<\/strong><\/p>\n\n\n\n<p><strong>Kandydat na rachmistrza spisowego powinien spe\u0142nia\u0107 nast\u0119puj\u0105ce warunki:<\/strong><\/p>\n\n\n\n<ul class=\"wp-block-list\"><li>mie\u0107 uko\u0144czone 18 lat,<\/li><li>cieszy\u0107 si\u0119 nieposzlakowan\u0105 opini\u0105,<\/li><li>posiada\u0107 co najmniej \u015brednie wykszta\u0142cenie,<\/li><li>pos\u0142ugiwa\u0107 si\u0119 j\u0119zykiem polskim w mowie i pi\u015bmie,<\/li><li>nie by\u0107 skazanym prawomocnym wyrokiem za umy\u015blne przest\u0119pstwo lub umy\u015blne przest\u0119pstwo skarbowe.<\/li><\/ul>\n\n\n\n<p><strong>Informacje og\u00f3lne:<\/strong><\/p>\n\n\n\n<ul class=\"wp-block-list\"><li>Dane kandydat\u00f3w na rachmistrz\u00f3w spisowych s\u0105 rejestrowane w Systemie Ewidencji Rachmistrz\u00f3w (SER) przez upowa\u017cnionego pracownika Urz\u0119du Gminy w Dynowie Kandydat na&nbsp;rachmistrza spisowego, kt\u00f3rego dane zostan\u0105 zarejestrowane w&nbsp;systemie SER, otrzyma login do&nbsp;aplikacji e -learning. Na wskazany w ofercie adres e-mail zostanie wys\u0142ane has\u0142o umo\u017cliwiaj\u0105ce dost\u0119p do systemu e-learning<s>.<\/s><\/li><li>Na podany w ofercie adres e-mail b\u0119d\u0105 przekazywane informacje o terminie i&nbsp;formie szkolenia, kt\u00f3rego uko\u0144czenie z wynikiem pozytywnym b\u0119dzie warunkiem koniecznym do uzyskania mo\u017cliwo\u015bci kwalifikacji na rachmistrza spisowego.<\/li><li>Kandydat na rachmistrza zobligowany jest do wzi\u0119cia udzia\u0142u w szkoleniu przeprowadzanym w&nbsp;trybie zdalnym. Szkolenia dla rachmistrz\u00f3w spisowych obejmowa\u0107 b\u0119d\u0105 cz\u0119\u015b\u0107 teoretyczn\u0105 oraz&nbsp;cz\u0119\u015b\u0107 praktyczn\u0105. Egzamin kandydata na&nbsp;rachmistrza spisowego, przeprowadzany po szkoleniu, b\u0119dzie realizowany za pomoc\u0105 aplikacji e-learning. Kandydat podczas szkolenia i egzaminu po szkoleniu pos\u0142uguje si\u0119 w\u0142asnym urz\u0105dzeniem z dost\u0119pem do Internetu (rekomendujemy laptop, komputer, tablet). Kandydat, kt\u00f3ry nie we\u017amie udzia\u0142u w&nbsp;ca\u0142o\u015bci szkolenia, nie&nbsp;mo\u017ce przyst\u0105pi\u0107 do&nbsp;egzaminu ko\u0144cz\u0105cego szkolenie.<\/li><li>Kandydaci, kt\u00f3rzy uzyskaj\u0105 pozytywny wynik z egzaminu (co najmniej 60% poprawnych odpowiedzi), zostan\u0105 wpisani na&nbsp;list\u0119 os\u00f3b zakwalifikowanych do pe\u0142nienia roli rachmistrza. O kolejno\u015bci na li\u015bcie decydowa\u0107 b\u0119dzie najwy\u017csza liczba punkt\u00f3w uzyskanych na&nbsp;egzaminie przez kandydat\u00f3w z danej gminy (jako pierwsze kryterium) oraz najkr\u00f3tszy czas, w&nbsp;jakim zosta\u0142 napisany test w przypadku takiej samej liczby uzyskanych punkt\u00f3w (jako drugie kryterium). Na&nbsp;li\u015bcie b\u0119d\u0105 zamieszczone przy ka\u017cdym z kandydat\u00f3w wyniki obu tych kryteri\u00f3w.<\/li><li>Kandydaci, kt\u00f3rzy uzyskaj\u0105 najwy\u017csze miejsce na li\u015bcie, zostan\u0105 powo\u0142ani na&nbsp;rachmistrz\u00f3w spisowych (w liczbie adekwatnej do potrzeb), a&nbsp;nast\u0119pnie podpisz\u0105 umow\u0119 zlecenia z&nbsp;dyrektorem urz\u0119du statystycznego \u2013 jako zast\u0119pc\u0105 wojew\u00f3dzkiego komisarza spisowego. Pozostali kandydaci, kt\u00f3rych liczba przekracza zapotrzebowanie w danej gminie, stanowi\u0107 b\u0119d\u0105 zas\u00f3b rezerwowy.<\/li><li>Kandydat ma prawo wgl\u0105du do&nbsp;swojego testu i uzyskanego wyniku &#8211; niezw\u0142ocznie po og\u0142oszeniu wynik\u00f3w egzaminu testowego oraz \u017c\u0105dania sprawdzenia WBS poprawno\u015bci tego&nbsp;wyniku.<\/li><li>Kandydat, po powo\u0142aniu na rachmistrza spisowego, zobowi\u0105zany jest do&nbsp;przes\u0142ania za&nbsp;po\u015brednictwem aplikacji e-learning danych niezb\u0119dnych do zawarcia umowy zlecenia oraz zdj\u0119cia do&nbsp;identyfikatora, kt\u00f3re powinno spe\u0142nia\u0107 okre\u015blone wymagania:&nbsp;<ul><li>jednolite t\u0142o, o\u015bwietlone, pozbawione cieni i element\u00f3w ozdobnych oraz innych os\u00f3b,<\/li><\/ul><ul><li>format pliku &#8211; JPG,<\/li><\/ul><ul><li>rozmiar rzeczywisty zdj\u0119cia \u2013 23x30mm, co odpowiada:&nbsp;<\/li><li>przy rozdzielczo\u015bci 300 dpi, rozmiarowi 272&#215;354 pixeli,<\/li><li>przy rozdzielczo\u015bci 600 dpi, rozmiarowi 543&#215;709 pixeli.<\/li><\/ul><\/li><\/ul>\n\n\n\n<p>Rachmistrz spisowy, wy\u0142oniony w trybie otwartego naboru na zasadach okre\u015blonych w&nbsp;ustawie o NSP 2021, wykonuje czynno\u015bci w ramach prac spisowych na podstawie umowy zlecenia zawartej z&nbsp;dyrektorem urz\u0119du statystycznego, z wykorzystaniem urz\u0105dzenia mobilnego wyposa\u017conego w oprogramowanie dedykowane do&nbsp;przeprowadzenia spisu. Urz\u0105dzenie zostanie przekazane rachmistrzowi na&nbsp;podstawie protoko\u0142u przekazania, stanowi\u0105cego za\u0142\u0105cznik do umowy zlecenia.<\/p>\n\n\n\n<p><strong>Do g\u0142\u00f3wnych zada\u0144 rachmistrza spisowego nale\u017ce\u0107 b\u0119dzie:<\/strong><\/p>\n\n\n\n<ul class=\"wp-block-list\"><li>przeprowadzenie wywiad\u00f3w bezpo\u015brednich lub telefonicznych w zale\u017cno\u015bci od&nbsp;aktualnej sytuacji zwi\u0105zanej z epidemi\u0105 COVID-19 z wykorzystaniem urz\u0105dzenia mobilnego wyposa\u017conego z zainstalowan\u0105 aplikacj\u0105 formularzow\u0105;<\/li><li>zebranie danych wed\u0142ug ustalonej metodologii i zgodnie z kluczem pyta\u0144 w aplikacji formularzowej.<\/li><li>przej\u0119cie cz\u0119\u015bci zada\u0144 innych rachmistrz\u00f3w spisowych w sytuacji awaryjnej, np.&nbsp;gdy&nbsp;zmniejszy si\u0119 liczba rachmistrz\u00f3w w gminie (np. w przypadku rezygnacji, zachorowa\u0144 itp.) lub dotrzymanie terminu realizacji spisu b\u0119dzie zagro\u017cone.<\/li><\/ul>\n\n\n\n<p><strong>Oferta kandydata na rachmistrza spisowego musi zawiera\u0107:<\/strong><\/p>\n\n\n\n<div class=\"wp-block-file\"><a href=\"http:\/\/gminadynow.pl\/wp-content\/uploads\/2021\/01\/Oferta_kandydata_na_rachmistrza_spisowego.doc\">Formularz do pobrania<\/a><a href=\"http:\/\/gminadynow.pl\/wp-content\/uploads\/2021\/01\/Oferta_kandydata_na_rachmistrza_spisowego.doc\" class=\"wp-block-file__button\" download>Pobierz<\/a><\/div>\n\n\n\n<ul class=\"wp-block-list\"><li>Zg\u0142oszenie zawieraj\u0105ce:<\/li><li>imi\u0119 (imiona) i nazwisko,<\/li><li>data urodzenia,<\/li><li>adres zamieszkania,<\/li><li>numer telefonu,<\/li><li>adres e-mail.<\/li><li>O\u015bwiadczenie zawieraj\u0105ce informacj\u0119 o:&nbsp;<ul><li>posiadaniu obywatelstwa polskiego;<\/li><\/ul><ul><li>korzystaniu z pe\u0142ni praw obywatelskich;<\/li><\/ul><ul><li>nieskazaniu prawomocnym wyrokiem za umy\u015blne przest\u0119pstwa lub umy\u015blne przest\u0119pstwa skarbowe;<\/li><\/ul><ul><li>posiadaniu co najmniej \u015bredniego wykszta\u0142cenia;<\/li><\/ul><ul><li>znajomo\u015bci j\u0119zyka polskiego w mowie i pi\u015bmie;<\/li><\/ul><ul><li>zgod\u0119 na przetwarzanie danych osobowych dla potrzeb niezb\u0119dnych do realizacji&nbsp; procesu naboru na stanowisko rachmistrza spisowego.<\/li><\/ul><ul><li>o odpowiedzialno\u015bci karnej za z\u0142o\u017cenie fa\u0142szywego o\u015bwiadczenia..<\/li><\/ul><\/li><\/ul>\n\n\n\n<p><strong>Sk\u0142adanie ofert:<\/strong><\/p>\n\n\n\n<ul class=\"wp-block-list\"><li>Kandydat na rachmistrza spisowego w NSP 2021 mo\u017ce sk\u0142ada\u0107 dokumenty osobi\u015bcie w&nbsp;siedzibie urz\u0119du gminy lub za po\u015brednictwem: poczty elektronicznej na skrzynk\u0119 e-mailow\u0105 urz\u0119du: urzad@dynow.regiony.pl,&nbsp;&nbsp;operatora pocztowego (w tym m.in. Poczty Polskiej, firm kurierskich). O&nbsp;dacie wp\u0142ywu dokument\u00f3w decyduje:<\/li><li>w przypadku osobistego z\u0142o\u017cenia dokument\u00f3w do urz\u0119du lub dor\u0119czenia ich za&nbsp;po\u015brednictwem kuriera \u2013 data dostarczenia do urz\u0119du,<\/li><li>w przypadku wys\u0142ania dokument\u00f3w poczt\u0105 elektroniczn\u0105 na skrzynk\u0119 e-mailow\u0105 urz\u0119du wskazan\u0105 w og\u0142oszeniu \u2013 data wprowadzenia zg\u0142oszenia do \u015brodka komunikacji elektronicznej nadawcy (data wys\u0142ania wiadomo\u015bci e-mail),<\/li><li>w przypadku przes\u0142ania dokument\u00f3w Poczt\u0105 Polsk\u0105 \u2013 data stempla pocztowego.<\/li><li>Oferty kandydat\u00f3w z\u0142o\u017cone po terminie, w inny spos\u00f3b ni\u017c okre\u015blony w og\u0142oszeniu lub&nbsp;bez&nbsp;kompletu wymaganych dokument\u00f3w, nie b\u0119d\u0105 brane pod uwag\u0119 w post\u0119powaniu rekrutacyjnym.<\/li><li>Wi\u0119cej informacji na temat spisu mo\u017cna uzyska\u0107 na stronie internetowej&nbsp;Urz\u0119du Gminy Dyn\u00f3w: www.gminadynow.pl oraz w&nbsp;Gminnym Biurze Spisowym w&nbsp;Dynowie \u2013 nr tel. 17 2300124, 17 2300115 e-mail: sekretarz@dynow.regiony.pl, baran@dynow.regiony.pl.<\/li><\/ul>\n\n\n\n<div class=\"wp-block-columns is-layout-flex wp-container-core-columns-is-layout-1 wp-block-columns-is-layout-flex\">\n<div class=\"wp-block-column is-layout-flow wp-block-column-is-layout-flow\"><\/div>\n\n\n\n<div class=\"wp-block-column is-layout-flow wp-block-column-is-layout-flow\">\n<p class=\"has-text-align-center\">Gminny Komisarz Spisowy<br>W\u00f3jt Gminy Dyn\u00f3w<br><strong>Wojciech Piech<\/strong><\/p>\n<\/div>\n<\/div>\n\n\n\n<p><\/p>\n\n\n\n<div class=\"wp-block-file\"><a href=\"http:\/\/gminadynow.pl\/wp-content\/uploads\/2021\/01\/Regulamin-naboru-rachmistrzow-spisowych-do-NSP-2021_v.22.01.2021.docx\">Regulamin naboru rachmistrz\u00f3w spisowych<\/a><a href=\"http:\/\/gminadynow.pl\/wp-content\/uploads\/2021\/01\/Regulamin-naboru-rachmistrzow-spisowych-do-NSP-2021_v.22.01.2021.docx\" class=\"wp-block-file__button\" download>Pobierz<\/a><\/div>\n\n\n\n<p><\/p>\n\n\n\n<p>&nbsp;<\/p>\n\n\n\n<div class=\"wp-block-group\"><div class=\"wp-block-group__inner-container is-layout-flow wp-block-group-is-layout-flow\">\n<p class=\"has-text-align-center has-medium-font-size\"><strong>Informacje dotycz\u0105ce przetwarzania danych osobowych w celu realizacji naboru kandydat\u00f3w na&nbsp;rachmistrz\u00f3w spisowych<\/strong><\/p>\n\n\n\n<p>W zwi\u0105zku z realizacj\u0105 wymog\u00f3w Rozporz\u0105dzenia Parlamentu Europejskiego i Rady (UE) 2016\/679 z&nbsp;dnia 27&nbsp;kwietnia 2016&nbsp;r. w sprawie ochrony os\u00f3b fizycznych w zwi\u0105zku z przetwarzaniem danych osobowych i&nbsp;w&nbsp;sprawie swobodnego przep\u0142ywu takich danych oraz uchylenia dyrektywy 95\/46\/WE (og\u00f3lne rozporz\u0105dzenie o&nbsp;ochronie danych) \u2013 (Dz. Urz. UE L 119 z 04.05.2016, str. 1 z p\u00f3\u017an. zm.) \u201eRODO\u201d, administrator informuje o&nbsp;zasadach oraz o przys\u0142uguj\u0105cych Pani\/Panu prawach zwi\u0105zanych z&nbsp;przetwarzaniem Pani\/Pana danych osobowych.<\/p>\n\n\n\n<ul class=\"wp-block-list\"><li><strong>Administrator<\/strong><br>Administratorem Pani\/Pana danych osobowych jest Gminny Komisarz Spisowy- W\u00f3jt Gminy Dyn\u00f3w, ul. Ks. J. O\u017coga 2, tel. 17 23 00 114<\/li><\/ul>\n\n\n\n<ul class=\"wp-block-list\"><li><strong>Inspektor ochrony danych<\/strong><br>Z inspektorem ochrony danych (IOD) mo\u017ce si\u0119 Pani\/Pan kontaktowa\u0107:<ul><li>poczt\u0105 tradycyjn\u0105 na adres: Dyn\u00f3w, ul. Ks. J. O\u017coga 2, 36-065 Dyn\u00f3w,<\/li><li>poczt\u0105 elektroniczn\u0105 na adres e-mail: urzad@dynow.regiony.pl.<\/li><\/ul><\/li><\/ul>\n\n\n\n<p>Do IOD nale\u017cy kierowa\u0107 wy\u0142\u0105cznie sprawy dotycz\u0105ce przetwarzania Pani\/Pana danych osobowych przez administratora, w tym realizacji Pani\/Pana praw wynikaj\u0105cych z RODO.<\/p>\n\n\n\n<ul class=\"wp-block-list\"><li><strong>Cele oraz podstawa prawna przetwarzania Pani\/Pana danych osobowych<\/strong><br>Pani\/Pana dane osobowe b\u0119d\u0105 przetwarzane na podstawie:<ul><li>art. 6. ust. 1 lit. c RODO, tj. przetwarzanie jest niezb\u0119dne do wype\u0142nienia obowi\u0105zku prawnego ci\u0105\u017c\u0105cego na&nbsp;administratorze wynikaj\u0105cego z art. 24&nbsp; ustawy z dnia 9 sierpnia 2019&nbsp;r. o&nbsp;narodowym spisie powszechnym ludno\u015bci i mieszka\u0144 w 2021 r. (Dz. U. 2019 r. poz. 1775, z&nbsp;p\u00f3\u017an. zm.), dalej \u201eustawa o NSP 2021\u201d.<\/li><\/ul><\/li><\/ul>\n\n\n\n<p>Podanie innych danych w&nbsp;zakresie nieokre\u015blonym przepisami prawa, zostanie potraktowane jako zgoda (art.&nbsp;6 ust. 1 lit. a RODO) na przetwarzanie tych danych osobowych. Wyra\u017cenie zgody w&nbsp;tym przypadku jest dobrowolne, a&nbsp;zgod\u0119 tak wyra\u017con\u0105 mo\u017cna odwo\u0142a\u0107 w&nbsp;dowolnym czasie.<\/p>\n\n\n\n<ul class=\"wp-block-list\"><li><strong>Odbiorcy danych osobowych<\/strong><\/li><\/ul>\n\n\n\n<p>Odbiorc\u0105 Pani\/Pana danych osobowych b\u0119d\u0105 podmioty okre\u015blone w rozdziale 6 ustawy o NSP 2021, podmioty wsp\u00f3\u0142pracuj\u0105ce z administratorem, dostawcy us\u0142ug technicznych i organizacyjnych umo\u017cliwiaj\u0105cych przeprowadzenie naboru oraz przechowywanie dokumentacji dotycz\u0105cej naboru, osoby dzia\u0142aj\u0105ce na&nbsp;polecenie administratora, osoby\u2028i podmioty upowa\u017cnione na podstawie przepis\u00f3w prawa powszechnie obowi\u0105zuj\u0105cego.<\/p>\n\n\n\n<ul class=\"wp-block-list\"><li><strong>Okres przechowywania danych osobowych<\/strong><br>Pani\/Pana dane osobowe b\u0119d\u0105 przechowywane przez okres 5-ciu lat od zako\u0144czenia procesu naboru na&nbsp;rachmistrza spisowego.<\/li><\/ul>\n\n\n\n<ul class=\"wp-block-list\"><li><strong>Prawa osoby, kt\u00f3rej dane dotycz\u0105<\/strong><ul><li>Przys\u0142uguje Pani\/Panu prawo do:dost\u0119pu do danych osobowych, w tym prawo do uzyskania kopii tych danych,<\/li><li>sprostowania (poprawiania) danych osobowych,<\/li><li>ograniczenia przetwarzania danych osobowych,<\/li><li>przenoszenia danych,<\/li><li>sprzeciwu wobec przetwarzania danych osobowych,<\/li><li>cofni\u0119cia zgody na przetwarzanie danych osobowych w przypadku, w kt\u00f3rym przetwarzanie Pa\u0144stwa danych odbywa si\u0119 na podstawie zgody,<\/li><li>wniesienia skargi do Prezesa Urz\u0119du Ochrony Danych Osobowych (na adres Urz\u0119du Ochrony Danych Osobowych, ul. Stawki 2, 00-193 Warszawa), je\u017celi Pani\/Pana zdaniem przetwarzanie Pani\/Pana danych osobowych narusza przepisy RODO.<\/li><\/ul><\/li><\/ul>\n\n\n\n<ul class=\"wp-block-list\"><li><strong>Dobrowolno\u015b\u0107\/ Obowi\u0105zek podania danych osobowych<\/strong><br>Podanie danych zawartych w&nbsp;dokumentach rekrutacyjnych nie jest obowi\u0105zkowe, jednak jest warunkiem umo\u017cliwiaj\u0105cym ubieganie si\u0119 kandydata o&nbsp;przyj\u0119cie na rachmistrza spisowego i&nbsp;udzielenie mu dost\u0119pu do&nbsp;aplikacji szkoleniowej e-learning.<\/li><\/ul>\n\n\n\n<ul class=\"wp-block-list\"><li><strong>Zautomatyzowane podejmowanie decyzji, w tym profilowanie<\/strong><br>Pani\/Pana dane osobowe nie b\u0119d\u0105 profilowane ani te\u017c nie b\u0119d\u0105 podlega\u0142y zautomatyzowanemu podejmowaniu decyzji.<\/li><\/ul>\n<\/div><\/div>\n","protected":false},"excerpt":{"rendered":"<p>Nab\u00f3r kandydat\u00f3w na rachmistrz\u00f3w spisowych &#8211; Narodowy Spis Powszechny Ludno\u015bci i Mieszka\u0144 2021 Dnia&nbsp; 27 stycznia 2021 r.,&nbsp;na podstawie art. 24 ust. 1 pkt. 6 ustawy z dnia 9 sierpnia 2019 r. o narodowym spisie powszechnym ludno\u015bci i mieszka\u0144 w 2021 r. (Dz.U. poz.1775, z p\u00f3\u017an.zm.) &#8211; zwany dalej NSP 2021,&nbsp;Pan Wojciech Piech &#8211; Gminny [&hellip;]<\/p>\n","protected":false},"author":1,"featured_media":0,"parent":0,"menu_order":0,"comment_status":"closed","ping_status":"closed","template":"","meta":{"footnotes":""},"class_list":["post-1199","page","type-page","status-publish","hentry"],"featured_image_urls_v2":{"full":"","thumbnail":"","medium":"","medium_large":"","large":"","1536x1536":"","2048x2048":""},"post_excerpt_stackable_v2":"<p>Nab\u00f3r kandydat\u00f3w na rachmistrz\u00f3w spisowych &#8211; Narodowy Spis Powszechny Ludno\u015bci i Mieszka\u0144 2021 Dnia&nbsp; 27 stycznia 2021 r.,&nbsp;na podstawie art. 24 ust. 1 pkt. 6 ustawy z dnia 9 sierpnia 2019 r. o narodowym spisie powszechnym ludno\u015bci i mieszka\u0144 w 2021 r. (Dz.U. poz.1775, z p\u00f3\u017an.zm.) &#8211; zwany dalej NSP 2021,&nbsp;Pan Wojciech Piech &#8211; Gminny Komisarz Spisowy w Dynowie og\u0142asza otwarty i konkurencyjny nab\u00f3r kandydat\u00f3w na rachmistrz\u00f3w spisowych&nbsp;wykonuj\u0105cych czynno\u015bci w ramach prac spisowych zwi\u0105zanych z przeprowadzeniem na terytorium Rzeczpospolitej Polskiej w 2021 r. spisu powszechnego NSP 2021. NSP 2021 jest przeprowadzany w terminie od&nbsp;dnia&nbsp;1&nbsp;kwietnia do dnia 30 czerwca 2021 r.&hellip;<\/p>\n","category_list_v2":"","author_info_v2":{"name":"admin","url":"https:\/\/gminadynow.pl\/index.php\/author\/admin\/"},"comments_num_v2":"0 comments","rttpg_featured_image_url":null,"rttpg_author":{"display_name":"admin","author_link":"https:\/\/gminadynow.pl\/index.php\/author\/admin\/"},"rttpg_comment":0,"rttpg_category":null,"rttpg_excerpt":"Nab\u00f3r kandydat\u00f3w na rachmistrz\u00f3w spisowych &#8211; Narodowy Spis Powszechny Ludno\u015bci i Mieszka\u0144 2021 Dnia&nbsp; 27 stycznia 2021 r.,&nbsp;na podstawie art. 24 ust. 1 pkt. 6 ustawy z dnia 9 sierpnia 2019 r. o narodowym spisie powszechnym ludno\u015bci i mieszka\u0144 w 2021 r. (Dz.U. poz.1775, z p\u00f3\u017an.zm.) &#8211; zwany dalej NSP 2021,&nbsp;Pan Wojciech Piech &#8211; Gminny&hellip;","_links":{"self":[{"href":"https:\/\/gminadynow.pl\/index.php\/wp-json\/wp\/v2\/pages\/1199","targetHints":{"allow":["GET"]}}],"collection":[{"href":"https:\/\/gminadynow.pl\/index.php\/wp-json\/wp\/v2\/pages"}],"about":[{"href":"https:\/\/gminadynow.pl\/index.php\/wp-json\/wp\/v2\/types\/page"}],"author":[{"embeddable":true,"href":"https:\/\/gminadynow.pl\/index.php\/wp-json\/wp\/v2\/users\/1"}],"replies":[{"embeddable":true,"href":"https:\/\/gminadynow.pl\/index.php\/wp-json\/wp\/v2\/comments?post=1199"}],"version-history":[{"count":4,"href":"https:\/\/gminadynow.pl\/index.php\/wp-json\/wp\/v2\/pages\/1199\/revisions"}],"predecessor-version":[{"id":1279,"href":"https:\/\/gminadynow.pl\/index.php\/wp-json\/wp\/v2\/pages\/1199\/revisions\/1279"}],"wp:attachment":[{"href":"https:\/\/gminadynow.pl\/index.php\/wp-json\/wp\/v2\/media?parent=1199"}],"curies":[{"name":"wp","href":"https:\/\/api.w.org\/{rel}","templated":true}]}}