
{"id":1096,"date":"2020-12-30T09:36:21","date_gmt":"2020-12-30T08:36:21","guid":{"rendered":"http:\/\/gminadynow.pl\/?page_id=1096"},"modified":"2025-07-31T08:15:47","modified_gmt":"2025-07-31T06:15:47","slug":"odbior-odpadow-komunalnych","status":"publish","type":"page","link":"https:\/\/gminadynow.pl\/index.php\/odbior-odpadow-komunalnych\/","title":{"rendered":"Odbi\u00f3r odpad\u00f3w komunalnych"},"content":{"rendered":"\n<p><strong>Szanowni Pa\u0144stwo,&nbsp;<\/strong><\/p>\n\n\n\n<p>Uprzejmie informujemy, \u017ce uchwa\u0142ami Rad Gmin: B\u0142a\u017cowa, <strong>Dyn\u00f3w<\/strong>, Hy\u017cne, Lubenia oraz miasta Dyn\u00f3w zosta\u0142 powo\u0142any <strong>Celowy Zwi\u0105zek Gmin ,,Eko-Logiczni\u2019\u2019 z<\/strong> siedzib\u0105 w B\u0142a\u017cowej.<\/p>\n\n\n\n<p> Od <strong>1 stycznia 2022 r<\/strong>. gospodarowanie odpadami komunalnymi   Gminy Dyn\u00f3w zajmuje si\u0119 <strong>Celowy Zwi\u0105zek Gmin ,,Eko-Logiczni\u2019\u2019 z<\/strong> siedzib\u0105 w B\u0142a\u017cowej. Wi\u0119cej informacji:<a href=\"http:\/\/czgekologiczni.pl\/index.php\/11-aktualnosci\/81-zawiadomienie-o-zmianie-wysokosci-stawki-oplaty-za-gospodarowanie-odpadami-komunalnymi\"> http:\/\/czgekologiczni.pl\/index.php\/11-aktualnosci\/81-zawiadomienie-o-zmianie-wysokosci-stawki-oplaty-za-gospodarowanie-odpadami-komunalnymi<\/a><\/p>\n\n\n\n<h2 class=\"wp-block-heading\">Kontakt<\/h2>\n\n\n\n<h3 class=\"wp-block-heading\">Celowy Zwi\u0105zek Gmin &#8222;Eko-Logiczni&#8221; w B\u0142a\u017cowej<\/h3>\n\n\n\n<p>Armii Krajowej 42a<br>36-030 B\u0142a\u017cowa<\/p>\n\n\n\n<p>729 910 262<br>172304366<\/p>\n\n\n\n<p>NIP: 8133865878<br>REGON: 389854048<\/p>\n\n\n\n<p><a href=\"mailto:biuro@czgekologiczni.pl\">biuro@czgekologiczni.pl<\/a><\/p>\n\n\n\n<p>Elektroniczna Skrzynka Podawcza &#8211; skrytka ePUAP<br>\/czgekologiczni\/SkrytkaESP<\/p>\n\n\n\n<p><strong>Godziny pracy Biura CZG ,,Eko-Logiczni\u2019\u2019<\/strong><\/p>\n\n\n\n<p>Poniedzia\u0142ek &#8211; od 7:00 do 15:00<br>Wtorek &#8211; od 7:00 do 15:00<br>\u015aroda &#8211; od 7:00 do 16:00<br>Czwartek &#8211; od 7:00 do 15:00<br>Pi\u0105tek &#8211; od 7:00 do 14:00<\/p>\n\n\n\n<p><strong><a href=\"https:\/\/gminadynow.pl\/wp-content\/uploads\/2025\/07\/gm.-Dynow-2025.pdf\">Harmonogram odbioru Odpad\u00f3w Komunalnych z Terenu Gminy Dyn\u00f3w na okres od 01.07.2025- 31.12.2025r.<\/a><\/strong><\/p>\n\n\n\n<figure class=\"wp-block-gallery has-nested-images columns-default is-cropped wp-block-gallery-1 is-layout-flex wp-block-gallery-is-layout-flex\"><\/figure>\n\n\n\n<p><\/p>\n","protected":false},"excerpt":{"rendered":"<p>Szanowni Pa\u0144stwo,&nbsp; Uprzejmie informujemy, \u017ce uchwa\u0142ami Rad Gmin: B\u0142a\u017cowa, Dyn\u00f3w, Hy\u017cne, Lubenia oraz miasta Dyn\u00f3w zosta\u0142 powo\u0142any Celowy Zwi\u0105zek Gmin ,,Eko-Logiczni\u2019\u2019 z siedzib\u0105 w B\u0142a\u017cowej. Od 1 stycznia 2022 r. gospodarowanie odpadami komunalnymi Gminy Dyn\u00f3w zajmuje si\u0119 Celowy Zwi\u0105zek Gmin ,,Eko-Logiczni\u2019\u2019 z siedzib\u0105 w B\u0142a\u017cowej. Wi\u0119cej informacji: http:\/\/czgekologiczni.pl\/index.php\/11-aktualnosci\/81-zawiadomienie-o-zmianie-wysokosci-stawki-oplaty-za-gospodarowanie-odpadami-komunalnymi Kontakt Celowy Zwi\u0105zek Gmin &#8222;Eko-Logiczni&#8221; w B\u0142a\u017cowej [&hellip;]<\/p>\n","protected":false},"author":1,"featured_media":0,"parent":0,"menu_order":0,"comment_status":"closed","ping_status":"closed","template":"","meta":{"footnotes":""},"class_list":["post-1096","page","type-page","status-publish","hentry"],"featured_image_urls_v2":{"full":"","thumbnail":"","medium":"","medium_large":"","large":"","1536x1536":"","2048x2048":""},"post_excerpt_stackable_v2":"<p>Szanowni Pa\u0144stwo,&nbsp; Uprzejmie informujemy, \u017ce uchwa\u0142ami Rad Gmin: B\u0142a\u017cowa, Dyn\u00f3w, Hy\u017cne, Lubenia oraz miasta Dyn\u00f3w zosta\u0142 powo\u0142any Celowy Zwi\u0105zek Gmin ,,Eko-Logiczni\u2019\u2019 z siedzib\u0105 w B\u0142a\u017cowej. Od 1 stycznia 2022 r. gospodarowanie odpadami komunalnymi Gminy Dyn\u00f3w zajmuje si\u0119 Celowy Zwi\u0105zek Gmin ,,Eko-Logiczni\u2019\u2019 z siedzib\u0105 w B\u0142a\u017cowej. Wi\u0119cej informacji: http:\/\/czgekologiczni.pl\/index.php\/11-aktualnosci\/81-zawiadomienie-o-zmianie-wysokosci-stawki-oplaty-za-gospodarowanie-odpadami-komunalnymi Kontakt Celowy Zwi\u0105zek Gmin &#8222;Eko-Logiczni&#8221; w B\u0142a\u017cowej Armii Krajowej 42a36-030 B\u0142a\u017cowa 729 910 262172304366 NIP: 8133865878REGON: 389854048 biuro@czgekologiczni.pl Elektroniczna Skrzynka Podawcza &#8211; skrytka ePUAP\/czgekologiczni\/SkrytkaESP Godziny pracy Biura CZG ,,Eko-Logiczni\u2019\u2019 Poniedzia\u0142ek &#8211; od 7:00 do 15:00Wtorek &#8211; od 7:00 do 15:00\u015aroda &#8211; od 7:00 do 16:00Czwartek &#8211; od 7:00 do 15:00Pi\u0105tek &#8211; od&hellip;<\/p>\n","category_list_v2":"","author_info_v2":{"name":"admin","url":"https:\/\/gminadynow.pl\/index.php\/author\/admin\/"},"comments_num_v2":"0 comments","rttpg_featured_image_url":null,"rttpg_author":{"display_name":"admin","author_link":"https:\/\/gminadynow.pl\/index.php\/author\/admin\/"},"rttpg_comment":0,"rttpg_category":null,"rttpg_excerpt":"Szanowni Pa\u0144stwo,&nbsp; Uprzejmie informujemy, \u017ce uchwa\u0142ami Rad Gmin: B\u0142a\u017cowa, Dyn\u00f3w, Hy\u017cne, Lubenia oraz miasta Dyn\u00f3w zosta\u0142 powo\u0142any Celowy Zwi\u0105zek Gmin ,,Eko-Logiczni\u2019\u2019 z siedzib\u0105 w B\u0142a\u017cowej. Od 1 stycznia 2022 r. gospodarowanie odpadami komunalnymi Gminy Dyn\u00f3w zajmuje si\u0119 Celowy Zwi\u0105zek Gmin ,,Eko-Logiczni\u2019\u2019 z siedzib\u0105 w B\u0142a\u017cowej. Wi\u0119cej informacji: http:\/\/czgekologiczni.pl\/index.php\/11-aktualnosci\/81-zawiadomienie-o-zmianie-wysokosci-stawki-oplaty-za-gospodarowanie-odpadami-komunalnymi Kontakt Celowy Zwi\u0105zek Gmin &#8222;Eko-Logiczni&#8221; w B\u0142a\u017cowej&hellip;","_links":{"self":[{"href":"https:\/\/gminadynow.pl\/index.php\/wp-json\/wp\/v2\/pages\/1096","targetHints":{"allow":["GET"]}}],"collection":[{"href":"https:\/\/gminadynow.pl\/index.php\/wp-json\/wp\/v2\/pages"}],"about":[{"href":"https:\/\/gminadynow.pl\/index.php\/wp-json\/wp\/v2\/types\/page"}],"author":[{"embeddable":true,"href":"https:\/\/gminadynow.pl\/index.php\/wp-json\/wp\/v2\/users\/1"}],"replies":[{"embeddable":true,"href":"https:\/\/gminadynow.pl\/index.php\/wp-json\/wp\/v2\/comments?post=1096"}],"version-history":[{"count":13,"href":"https:\/\/gminadynow.pl\/index.php\/wp-json\/wp\/v2\/pages\/1096\/revisions"}],"predecessor-version":[{"id":7260,"href":"https:\/\/gminadynow.pl\/index.php\/wp-json\/wp\/v2\/pages\/1096\/revisions\/7260"}],"wp:attachment":[{"href":"https:\/\/gminadynow.pl\/index.php\/wp-json\/wp\/v2\/media?parent=1096"}],"curies":[{"name":"wp","href":"https:\/\/api.w.org\/{rel}","templated":true}]}}